{"id":143,"date":"2023-03-28T08:44:15","date_gmt":"2023-03-28T08:44:15","guid":{"rendered":"https:\/\/ifeelonline.com\/pt\/?page_id=143"},"modified":"2023-04-17T16:53:07","modified_gmt":"2023-04-17T16:53:07","slug":"cookies-policy-app","status":"publish","type":"page","link":"https:\/\/ifeelonline.com\/pt\/cookies-policy-app\/","title":{"rendered":"Pol\u00edtica de Cookies"},"content":{"rendered":"\n<p><\/p>\n\n\n\n<p>Em conformidade com o dever de informa\u00e7\u00e3o contido no par\u00e1grafo 2 do artigo 22 da Lei 34\/2002, de 11 de julho, sobre Servi\u00e7os da Sociedade da Informa\u00e7\u00e3o e Com\u00e9rcio Eletr\u00f4nico, o objetivo desta cl\u00e1usula de <em>cookie<\/em> \u00e9 informar os usu\u00e1rios de forma clara e precisa sobre os <em>cookies<\/em> usados pelo dom\u00ednio da web https:\/\/ifeelonline. com\/de propriedade da Digital Mind Solutions, S.l. (doravante \u201cifeel\u201d), com endere\u00e7o na Calle Ortega y Gasset 100, planta 6, 28006, Madrid, (Espanha), telefone 913 408 565, e-mail info@ifeelonline.com, registrado no Registro Comercial de Madri, no volume 34901, f\u00f3lio 29, se\u00e7\u00e3o geral, p\u00e1gina de n\u00famero M-627653, 1\u00aa inscri\u00e7\u00e3o.Um <em>cookie<\/em> \u00e9 um pequeno arquivo que os sites enviam para o seu navegador e baixam para o seu computador. Os <em>cookies<\/em> permitem que o site armazene e recupere informa\u00e7\u00f5es sobre sua visita, como idioma e outras op\u00e7\u00f5es, a fim de melhorar os servi\u00e7os oferecidos e contribuir para uma melhor experi\u00eancia de navega\u00e7\u00e3o para o usu\u00e1rio. Diferentes tipos de <em>cookies<\/em> s\u00e3o usados no site para diferentes fins. Os <em>cookies<\/em> utilizados s\u00e3o doravante listados:<\/p>\n\n\n\n<p><strong><em>Cookies<\/em><\/strong><strong> estritamente necess\u00e1rios<\/strong><\/p>\n\n\n\n<p>Os <em>cookies<\/em> essenciais ajudam a tornar um site utiliz\u00e1vel, permitindo fun\u00e7\u00f5es b\u00e1sicas, como navega\u00e7\u00e3o na p\u00e1gina e acesso a \u00e1reas do site. O site n\u00e3o pode funcionar corretamente sem esses <em>cookies<\/em>.<\/p>\n\n\n\n<figure class=\"wp-block-table\"><table><tbody><tr><td>Nome<\/td><td>Objetivo<\/td><td>Dura\u00e7\u00e3o<\/td><td>Operador<\/td><\/tr><tr><td>user.expires_at<\/td><td>Para definir o tempo de expira\u00e7\u00e3o para o navegador parar de enviar <em>cookies<\/em><\/td><td>sess\u00e3o<\/td><td>ifeel<\/td><\/tr><tr><td>locale<\/td><td>Para definir o idioma padr\u00e3o<\/td><td>sess\u00e3o<\/td><td>ifeel<\/td><\/tr><tr><td>JSESSIONID<\/td><td>Para criar um identificador de sess\u00e3o para que o New Relic (monitor de desempenho de hospedagem) possa monitorar as contagens de sess\u00f5es do site.<\/td><td>sess\u00e3o<\/td><td>New Relic<\/td><\/tr><tr><td>JSESSIONID<\/td><td>Para lembrar as sess\u00f5es de usu\u00e1rios em p\u00e1ginas da web<\/td><td>sess\u00e3o<\/td><td>ifeel<\/td><\/tr><tr><td>_session_id<\/td><td>Para identificar o usu\u00e1rio;&nbsp;<\/td><td>sess\u00e3o<\/td><td>ifeel<\/td><\/tr><tr><td>__Stripe_MID<\/td><td>Para rastrear o pagamento durante a compra no checkout.<\/td><td>1 ano<\/td><td>Stripe&nbsp;<\/td><\/tr><tr><td>source_landing<\/td><td>Para saber de qual p\u00e1gina o usu\u00e1rio vem<\/td><td>sess\u00e3o<\/td><td>ifeel<\/td><\/tr><tr><td>timezone<\/td><td>Para determinar o fuso hor\u00e1rio do usu\u00e1rio<\/td><td>sess\u00e3o<\/td><td>ifeel<\/td><\/tr><tr><td>already_check_plans<\/td><td>Para verificar o status do plano do usu\u00e1rio<\/td><td>sess\u00e3o<\/td><td>ifeel<\/td><\/tr><tr><td>optimizelyEndUserId<\/td><td>Para armazenar um ID de usu\u00e1rio exclusivo<\/td><td>6 meses<\/td><td>New Relic<\/td><\/tr><tr><td>cookie_marketing<\/td><td>Para armazenar a prefer\u00eancia do usu\u00e1rio em rela\u00e7\u00e3o aos <em>cookies<\/em> de marketing<\/td><td>sess\u00e3o<\/td><td>ifeel<\/td><\/tr><tr><td>cookie_security<\/td><td>Para armazenar a prefer\u00eancia do usu\u00e1rio em rela\u00e7\u00e3o aos <em>cookies<\/em> de seguran\u00e7a<\/td><td>sess\u00e3o<\/td><td>ifeel<\/td><\/tr><tr><td>cookie_analytics<\/td><td>Para armazenar a prefer\u00eancia do usu\u00e1rio em rela\u00e7\u00e3o aos <em>cookies<\/em> de an\u00e1lise<\/td><td>sess\u00e3o<\/td><td>ifeel<\/td><\/tr><tr><td>cookie_necessary<\/td><td>Para armazenar o valor dos cookies necess\u00e1rios<\/td><td>sess\u00e3o<\/td><td>ifeel<\/td><\/tr><\/tbody><\/table><\/figure>\n\n\n\n<p><strong><em>Cookies<\/em><\/strong><strong> de marketing<\/strong><\/p>\n\n\n\n<p>Os <em>cookies<\/em> de marketing s\u00e3o usados para rastrear os visitantes aos sites. A inten\u00e7\u00e3o \u00e9 mostrar an\u00fancios relevantes e atraentes para cada usu\u00e1rio individualmente e, portanto, s\u00e3o mais valiosos para editores e anunciantes de terceiros.<\/p>\n\n\n\n<figure class=\"wp-block-table\"><table><tbody><tr><td>Nome<\/td><td>Objetivo<\/td><td>Dura\u00e7\u00e3o<\/td><td>Operador<\/td><\/tr><tr><td>__Secure-3PAPISID<\/td><td>Para tra\u00e7ar o perfil dos interesses dos visitantes do site para veicular an\u00fancios relevantes e personalizados por meio de redirecionamento.<\/td><td>2 anos<\/td><td>Google<\/td><\/tr><tr><td>__Secure-1PAPISID<\/td><td>Para criar um perfil de usu\u00e1rio e exibir an\u00fancios do Google relevantes e personalizados para o usu\u00e1rio.<\/td><td>2 anos<\/td><td>Google<\/td><\/tr><tr><td>SAPISID<\/td><td>Otimiza\u00e7\u00e3o do Google Ads<\/td><td>2 anos<\/td><td>Google<\/td><\/tr><tr><td>APISID<\/td><td>Otimiza\u00e7\u00e3o do Google Ads<\/td><td>2 anos<\/td><td>Google<\/td><\/tr><tr><td>__Secure-3PSID<\/td><td>Para criar um perfil de usu\u00e1rio e exibir an\u00fancios do Google relevantes e personalizados para o usu\u00e1rio.<\/td><td>2 anos<\/td><td>Google<\/td><\/tr><tr><td>SSID<\/td><td>Otimiza\u00e7\u00e3o do Google Ads<\/td><td>2 anos<\/td><td>Google<\/td><\/tr><tr><td>__Secure-1PSID<\/td><td>Para tra\u00e7ar o perfil dos interesses dos visitantes do site e exibir an\u00fancios relevantes e personalizados do Google.<\/td><td>2 anos<\/td><td>Google<\/td><\/tr><tr><td>__Seguro-3PSIDCC<\/td><td>Para criar um perfil de usu\u00e1rio e exibir an\u00fancios do Google relevantes e personalizados para o usu\u00e1rio.<\/td><td>2 anos<\/td><td>Google<\/td><\/tr><tr><td>__Secure-1PSIDCC<\/td><td>Para tra\u00e7ar o perfil dos interesses dos visitantes do site e exibir an\u00fancios relevantes e personalizados do Google.<\/td><td>2 anos<\/td><td>Google<\/td><\/tr><tr><td>SB<\/td><td>Para armazenar detalhes do navegador.<\/td><td>2 anos<\/td><td>Facebook<\/td><\/tr><tr><td>NID<\/td><td>Para fornecer a entrega de an\u00fancios ou redirecionamento; armazenar as prefer\u00eancias do usu\u00e1rio.<\/td><td>6 meses<\/td><td>Google<\/td><\/tr><tr><td>DV<\/td><td>Para fornecer entrega de an\u00fancios ou redirecionamento.<\/td><td>24 horas<\/td><td>Google<\/td><\/tr><tr><td>1P_JAR<\/td><td>Para armazenar as configura\u00e7\u00f5es do usu\u00e1rio no mecanismo de pesquisa, para publicidade e para analisar o uso do mecanismo de pesquisa.<\/td><td>1 m\u00eas<\/td><td>Google<\/td><\/tr><tr><td>OTZ<\/td><td>Para armazenar as configura\u00e7\u00f5es do usu\u00e1rio no mecanismo de pesquisa, para publicidade e para analisar o uso do mecanismo de pesquisa.<\/td><td>2 meses<\/td><td>Google<\/td><\/tr><tr><td>_fbp<\/td><td>Para armazenar e rastrear visitas em sites.<\/td><td>90 dias<\/td><td>Facebook<\/td><\/tr><tr><td>datr<\/td><td>Para identificar o navegador da Web que est\u00e1 sendo usado para se conectar ao Facebook, independentemente do usu\u00e1rio conectado<\/td><td>2 anos<\/td><td>Facebook<\/td><\/tr><\/tbody><\/table><\/figure>\n\n\n\n<p><strong><em>Cookies de Seguran\u00e7a<\/em><\/strong><\/p>\n\n\n\n<p><em>Cookies<\/em> e outras tecnologias usadas para seguran\u00e7a ajudam a autenticar usu\u00e1rios, prevenir fraudes e proteg\u00ea-lo quando voc\u00ea interage com um servi\u00e7o. Eles tamb\u00e9m ajudam a autenticar os usu\u00e1rios e ajudam a garantir que apenas o propriet\u00e1rio real de uma conta possa acess\u00e1-la.<\/p>\n\n\n\n<figure class=\"wp-block-table\"><table><tbody><tr><td>Nome<\/td><td>Objetivo<\/td><td>Dura\u00e7\u00e3o<\/td><td>Operador<\/td><\/tr><tr><td>HSID<\/td><td>Para confirmar a autenticidade do visitante, evitar o uso fraudulento de dados de login e proteger os dados do visitante contra acesso n\u00e3o autorizado.<\/td><td>2 anos<\/td><td>Google<\/td><\/tr><tr><td>SID.<\/td><td>Para confirmar a autenticidade do visitante, evitar o uso fraudulento de dados de login e proteger os dados do visitante contra acesso n\u00e3o autorizado.<\/td><td>2 anos<\/td><td>Google<\/td><\/tr><tr><td>SIDCC<\/td><td>Para confirmar a autenticidade do visitante, evitar o uso fraudulento de dados de login e proteger os dados do visitante contra acesso n\u00e3o autorizado.<\/td><td>3 meses<\/td><td>Google<\/td><\/tr><tr><td>AEC<\/td><td>Para garantir que as solicita\u00e7\u00f5es dentro de uma sess\u00e3o de navega\u00e7\u00e3o sejam feitas pelo usu\u00e1rio e n\u00e3o por outros sites.<\/td><td>6 meses<\/td><td>Google<\/td><\/tr><tr><td>__Secure-ENID<\/td><td>Usado pelo Google para evitar tentativas de login fraudulentas. Ele tamb\u00e9m cont\u00e9m um ID de usu\u00e1rio do Google que pode ser usado para fins estat\u00edsticos e de marketing ap\u00f3s um login bem-sucedido.<\/td><td>13 meses<\/td><td>Google<\/td><\/tr><\/tbody><\/table><\/figure>\n\n\n\n<p><strong><em>Cookies<\/em><\/strong><strong> de an\u00e1lise<\/strong><\/p>\n\n\n\n<p><em>Cookies<\/em> e outras tecnologias usadas para an\u00e1lise ajudam a coletar dados que permitem que os servi\u00e7os entendam como voc\u00ea interage com um determinado servi\u00e7o. Esses insights permitem que os servi\u00e7os melhorem o conte\u00fado e criem recursos melhores que aprimoram sua experi\u00eancia.<\/p>\n\n\n\n<figure class=\"wp-block-table\"><table><tbody><tr><td>Nome<\/td><td>Objetivo<\/td><td>Dura\u00e7\u00e3o<\/td><td>Operador<\/td><\/tr><tr><td>CONSENT<\/td><td>Para armazenar prefer\u00eancias de consentimento de <em>cookies<\/em>.<\/td><td>2 anos<\/td><td>Google<\/td><\/tr><tr><td>_ga<\/td><td>Para coletar estat\u00edsticas sobre o uso do site pelos usu\u00e1rios, reunindo e analisando dados, incluindo as p\u00e1ginas mais visitadas pelos usu\u00e1rios, o tempo gasto pelos usu\u00e1rios em cada p\u00e1gina e outras informa\u00e7\u00f5es de desempenho do site.<\/td><td>2 anos<\/td><td>Google<\/td><\/tr><tr><td>__utmb<\/td><td>Usado pelo Google Analytics. Eles geram um ID de usu\u00e1rio an\u00f4nimo, que \u00e9 usado para realizar certos controles estat\u00edsticos.<\/td><td>30 min<\/td><td>Google<\/td><\/tr><tr><td>UULE<\/td><td>Para armazenar prefer\u00eancias e informa\u00e7\u00f5es do usu\u00e1rio enquanto visualiza p\u00e1ginas com o Google Maps nelas<\/td><td>24 horas<\/td><td>Google<\/td><\/tr><tr><td>__utma<\/td><td>Usado pelo Google Analytics. Eles geram um ID de usu\u00e1rio an\u00f4nimo, que \u00e9 usado para realizar certos controles estat\u00edsticos.<\/td><td>2 anos<\/td><td>Google<\/td><\/tr><tr><td>__utmc<\/td><td>Usado pelo Google Analytics. Eles geram um ID de usu\u00e1rio an\u00f4nimo, que \u00e9 usado para realizar certos controles estat\u00edsticos.<\/td><td>30 min<\/td><td>Google<\/td><\/tr><tr><td>_gid<\/td><td>Para coletar estat\u00edsticas sobre o uso do site pelos usu\u00e1rios, reunindo e analisando dados, incluindo as p\u00e1ginas mais visitadas pelos usu\u00e1rios, o tempo gasto pelos usu\u00e1rios em cada p\u00e1gina e outras informa\u00e7\u00f5es de desempenho do site.<\/td><td>24 horas<\/td><td>Google<\/td><\/tr><tr><td>__utmt<\/td><td>Usado pelo Google Analytics. Eles geram um ID de usu\u00e1rio an\u00f4nimo, que \u00e9 usado para realizar certos controles estat\u00edsticos.<\/td><td>10 min<\/td><td>Google<\/td><\/tr><tr><td>__utmz<\/td><td>Usado pelo Google Analytics. Eles geram um ID de usu\u00e1rio an\u00f4nimo, que \u00e9 usado para realizar certos controles estat\u00edsticos.<\/td><td>6 meses<\/td><td>Google<\/td><\/tr><\/tbody><\/table><\/figure>\n\n\n\n<figure class=\"wp-block-table\"><table><tbody><tr><td>DADOS PESSOAIS COLETADOS PELO GOOGLE ANALYTICS<\/td><td>Endere\u00e7o de IP<br>Data e hora da visita<br>Dados de Uso<br>Cliques<br>Atualiza\u00e7\u00f5es das aplica\u00e7\u00f5es<br>Informa\u00e7\u00e3o do navegador<br>Informa\u00e7\u00f5es do dispositivo<br>Suporte JavaScript<br>P\u00e1ginas visitadas<br>URL do referenciador<br>Downloads<br>Vers\u00e3o do Flash<br>Informa\u00e7\u00f5es de localiza\u00e7\u00e3o<br>Atividade de compras<br>Intera\u00e7\u00f5es com widgets<\/td><\/tr><\/tbody><\/table><\/figure>\n\n\n\n<p><strong>1. Quem \u00e9 o Controlador de Dados?<\/strong><\/p>\n\n\n\n<ul class=\"wp-block-list\">\n<li>IFEEL \u00e9 o controlador de dados dos dados pessoais da parte interessada e informa que esses dados ser\u00e3o processados de acordo com as disposi\u00e7\u00f5es do Regulamento (UE) 2016\/679 de 27 de abril de 2016 (GDPR) e, portanto, as seguintes informa\u00e7\u00f5es de processamento s\u00e3o fornecidas a voc\u00ea:<\/li>\n\n\n\n<li>Finalidades do processamento: conforme especificado na se\u00e7\u00e3o sobre <em>cookies<\/em> usados neste site.<\/li>\n\n\n\n<li>Legitima\u00e7\u00e3o do processamento: com exce\u00e7\u00e3o dos <em>cookies<\/em> necess\u00e1rios, a base da legitimidade do processamento \u00e9 o consentimento do titular dos dados (art. 6.1.a) GDPR).<\/li>\n\n\n\n<li>Crit\u00e9rios de reten\u00e7\u00e3o de dados: conforme especificado na se\u00e7\u00e3o sobre <em>cookies<\/em> usados no site.<\/li>\n\n\n\n<li>Comunica\u00e7\u00e3o de dados: os dados n\u00e3o ser\u00e3o comunicados a terceiros, exceto em <em>cookies<\/em> de propriedade de terceiros ou por obriga\u00e7\u00e3o legal.<\/li>\n\n\n\n<li>Transfer\u00eancias internacionais de dados: Este site usa <em>cookies<\/em> de fornecedores dos EUA, portanto, \u00e9 prov\u00e1vel que seus dados sejam transferidos ou armazenados nos EUA. Observe que a UE, seguindo a <a href=\"http:\/\/curia.europa.eu\/juris\/document\/document.jsf?docid=228677&amp;doclang=ES\" target=\"_blank\" rel=\"noopener\">decis\u00e3o Schrems II<\/a>, n\u00e3o reconhece mais o \u201cPrivacy Shield\u201d como um mecanismo v\u00e1lido para cumprir os requisitos de prote\u00e7\u00e3o de dados ao transferir dados pessoais para os EUA, portanto, seus dados podem n\u00e3o estar adequadamente protegidos nos EUA. Portanto, essas empresas anunciaram que seu processamento de dados pessoais agora ser\u00e1 legitimado pelas Cl\u00e1usulas Contratuais Padr\u00e3o. IFEEL que est\u00e1 monitorando a documenta\u00e7\u00e3o de transpar\u00eancia publicada pelas empresas acima mencionadas e est\u00e1 em processo de avalia\u00e7\u00e3o dos mecanismos adicionais propostos por elas. Ser\u00e3o disponibilizadas mais informa\u00e7\u00f5es \u00e0 medida que forem disponibilizadas pelas empresas e pelas autoridades de supervis\u00e3o relevantes.<\/li>\n<\/ul>\n\n\n\n<p>Clique aqui para ler a Pol\u00edtica de Privacidade do Controlador de Dados&nbsp; <a href=\"https:\/\/policies.google.com\/privacy?hl=en\" target=\"_blank\" rel=\"noopener\">https:\/\/policies.google.com\/privacy?hl=en <\/a>&nbsp;Clique aqui para desativar o consentimento para esses <em>cookies<\/em> pelo Controlador de Dados em todos os dom\u00ednios.&nbsp; <a href=\"https:\/\/safety.google\/privacy\/privacy-controls\/\" target=\"_blank\" rel=\"noopener\">https:\/\/safety.google\/privacy\/privacy-controls\/ <\/a>&nbsp;Essas informa\u00e7\u00f5es ser\u00e3o atualizadas \u00e0 medida que os servi\u00e7os oferecidos neste site forem alterados. Como modificar as configura\u00e7\u00f5es de <em>cookies:<\/em> O usu\u00e1rio pode restringir, bloquear ou excluir <em>cookies<\/em> da I FEEL, voc\u00ea pode encontrar como fazer isso no menu de ajuda do seu navegador, que estabelece o procedimento para sua elimina\u00e7\u00e3o. A desativa\u00e7\u00e3o de <em>cookies<\/em> pode impedir que o site funcione corretamente ou voc\u00ea pode n\u00e3o conseguir acessar certos recursos do site.<\/p>\n","protected":false},"excerpt":{"rendered":"<p>Em conformidade com o dever de informa\u00e7\u00e3o contido no par\u00e1grafo 2 do artigo 22 da Lei 34\/2002, de 11 de julho, sobre Servi\u00e7os da Sociedade da Informa\u00e7\u00e3o e Com\u00e9rcio Eletr\u00f4nico, o objetivo desta cl\u00e1usula de cookie \u00e9 informar os usu\u00e1rios de forma clara e precisa sobre os cookies usados pelo dom\u00ednio da web https:\/\/ifeelonline. com\/de [&hellip;]<\/p>\n","protected":false},"author":48,"featured_media":0,"parent":0,"menu_order":0,"comment_status":"closed","ping_status":"closed","template":"","meta":{"footnotes":""},"class_list":["post-143","page","type-page","status-publish","hentry"],"_links":{"self":[{"href":"https:\/\/ifeelonline.com\/pt\/wp-json\/wp\/v2\/pages\/143","targetHints":{"allow":["GET"]}}],"collection":[{"href":"https:\/\/ifeelonline.com\/pt\/wp-json\/wp\/v2\/pages"}],"about":[{"href":"https:\/\/ifeelonline.com\/pt\/wp-json\/wp\/v2\/types\/page"}],"author":[{"embeddable":true,"href":"https:\/\/ifeelonline.com\/pt\/wp-json\/wp\/v2\/users\/48"}],"replies":[{"embeddable":true,"href":"https:\/\/ifeelonline.com\/pt\/wp-json\/wp\/v2\/comments?post=143"}],"version-history":[{"count":0,"href":"https:\/\/ifeelonline.com\/pt\/wp-json\/wp\/v2\/pages\/143\/revisions"}],"wp:attachment":[{"href":"https:\/\/ifeelonline.com\/pt\/wp-json\/wp\/v2\/media?parent=143"}],"curies":[{"name":"wp","href":"https:\/\/api.w.org\/{rel}","templated":true}]}}