{"id":9982,"date":"2024-01-17T14:02:51","date_gmt":"2024-01-17T13:02:51","guid":{"rendered":"https:\/\/ifeelonline.com\/fr\/?page_id=9982"},"modified":"2024-01-31T10:59:17","modified_gmt":"2024-01-31T09:59:17","slug":"manuel-pour-responsables-rh-biais-cognitifs","status":"publish","type":"page","link":"https:\/\/ifeelonline.com\/fr\/boite-a-outils-rh\/manuel-pour-responsables-rh-biais-cognitifs\/","title":{"rendered":"Manuel pour responsables RH"},"content":{"rendered":"\t\t<div data-elementor-type=\"wp-page\" data-elementor-id=\"9982\" class=\"elementor elementor-9982\" data-elementor-post-type=\"page\">\n\t\t\t\t\t\t<section data-particle_enable=\"false\" data-particle-mobile-disabled=\"false\" class=\"elementor-section elementor-top-section elementor-element elementor-element-4d1100b5 elementor-section-boxed elementor-section-height-default elementor-section-height-default\" data-id=\"4d1100b5\" data-element_type=\"section\" data-e-type=\"section\" data-settings=\"{&quot;background_background&quot;:&quot;classic&quot;}\">\n\t\t\t\t\t\t\t<div class=\"elementor-background-overlay\"><\/div>\n\t\t\t\t\t\t\t<div class=\"elementor-container elementor-column-gap-custom\">\n\t\t\t\t\t<div class=\"elementor-column elementor-col-50 elementor-top-column elementor-element elementor-element-69a566c9\" data-id=\"69a566c9\" data-element_type=\"column\" data-e-type=\"column\">\n\t\t\t<div class=\"elementor-widget-wrap elementor-element-populated\">\n\t\t\t\t\t\t<div class=\"elementor-element elementor-element-2ae82efc elementor-widget elementor-widget-html\" data-id=\"2ae82efc\" data-element_type=\"widget\" data-e-type=\"widget\" data-widget_type=\"html.default\">\n\t\t\t\t<div class=\"elementor-widget-container\">\n\t\t\t\t\t<nav aria-label=\"breadcrumbs\" class=\"rank-math-breadcrumb\"><p><\/p><\/nav>\t\t\t\t<\/div>\n\t\t\t\t<\/div>\n\t\t\t\t<div class=\"elementor-element elementor-element-94946e8 elementor-headline--style-highlight elementor-widget elementor-widget-animated-headline\" data-id=\"94946e8\" data-element_type=\"widget\" data-e-type=\"widget\" data-settings=\"{&quot;marker&quot;:&quot;underline&quot;,&quot;highlighted_text&quot;:&quot;biais cognitifs&quot;,&quot;headline_style&quot;:&quot;highlight&quot;,&quot;loop&quot;:&quot;yes&quot;,&quot;highlight_animation_duration&quot;:1200,&quot;highlight_iteration_delay&quot;:8000}\" data-widget_type=\"animated-headline.default\">\n\t\t\t\t<div class=\"elementor-widget-container\">\n\t\t\t\t\t\t\t<h3 class=\"elementor-headline\">\n\t\t\t\t\t<span class=\"elementor-headline-plain-text elementor-headline-text-wrapper\">Que sont les<\/span>\n\t\t\t\t<span class=\"elementor-headline-dynamic-wrapper elementor-headline-text-wrapper\">\n\t\t\t\t\t<span class=\"elementor-headline-dynamic-text elementor-headline-text-active\">biais cognitifs<\/span>\n\t\t\t\t<\/span>\n\t\t\t\t\t<span class=\"elementor-headline-plain-text elementor-headline-text-wrapper\">et quel impact peuvent-ils avoir sur votre processus de s\u00e9lection ?<\/span>\n\t\t\t\t\t<\/h3>\n\t\t\t\t\t\t<\/div>\n\t\t\t\t<\/div>\n\t\t\t\t<div class=\"elementor-element elementor-element-54ec549f elementor-widget elementor-widget-text-editor\" data-id=\"54ec549f\" data-element_type=\"widget\" data-e-type=\"widget\" data-widget_type=\"text-editor.default\">\n\t\t\t\t<div class=\"elementor-widget-container\">\n\t\t\t\t\t\t\t\t\t<p>Obtenez toutes les cl\u00e9s gr\u00e2ce \u00e0 ce contenu strat\u00e9gique.<\/p><p>Gr\u00e2ce \u00e0 ce manuel destin\u00e9 aux responsables des ressources humaines, vous d\u00e9couvrirez :<\/p>\t\t\t\t\t\t\t\t<\/div>\n\t\t\t\t<\/div>\n\t\t\t\t<div class=\"elementor-element elementor-element-1b3db8b9 elementor-align-start elementor-icon-list--layout-traditional elementor-list-item-link-full_width elementor-widget elementor-widget-icon-list\" data-id=\"1b3db8b9\" data-element_type=\"widget\" data-e-type=\"widget\" data-widget_type=\"icon-list.default\">\n\t\t\t\t<div class=\"elementor-widget-container\">\n\t\t\t\t\t\t\t<ul class=\"elementor-icon-list-items\">\n\t\t\t\t\t\t\t<li class=\"elementor-icon-list-item\">\n\t\t\t\t\t\t\t\t\t\t\t<span class=\"elementor-icon-list-icon\">\n\t\t\t\t\t\t\t<svg xmlns=\"http:\/\/www.w3.org\/2000\/svg\" width=\"19\" height=\"19\" viewBox=\"0 0 19 19\" fill=\"none\"><path fill-rule=\"evenodd\" clip-rule=\"evenodd\" d=\"M9.5 19C4.25308 19 0 14.7469 0 9.5C0 4.25308 4.25308 0 9.5 0C14.7469 0 19 4.25308 19 9.5C19 14.7469 14.7469 19 9.5 19ZM13.7628 7.05436L12.9833 6.27C12.8372 6.12385 12.6082 6.12385 12.4621 6.27L7.77538 10.9859L5.5441 8.72538C5.40282 8.57923 5.16897 8.57923 5.02282 8.72538L4.24333 9.50974C4.09718 9.6559 4.09718 9.88974 4.24333 10.0359L6.72308 12.5497C6.72308 12.5497 6.72308 12.5595 6.73282 12.5595L7.26872 13.1003L7.39538 13.2318L7.51231 13.3487C7.65846 13.4949 7.88744 13.4949 8.03359 13.3487L13.7677 7.58051C13.909 7.43436 13.909 7.20051 13.7677 7.05436H13.7628Z\" fill=\"#7798EE\"><\/path><\/svg>\t\t\t\t\t\t<\/span>\n\t\t\t\t\t\t\t\t\t\t<span class=\"elementor-icon-list-text\">Tout ce que vous devez savoir sur les biais cognitifs, et comment ils peuvent interf\u00e9rer n\u00e9gativement avec les processus de l'entreprise. <\/span>\n\t\t\t\t\t\t\t\t\t<\/li>\n\t\t\t\t\t\t\t\t<li class=\"elementor-icon-list-item\">\n\t\t\t\t\t\t\t\t\t\t\t<span class=\"elementor-icon-list-icon\">\n\t\t\t\t\t\t\t<svg xmlns=\"http:\/\/www.w3.org\/2000\/svg\" width=\"19\" height=\"19\" viewBox=\"0 0 19 19\" fill=\"none\"><path fill-rule=\"evenodd\" clip-rule=\"evenodd\" d=\"M9.5 19C4.25308 19 0 14.7469 0 9.5C0 4.25308 4.25308 0 9.5 0C14.7469 0 19 4.25308 19 9.5C19 14.7469 14.7469 19 9.5 19ZM13.7628 7.05436L12.9833 6.27C12.8372 6.12385 12.6082 6.12385 12.4621 6.27L7.77538 10.9859L5.5441 8.72538C5.40282 8.57923 5.16897 8.57923 5.02282 8.72538L4.24333 9.50974C4.09718 9.6559 4.09718 9.88974 4.24333 10.0359L6.72308 12.5497C6.72308 12.5497 6.72308 12.5595 6.73282 12.5595L7.26872 13.1003L7.39538 13.2318L7.51231 13.3487C7.65846 13.4949 7.88744 13.4949 8.03359 13.3487L13.7677 7.58051C13.909 7.43436 13.909 7.20051 13.7677 7.05436H13.7628Z\" fill=\"#7798EE\"><\/path><\/svg>\t\t\t\t\t\t<\/span>\n\t\t\t\t\t\t\t\t\t\t<span class=\"elementor-icon-list-text\">Un exercice qui vous permettra d'\u00e9valuer vos processus de s\u00e9lection afin d'identifier les biais cognitifs.<\/span>\n\t\t\t\t\t\t\t\t\t<\/li>\n\t\t\t\t\t\t\t\t<li class=\"elementor-icon-list-item\">\n\t\t\t\t\t\t\t\t\t\t\t<span class=\"elementor-icon-list-icon\">\n\t\t\t\t\t\t\t<svg xmlns=\"http:\/\/www.w3.org\/2000\/svg\" width=\"19\" height=\"19\" viewBox=\"0 0 19 19\" fill=\"none\"><path fill-rule=\"evenodd\" clip-rule=\"evenodd\" d=\"M9.5 19C4.25308 19 0 14.7469 0 9.5C0 4.25308 4.25308 0 9.5 0C14.7469 0 19 4.25308 19 9.5C19 14.7469 14.7469 19 9.5 19ZM13.7628 7.05436L12.9833 6.27C12.8372 6.12385 12.6082 6.12385 12.4621 6.27L7.77538 10.9859L5.5441 8.72538C5.40282 8.57923 5.16897 8.57923 5.02282 8.72538L4.24333 9.50974C4.09718 9.6559 4.09718 9.88974 4.24333 10.0359L6.72308 12.5497C6.72308 12.5497 6.72308 12.5595 6.73282 12.5595L7.26872 13.1003L7.39538 13.2318L7.51231 13.3487C7.65846 13.4949 7.88744 13.4949 8.03359 13.3487L13.7677 7.58051C13.909 7.43436 13.909 7.20051 13.7677 7.05436H13.7628Z\" fill=\"#7798EE\"><\/path><\/svg>\t\t\t\t\t\t<\/span>\n\t\t\t\t\t\t\t\t\t\t<span class=\"elementor-icon-list-text\">9 strat\u00e9gies cl\u00e9s pour renforcer vos processus de s\u00e9lection.<\/span>\n\t\t\t\t\t\t\t\t\t<\/li>\n\t\t\t\t\t\t<\/ul>\n\t\t\t\t\t\t<\/div>\n\t\t\t\t<\/div>\n\t\t\t\t<div class=\"elementor-element elementor-element-30ba0d9f elementor-widget elementor-widget-text-editor\" data-id=\"30ba0d9f\" data-element_type=\"widget\" data-e-type=\"widget\" data-widget_type=\"text-editor.default\">\n\t\t\t\t<div class=\"elementor-widget-container\">\n\t\t\t\t\t\t\t\t\t<p><span style=\"font-weight: 400;\">Apr\u00e8s avoir mis en pratique tout ce que vous avez appris, vous serez en mesure de lib\u00e9rer le potentiel de votre \u00e9quipe, en optimisant \u00e0 la fois vos propres performances et celles de l&rsquo;organisation.<\/span><\/p><p><span style=\"color: #ffb0b0;\"><strong>T\u00e9l\u00e9chargez-le gratuitement !<\/strong><\/span><\/p>\t\t\t\t\t\t\t\t<\/div>\n\t\t\t\t<\/div>\n\t\t\t\t\t<\/div>\n\t\t<\/div>\n\t\t\t\t<div class=\"elementor-column elementor-col-50 elementor-top-column elementor-element elementor-element-1836262\" data-id=\"1836262\" data-element_type=\"column\" data-e-type=\"column\" data-settings=\"{&quot;background_background&quot;:&quot;classic&quot;}\">\n\t\t\t<div class=\"elementor-widget-wrap elementor-element-populated\">\n\t\t\t\t\t\t<section data-particle_enable=\"false\" data-particle-mobile-disabled=\"false\" class=\"elementor-section elementor-inner-section elementor-element elementor-element-3c2e9909 elementor-section-boxed elementor-section-height-default elementor-section-height-default\" data-id=\"3c2e9909\" data-element_type=\"section\" data-e-type=\"section\">\n\t\t\t\t\t\t<div class=\"elementor-container elementor-column-gap-default\">\n\t\t\t\t\t<div class=\"elementor-column elementor-col-100 elementor-inner-column elementor-element elementor-element-266ade65\" data-id=\"266ade65\" data-element_type=\"column\" data-e-type=\"column\" data-settings=\"{&quot;background_background&quot;:&quot;classic&quot;}\">\n\t\t\t<div class=\"elementor-widget-wrap elementor-element-populated\">\n\t\t\t\t\t\t<div class=\"elementor-element elementor-element-b9c1fb9 elementor-widget elementor-widget-html\" data-id=\"b9c1fb9\" data-element_type=\"widget\" data-e-type=\"widget\" id=\"form\" data-widget_type=\"html.default\">\n\t\t\t\t<div class=\"elementor-widget-container\">\n\t\t\t\t\t<script charset=\"utf-8\" type=\"text\/javascript\" src=\"\/\/js-eu1.hsforms.net\/forms\/embed\/v2.js\"><\/script>\r\n<script>\r\n  hbspt.forms.create({\r\n    region: \"eu1\",\r\n    portalId: \"24884594\",\r\n    formId: \"56baba96-e3a0-45e4-88f1-c31611aa230c\"\r\n  });\r\n<\/script>\t\t\t\t<\/div>\n\t\t\t\t<\/div>\n\t\t\t\t\t<\/div>\n\t\t<\/div>\n\t\t\t\t\t<\/div>\n\t\t<\/section>\n\t\t\t\t\t<\/div>\n\t\t<\/div>\n\t\t\t\t\t<\/div>\n\t\t<\/section>\n\t\t\t\t<section data-particle_enable=\"false\" data-particle-mobile-disabled=\"false\" class=\"elementor-section elementor-top-section elementor-element elementor-element-37f69f97 elementor-hidden-tablet elementor-section-boxed elementor-section-height-default elementor-section-height-default\" data-id=\"37f69f97\" data-element_type=\"section\" data-e-type=\"section\" data-settings=\"{&quot;background_background&quot;:&quot;classic&quot;}\">\n\t\t\t\t\t\t<div class=\"elementor-container elementor-column-gap-custom\">\n\t\t\t\t\t<div class=\"elementor-column elementor-col-50 elementor-top-column elementor-element elementor-element-7e779307\" data-id=\"7e779307\" data-element_type=\"column\" data-e-type=\"column\">\n\t\t\t<div class=\"elementor-widget-wrap elementor-element-populated\">\n\t\t\t\t\t\t<div class=\"elementor-element elementor-element-22f638b elementor-hidden-mobile elementor-widget elementor-widget-image\" data-id=\"22f638b\" data-element_type=\"widget\" data-e-type=\"widget\" data-widget_type=\"image.default\">\n\t\t\t\t<div class=\"elementor-widget-container\">\n\t\t\t\t\t\t\t\t\t\t\t\t\t\t\t<img fetchpriority=\"high\" decoding=\"async\" width=\"384\" height=\"638\" src=\"https:\/\/ifeelonline.com\/fr\/wp-content\/uploads\/sites\/3\/2024\/01\/Mask-group.png\" class=\"attachment-full size-full wp-image-9984\" alt=\"\" srcset=\"https:\/\/ifeelonline.com\/fr\/wp-content\/uploads\/sites\/3\/2024\/01\/Mask-group.png 384w, https:\/\/ifeelonline.com\/fr\/wp-content\/uploads\/sites\/3\/2024\/01\/Mask-group-181x300.png 181w\" sizes=\"(max-width: 384px) 100vw, 384px\" \/>\t\t\t\t\t\t\t\t\t\t\t\t\t\t\t<\/div>\n\t\t\t\t<\/div>\n\t\t\t\t\t<\/div>\n\t\t<\/div>\n\t\t\t\t<div class=\"elementor-column elementor-col-50 elementor-top-column elementor-element elementor-element-52e5b407\" data-id=\"52e5b407\" data-element_type=\"column\" data-e-type=\"column\" data-settings=\"{&quot;background_background&quot;:&quot;classic&quot;}\">\n\t\t\t<div class=\"elementor-widget-wrap elementor-element-populated\">\n\t\t\t\t\t\t<div class=\"elementor-element elementor-element-721dbb99 elementor-widget elementor-widget-heading\" data-id=\"721dbb99\" data-element_type=\"widget\" data-e-type=\"widget\" data-widget_type=\"heading.default\">\n\t\t\t\t<div class=\"elementor-widget-container\">\n\t\t\t\t\t<h2 class=\"elementor-heading-title elementor-size-xl\">Pourquoi devriez-vous t\u00e9l\u00e9charger ce manuel pour \u00e9viter l'influence des biais cognitifs ?\n\n\n\n\n\n\n\n\n\n\n<\/h2>\t\t\t\t<\/div>\n\t\t\t\t<\/div>\n\t\t\t\t<div class=\"elementor-element elementor-element-5c453185 elementor-widget elementor-widget-text-editor\" data-id=\"5c453185\" data-element_type=\"widget\" data-e-type=\"widget\" data-widget_type=\"text-editor.default\">\n\t\t\t\t<div class=\"elementor-widget-container\">\n\t\t\t\t\t\t\t\t\t<p>Les talents humains repr\u00e9sentent la ressource la plus pr\u00e9cieuse des organisations, mais&#8230; Que se passe-t-il en cas d&rsquo;\u00e9chec du processus de s\u00e9lection des talents ? Ou, pire encore&#8230; Quelles sont les cons\u00e9quences pour l&rsquo;entreprise si ces \u00e9checs ne sont pas identifi\u00e9s \u00e0 temps ?<\/p><p>\u00a0<\/p><p>Ce type de probl\u00e8me dans le processus de s\u00e9lection peut conduire \u00e0 de mauvaises performances ult\u00e9rieures dans l&rsquo;entreprise. Les biais cognitifs sont pr\u00e9cis\u00e9ment ces petites failles dans notre perception qui peuvent interf\u00e9rer avec notre prise de d\u00e9cision. C&rsquo;est pourquoi apprendre \u00e0 les identifier \u00e0 temps vous permettra de les r\u00e9duire et de renforcer l&rsquo;un des processus les plus importants au sein des organisations.<\/p><p>\u00a0<\/p><p>Dans cette ressource, nous vous apprenons \u00e0 \u00e9valuer et \u00e0 d\u00e9tecter l&rsquo;existence de <strong>biais cognitifs<\/strong> dans votre entreprise. Cela vous sera tr\u00e8s utile pour revoir votre strat\u00e9gie de s\u00e9lection du capital humain et d\u00e9terminer les domaines d&rsquo;am\u00e9lioration possibles.<\/p><p>\u00a0<\/p><p>En outre, nous vous proposons <strong>9 conseils<\/strong> cl\u00e9s pour renforcer les processus et faire passer votre \u00e9quipe au niveau sup\u00e9rieur.<\/p>\t\t\t\t\t\t\t\t<\/div>\n\t\t\t\t<\/div>\n\t\t\t\t\t<\/div>\n\t\t<\/div>\n\t\t\t\t\t<\/div>\n\t\t<\/section>\n\t\t\t\t<section data-particle_enable=\"false\" data-particle-mobile-disabled=\"false\" class=\"elementor-section elementor-top-section elementor-element elementor-element-1e434a56 elementor-hidden-desktop elementor-hidden-mobile elementor-section-boxed elementor-section-height-default elementor-section-height-default\" data-id=\"1e434a56\" data-element_type=\"section\" data-e-type=\"section\" data-settings=\"{&quot;background_background&quot;:&quot;classic&quot;}\">\n\t\t\t\t\t\t<div class=\"elementor-container elementor-column-gap-custom\">\n\t\t\t\t\t<div class=\"elementor-column elementor-col-100 elementor-top-column elementor-element elementor-element-14e83ed9\" data-id=\"14e83ed9\" data-element_type=\"column\" data-e-type=\"column\" data-settings=\"{&quot;background_background&quot;:&quot;classic&quot;}\">\n\t\t\t<div class=\"elementor-widget-wrap elementor-element-populated\">\n\t\t\t\t\t\t<div class=\"elementor-element elementor-element-20eb3ae5 elementor-widget elementor-widget-heading\" data-id=\"20eb3ae5\" data-element_type=\"widget\" data-e-type=\"widget\" data-widget_type=\"heading.default\">\n\t\t\t\t<div class=\"elementor-widget-container\">\n\t\t\t\t\t<h2 class=\"elementor-heading-title elementor-size-xl\">Pourquoi devriez-vous t\u00e9l\u00e9charger ce manuel pour \u00e9viter l'influence des biais cognitifs ?\n\n\n\n\n<\/h2>\t\t\t\t<\/div>\n\t\t\t\t<\/div>\n\t\t\t\t<div class=\"elementor-element elementor-element-73d21967 elementor-widget elementor-widget-text-editor\" data-id=\"73d21967\" data-element_type=\"widget\" data-e-type=\"widget\" data-widget_type=\"text-editor.default\">\n\t\t\t\t<div class=\"elementor-widget-container\">\n\t\t\t\t\t\t\t\t\t<p>Les <strong>talents humains<\/strong> repr\u00e9sentent la ressource la plus pr\u00e9cieuse des organisations, mais&#8230; Que se passe-t-il en cas d&rsquo;\u00e9chec du processus de s\u00e9lection des talents ? Ou, pire encore&#8230; Quelles sont les cons\u00e9quences pour l&rsquo;entreprise si ces \u00e9checs ne sont pas identifi\u00e9s \u00e0 temps ?<\/p><p>\u00a0<\/p><p>Ce type de <strong>probl\u00e8me<\/strong> dans le processus de s\u00e9lection peut conduire \u00e0 de mauvaises performances ult\u00e9rieures dans l&rsquo;entreprise. Les biais cognitifs sont pr\u00e9cis\u00e9ment ces petites failles dans notre perception qui peuvent interf\u00e9rer avec notre prise de d\u00e9cision. C&rsquo;est pourquoi apprendre \u00e0 les identifier \u00e0 temps vous permettra de les r\u00e9duire et de renforcer l&rsquo;un des processus les plus importants au sein des organisations.<\/p><p>\u00a0<\/p><p>Dans cette ressource, nous vous apprenons \u00e0 \u00e9valuer et \u00e0 d\u00e9tecter l&rsquo;existence de biais cognitifs dans votre entreprise. Cela vous sera tr\u00e8s utile pour revoir votre strat\u00e9gie de s\u00e9lection du capital humain et d\u00e9terminer les domaines d&rsquo;am\u00e9lioration possibles.<\/p><p>\u00a0<\/p><p>En outre, nous vous proposons <strong>9 conseils<\/strong> cl\u00e9s pour renforcer les processus et faire passer votre \u00e9quipe au niveau sup\u00e9rieur.<\/p>\t\t\t\t\t\t\t\t<\/div>\n\t\t\t\t<\/div>\n\t\t\t\t\t<\/div>\n\t\t<\/div>\n\t\t\t\t\t<\/div>\n\t\t<\/section>\n\t\t\t\t<section data-particle_enable=\"false\" data-particle-mobile-disabled=\"false\" class=\"elementor-section elementor-top-section elementor-element elementor-element-5c4143e0 elementor-section-boxed elementor-section-height-default elementor-section-height-default\" data-id=\"5c4143e0\" data-element_type=\"section\" data-e-type=\"section\" data-settings=\"{&quot;background_background&quot;:&quot;classic&quot;}\">\n\t\t\t\t\t\t<div class=\"elementor-container elementor-column-gap-custom\">\n\t\t\t\t\t<div class=\"elementor-column elementor-col-50 elementor-top-column elementor-element elementor-element-48ca7818\" data-id=\"48ca7818\" data-element_type=\"column\" data-e-type=\"column\" data-settings=\"{&quot;background_background&quot;:&quot;classic&quot;}\">\n\t\t\t<div class=\"elementor-widget-wrap elementor-element-populated\">\n\t\t\t\t\t\t<div class=\"elementor-element elementor-element-6b015b0c elementor-widget elementor-widget-heading\" data-id=\"6b015b0c\" data-element_type=\"widget\" data-e-type=\"widget\" data-widget_type=\"heading.default\">\n\t\t\t\t<div class=\"elementor-widget-container\">\n\t\t\t\t\t<h2 class=\"elementor-heading-title elementor-size-xl\">Ifeel : la premi\u00e8re solution de bien-\u00eatre mental\n\n<\/h2>\t\t\t\t<\/div>\n\t\t\t\t<\/div>\n\t\t\t\t<div class=\"elementor-element elementor-element-6533d857 elementor-widget elementor-widget-text-editor\" data-id=\"6533d857\" data-element_type=\"widget\" data-e-type=\"widget\" data-widget_type=\"text-editor.default\">\n\t\t\t\t<div class=\"elementor-widget-container\">\n\t\t\t\t\t\t\t\t\t<p>Chez ifeel, nous pensons que le <span style=\"color: #ffb0b0;\"><strong>bien-\u00eatre mental<\/strong> <\/span>doit \u00eatre pris en charge d\u00e8s l&rsquo;entr\u00e9e d&rsquo;un collaborateur dans l&rsquo;entreprise, ce qui signifie qu&rsquo;il faut pr\u00e9venir tout probl\u00e8me de sant\u00e9 mentale pouvant survenir au cours de sa carri\u00e8re.<\/p><p>\u00a0<\/p><p>Ifeel est une <span style=\"color: #ffb0b0;\"><strong>solution unique<\/strong><\/span>, compl\u00e8te et \u00e9volutive qui utilise la puissance des donn\u00e9es pour fournir une compr\u00e9hension compl\u00e8te du bien-\u00eatre mental de vos collaborateurs, tout en leur garantissant la qualit\u00e9 du service et la confidentialit\u00e9. Notre \u00e9quipe de psychologues sp\u00e9cialis\u00e9s et d&rsquo;experts offre un soutien confidentiel et complet pour vous aider \u00e0 chaque \u00e9tape, toujours \u00e0 vos c\u00f4t\u00e9s.<\/p>\t\t\t\t\t\t\t\t<\/div>\n\t\t\t\t<\/div>\n\t\t\t\t<div class=\"elementor-element elementor-element-3a78d0fe elementor-widget elementor-widget-button\" data-id=\"3a78d0fe\" data-element_type=\"widget\" data-e-type=\"widget\" data-widget_type=\"button.default\">\n\t\t\t\t<div class=\"elementor-widget-container\">\n\t\t\t\t\t\t\t\t\t<div class=\"elementor-button-wrapper\">\n\t\t\t\t\t<a class=\"elementor-button elementor-button-link elementor-size-sm\" href=\"#form\">\n\t\t\t\t\t\t<span class=\"elementor-button-content-wrapper\">\n\t\t\t\t\t\t\t\t\t<span class=\"elementor-button-text\">Lib\u00e9rez le potentiel de votre \u00e9quipe d\u00e8s maintenant !<\/span>\n\t\t\t\t\t<\/span>\n\t\t\t\t\t<\/a>\n\t\t\t\t<\/div>\n\t\t\t\t\t\t\t\t<\/div>\n\t\t\t\t<\/div>\n\t\t\t\t\t<\/div>\n\t\t<\/div>\n\t\t\t\t<div class=\"elementor-column elementor-col-50 elementor-top-column elementor-element elementor-element-50c530e7\" data-id=\"50c530e7\" data-element_type=\"column\" data-e-type=\"column\">\n\t\t\t<div class=\"elementor-widget-wrap elementor-element-populated\">\n\t\t\t\t\t\t<div class=\"elementor-element elementor-element-7065d00b elementor-widget elementor-widget-image\" data-id=\"7065d00b\" data-element_type=\"widget\" data-e-type=\"widget\" data-widget_type=\"image.default\">\n\t\t\t\t<div class=\"elementor-widget-container\">\n\t\t\t\t\t\t\t\t\t\t\t\t\t\t\t<img decoding=\"async\" width=\"384\" height=\"638\" src=\"https:\/\/ifeelonline.com\/fr\/wp-content\/uploads\/sites\/3\/2024\/01\/rwer.png\" class=\"attachment-full size-full wp-image-9985\" alt=\"\" srcset=\"https:\/\/ifeelonline.com\/fr\/wp-content\/uploads\/sites\/3\/2024\/01\/rwer.png 384w, https:\/\/ifeelonline.com\/fr\/wp-content\/uploads\/sites\/3\/2024\/01\/rwer-181x300.png 181w\" sizes=\"(max-width: 384px) 100vw, 384px\" \/>\t\t\t\t\t\t\t\t\t\t\t\t\t\t\t<\/div>\n\t\t\t\t<\/div>\n\t\t\t\t\t<\/div>\n\t\t<\/div>\n\t\t\t\t\t<\/div>\n\t\t<\/section>\n\t\t\t\t<\/div>\n\t\t\n    <div class=\"xs_social_share_widget xs_share_url after_content \t\tmain_content  wslu-style-1 wslu-share-box-shaped wslu-fill-colored wslu-none wslu-share-horizontal wslu-theme-font-no wslu-main_content\">\n\n\t\t\n        <ul>\n\t\t\t        <\/ul>\n    <\/div> \n","protected":false},"excerpt":{"rendered":"<p>Que sont les biais cognitifs et quel impact peuvent-ils avoir sur votre processus de s\u00e9lection ? Obtenez toutes les cl\u00e9s gr\u00e2ce \u00e0 ce contenu strat\u00e9gique. Gr\u00e2ce \u00e0 ce manuel destin\u00e9 aux responsables des ressources humaines, vous d\u00e9couvrirez : Tout ce que vous devez savoir sur les biais cognitifs, et comment ils peuvent interf\u00e9rer n\u00e9gativement avec [&hellip;]<\/p>\n","protected":false},"author":48,"featured_media":10060,"parent":7514,"menu_order":0,"comment_status":"closed","ping_status":"closed","template":"","meta":{"content-type":"","postBodyCss":"","postBodyMargin":[],"postBodyPadding":[],"postBodyBackground":{"backgroundType":"classic","gradient":""},"footnotes":""},"class_list":["post-9982","page","type-page","status-publish","has-post-thumbnail","hentry"],"_links":{"self":[{"href":"https:\/\/ifeelonline.com\/fr\/wp-json\/wp\/v2\/pages\/9982","targetHints":{"allow":["GET"]}}],"collection":[{"href":"https:\/\/ifeelonline.com\/fr\/wp-json\/wp\/v2\/pages"}],"about":[{"href":"https:\/\/ifeelonline.com\/fr\/wp-json\/wp\/v2\/types\/page"}],"author":[{"embeddable":true,"href":"https:\/\/ifeelonline.com\/fr\/wp-json\/wp\/v2\/users\/48"}],"replies":[{"embeddable":true,"href":"https:\/\/ifeelonline.com\/fr\/wp-json\/wp\/v2\/comments?post=9982"}],"version-history":[{"count":0,"href":"https:\/\/ifeelonline.com\/fr\/wp-json\/wp\/v2\/pages\/9982\/revisions"}],"up":[{"embeddable":true,"href":"https:\/\/ifeelonline.com\/fr\/wp-json\/wp\/v2\/pages\/7514"}],"wp:featuredmedia":[{"embeddable":true,"href":"https:\/\/ifeelonline.com\/fr\/wp-json\/wp\/v2\/media\/10060"}],"wp:attachment":[{"href":"https:\/\/ifeelonline.com\/fr\/wp-json\/wp\/v2\/media?parent=9982"}],"curies":[{"name":"wp","href":"https:\/\/api.w.org\/{rel}","templated":true}]}}