{"id":9615,"date":"2023-09-29T13:11:15","date_gmt":"2023-09-29T12:11:15","guid":{"rendered":"https:\/\/ifeelonline.com\/fr\/?page_id=9615"},"modified":"2025-10-08T12:21:47","modified_gmt":"2025-10-08T11:21:47","slug":"les-tendances-du-bien-etre-mental-2023-devoilees-la-prevention-comme-fondement","status":"publish","type":"page","link":"https:\/\/ifeelonline.com\/fr\/les-tendances-du-bien-etre-mental-2023-devoilees-la-prevention-comme-fondement\/","title":{"rendered":"Les tendances du bien-\u00eatre mental 2023 d\u00e9voil\u00e9es : la pr\u00e9vention comme fondement"},"content":{"rendered":"\t\t<div data-elementor-type=\"wp-page\" data-elementor-id=\"9615\" class=\"elementor elementor-9615\" data-elementor-post-type=\"page\">\n\t\t\t\t\t\t<section data-particle_enable=\"false\" data-particle-mobile-disabled=\"false\" class=\"elementor-section elementor-top-section elementor-element elementor-element-3d541b2f elementor-section-boxed elementor-section-height-default elementor-section-height-default\" data-id=\"3d541b2f\" data-element_type=\"section\" data-e-type=\"section\" data-settings=\"{&quot;background_background&quot;:&quot;classic&quot;}\">\n\t\t\t\t\t\t\t<div class=\"elementor-background-overlay\"><\/div>\n\t\t\t\t\t\t\t<div class=\"elementor-container elementor-column-gap-default\">\n\t\t\t\t\t<div class=\"elementor-column elementor-col-100 elementor-top-column elementor-element elementor-element-58629b\" data-id=\"58629b\" data-element_type=\"column\" data-e-type=\"column\">\n\t\t\t<div class=\"elementor-widget-wrap elementor-element-populated\">\n\t\t\t\t\t\t<div class=\"elementor-element elementor-element-2085269e elementor-widget elementor-widget-heading\" data-id=\"2085269e\" data-element_type=\"widget\" data-e-type=\"widget\" data-widget_type=\"heading.default\">\n\t\t\t\t<div class=\"elementor-widget-container\">\n\t\t\t\t\t<h2 class=\"elementor-heading-title elementor-size-default\"><span style=\"margin: 0px;padding: 0px\"><span style=\"color: #ff9d88\">Les tendances<\/span><\/span> du <br>bien-\u00eatre mental 2023 d\u00e9voil\u00e9es<\/h2>\t\t\t\t<\/div>\n\t\t\t\t<\/div>\n\t\t\t\t<div class=\"elementor-element elementor-element-61db92c2 elementor-widget-divider--view-line elementor-widget elementor-widget-divider\" data-id=\"61db92c2\" data-element_type=\"widget\" data-e-type=\"widget\" data-widget_type=\"divider.default\">\n\t\t\t\t<div class=\"elementor-widget-container\">\n\t\t\t\t\t\t\t<div class=\"elementor-divider\">\n\t\t\t<span class=\"elementor-divider-separator\">\n\t\t\t\t\t\t<\/span>\n\t\t<\/div>\n\t\t\t\t\t\t<\/div>\n\t\t\t\t<\/div>\n\t\t\t\t<div class=\"elementor-element elementor-element-7d1421c8 elementor-widget elementor-widget-text-editor\" data-id=\"7d1421c8\" data-element_type=\"widget\" data-e-type=\"widget\" data-widget_type=\"text-editor.default\">\n\t\t\t\t<div class=\"elementor-widget-container\">\n\t\t\t\t\t\t\t\t\t<p style=\"text-align: center;\"><span style=\"font-weight: 400;\">\u00a0La Pr\u00e9vention comme Fondement <\/span><\/p>\t\t\t\t\t\t\t\t<\/div>\n\t\t\t\t<\/div>\n\t\t\t\t\t<\/div>\n\t\t<\/div>\n\t\t\t\t\t<\/div>\n\t\t<\/section>\n\t\t<div data-particle_enable=\"false\" data-particle-mobile-disabled=\"false\" class=\"elementor-element elementor-element-9ebf107 e-flex e-con-boxed e-con e-parent\" data-id=\"9ebf107\" data-element_type=\"container\" data-e-type=\"container\" data-settings=\"{&quot;background_background&quot;:&quot;classic&quot;}\">\n\t\t\t\t\t<div class=\"e-con-inner\">\n\t\t\t\t<div class=\"elementor-element elementor-element-d9de79c elementor-widget elementor-widget-heading\" data-id=\"d9de79c\" data-element_type=\"widget\" data-e-type=\"widget\" data-widget_type=\"heading.default\">\n\t\t\t\t<div class=\"elementor-widget-container\">\n\t\t\t\t\t<h2 class=\"elementor-heading-title elementor-size-default\">D\u00e9couvrez les tendances de cette ann\u00e9e en mati\u00e8re de bien-\u00eatre mental gr\u00e2ce au dernier rapport d'ifeel<\/h2>\t\t\t\t<\/div>\n\t\t\t\t<\/div>\n\t\t\t\t<div class=\"elementor-element elementor-element-ecdb06b elementor-widget elementor-widget-text-editor\" data-id=\"ecdb06b\" data-element_type=\"widget\" data-e-type=\"widget\" data-widget_type=\"text-editor.default\">\n\t\t\t\t<div class=\"elementor-widget-container\">\n\t\t\t\t\t\t\t\t\t<p>Exploitez nos propres donn\u00e9es cliniques pour mieux comprendre le paysage de la sant\u00e9 mentale sur le lieu de travail d&rsquo;aujourd&rsquo;hui. Ce rapport offre des statistiques in\u00e9dites sur l&rsquo;\u00e9tat actuel du bien-\u00eatre mental dans les entreprises, <strong>la feuille de route pour 2023 et les niveaux de satisfaction g\u00e9n\u00e9rale des utilisateurs.<\/strong> T\u00e9l\u00e9chargez notre rapport pour explorer les donn\u00e9es que nous avons recueillies afin d&rsquo;aider les organisations comme la v\u00f4tre \u00e0 mettre la pr\u00e9vention au premier plan et \u00e0 cr\u00e9er un environnement favorable pour les employ\u00e9s.<\/p>\t\t\t\t\t\t\t\t<\/div>\n\t\t\t\t<\/div>\n\t\t\t\t<div class=\"elementor-element elementor-element-d7eaa31 elementor-widget elementor-widget-button\" data-id=\"d7eaa31\" data-element_type=\"widget\" data-e-type=\"widget\" data-widget_type=\"button.default\">\n\t\t\t\t<div class=\"elementor-widget-container\">\n\t\t\t\t\t\t\t\t\t<div class=\"elementor-button-wrapper\">\n\t\t\t\t\t<a class=\"elementor-button elementor-button-link elementor-size-sm\" href=\"#form\">\n\t\t\t\t\t\t<span class=\"elementor-button-content-wrapper\">\n\t\t\t\t\t\t\t\t\t<span class=\"elementor-button-text\">T\u00e9l\u00e9chargez notre rapport<\/span>\n\t\t\t\t\t<\/span>\n\t\t\t\t\t<\/a>\n\t\t\t\t<\/div>\n\t\t\t\t\t\t\t\t<\/div>\n\t\t\t\t<\/div>\n\t\t\t\t\t<\/div>\n\t\t\t\t<\/div>\n\t\t\t\t<section data-particle_enable=\"false\" data-particle-mobile-disabled=\"false\" class=\"elementor-section elementor-top-section elementor-element elementor-element-634aaa87 elementor-section-boxed elementor-section-height-default elementor-section-height-default\" data-id=\"634aaa87\" data-element_type=\"section\" data-e-type=\"section\" data-settings=\"{&quot;background_background&quot;:&quot;classic&quot;}\">\n\t\t\t\t\t\t<div class=\"elementor-container elementor-column-gap-default\">\n\t\t\t\t\t<div class=\"elementor-column elementor-col-100 elementor-top-column elementor-element elementor-element-3a7d792f\" data-id=\"3a7d792f\" data-element_type=\"column\" data-e-type=\"column\">\n\t\t\t<div class=\"elementor-widget-wrap elementor-element-populated\">\n\t\t\t\t\t\t<div class=\"elementor-element elementor-element-1c0c2976 elementor-widget elementor-widget-heading\" data-id=\"1c0c2976\" data-element_type=\"widget\" data-e-type=\"widget\" data-widget_type=\"heading.default\">\n\t\t\t\t<div class=\"elementor-widget-container\">\n\t\t\t\t\t<h2 class=\"elementor-heading-title elementor-size-default\">Le bien-\u00eatre mental dans les organisations\n<\/h2>\t\t\t\t<\/div>\n\t\t\t\t<\/div>\n\t\t\t\t<div class=\"elementor-element elementor-element-38f6f850 elementor-widget-divider--view-line elementor-widget elementor-widget-divider\" data-id=\"38f6f850\" data-element_type=\"widget\" data-e-type=\"widget\" data-widget_type=\"divider.default\">\n\t\t\t\t<div class=\"elementor-widget-container\">\n\t\t\t\t\t\t\t<div class=\"elementor-divider\">\n\t\t\t<span class=\"elementor-divider-separator\">\n\t\t\t\t\t\t<\/span>\n\t\t<\/div>\n\t\t\t\t\t\t<\/div>\n\t\t\t\t<\/div>\n\t\t\t\t<section data-particle_enable=\"false\" data-particle-mobile-disabled=\"false\" class=\"elementor-section elementor-inner-section elementor-element elementor-element-189d9408 elementor-hidden-desktop elementor-hidden-mobile elementor-section-boxed elementor-section-height-default elementor-section-height-default\" data-id=\"189d9408\" data-element_type=\"section\" data-e-type=\"section\">\n\t\t\t\t\t\t<div class=\"elementor-container elementor-column-gap-default\">\n\t\t\t\t\t<div class=\"elementor-column elementor-col-100 elementor-inner-column elementor-element elementor-element-587f1e97\" data-id=\"587f1e97\" data-element_type=\"column\" data-e-type=\"column\">\n\t\t\t<div class=\"elementor-widget-wrap elementor-element-populated\">\n\t\t\t\t\t\t<div class=\"elementor-element elementor-element-1586360d elementor-widget-tablet__width-initial elementor-widget elementor-widget-heading\" data-id=\"1586360d\" data-element_type=\"widget\" data-e-type=\"widget\" data-widget_type=\"heading.default\">\n\t\t\t\t<div class=\"elementor-widget-container\">\n\t\t\t\t\t<h2 class=\"elementor-heading-title elementor-size-default\">Saviez-vous que... ?\n<\/h2>\t\t\t\t<\/div>\n\t\t\t\t<\/div>\n\t\t\t\t<div class=\"elementor-element elementor-element-5ce3ba59 elementor-widget-tablet__width-initial elementor-widget elementor-widget-text-editor\" data-id=\"5ce3ba59\" data-element_type=\"widget\" data-e-type=\"widget\" data-widget_type=\"text-editor.default\">\n\t\t\t\t<div class=\"elementor-widget-container\">\n\t\t\t\t\t\t\t\t\t<p><strong>42 % des employ\u00e9s souffrent d&rsquo;anxi\u00e9t\u00e9 au travail. <\/strong>Cette statistique inqui\u00e9tante n&rsquo;est qu&rsquo;une des d\u00e9couvertes faites par notre \u00e9quipe clinique. Malheureusement, les probl\u00e8mes de sant\u00e9 mentale ont un impact extr\u00eamement n\u00e9gatif \u00e0 la fois sur l&#8217;employ\u00e9 et sur l&rsquo;organisation. L&rsquo;anxi\u00e9t\u00e9 et les autres probl\u00e8mes de sant\u00e9 mentale au travail peuvent entra\u00eener de l&rsquo;absent\u00e9isme et des co\u00fbts de sant\u00e9 \u00e9lev\u00e9s pour les entreprises.<\/p><p>\u00a0<\/p><p>En fait, <strong>l&rsquo;OMS d\u00e9clare que \u00ab\u00a0dans le monde, on estime \u00e0 12 milliards le nombre de journ\u00e9es de travail perdues chaque ann\u00e9e \u00e0 cause de la d\u00e9pression et de l&rsquo;anxi\u00e9t\u00e9, ce qui repr\u00e9sente un co\u00fbt de 1 000 milliards de dollars par an en perte de productivit\u00e9\u00a0\u00bb<\/strong>. Au-del\u00e0 des implications financi\u00e8res, ces statistiques soulignent l&rsquo;influence profonde des probl\u00e8mes de sant\u00e9 mentale sur le personnel. La prise en charge et la pr\u00e9vention des probl\u00e8mes de bien-\u00eatre mental devraient \u00eatre une priorit\u00e9 pour les organisations d\u00e8s le d\u00e9part.<\/p>\t\t\t\t\t\t\t\t<\/div>\n\t\t\t\t<\/div>\n\t\t\t\t\t<\/div>\n\t\t<\/div>\n\t\t\t\t\t<\/div>\n\t\t<\/section>\n\t\t\t\t<section data-particle_enable=\"false\" data-particle-mobile-disabled=\"false\" class=\"elementor-section elementor-inner-section elementor-element elementor-element-29aeea34 elementor-hidden-tablet elementor-section-boxed elementor-section-height-default elementor-section-height-default\" data-id=\"29aeea34\" data-element_type=\"section\" data-e-type=\"section\">\n\t\t\t\t\t\t<div class=\"elementor-container elementor-column-gap-default\">\n\t\t\t\t\t<div class=\"elementor-column elementor-col-50 elementor-inner-column elementor-element elementor-element-42fcac73\" data-id=\"42fcac73\" data-element_type=\"column\" data-e-type=\"column\">\n\t\t\t<div class=\"elementor-widget-wrap elementor-element-populated\">\n\t\t\t\t\t\t<div class=\"elementor-element elementor-element-2d1967ab elementor-widget-tablet__width-initial elementor-widget elementor-widget-heading\" data-id=\"2d1967ab\" data-element_type=\"widget\" data-e-type=\"widget\" data-widget_type=\"heading.default\">\n\t\t\t\t<div class=\"elementor-widget-container\">\n\t\t\t\t\t<h2 class=\"elementor-heading-title elementor-size-default\">Saviez-vous que... ?<\/h2>\t\t\t\t<\/div>\n\t\t\t\t<\/div>\n\t\t\t\t<div class=\"elementor-element elementor-element-7266bea9 elementor-widget-tablet__width-initial elementor-widget elementor-widget-text-editor\" data-id=\"7266bea9\" data-element_type=\"widget\" data-e-type=\"widget\" data-widget_type=\"text-editor.default\">\n\t\t\t\t<div class=\"elementor-widget-container\">\n\t\t\t\t\t\t\t\t\t<p><strong>42 % des employ\u00e9s souffrent d&rsquo;anxi\u00e9t\u00e9 au travail.<\/strong> Cette statistique inqui\u00e9tante n&rsquo;est qu&rsquo;une des d\u00e9couvertes faites par notre \u00e9quipe clinique. Malheureusement, les probl\u00e8mes de sant\u00e9 mentale ont un impact extr\u00eamement n\u00e9gatif \u00e0 la fois sur l&#8217;employ\u00e9 et sur l&rsquo;organisation. L&rsquo;anxi\u00e9t\u00e9 et les autres probl\u00e8mes de sant\u00e9 mentale au travail peuvent entra\u00eener de l&rsquo;absent\u00e9isme et des co\u00fbts de sant\u00e9 \u00e9lev\u00e9s pour les entreprises.<\/p><p>\u00a0<\/p><p>En fait, <strong>l&rsquo;OMS d\u00e9clare que \u00ab\u00a0dans le monde, on estime \u00e0 12 milliards le nombre de journ\u00e9es de travail perdues chaque ann\u00e9e \u00e0 cause de la d\u00e9pression et de l&rsquo;anxi\u00e9t\u00e9, ce qui repr\u00e9sente un co\u00fbt de 1 000 milliards de dollars par an en perte de productivit\u00e9\u00a0\u00bb<\/strong>. Au-del\u00e0 des implications financi\u00e8res, ces statistiques soulignent l&rsquo;influence profonde des probl\u00e8mes de sant\u00e9 mentale sur le personnel. La prise en charge et la pr\u00e9vention des probl\u00e8mes de bien-\u00eatre mental devraient \u00eatre une priorit\u00e9 pour les organisations d\u00e8s le d\u00e9part.<\/p>\t\t\t\t\t\t\t\t<\/div>\n\t\t\t\t<\/div>\n\t\t\t\t\t<\/div>\n\t\t<\/div>\n\t\t\t\t<div class=\"elementor-column elementor-col-50 elementor-inner-column elementor-element elementor-element-52f2f3da\" data-id=\"52f2f3da\" data-element_type=\"column\" data-e-type=\"column\">\n\t\t\t<div class=\"elementor-widget-wrap elementor-element-populated\">\n\t\t\t\t\t\t<div class=\"elementor-element elementor-element-56cce6ff animated-slow elementor-invisible elementor-widget elementor-widget-image\" data-id=\"56cce6ff\" data-element_type=\"widget\" data-e-type=\"widget\" data-settings=\"{&quot;_animation&quot;:&quot;slideInRight&quot;,&quot;_animation_delay&quot;:200}\" data-widget_type=\"image.default\">\n\t\t\t\t<div class=\"elementor-widget-container\">\n\t\t\t\t\t\t\t\t\t\t\t\t\t\t\t<img fetchpriority=\"high\" decoding=\"async\" width=\"800\" height=\"534\" src=\"https:\/\/ifeelonline.com\/fr\/wp-content\/uploads\/sites\/3\/2023\/09\/group-multinational-busy-people-working-office-scaled-1-1024x684.jpg\" class=\"attachment-large size-large wp-image-9618\" alt=\"\" srcset=\"https:\/\/ifeelonline.com\/fr\/wp-content\/uploads\/sites\/3\/2023\/09\/group-multinational-busy-people-working-office-scaled-1-1024x684.jpg 1024w, https:\/\/ifeelonline.com\/fr\/wp-content\/uploads\/sites\/3\/2023\/09\/group-multinational-busy-people-working-office-scaled-1-300x200.jpg 300w, https:\/\/ifeelonline.com\/fr\/wp-content\/uploads\/sites\/3\/2023\/09\/group-multinational-busy-people-working-office-scaled-1-768x513.jpg 768w, https:\/\/ifeelonline.com\/fr\/wp-content\/uploads\/sites\/3\/2023\/09\/group-multinational-busy-people-working-office-scaled-1-1536x1025.jpg 1536w, https:\/\/ifeelonline.com\/fr\/wp-content\/uploads\/sites\/3\/2023\/09\/group-multinational-busy-people-working-office-scaled-1-2048x1367.jpg 2048w\" sizes=\"(max-width: 800px) 100vw, 800px\" \/>\t\t\t\t\t\t\t\t\t\t\t\t\t\t\t<\/div>\n\t\t\t\t<\/div>\n\t\t\t\t\t<\/div>\n\t\t<\/div>\n\t\t\t\t\t<\/div>\n\t\t<\/section>\n\t\t\t\t\t<\/div>\n\t\t<\/div>\n\t\t\t\t\t<\/div>\n\t\t<\/section>\n\t\t\t\t<section data-particle_enable=\"false\" data-particle-mobile-disabled=\"false\" class=\"elementor-section elementor-top-section elementor-element elementor-element-5cafac65 elementor-section-boxed elementor-section-height-default elementor-section-height-default\" data-id=\"5cafac65\" data-element_type=\"section\" data-e-type=\"section\" data-settings=\"{&quot;background_background&quot;:&quot;classic&quot;}\">\n\t\t\t\t\t\t\t<div class=\"elementor-background-overlay\"><\/div>\n\t\t\t\t\t\t\t<div class=\"elementor-container elementor-column-gap-default\">\n\t\t\t\t\t<div class=\"elementor-column elementor-col-100 elementor-top-column elementor-element elementor-element-23fa7b75\" data-id=\"23fa7b75\" data-element_type=\"column\" data-e-type=\"column\" data-settings=\"{&quot;background_background&quot;:&quot;classic&quot;}\">\n\t\t\t<div class=\"elementor-widget-wrap elementor-element-populated\">\n\t\t\t\t\t\t<div class=\"elementor-element elementor-element-175700e4 elementor-widget elementor-widget-heading\" data-id=\"175700e4\" data-element_type=\"widget\" data-e-type=\"widget\" id=\"form\" data-widget_type=\"heading.default\">\n\t\t\t\t<div class=\"elementor-widget-container\">\n\t\t\t\t\t<h2 class=\"elementor-heading-title elementor-size-default\">T\u00e9l\u00e9chargez notre rapport<\/h2>\t\t\t\t<\/div>\n\t\t\t\t<\/div>\n\t\t\t\t<div class=\"elementor-element elementor-element-39bc34b5 elementor-widget-divider--view-line elementor-widget elementor-widget-divider\" data-id=\"39bc34b5\" data-element_type=\"widget\" data-e-type=\"widget\" data-widget_type=\"divider.default\">\n\t\t\t\t<div class=\"elementor-widget-container\">\n\t\t\t\t\t\t\t<div class=\"elementor-divider\">\n\t\t\t<span class=\"elementor-divider-separator\">\n\t\t\t\t\t\t<\/span>\n\t\t<\/div>\n\t\t\t\t\t\t<\/div>\n\t\t\t\t<\/div>\n\t\t\t\t<div class=\"elementor-element elementor-element-74c96fa9 elementor-widget elementor-widget-html\" data-id=\"74c96fa9\" data-element_type=\"widget\" data-e-type=\"widget\" data-widget_type=\"html.default\">\n\t\t\t\t<div class=\"elementor-widget-container\">\n\t\t\t\t\t<script charset=\"utf-8\" type=\"text\/javascript\" src=\"\/\/js-eu1.hsforms.net\/forms\/embed\/v2.js\"><\/script>\r\n<script>\r\n  hbspt.forms.create({\r\n    region: \"eu1\",\r\n    portalId: \"24884594\",\r\n    formId: \"031b8d52-8dc6-45b7-9cee-b0350264a3e7\"\r\n  });\r\n<\/script>\t\t\t\t<\/div>\n\t\t\t\t<\/div>\n\t\t\t\t\t<\/div>\n\t\t<\/div>\n\t\t\t\t\t<\/div>\n\t\t<\/section>\n\t\t\t\t<section data-particle_enable=\"false\" data-particle-mobile-disabled=\"false\" class=\"elementor-section elementor-top-section elementor-element elementor-element-7828f61b elementor-section-boxed elementor-section-height-default elementor-section-height-default\" data-id=\"7828f61b\" data-element_type=\"section\" data-e-type=\"section\" data-settings=\"{&quot;background_background&quot;:&quot;classic&quot;}\">\n\t\t\t\t\t\t<div class=\"elementor-container elementor-column-gap-default\">\n\t\t\t\t\t<div class=\"elementor-column elementor-col-100 elementor-top-column elementor-element elementor-element-7cd9e9f8\" data-id=\"7cd9e9f8\" data-element_type=\"column\" data-e-type=\"column\">\n\t\t\t<div class=\"elementor-widget-wrap elementor-element-populated\">\n\t\t\t\t\t\t<div class=\"elementor-element elementor-element-7d7184f5 elementor-widget elementor-widget-heading\" data-id=\"7d7184f5\" data-element_type=\"widget\" data-e-type=\"widget\" data-widget_type=\"heading.default\">\n\t\t\t\t<div class=\"elementor-widget-container\">\n\t\t\t\t\t<h2 class=\"elementor-heading-title elementor-size-default\">Ifeel : la premi\u00e8re solution holistique<\/h2>\t\t\t\t<\/div>\n\t\t\t\t<\/div>\n\t\t\t\t<div class=\"elementor-element elementor-element-1dbde06b elementor-widget-divider--view-line elementor-widget elementor-widget-divider\" data-id=\"1dbde06b\" data-element_type=\"widget\" data-e-type=\"widget\" data-widget_type=\"divider.default\">\n\t\t\t\t<div class=\"elementor-widget-container\">\n\t\t\t\t\t\t\t<div class=\"elementor-divider\">\n\t\t\t<span class=\"elementor-divider-separator\">\n\t\t\t\t\t\t<\/span>\n\t\t<\/div>\n\t\t\t\t\t\t<\/div>\n\t\t\t\t<\/div>\n\t\t\t\t\t<\/div>\n\t\t<\/div>\n\t\t\t\t\t<\/div>\n\t\t<\/section>\n\t\t\t\t<section data-particle_enable=\"false\" data-particle-mobile-disabled=\"false\" class=\"elementor-section elementor-top-section elementor-element elementor-element-40f27f77 elementor-section-boxed elementor-section-height-default elementor-section-height-default\" data-id=\"40f27f77\" data-element_type=\"section\" data-e-type=\"section\" data-settings=\"{&quot;background_background&quot;:&quot;classic&quot;}\">\n\t\t\t\t\t\t<div class=\"elementor-container elementor-column-gap-default\">\n\t\t\t\t\t<div class=\"elementor-column elementor-col-50 elementor-top-column elementor-element elementor-element-6df4144b\" data-id=\"6df4144b\" data-element_type=\"column\" data-e-type=\"column\">\n\t\t\t<div class=\"elementor-widget-wrap elementor-element-populated\">\n\t\t\t\t\t\t<div class=\"elementor-element elementor-element-1621add7 elementor-widget elementor-widget-image\" data-id=\"1621add7\" data-element_type=\"widget\" data-e-type=\"widget\" data-widget_type=\"image.default\">\n\t\t\t\t<div class=\"elementor-widget-container\">\n\t\t\t\t\t\t\t\t\t\t\t\t\t\t\t<img decoding=\"async\" width=\"800\" height=\"461\" src=\"https:\/\/ifeelonline.com\/fr\/wp-content\/uploads\/sites\/3\/2023\/09\/Group-6491.png\" class=\"attachment-large size-large wp-image-9623\" alt=\"\" srcset=\"https:\/\/ifeelonline.com\/fr\/wp-content\/uploads\/sites\/3\/2023\/09\/Group-6491.png 958w, https:\/\/ifeelonline.com\/fr\/wp-content\/uploads\/sites\/3\/2023\/09\/Group-6491-300x173.png 300w, https:\/\/ifeelonline.com\/fr\/wp-content\/uploads\/sites\/3\/2023\/09\/Group-6491-768x443.png 768w\" sizes=\"(max-width: 800px) 100vw, 800px\" \/>\t\t\t\t\t\t\t\t\t\t\t\t\t\t\t<\/div>\n\t\t\t\t<\/div>\n\t\t\t\t\t<\/div>\n\t\t<\/div>\n\t\t\t\t<div class=\"elementor-column elementor-col-50 elementor-top-column elementor-element elementor-element-2cc4675b\" data-id=\"2cc4675b\" data-element_type=\"column\" data-e-type=\"column\">\n\t\t\t<div class=\"elementor-widget-wrap elementor-element-populated\">\n\t\t\t\t\t\t<div class=\"elementor-element elementor-element-6080a2e4 elementor-widget elementor-widget-text-editor\" data-id=\"6080a2e4\" data-element_type=\"widget\" data-e-type=\"widget\" data-widget_type=\"text-editor.default\">\n\t\t\t\t<div class=\"elementor-widget-container\">\n\t\t\t\t\t\t\t\t\t<p>Chez ifeel, nous pensons que le bien-\u00eatre mental doit \u00eatre pris en charge d\u00e8s l&rsquo;arriv\u00e9e d&rsquo;un employ\u00e9 dans une entreprise, ce qui signifie qu&rsquo;il faut pr\u00e9venir tout probl\u00e8me de sant\u00e9 mentale tout au long de son parcours en tant qu&#8217;employ\u00e9.<\/p><p>\u00a0<\/p><p><strong>Ifeel est une solution unique,<\/strong> compl\u00e8te et \u00e9volutive qui utilise la puissance des donn\u00e9es pour fournir une compr\u00e9hension holistique du bien-\u00eatre mental de vos employ\u00e9s tout en garantissant la qualit\u00e9 du service et la confidentialit\u00e9 pour vos collaborateurs. Notre \u00e9quipe de psychologues qualifi\u00e9s et exp\u00e9riment\u00e9s fournit un soutien confidentiel et complet pour vous aider \u00e0 chaque \u00e9tape du parcours, toujours \u00e0 vos c\u00f4t\u00e9s.<\/p>\t\t\t\t\t\t\t\t<\/div>\n\t\t\t\t<\/div>\n\t\t\t\t<div class=\"elementor-element elementor-element-7878dc82 elementor-align-left elementor-widget elementor-widget-button\" data-id=\"7878dc82\" data-element_type=\"widget\" data-e-type=\"widget\" data-widget_type=\"button.default\">\n\t\t\t\t<div class=\"elementor-widget-container\">\n\t\t\t\t\t\t\t\t\t<div class=\"elementor-button-wrapper\">\n\t\t\t\t\t<a class=\"elementor-button elementor-button-link elementor-size-sm\" href=\"https:\/\/ifeelonline.com\/fr\/comment-ca-marche\/?utm_source=link&#038;utm_medium=pdfwhitepaper&#038;utm_campaign=2023mentalwell-beingwhitepaper&#038;partner=whitepaperFR%20\">\n\t\t\t\t\t\t<span class=\"elementor-button-content-wrapper\">\n\t\t\t\t\t\t\t\t\t<span class=\"elementor-button-text\">Lib\u00e9rez le potentiel de votre \u00e9quipe d\u00e8s maintenant<\/span>\n\t\t\t\t\t<\/span>\n\t\t\t\t\t<\/a>\n\t\t\t\t<\/div>\n\t\t\t\t\t\t\t\t<\/div>\n\t\t\t\t<\/div>\n\t\t\t\t\t<\/div>\n\t\t<\/div>\n\t\t\t\t\t<\/div>\n\t\t<\/section>\n\t\t\t\t<section data-particle_enable=\"false\" data-particle-mobile-disabled=\"false\" class=\"elementor-section elementor-top-section elementor-element elementor-element-7b81d701 elementor-section-boxed elementor-section-height-default elementor-section-height-default\" data-id=\"7b81d701\" data-element_type=\"section\" data-e-type=\"section\">\n\t\t\t\t\t\t<div class=\"elementor-container elementor-column-gap-default\">\n\t\t\t\t\t<div class=\"elementor-column elementor-col-100 elementor-top-column elementor-element elementor-element-2e876cb7\" data-id=\"2e876cb7\" data-element_type=\"column\" data-e-type=\"column\">\n\t\t\t<div class=\"elementor-widget-wrap\">\n\t\t\t\t\t\t\t<\/div>\n\t\t<\/div>\n\t\t\t\t\t<\/div>\n\t\t<\/section>\n\t\t\t\t<\/div>\n\t\t\n    <div class=\"xs_social_share_widget xs_share_url after_content \t\tmain_content  wslu-style-1 wslu-share-box-shaped wslu-fill-colored wslu-none wslu-share-horizontal wslu-theme-font-no wslu-main_content\">\n\n\t\t\n        <ul>\n\t\t\t        <\/ul>\n    <\/div> \n","protected":false},"excerpt":{"rendered":"<p>Les tendances du bien-\u00eatre mental 2023 d\u00e9voil\u00e9es \u00a0La Pr\u00e9vention comme Fondement D\u00e9couvrez les tendances de cette ann\u00e9e en mati\u00e8re de bien-\u00eatre mental gr\u00e2ce au dernier rapport d&rsquo;ifeel Exploitez nos propres donn\u00e9es cliniques pour mieux comprendre le paysage de la sant\u00e9 mentale sur le lieu de travail d&rsquo;aujourd&rsquo;hui. Ce rapport offre des statistiques in\u00e9dites sur l&rsquo;\u00e9tat [&hellip;]<\/p>\n","protected":false},"author":48,"featured_media":9625,"parent":0,"menu_order":0,"comment_status":"closed","ping_status":"closed","template":"","meta":{"content-type":"","postBodyCss":"","postBodyMargin":[],"postBodyPadding":[],"postBodyBackground":{"backgroundType":"classic","gradient":""},"footnotes":""},"class_list":["post-9615","page","type-page","status-publish","has-post-thumbnail","hentry"],"_links":{"self":[{"href":"https:\/\/ifeelonline.com\/fr\/wp-json\/wp\/v2\/pages\/9615","targetHints":{"allow":["GET"]}}],"collection":[{"href":"https:\/\/ifeelonline.com\/fr\/wp-json\/wp\/v2\/pages"}],"about":[{"href":"https:\/\/ifeelonline.com\/fr\/wp-json\/wp\/v2\/types\/page"}],"author":[{"embeddable":true,"href":"https:\/\/ifeelonline.com\/fr\/wp-json\/wp\/v2\/users\/48"}],"replies":[{"embeddable":true,"href":"https:\/\/ifeelonline.com\/fr\/wp-json\/wp\/v2\/comments?post=9615"}],"version-history":[{"count":0,"href":"https:\/\/ifeelonline.com\/fr\/wp-json\/wp\/v2\/pages\/9615\/revisions"}],"wp:featuredmedia":[{"embeddable":true,"href":"https:\/\/ifeelonline.com\/fr\/wp-json\/wp\/v2\/media\/9625"}],"wp:attachment":[{"href":"https:\/\/ifeelonline.com\/fr\/wp-json\/wp\/v2\/media?parent=9615"}],"curies":[{"name":"wp","href":"https:\/\/api.w.org\/{rel}","templated":true}]}}