{"id":9099,"date":"2023-06-02T12:09:52","date_gmt":"2023-06-02T11:09:52","guid":{"rendered":"https:\/\/ifeelonline.com\/fr\/?page_id=9099"},"modified":"2025-04-10T09:03:35","modified_gmt":"2025-04-10T08:03:35","slug":"cookie-policy","status":"publish","type":"page","link":"https:\/\/ifeelonline.com\/fr\/cookie-policy\/","title":{"rendered":"Politique en mati\u00e8re de cookies"},"content":{"rendered":"\t\t<div data-elementor-type=\"wp-page\" data-elementor-id=\"9099\" class=\"elementor elementor-9099\" data-elementor-post-type=\"page\">\n\t\t\t\t\t\t<section data-particle_enable=\"false\" data-particle-mobile-disabled=\"false\" class=\"elementor-section elementor-top-section elementor-element elementor-element-34bf951 elementor-section-boxed elementor-section-height-default elementor-section-height-default\" data-id=\"34bf951\" data-element_type=\"section\" data-e-type=\"section\">\n\t\t\t\t\t\t<div class=\"elementor-container elementor-column-gap-default\">\n\t\t\t\t\t<div class=\"elementor-column elementor-col-100 elementor-top-column elementor-element elementor-element-cdec0bf\" data-id=\"cdec0bf\" data-element_type=\"column\" data-e-type=\"column\">\n\t\t\t<div class=\"elementor-widget-wrap elementor-element-populated\">\n\t\t\t\t\t\t<div class=\"elementor-element elementor-element-44bf057 elementor-widget elementor-widget-html\" data-id=\"44bf057\" data-element_type=\"widget\" data-e-type=\"widget\" data-widget_type=\"html.default\">\n\t\t\t\t<div class=\"elementor-widget-container\">\n\t\t\t\t\t<style>\r\n    a.cky-banner-element {\r\n        padding: 8px 30px;\r\n        background: #F8F9FA;\r\n        color: #858A8F;\r\n        border: 1px solid #DEE2E6;\r\n        box-sizing: border-box;\r\n        border-radius: 1px;\r\n        cursor: pointer;\r\n    }\r\n    .separator {\r\n        border-bottom: 1px solid #858A8F;\r\n        margin: 0px 0;\r\n    }\r\n<\/style>\r\n\r\n<h1 class=\"cookie-policy-h1\">Politique en mati\u00e8re de cookies<\/h1>\r\n\r\n<div class=\"separator\"><\/div>\r\n<p>Derni\u00e8re mise \u00e0 jour: 1 juin 2023<\/p>\r\n<br>\r\n<div class=\"cookie-policy-p\">\r\n    <p style=\"text-align: justify;\">Conform\u00e9ment \u00e0 l\u2019obligation d\u2019information contenue \u00e0 l\u2019article 22, paragraphe 2, de la loi espagnole 34\/2002 du 11 juillet, Services de la Soci\u00e9t\u00e9 de l\u2019Information et du Commerce \u00c9lectronique, cette clause de cookies vise \u00e0 informer les utilisateurs de mani\u00e8re claire et pr\u00e9cise sur les cookies utilis\u00e9s par le domaine web https:\/\/ifeelonline.com\/ appartenant \u00e0 Digital Mind Solutions, S.L. (ci-apr\u00e8s \u00abI FEEL\u00bb), avec adresse \u00e0 C. de Jos\u00e9 Ortega y Gasset, 100, 6A, 28006 Madrid, (Espagne), t\u00e9l\u00e9phone + 34 917 24 08 28, courriel info@ifeelonline.com, enregistr\u00e9 au Registre Mercantile de Madrid, dans le volume 34901, folio 29, section g\u00e9n\u00e9rale, feuille M-627653, inscription 1\u00aa.<\/p>\r\n    <p style=\"text-align: justify;\">Un cookie est un petit fichier que les sites Web envoient \u00e0 votre navigateur et t\u00e9l\u00e9chargent sur votre ordinateur. Les cookies permettent au site Web de stocker et de r\u00e9cup\u00e9rer des informations sur votre visite, telles que la langue et d\u2019autres options, afin d\u2019am\u00e9liorer les services offerts et de contribuer \u00e0 une meilleure exp\u00e9rience de navigation pour l\u2019utilisateur. Dans le portail Web diff\u00e9rents types de cookies sont utilis\u00e9s \u00e0 des fins diff\u00e9rentes, ci-dessous, les cookies utilis\u00e9s sont list\u00e9s:<\/p>\r\n<\/div>\r\n<br>\r\n<h3>Types de cookies<\/h3>\r\n\r\n<p><b>N\u00e9cessaires<\/b><\/p>\r\n<p style=\"text-align: justify;\">Les cookies n\u00e9cessaires sont essentiels pour les fonctions de base du site Web et le site ne fonctionnera pas comme pr\u00e9vu sans eux. Ces cookies ne stockent aucune donn\u00e9e personnellement identifiable.<\/p>\r\n\r\n<p><b>Fonctionnels<\/b><\/p>\r\n<p style=\"text-align: justify;\">Les cookies fonctionnels aident \u00e0 r\u00e9aliser certaines fonctionnalit\u00e9s, telles que le partage du contenu du site Web sur les plateformes de m\u00e9dias sociaux, la collecte de commentaires et d\u2019autres fonctionnalit\u00e9s de tiers.<\/p>\r\n\r\n<p><b>Analytiques<\/b><\/p>\r\n<p style=\"text-align: justify;\">Les cookies analytiques sont utilis\u00e9s pour comprendre comment les visiteurs interagissent avec le site Web. Ces cookies aident \u00e0 fournir des informations sur les indicateurs du nombre de visiteurs, le pourcentage de rebond, la source de trafic, etc.<\/p>\r\n\r\n<p><b>Publicitaires<\/b><\/p>\r\n<p style=\"text-align: justify;\">Les cookies publicitaires sont utilis\u00e9s pour fournir aux visiteurs des publicit\u00e9s personnalis\u00e9es bas\u00e9es sur les pages visit\u00e9es avant et analyser l\u2019efficacit\u00e9 de la campagne publicitaire.<\/p>\r\n\r\n<div class=\"cky-audit-table-element\"><\/div>\r\n\r\n<h2>Pr\u00e9f\u00e9rences<\/h2>\r\n\r\n<a class=\"cky-banner-element\">Configuration des cookies<\/a>\r\n<br><br>\r\n<div>\r\n    <p style=\"text-align: justify;\">Vous pouvez modifier vos pr\u00e9f\u00e9rences en mati\u00e8re de cookies \u00e0 tout moment en cliquant sur le bouton ci-dessus. Cela vous permettra de revoir la banni\u00e8re de consentement des cookies et de modifier vos pr\u00e9f\u00e9rences ou de retirer votre consentement imm\u00e9diatement.<\/p>\r\n    <p style=\"text-align: justify;\">En plus de cela, diff\u00e9rents navigateurs fournissent diff\u00e9rentes m\u00e9thodes pour bloquer et supprimer les cookies utilis\u00e9s par les sites Web. Vous pouvez modifier les param\u00e8tres de votre navigateur pour bloquer\/supprimer les cookies. Vous trouverez ci-dessous des liens vers les documents d\u2019aide sur la gestion et la suppression des cookies.<\/p>\r\n    <p>Chrome: <a target=\"_blank\" rel=\"noopener noreferrer\" href=\"https:\/\/support.google.com\/accounts\/answer\/32050\">https:\/\/support.google.com\/accounts\/answer\/32050<\/a><\/p>\r\n    <p>Safari: <a target=\"_blank\" rel=\"noopener noreferrer\" href=\"https:\/\/support.apple.com\/en-in\/guide\/safari\/sfri11471\/mac\">https:\/\/support.apple.com\/en-in\/guide\/safari\/sfri11471\/mac<\/a><\/p>\r\n    <p>Firefox: <a target=\"_blank\" rel=\"noopener noreferrer\" href=\"https:\/\/support.mozilla.org\/en-US\/kb\/clear-cookies-and-site-data-firefox?redirectslug=delete-cookies-remove-info-websites-stored&amp;redirectlocale=en-US\">https:\/\/support.mozilla.org\/en-US\/kb\/clear-cookies-and-site-data-firefox?redirectslug=delete-cookies-remove-info-websites-stored&amp;redirectlocale=en-US<\/a><\/p>\r\n    <p>Internet Explorer: <a target=\"_blank\" rel=\"noopener noreferrer\" href=\"https:\/\/support.microsoft.com\/en-us\/topic\/how-to-delete-cookie-files-in-internet-explorer-bca9446f-d873-78de-77ba-d42645fa52fc\">https:\/\/support.microsoft.com\/en-us\/topic\/how-to-delete-cookie-files-in-internet-explorer-bca9446f-d873-78de-77ba-d42645fa52fc<\/a><\/p>\r\n    <p>Si vous utilisez un autre navigateur, veuillez consulter la documentation officielle de votre navigateur.<\/p>\r\n<\/div>\r\n<br><br>\t\t\t\t<\/div>\n\t\t\t\t<\/div>\n\t\t\t\t\t<\/div>\n\t\t<\/div>\n\t\t\t\t\t<\/div>\n\t\t<\/section>\n\t\t\t\t<\/div>\n\t\t\n    <div class=\"xs_social_share_widget xs_share_url after_content \t\tmain_content  wslu-style-1 wslu-share-box-shaped wslu-fill-colored wslu-none wslu-share-horizontal wslu-theme-font-no wslu-main_content\">\n\n\t\t\n        <ul>\n\t\t\t        <\/ul>\n    <\/div> \n","protected":false},"excerpt":{"rendered":"<p>Politique en mati\u00e8re de cookies Derni\u00e8re mise \u00e0 jour: 1 juin 2023 Conform\u00e9ment \u00e0 l\u2019obligation d\u2019information contenue \u00e0 l\u2019article 22, paragraphe 2, de la loi espagnole 34\/2002 du 11 juillet, Services de la Soci\u00e9t\u00e9 de l\u2019Information et du Commerce \u00c9lectronique, cette clause de cookies vise \u00e0 informer les utilisateurs de mani\u00e8re claire et pr\u00e9cise sur [&hellip;]<\/p>\n","protected":false},"author":48,"featured_media":12304,"parent":0,"menu_order":0,"comment_status":"closed","ping_status":"closed","template":"","meta":{"content-type":"","postBodyCss":"","postBodyMargin":[],"postBodyPadding":[],"postBodyBackground":{"backgroundType":"classic","gradient":""},"footnotes":""},"class_list":["post-9099","page","type-page","status-publish","has-post-thumbnail","hentry"],"_links":{"self":[{"href":"https:\/\/ifeelonline.com\/fr\/wp-json\/wp\/v2\/pages\/9099","targetHints":{"allow":["GET"]}}],"collection":[{"href":"https:\/\/ifeelonline.com\/fr\/wp-json\/wp\/v2\/pages"}],"about":[{"href":"https:\/\/ifeelonline.com\/fr\/wp-json\/wp\/v2\/types\/page"}],"author":[{"embeddable":true,"href":"https:\/\/ifeelonline.com\/fr\/wp-json\/wp\/v2\/users\/48"}],"replies":[{"embeddable":true,"href":"https:\/\/ifeelonline.com\/fr\/wp-json\/wp\/v2\/comments?post=9099"}],"version-history":[{"count":0,"href":"https:\/\/ifeelonline.com\/fr\/wp-json\/wp\/v2\/pages\/9099\/revisions"}],"wp:featuredmedia":[{"embeddable":true,"href":"https:\/\/ifeelonline.com\/fr\/wp-json\/wp\/v2\/media\/12304"}],"wp:attachment":[{"href":"https:\/\/ifeelonline.com\/fr\/wp-json\/wp\/v2\/media?parent=9099"}],"curies":[{"name":"wp","href":"https:\/\/api.w.org\/{rel}","templated":true}]}}