{"id":8744,"date":"2023-03-27T18:32:49","date_gmt":"2023-03-27T17:32:49","guid":{"rendered":"https:\/\/ifeelonline.com\/fr\/?page_id=8744"},"modified":"2025-02-26T17:20:30","modified_gmt":"2025-02-26T16:20:30","slug":"cookies-policy-app","status":"publish","type":"page","link":"https:\/\/ifeelonline.com\/fr\/cookies-policy-app\/","title":{"rendered":"Cookies policy app"},"content":{"rendered":"\t\t<div data-elementor-type=\"wp-page\" data-elementor-id=\"8744\" class=\"elementor elementor-8744\" data-elementor-post-type=\"page\">\n\t\t\t\t\t\t<section data-particle_enable=\"false\" data-particle-mobile-disabled=\"false\" class=\"elementor-section elementor-top-section elementor-element elementor-element-551000c elementor-section-boxed elementor-section-height-default elementor-section-height-default\" data-id=\"551000c\" data-element_type=\"section\" data-e-type=\"section\">\n\t\t\t\t\t\t<div class=\"elementor-container elementor-column-gap-default\">\n\t\t\t\t\t<div class=\"elementor-column elementor-col-100 elementor-top-column elementor-element elementor-element-2702691\" data-id=\"2702691\" data-element_type=\"column\" data-e-type=\"column\">\n\t\t\t<div class=\"elementor-widget-wrap elementor-element-populated\">\n\t\t\t\t\t\t<div class=\"elementor-element elementor-element-994b2a9 elementor-widget elementor-widget-text-editor\" data-id=\"994b2a9\" data-element_type=\"widget\" data-e-type=\"widget\" data-widget_type=\"text-editor.default\">\n\t\t\t\t<div class=\"elementor-widget-container\">\n\t\t\t\t\t\t\t\t\t<!DOCTYPE html>\n<html lang=\"fr\">\n<head>\n    <meta charset=\"UTF-8\">\n    <meta name=\"viewport\" content=\"width=device-width, initial-scale=1.0\">\n    <title>Politique de Cookies<\/title>\n    <style>\n        body {\n            font-family: Arial, sans-serif;\n            color: #333;\n        }\n        h1, h2 {\n            color: #333;\n        }\n    <\/style>\n<\/head>\n<body>\n\n<h1>Politique de cookies<\/h1>\n<p><strong>Derni\u00e8re mise \u00e0 jour :<\/strong> 30\/05\/2023<\/p>\n\n<p>Conform\u00e9ment au devoir d&rsquo;information contenu dans le paragraphe 2 de l&rsquo;article 22 de la loi 34\/2002 du 11 juillet, sur les services de la soci\u00e9t\u00e9 de l&rsquo;information et le commerce \u00e9lectronique, l&rsquo;objectif de cette clause relative aux cookies est d&rsquo;informer les utilisateurs de mani\u00e8re claire et pr\u00e9cise sur les cookies utilis\u00e9s par le domaine web <a href=\"https:\/\/ifeelonline.com\/\">https:\/\/ifeelonline.com\/<\/a>, propri\u00e9t\u00e9 de Digital Mind Solutions, S.l. (ci-apr\u00e8s \u00ab I FEEL \u00bb), dont l&rsquo;adresse est Calle Jose Ortega y Gasset 100, planta 6, 28006, Madrid, (Espagne), t\u00e9l\u00e9phone 913 408 565, e-mail info@ifeelonline.com, inscrite au registre du commerce de Madrid, au volume 34901, folio 29, section g\u00e9n\u00e9rale, page num\u00e9ro M-627653, 1\u00e8re inscription.<\/p>\n\n<p>Un cookie est un petit fichier que les sites Web envoient \u00e0 votre navigateur et t\u00e9l\u00e9chargent sur votre ordinateur. Les cookies permettent au site Web de stocker et de r\u00e9cup\u00e9rer des informations sur votre visite, telles que la langue et d&rsquo;autres options, afin d&rsquo;am\u00e9liorer les services offerts et de contribuer \u00e0 une meilleure exp\u00e9rience de navigation pour l&rsquo;utilisateur. Diff\u00e9rents types de cookies sont utilis\u00e9s sur le site Web \u00e0 des fins diff\u00e9rentes. Les cookies utilis\u00e9s sont d\u00e9sormais r\u00e9pertori\u00e9s :<\/p>\n\n<h2>Cookies strictement n\u00e9cessaires<\/h2>\n<p>Les cookies n\u00e9cessaires aident \u00e0 rendre un site Web utilisable en permettant des fonctions de base telles que la navigation sur les pages et l&rsquo;acc\u00e8s \u00e0 des zones du site Web. Le site Web ne peut pas fonctionner correctement sans ces cookies.<\/p>\n\n<table>\n    <tr>\n        <th>Nom<\/th>\n        <th>Objectif<\/th>\n        <th>Dur\u00e9e<\/th>\n        <th>Op\u00e9rateur<\/th>\n    <\/tr>\n    <tr>\n        <td>user.expires_at<\/td>\n        <td>pour d\u00e9finir un d\u00e9lai d&rsquo;expiration pour que le navigateur cesse d&rsquo;envoyer des cookies<\/td>\n        <td>session<\/td>\n        <td>ifeel<\/td>\n    <\/tr>\n    <!-- Add other rows as needed -->\n<\/table>\n\n<h2>Cookies Marketing<\/h2>\n<p>Les cookies marketing sont utilis\u00e9s pour suivre les visiteurs des sites Web. L&rsquo;objectif est d&rsquo;afficher des publicit\u00e9s pertinentes et attrayantes pour l&rsquo;utilisateur individuel, et donc plus int\u00e9ressantes pour les \u00e9diteurs et les annonceurs tiers.<\/p>\n\n<table>\n    <tr>\n        <th>Nom<\/th>\n        <th>Objectif<\/th>\n        <th>Dur\u00e9e<\/th>\n        <th>Op\u00e9rateur<\/th>\n    <\/tr>\n    <tr>\n        <td>__Secure-3PAPISID<\/td>\n        <td>pour \u00e9tablir le profil des int\u00e9r\u00eats des visiteurs du site Web afin de leur proposer des publicit\u00e9s pertinentes et personnalis\u00e9es par le biais du reciblage publicitaire.<\/td>\n        <td>2 ans<\/td>\n        <td>Google<\/td>\n    <\/tr>\n    <!-- Add other rows as needed -->\n<\/table>\n\n<!-- Continue with other sections similarly -->\n\n<\/body>\n<\/html>\n\t\t\t\t\t\t\t\t<\/div>\n\t\t\t\t<\/div>\n\t\t\t\t\t<\/div>\n\t\t<\/div>\n\t\t\t\t\t<\/div>\n\t\t<\/section>\n\t\t\t\t<\/div>\n\t\t\n    <div class=\"xs_social_share_widget xs_share_url after_content \t\tmain_content  wslu-style-1 wslu-share-box-shaped wslu-fill-colored wslu-none wslu-share-horizontal wslu-theme-font-no wslu-main_content\">\n\n\t\t\n        <ul>\n\t\t\t        <\/ul>\n    <\/div> \n","protected":false},"excerpt":{"rendered":"<p>Politique de Cookies Politique de cookies Derni\u00e8re mise \u00e0 jour : 30\/05\/2023 Conform\u00e9ment au devoir d&rsquo;information contenu dans le paragraphe 2 de l&rsquo;article 22 de la loi 34\/2002 du 11 juillet, sur les services de la soci\u00e9t\u00e9 de l&rsquo;information et le commerce \u00e9lectronique, l&rsquo;objectif de cette clause relative aux cookies est d&rsquo;informer les utilisateurs de [&hellip;]<\/p>\n","protected":false},"author":48,"featured_media":12300,"parent":0,"menu_order":0,"comment_status":"closed","ping_status":"closed","template":"","meta":{"content-type":"","postBodyCss":"","postBodyMargin":[],"postBodyPadding":[],"postBodyBackground":{"backgroundType":"classic","gradient":""},"footnotes":""},"class_list":["post-8744","page","type-page","status-publish","has-post-thumbnail","hentry"],"_links":{"self":[{"href":"https:\/\/ifeelonline.com\/fr\/wp-json\/wp\/v2\/pages\/8744","targetHints":{"allow":["GET"]}}],"collection":[{"href":"https:\/\/ifeelonline.com\/fr\/wp-json\/wp\/v2\/pages"}],"about":[{"href":"https:\/\/ifeelonline.com\/fr\/wp-json\/wp\/v2\/types\/page"}],"author":[{"embeddable":true,"href":"https:\/\/ifeelonline.com\/fr\/wp-json\/wp\/v2\/users\/48"}],"replies":[{"embeddable":true,"href":"https:\/\/ifeelonline.com\/fr\/wp-json\/wp\/v2\/comments?post=8744"}],"version-history":[{"count":0,"href":"https:\/\/ifeelonline.com\/fr\/wp-json\/wp\/v2\/pages\/8744\/revisions"}],"wp:featuredmedia":[{"embeddable":true,"href":"https:\/\/ifeelonline.com\/fr\/wp-json\/wp\/v2\/media\/12300"}],"wp:attachment":[{"href":"https:\/\/ifeelonline.com\/fr\/wp-json\/wp\/v2\/media?parent=8744"}],"curies":[{"name":"wp","href":"https:\/\/api.w.org\/{rel}","templated":true}]}}