{"id":8283,"date":"2023-02-01T10:32:34","date_gmt":"2023-02-01T09:32:34","guid":{"rendered":"https:\/\/ifeelonline.com\/fr\/?page_id=8283"},"modified":"2023-02-03T15:00:59","modified_gmt":"2023-02-03T14:00:59","slug":"risques-pyschosociaux","status":"publish","type":"page","link":"https:\/\/ifeelonline.com\/fr\/boite-a-outils-rh\/risques-pyschosociaux\/","title":{"rendered":"Risques Pyschosociaux"},"content":{"rendered":"\t\t<div data-elementor-type=\"wp-page\" data-elementor-id=\"8283\" class=\"elementor elementor-8283\" data-elementor-post-type=\"page\">\n\t\t\t\t\t\t<section data-particle_enable=\"false\" data-particle-mobile-disabled=\"false\" class=\"elementor-section elementor-top-section elementor-element elementor-element-4a88f273 elementor-section-boxed elementor-section-height-default elementor-section-height-default\" data-id=\"4a88f273\" data-element_type=\"section\" data-e-type=\"section\" data-settings=\"{&quot;background_background&quot;:&quot;classic&quot;}\">\n\t\t\t\t\t\t\t<div class=\"elementor-background-overlay\"><\/div>\n\t\t\t\t\t\t\t<div class=\"elementor-container elementor-column-gap-default\">\n\t\t\t\t\t<div class=\"elementor-column elementor-col-50 elementor-top-column elementor-element elementor-element-5f38bbb0\" data-id=\"5f38bbb0\" data-element_type=\"column\" data-e-type=\"column\">\n\t\t\t<div class=\"elementor-widget-wrap elementor-element-populated\">\n\t\t\t\t\t\t<div class=\"elementor-element elementor-element-724c32f4 elementor-widget elementor-widget-html\" data-id=\"724c32f4\" data-element_type=\"widget\" data-e-type=\"widget\" data-widget_type=\"html.default\">\n\t\t\t\t<div class=\"elementor-widget-container\">\n\t\t\t\t\t<nav aria-label=\"breadcrumbs\" class=\"rank-math-breadcrumb\"><p><\/p><\/nav>\t\t\t\t<\/div>\n\t\t\t\t<\/div>\n\t\t\t\t<div class=\"elementor-element elementor-element-1bf481c3 elementor-widget elementor-widget-heading\" data-id=\"1bf481c3\" data-element_type=\"widget\" data-e-type=\"widget\" data-widget_type=\"heading.default\">\n\t\t\t\t<div class=\"elementor-widget-container\">\n\t\t\t\t\t<h1 class=\"elementor-heading-title elementor-size-default\">T\u00e9l\u00e9charger notre mod\u00e8le de facteurs de risque psychosociaux\n<\/h1>\t\t\t\t<\/div>\n\t\t\t\t<\/div>\n\t\t\t\t<div class=\"elementor-element elementor-element-5092f4ef elementor-widget elementor-widget-heading\" data-id=\"5092f4ef\" data-element_type=\"widget\" data-e-type=\"widget\" data-widget_type=\"heading.default\">\n\t\t\t\t<div class=\"elementor-widget-container\">\n\t\t\t\t\t<h5 class=\"elementor-heading-title elementor-size-default\">VOTRE ENTREPRISE EST-ELLE PR\u00c9PAR\u00c9E ?\n<\/h5>\t\t\t\t<\/div>\n\t\t\t\t<\/div>\n\t\t\t\t<div class=\"elementor-element elementor-element-2bb0b6f1 elementor-widget elementor-widget-text-editor\" data-id=\"2bb0b6f1\" data-element_type=\"widget\" data-e-type=\"widget\" data-widget_type=\"text-editor.default\">\n\t\t\t\t<div class=\"elementor-widget-container\">\n\t\t\t\t\t\t\t\t\t<p><span style=\"font-weight: 400;\">Notre \u00e9quipe de psychologues sp\u00e9cialis\u00e9s dans la sant\u00e9 au travail a cr\u00e9\u00e9 ce mod\u00e8le de mesure des risques psychosociaux sur le lieu de travail, que vous pouvez t\u00e9l\u00e9charger gratuitement.<\/span><\/p>\t\t\t\t\t\t\t\t<\/div>\n\t\t\t\t<\/div>\n\t\t\t\t\t<\/div>\n\t\t<\/div>\n\t\t\t\t<div class=\"elementor-column elementor-col-50 elementor-top-column elementor-element elementor-element-55fb9612\" data-id=\"55fb9612\" data-element_type=\"column\" data-e-type=\"column\">\n\t\t\t<div class=\"elementor-widget-wrap elementor-element-populated\">\n\t\t\t\t\t\t<section data-particle_enable=\"false\" data-particle-mobile-disabled=\"false\" class=\"elementor-section elementor-inner-section elementor-element elementor-element-a551b59 elementor-section-boxed elementor-section-height-default elementor-section-height-default\" data-id=\"a551b59\" data-element_type=\"section\" data-e-type=\"section\">\n\t\t\t\t\t\t<div class=\"elementor-container elementor-column-gap-default\">\n\t\t\t\t\t<div class=\"elementor-column elementor-col-100 elementor-inner-column elementor-element elementor-element-6145d72c\" data-id=\"6145d72c\" data-element_type=\"column\" data-e-type=\"column\" data-settings=\"{&quot;background_background&quot;:&quot;classic&quot;}\">\n\t\t\t<div class=\"elementor-widget-wrap elementor-element-populated\">\n\t\t\t\t\t\t<div class=\"elementor-element elementor-element-53e52d5d elementor-widget elementor-widget-html\" data-id=\"53e52d5d\" data-element_type=\"widget\" data-e-type=\"widget\" data-widget_type=\"html.default\">\n\t\t\t\t<div class=\"elementor-widget-container\">\n\t\t\t\t\t<script charset=\"utf-8\" type=\"text\/javascript\" src=\"\/\/js-eu1.hsforms.net\/forms\/embed\/v2.js\"><\/script>\r\n<script>\r\n  hbspt.forms.create({\r\n    region: \"eu1\",\r\n    portalId: \"24884594\",\r\n    formId: \"837c32b5-82fe-4cc2-b34f-ec975a0a83aa\"\r\n  });\r\n<\/script>\r\n\t\t\t\t<\/div>\n\t\t\t\t<\/div>\n\t\t\t\t\t<\/div>\n\t\t<\/div>\n\t\t\t\t\t<\/div>\n\t\t<\/section>\n\t\t\t\t\t<\/div>\n\t\t<\/div>\n\t\t\t\t\t<\/div>\n\t\t<\/section>\n\t\t\t\t<section data-particle_enable=\"false\" data-particle-mobile-disabled=\"false\" class=\"elementor-section elementor-top-section elementor-element elementor-element-441455c1 elementor-section-boxed elementor-section-height-default elementor-section-height-default\" data-id=\"441455c1\" data-element_type=\"section\" data-e-type=\"section\" data-settings=\"{&quot;background_background&quot;:&quot;classic&quot;}\">\n\t\t\t\t\t\t<div class=\"elementor-container elementor-column-gap-custom\">\n\t\t\t\t\t<div class=\"elementor-column elementor-col-50 elementor-top-column elementor-element elementor-element-319f4354\" data-id=\"319f4354\" data-element_type=\"column\" data-e-type=\"column\">\n\t\t\t<div class=\"elementor-widget-wrap elementor-element-populated\">\n\t\t\t\t\t\t<div class=\"elementor-element elementor-element-36d3ec95 elementor-widget elementor-widget-image\" data-id=\"36d3ec95\" data-element_type=\"widget\" data-e-type=\"widget\" data-widget_type=\"image.default\">\n\t\t\t\t<div class=\"elementor-widget-container\">\n\t\t\t\t\t\t\t\t\t\t\t\t\t\t\t<img fetchpriority=\"high\" decoding=\"async\" width=\"8510\" height=\"5674\" src=\"https:\/\/ifeelonline.com\/fr\/wp-content\/uploads\/sites\/3\/2023\/02\/businessmen-sit-at-office-desk-together-work-and-c-9UG82GU.jpg\" class=\"attachment-full size-full wp-image-8286\" alt=\"\" srcset=\"https:\/\/ifeelonline.com\/fr\/wp-content\/uploads\/sites\/3\/2023\/02\/businessmen-sit-at-office-desk-together-work-and-c-9UG82GU.jpg 8510w, https:\/\/ifeelonline.com\/fr\/wp-content\/uploads\/sites\/3\/2023\/02\/businessmen-sit-at-office-desk-together-work-and-c-9UG82GU-300x200.jpg 300w, https:\/\/ifeelonline.com\/fr\/wp-content\/uploads\/sites\/3\/2023\/02\/businessmen-sit-at-office-desk-together-work-and-c-9UG82GU-1024x683.jpg 1024w, https:\/\/ifeelonline.com\/fr\/wp-content\/uploads\/sites\/3\/2023\/02\/businessmen-sit-at-office-desk-together-work-and-c-9UG82GU-768x512.jpg 768w\" sizes=\"(max-width: 8510px) 100vw, 8510px\" \/>\t\t\t\t\t\t\t\t\t\t\t\t\t\t\t<\/div>\n\t\t\t\t<\/div>\n\t\t\t\t\t<\/div>\n\t\t<\/div>\n\t\t\t\t<div class=\"elementor-column elementor-col-50 elementor-top-column elementor-element elementor-element-3aac8488\" data-id=\"3aac8488\" data-element_type=\"column\" data-e-type=\"column\" data-settings=\"{&quot;background_background&quot;:&quot;classic&quot;}\">\n\t\t\t<div class=\"elementor-widget-wrap elementor-element-populated\">\n\t\t\t\t\t\t<div class=\"elementor-element elementor-element-509e5c78 elementor-widget elementor-widget-heading\" data-id=\"509e5c78\" data-element_type=\"widget\" data-e-type=\"widget\" data-widget_type=\"heading.default\">\n\t\t\t\t<div class=\"elementor-widget-container\">\n\t\t\t\t\t<h3 class=\"elementor-heading-title elementor-size-xl\">Quelles sont les causes des risques psychosociaux au travail ?\n<\/h3>\t\t\t\t<\/div>\n\t\t\t\t<\/div>\n\t\t\t\t<div class=\"elementor-element elementor-element-594e1210 elementor-widget elementor-widget-text-editor\" data-id=\"594e1210\" data-element_type=\"widget\" data-e-type=\"widget\" data-widget_type=\"text-editor.default\">\n\t\t\t\t<div class=\"elementor-widget-container\">\n\t\t\t\t\t\t\t\t\t<p><span style=\"font-weight: 400;\">Lorsque les conditions de travail pr\u00e9sentent certaines caract\u00e9ristiques qui se combinent \u00e0 certaines vuln\u00e9rabilit\u00e9s du <strong>collaborateur<\/strong>, ce dernier a du mal \u00e0 s&rsquo;y adapter. C&rsquo;est ainsi que les premi\u00e8res cons\u00e9quences n\u00e9gatives du travail sur la sant\u00e9 mentale commencent \u00e0 appara\u00eetre. Bien s\u00fbr, l&rsquo;id\u00e9al est de les pr\u00e9venir avant qu&rsquo;elles n&rsquo;apparaissent, mais lorsque cela n&rsquo;est pas possible, il est n\u00e9cessaire de les identifier et de les traiter d\u00e8s que possible.\u00a0<\/span><\/p><p>\u00a0<\/p><p><span style=\"font-weight: 400;\">C&rsquo;est le plus b\u00e9n\u00e9fique pour la sant\u00e9 des individus mais aussi le plus efficace pour la sant\u00e9 des entreprises, qui ont d\u00e9j\u00e0 la preuve que n\u00e9gliger le bien-\u00eatre psychologique de leurs collaborateurs a un impact n\u00e9gatif sur les <strong>r\u00e9sultats de l&rsquo;organisation<\/strong> \u00e0 moyen et long terme.<\/span><\/p>\t\t\t\t\t\t\t\t<\/div>\n\t\t\t\t<\/div>\n\t\t\t\t<div class=\"elementor-element elementor-element-67f9eb45 elementor-mobile-align-center elementor-widget elementor-widget-button\" data-id=\"67f9eb45\" data-element_type=\"widget\" data-e-type=\"widget\" data-widget_type=\"button.default\">\n\t\t\t\t<div class=\"elementor-widget-container\">\n\t\t\t\t\t\t\t\t\t<div class=\"elementor-button-wrapper\">\n\t\t\t\t\t<a class=\"elementor-button elementor-button-link elementor-size-xl\" href=\"#form\" target=\"_blank\" download=\"\">\n\t\t\t\t\t\t<span class=\"elementor-button-content-wrapper\">\n\t\t\t\t\t\t\t\t\t<span class=\"elementor-button-text\">T\u00c9L\u00c9CHARGER <\/span>\n\t\t\t\t\t<\/span>\n\t\t\t\t\t<\/a>\n\t\t\t\t<\/div>\n\t\t\t\t\t\t\t\t<\/div>\n\t\t\t\t<\/div>\n\t\t\t\t\t<\/div>\n\t\t<\/div>\n\t\t\t\t\t<\/div>\n\t\t<\/section>\n\t\t\t\t<section data-particle_enable=\"false\" data-particle-mobile-disabled=\"false\" class=\"elementor-section elementor-top-section elementor-element elementor-element-a653c35 elementor-section-boxed elementor-section-height-default elementor-section-height-default\" data-id=\"a653c35\" data-element_type=\"section\" data-e-type=\"section\" data-settings=\"{&quot;background_background&quot;:&quot;classic&quot;}\">\n\t\t\t\t\t\t<div class=\"elementor-container elementor-column-gap-custom\">\n\t\t\t\t\t<div class=\"elementor-column elementor-col-50 elementor-top-column elementor-element elementor-element-102df2f\" data-id=\"102df2f\" data-element_type=\"column\" data-e-type=\"column\" data-settings=\"{&quot;background_background&quot;:&quot;classic&quot;}\">\n\t\t\t<div class=\"elementor-widget-wrap elementor-element-populated\">\n\t\t\t\t\t\t<div class=\"elementor-element elementor-element-ac168c9 elementor-widget elementor-widget-heading\" data-id=\"ac168c9\" data-element_type=\"widget\" data-e-type=\"widget\" data-widget_type=\"heading.default\">\n\t\t\t\t<div class=\"elementor-widget-container\">\n\t\t\t\t\t<h3 class=\"elementor-heading-title elementor-size-xl\">Pourquoi devriez-vous t\u00e9l\u00e9charger notre mod\u00e8le sur les risques psychosociaux au travail ?<\/h3>\t\t\t\t<\/div>\n\t\t\t\t<\/div>\n\t\t\t\t<div class=\"elementor-element elementor-element-82d9227 elementor-widget elementor-widget-text-editor\" data-id=\"82d9227\" data-element_type=\"widget\" data-e-type=\"widget\" data-widget_type=\"text-editor.default\">\n\t\t\t\t<div class=\"elementor-widget-container\">\n\t\t\t\t\t\t\t\t\t<div class=\"c-message_kit__gutter\"><div class=\"c-message_kit__gutter__right\" role=\"presentation\" data-qa=\"message_content\"><div class=\"c-message_kit__blocks c-message_kit__blocks--rich_text\"><div class=\"c-message__message_blocks c-message__message_blocks--rich_text\" data-qa=\"message-text\"><div class=\"p-block_kit_renderer\" data-qa=\"block-kit-renderer\"><div class=\"p-block_kit_renderer__block_wrapper p-block_kit_renderer__block_wrapper--first\"><div class=\"p-rich_text_block\" dir=\"auto\"><div class=\"p-rich_text_section\">Lorsque nous travaillons, il existe certains facteurs de risques, associ\u00e9s particuli\u00e8rement \u00e0 notre activit\u00e9, qui ont le pouvoir d&rsquo;interf\u00e9rer avec notre sant\u00e9. La pr\u00e9vention est un \u00e9l\u00e9ment cl\u00e9 pour g\u00e9rer efficacement le <strong>bien-\u00eatre <\/strong>psychologique des employ\u00e9s et \u00e9viter ces situations. Identifier ces risques psychosociaux le plus t\u00f4t possible et intervenir strat\u00e9giquement a un effet b\u00e9n\u00e9fique sur le personnel et donc sur la productivit\u00e9 de l&rsquo;entreprise. Avec ce mod\u00e8le, nous vous expliquons mieux comment y parvenir.<\/div><\/div><\/div><\/div><\/div><\/div><\/div><\/div><div class=\"c-message_actions__container c-message__actions\" role=\"group\"><div class=\"c-message_actions__group\" role=\"group\" aria-label=\"Acciones en torno a un mensaje\" data-qa=\"message-actions\">\u00a0<\/div><\/div>\t\t\t\t\t\t\t\t<\/div>\n\t\t\t\t<\/div>\n\t\t\t\t<div class=\"elementor-element elementor-element-67d39a9 elementor-mobile-align-center elementor-widget elementor-widget-button\" data-id=\"67d39a9\" data-element_type=\"widget\" data-e-type=\"widget\" data-widget_type=\"button.default\">\n\t\t\t\t<div class=\"elementor-widget-container\">\n\t\t\t\t\t\t\t\t\t<div class=\"elementor-button-wrapper\">\n\t\t\t\t\t<a class=\"elementor-button elementor-button-link elementor-size-xl\" href=\"#form\" target=\"_blank\" download=\"\">\n\t\t\t\t\t\t<span class=\"elementor-button-content-wrapper\">\n\t\t\t\t\t\t\t\t\t<span class=\"elementor-button-text\">T\u00c9L\u00c9CHARGER <\/span>\n\t\t\t\t\t<\/span>\n\t\t\t\t\t<\/a>\n\t\t\t\t<\/div>\n\t\t\t\t\t\t\t\t<\/div>\n\t\t\t\t<\/div>\n\t\t\t\t\t<\/div>\n\t\t<\/div>\n\t\t\t\t<div class=\"elementor-column elementor-col-50 elementor-top-column elementor-element elementor-element-9e224ca\" data-id=\"9e224ca\" data-element_type=\"column\" data-e-type=\"column\">\n\t\t\t<div class=\"elementor-widget-wrap elementor-element-populated\">\n\t\t\t\t\t\t<div class=\"elementor-element elementor-element-f2b5639 elementor-widget elementor-widget-image\" data-id=\"f2b5639\" data-element_type=\"widget\" data-e-type=\"widget\" data-widget_type=\"image.default\">\n\t\t\t\t<div class=\"elementor-widget-container\">\n\t\t\t\t\t\t\t\t\t\t\t\t\t\t\t<img decoding=\"async\" width=\"475\" height=\"500\" src=\"https:\/\/ifeelonline.com\/fr\/wp-content\/uploads\/sites\/3\/2023\/02\/miniatura-web-FR-1.jpg\" class=\"attachment-full size-full wp-image-8287\" alt=\"\" srcset=\"https:\/\/ifeelonline.com\/fr\/wp-content\/uploads\/sites\/3\/2023\/02\/miniatura-web-FR-1.jpg 475w, https:\/\/ifeelonline.com\/fr\/wp-content\/uploads\/sites\/3\/2023\/02\/miniatura-web-FR-1-285x300.jpg 285w\" sizes=\"(max-width: 475px) 100vw, 475px\" \/>\t\t\t\t\t\t\t\t\t\t\t\t\t\t\t<\/div>\n\t\t\t\t<\/div>\n\t\t\t\t\t<\/div>\n\t\t<\/div>\n\t\t\t\t\t<\/div>\n\t\t<\/section>\n\t\t\t\t<\/div>\n\t\t\n    <div class=\"xs_social_share_widget xs_share_url after_content \t\tmain_content  wslu-style-1 wslu-share-box-shaped wslu-fill-colored wslu-none wslu-share-horizontal wslu-theme-font-no wslu-main_content\">\n\n\t\t\n        <ul>\n\t\t\t        <\/ul>\n    <\/div> \n","protected":false},"excerpt":{"rendered":"<p>T\u00e9l\u00e9charger notre mod\u00e8le de facteurs de risque psychosociaux VOTRE ENTREPRISE EST-ELLE PR\u00c9PAR\u00c9E ? Notre \u00e9quipe de psychologues sp\u00e9cialis\u00e9s dans la sant\u00e9 au travail a cr\u00e9\u00e9 ce mod\u00e8le de mesure des risques psychosociaux sur le lieu de travail, que vous pouvez t\u00e9l\u00e9charger gratuitement. Quelles sont les causes des risques psychosociaux au travail ? Lorsque les conditions [&hellip;]<\/p>\n","protected":false},"author":48,"featured_media":8284,"parent":7514,"menu_order":0,"comment_status":"closed","ping_status":"closed","template":"","meta":{"content-type":"","postBodyCss":"","postBodyMargin":[],"postBodyPadding":[],"postBodyBackground":{"backgroundType":"classic","gradient":""},"footnotes":""},"class_list":["post-8283","page","type-page","status-publish","has-post-thumbnail","hentry"],"_links":{"self":[{"href":"https:\/\/ifeelonline.com\/fr\/wp-json\/wp\/v2\/pages\/8283","targetHints":{"allow":["GET"]}}],"collection":[{"href":"https:\/\/ifeelonline.com\/fr\/wp-json\/wp\/v2\/pages"}],"about":[{"href":"https:\/\/ifeelonline.com\/fr\/wp-json\/wp\/v2\/types\/page"}],"author":[{"embeddable":true,"href":"https:\/\/ifeelonline.com\/fr\/wp-json\/wp\/v2\/users\/48"}],"replies":[{"embeddable":true,"href":"https:\/\/ifeelonline.com\/fr\/wp-json\/wp\/v2\/comments?post=8283"}],"version-history":[{"count":0,"href":"https:\/\/ifeelonline.com\/fr\/wp-json\/wp\/v2\/pages\/8283\/revisions"}],"up":[{"embeddable":true,"href":"https:\/\/ifeelonline.com\/fr\/wp-json\/wp\/v2\/pages\/7514"}],"wp:featuredmedia":[{"embeddable":true,"href":"https:\/\/ifeelonline.com\/fr\/wp-json\/wp\/v2\/media\/8284"}],"wp:attachment":[{"href":"https:\/\/ifeelonline.com\/fr\/wp-json\/wp\/v2\/media?parent=8283"}],"curies":[{"name":"wp","href":"https:\/\/api.w.org\/{rel}","templated":true}]}}