{"id":8234,"date":"2023-01-24T15:28:27","date_gmt":"2023-01-24T14:28:27","guid":{"rendered":"https:\/\/ifeelonline.com\/fr\/?page_id=8234"},"modified":"2023-08-04T13:32:49","modified_gmt":"2023-08-04T12:32:49","slug":"glossaire-bien-etre","status":"publish","type":"page","link":"https:\/\/ifeelonline.com\/fr\/boite-a-outils-rh\/glossaire-bien-etre\/","title":{"rendered":"Glossaire bien-\u00eatre"},"content":{"rendered":"\t\t<div data-elementor-type=\"wp-page\" data-elementor-id=\"8234\" class=\"elementor elementor-8234\" data-elementor-post-type=\"page\">\n\t\t\t\t\t\t<section data-particle_enable=\"false\" data-particle-mobile-disabled=\"false\" class=\"elementor-section elementor-top-section elementor-element elementor-element-3c9492ca elementor-section-boxed elementor-section-height-default elementor-section-height-default\" data-id=\"3c9492ca\" data-element_type=\"section\" data-e-type=\"section\" data-settings=\"{&quot;background_background&quot;:&quot;classic&quot;}\">\n\t\t\t\t\t\t\t<div class=\"elementor-background-overlay\"><\/div>\n\t\t\t\t\t\t\t<div class=\"elementor-container elementor-column-gap-custom\">\n\t\t\t\t\t<div class=\"elementor-column elementor-col-50 elementor-top-column elementor-element elementor-element-3369a2b2\" data-id=\"3369a2b2\" data-element_type=\"column\" data-e-type=\"column\">\n\t\t\t<div class=\"elementor-widget-wrap elementor-element-populated\">\n\t\t\t\t\t\t<div class=\"elementor-element elementor-element-23d0b108 elementor-widget elementor-widget-heading\" data-id=\"23d0b108\" data-element_type=\"widget\" data-e-type=\"widget\" data-widget_type=\"heading.default\">\n\t\t\t\t<div class=\"elementor-widget-container\">\n\t\t\t\t\t<h1 class=\"elementor-heading-title elementor-size-default\">Glossaire sur le bien-\u00eatre au travail\n<\/h1>\t\t\t\t<\/div>\n\t\t\t\t<\/div>\n\t\t\t\t<div class=\"elementor-element elementor-element-c211efc elementor-widget elementor-widget-heading\" data-id=\"c211efc\" data-element_type=\"widget\" data-e-type=\"widget\" data-widget_type=\"heading.default\">\n\t\t\t\t<div class=\"elementor-widget-container\">\n\t\t\t\t\t<h6 class=\"elementor-heading-title elementor-size-default\">D\u00e9couvrez les concepts cl\u00e9s \u00e0 pour am\u00e9liorer le bien-\u00eatre au travail !<\/h6>\t\t\t\t<\/div>\n\t\t\t\t<\/div>\n\t\t\t\t<div class=\"elementor-element elementor-element-5c7e9637 elementor-widget elementor-widget-text-editor\" data-id=\"5c7e9637\" data-element_type=\"widget\" data-e-type=\"widget\" data-widget_type=\"text-editor.default\">\n\t\t\t\t<div class=\"elementor-widget-container\">\n\t\t\t\t\t\t\t\t\t<p><span style=\"font-weight: 400;\"><strong>Le bien-\u00eatre mental des collaborateurs<\/strong> comporte de nombreux aspects et d\u00e9pend de nombreux facteurs. Chez ifeel, nous voulons que vous n&rsquo;en manquiez aucun, du moins pas les plus importants.<\/span><\/p><p><span style=\"font-weight: 400;\">Nous les avons donc rassembl\u00e9s dans une liste alphab\u00e9tique, afin que vous puissiez les consulter facilement. Devinez-les en regardant leur initiale et la description associ\u00e9e. Voyons combien vous en connaissez !<\/span><\/p>\t\t\t\t\t\t\t\t<\/div>\n\t\t\t\t<\/div>\n\t\t\t\t\t<\/div>\n\t\t<\/div>\n\t\t\t\t<div class=\"elementor-column elementor-col-50 elementor-top-column elementor-element elementor-element-148738a6\" data-id=\"148738a6\" data-element_type=\"column\" data-e-type=\"column\" data-settings=\"{&quot;background_background&quot;:&quot;classic&quot;}\">\n\t\t\t<div class=\"elementor-widget-wrap elementor-element-populated\">\n\t\t\t\t\t\t<section data-particle_enable=\"false\" data-particle-mobile-disabled=\"false\" class=\"elementor-section elementor-inner-section elementor-element elementor-element-2732d67a elementor-section-boxed elementor-section-height-default elementor-section-height-default\" data-id=\"2732d67a\" data-element_type=\"section\" data-e-type=\"section\">\n\t\t\t\t\t\t<div class=\"elementor-container elementor-column-gap-default\">\n\t\t\t\t\t<div class=\"elementor-column elementor-col-100 elementor-inner-column elementor-element elementor-element-61aa0526\" data-id=\"61aa0526\" data-element_type=\"column\" data-e-type=\"column\" data-settings=\"{&quot;background_background&quot;:&quot;classic&quot;}\">\n\t\t\t<div class=\"elementor-widget-wrap elementor-element-populated\">\n\t\t\t\t\t\t<div class=\"elementor-element elementor-element-1b7ff112 elementor-widget elementor-widget-html\" data-id=\"1b7ff112\" data-element_type=\"widget\" data-e-type=\"widget\" id=\"form\" data-widget_type=\"html.default\">\n\t\t\t\t<div class=\"elementor-widget-container\">\n\t\t\t\t\t<script charset=\"utf-8\" type=\"text\/javascript\" src=\"\/\/js-eu1.hsforms.net\/forms\/embed\/v2.js\"><\/script>\r\n<script>\r\n  hbspt.forms.create({\r\n    region: \"eu1\",\r\n    portalId: \"24884594\",\r\n    formId: \"03a66589-5c2d-40f6-bda5-3966c107ca75\"\r\n  });\r\n<\/script>\t\t\t\t<\/div>\n\t\t\t\t<\/div>\n\t\t\t\t\t<\/div>\n\t\t<\/div>\n\t\t\t\t\t<\/div>\n\t\t<\/section>\n\t\t\t\t\t<\/div>\n\t\t<\/div>\n\t\t\t\t\t<\/div>\n\t\t<\/section>\n\t\t\t\t<section data-particle_enable=\"false\" data-particle-mobile-disabled=\"false\" class=\"elementor-section elementor-top-section elementor-element elementor-element-33fb4df2 elementor-section-boxed elementor-section-height-default elementor-section-height-default\" data-id=\"33fb4df2\" data-element_type=\"section\" data-e-type=\"section\" data-settings=\"{&quot;background_background&quot;:&quot;classic&quot;}\">\n\t\t\t\t\t\t<div class=\"elementor-container elementor-column-gap-custom\">\n\t\t\t\t\t<div class=\"elementor-column elementor-col-50 elementor-top-column elementor-element elementor-element-386d94c8\" data-id=\"386d94c8\" data-element_type=\"column\" data-e-type=\"column\">\n\t\t\t<div class=\"elementor-widget-wrap elementor-element-populated\">\n\t\t\t\t\t\t<div class=\"elementor-element elementor-element-3ce2cf93 elementor-widget elementor-widget-image\" data-id=\"3ce2cf93\" data-element_type=\"widget\" data-e-type=\"widget\" data-widget_type=\"image.default\">\n\t\t\t\t<div class=\"elementor-widget-container\">\n\t\t\t\t\t\t\t\t\t\t\t\t\t\t\t<img fetchpriority=\"high\" decoding=\"async\" width=\"475\" height=\"500\" src=\"https:\/\/ifeelonline.com\/fr\/wp-content\/uploads\/sites\/3\/2023\/01\/miniatura-web-FR-1.jpg\" class=\"attachment-full size-full wp-image-8239\" alt=\"\" srcset=\"https:\/\/ifeelonline.com\/fr\/wp-content\/uploads\/sites\/3\/2023\/01\/miniatura-web-FR-1.jpg 475w, https:\/\/ifeelonline.com\/fr\/wp-content\/uploads\/sites\/3\/2023\/01\/miniatura-web-FR-1-285x300.jpg 285w\" sizes=\"(max-width: 475px) 100vw, 475px\" \/>\t\t\t\t\t\t\t\t\t\t\t\t\t\t\t<\/div>\n\t\t\t\t<\/div>\n\t\t\t\t\t<\/div>\n\t\t<\/div>\n\t\t\t\t<div class=\"elementor-column elementor-col-50 elementor-top-column elementor-element elementor-element-5e7fd6bc\" data-id=\"5e7fd6bc\" data-element_type=\"column\" data-e-type=\"column\" data-settings=\"{&quot;background_background&quot;:&quot;classic&quot;}\">\n\t\t\t<div class=\"elementor-widget-wrap elementor-element-populated\">\n\t\t\t\t\t\t<div class=\"elementor-element elementor-element-2c7d854b elementor-widget elementor-widget-heading\" data-id=\"2c7d854b\" data-element_type=\"widget\" data-e-type=\"widget\" data-widget_type=\"heading.default\">\n\t\t\t\t<div class=\"elementor-widget-container\">\n\t\t\t\t\t<h2 class=\"elementor-heading-title elementor-size-xl\">Pourquoi t\u00e9l\u00e9charger ce glossaire ?\n<\/h2>\t\t\t\t<\/div>\n\t\t\t\t<\/div>\n\t\t\t\t<div class=\"elementor-element elementor-element-5bd53c1e elementor-widget elementor-widget-text-editor\" data-id=\"5bd53c1e\" data-element_type=\"widget\" data-e-type=\"widget\" data-widget_type=\"text-editor.default\">\n\t\t\t\t<div class=\"elementor-widget-container\">\n\t\t\t\t\t\t\t\t\t<p><span style=\"font-weight: 400;\">S&rsquo;occuper des collaborateurs n\u00e9cessite de prendre en compte de nombreux \u00e9l\u00e9ments, et il est facile d&rsquo;oublier ou de ne pas \u00eatre clair sur certains concepts.<\/span><\/p><p><span style=\"font-weight: 400;\">Pour avoir les informations importantes en ordre, disponibles et, surtout, bien expliqu\u00e9es, nous vous recommandons de t\u00e9l\u00e9charger ce glossaire du <strong>bien-\u00eatre.<\/strong><\/span><\/p><p>\u00a0<\/p><p><span style=\"font-weight: 400;\">Il s&rsquo;agit d&rsquo;un document o\u00f9, \u00e0 travers un jeu simple, nous expliquons les concepts essentiels \u00e0 ne pas n\u00e9gliger pour favoriser <\/span><span style=\"font-weight: 400;\">la sant\u00e9 mentale<\/span><span style=\"font-weight: 400;\"> de votre \u00e9quipe.<\/span><\/p>\t\t\t\t\t\t\t\t<\/div>\n\t\t\t\t<\/div>\n\t\t\t\t<div class=\"elementor-element elementor-element-23d6f1c5 elementor-mobile-align-center elementor-align-left elementor-widget elementor-widget-button\" data-id=\"23d6f1c5\" data-element_type=\"widget\" data-e-type=\"widget\" data-widget_type=\"button.default\">\n\t\t\t\t<div class=\"elementor-widget-container\">\n\t\t\t\t\t\t\t\t\t<div class=\"elementor-button-wrapper\">\n\t\t\t\t\t<a class=\"elementor-button elementor-button-link elementor-size-xl\" href=\"#form\" target=\"_blank\" download=\"\">\n\t\t\t\t\t\t<span class=\"elementor-button-content-wrapper\">\n\t\t\t\t\t\t\t\t\t<span class=\"elementor-button-text\">T\u00c9L\u00c9CHARGER<\/span>\n\t\t\t\t\t<\/span>\n\t\t\t\t\t<\/a>\n\t\t\t\t<\/div>\n\t\t\t\t\t\t\t\t<\/div>\n\t\t\t\t<\/div>\n\t\t\t\t\t<\/div>\n\t\t<\/div>\n\t\t\t\t\t<\/div>\n\t\t<\/section>\n\t\t\t\t<\/div>\n\t\t\n    <div class=\"xs_social_share_widget xs_share_url after_content \t\tmain_content  wslu-style-1 wslu-share-box-shaped wslu-fill-colored wslu-none wslu-share-horizontal wslu-theme-font-no wslu-main_content\">\n\n\t\t\n        <ul>\n\t\t\t        <\/ul>\n    <\/div> \n","protected":false},"excerpt":{"rendered":"<p>Glossaire sur le bien-\u00eatre au travail D\u00e9couvrez les concepts cl\u00e9s \u00e0 pour am\u00e9liorer le bien-\u00eatre au travail ! Le bien-\u00eatre mental des collaborateurs comporte de nombreux aspects et d\u00e9pend de nombreux facteurs. Chez ifeel, nous voulons que vous n&rsquo;en manquiez aucun, du moins pas les plus importants. Nous les avons donc rassembl\u00e9s dans une liste [&hellip;]<\/p>\n","protected":false},"author":48,"featured_media":8304,"parent":7514,"menu_order":0,"comment_status":"closed","ping_status":"closed","template":"","meta":{"content-type":"","postBodyCss":"","postBodyMargin":[],"postBodyPadding":[],"postBodyBackground":{"backgroundType":"classic","gradient":""},"footnotes":""},"class_list":["post-8234","page","type-page","status-publish","has-post-thumbnail","hentry"],"_links":{"self":[{"href":"https:\/\/ifeelonline.com\/fr\/wp-json\/wp\/v2\/pages\/8234","targetHints":{"allow":["GET"]}}],"collection":[{"href":"https:\/\/ifeelonline.com\/fr\/wp-json\/wp\/v2\/pages"}],"about":[{"href":"https:\/\/ifeelonline.com\/fr\/wp-json\/wp\/v2\/types\/page"}],"author":[{"embeddable":true,"href":"https:\/\/ifeelonline.com\/fr\/wp-json\/wp\/v2\/users\/48"}],"replies":[{"embeddable":true,"href":"https:\/\/ifeelonline.com\/fr\/wp-json\/wp\/v2\/comments?post=8234"}],"version-history":[{"count":0,"href":"https:\/\/ifeelonline.com\/fr\/wp-json\/wp\/v2\/pages\/8234\/revisions"}],"up":[{"embeddable":true,"href":"https:\/\/ifeelonline.com\/fr\/wp-json\/wp\/v2\/pages\/7514"}],"wp:featuredmedia":[{"embeddable":true,"href":"https:\/\/ifeelonline.com\/fr\/wp-json\/wp\/v2\/media\/8304"}],"wp:attachment":[{"href":"https:\/\/ifeelonline.com\/fr\/wp-json\/wp\/v2\/media?parent=8234"}],"curies":[{"name":"wp","href":"https:\/\/api.w.org\/{rel}","templated":true}]}}