{"id":8186,"date":"2023-01-12T12:46:42","date_gmt":"2023-01-12T11:46:42","guid":{"rendered":"https:\/\/ifeelonline.com\/fr\/?page_id=8186"},"modified":"2023-08-04T15:03:28","modified_gmt":"2023-08-04T14:03:28","slug":"manuel-comment-prevenir-le-burnout-au-travail","status":"publish","type":"page","link":"https:\/\/ifeelonline.com\/fr\/boite-a-outils-rh\/manuel-comment-prevenir-le-burnout-au-travail\/","title":{"rendered":"Comment pr\u00e9venir le burnout au travail ?"},"content":{"rendered":"\t\t<div data-elementor-type=\"wp-page\" data-elementor-id=\"8186\" class=\"elementor elementor-8186\" data-elementor-post-type=\"page\">\n\t\t\t\t\t\t<section data-particle_enable=\"false\" data-particle-mobile-disabled=\"false\" class=\"elementor-section elementor-top-section elementor-element elementor-element-6cfd0ab0 elementor-section-boxed elementor-section-height-default elementor-section-height-default\" data-id=\"6cfd0ab0\" data-element_type=\"section\" data-e-type=\"section\" data-settings=\"{&quot;background_background&quot;:&quot;classic&quot;}\">\n\t\t\t\t\t\t\t<div class=\"elementor-background-overlay\"><\/div>\n\t\t\t\t\t\t\t<div class=\"elementor-container elementor-column-gap-custom\">\n\t\t\t\t\t<div class=\"elementor-column elementor-col-50 elementor-top-column elementor-element elementor-element-3234cb5a\" data-id=\"3234cb5a\" data-element_type=\"column\" data-e-type=\"column\">\n\t\t\t<div class=\"elementor-widget-wrap elementor-element-populated\">\n\t\t\t\t\t\t<div class=\"elementor-element elementor-element-6f919f2d elementor-headline--style-highlight elementor-widget elementor-widget-animated-headline\" data-id=\"6f919f2d\" data-element_type=\"widget\" data-e-type=\"widget\" data-settings=\"{&quot;marker&quot;:&quot;underline&quot;,&quot;highlighted_text&quot;:&quot;le burnout&quot;,&quot;headline_style&quot;:&quot;highlight&quot;,&quot;loop&quot;:&quot;yes&quot;,&quot;highlight_animation_duration&quot;:1200,&quot;highlight_iteration_delay&quot;:8000}\" data-widget_type=\"animated-headline.default\">\n\t\t\t\t<div class=\"elementor-widget-container\">\n\t\t\t\t\t\t\t<h3 class=\"elementor-headline\">\n\t\t\t\t\t<span class=\"elementor-headline-plain-text elementor-headline-text-wrapper\">Comment pr\u00e9venir  <\/span>\n\t\t\t\t<span class=\"elementor-headline-dynamic-wrapper elementor-headline-text-wrapper\">\n\t\t\t\t\t<span class=\"elementor-headline-dynamic-text elementor-headline-text-active\">le burnout<\/span>\n\t\t\t\t<\/span>\n\t\t\t\t\t<span class=\"elementor-headline-plain-text elementor-headline-text-wrapper\">au travail ? <\/span>\n\t\t\t\t\t<\/h3>\n\t\t\t\t\t\t<\/div>\n\t\t\t\t<\/div>\n\t\t\t\t<div class=\"elementor-element elementor-element-51b82c22 elementor-widget elementor-widget-heading\" data-id=\"51b82c22\" data-element_type=\"widget\" data-e-type=\"widget\" data-widget_type=\"heading.default\">\n\t\t\t\t<div class=\"elementor-widget-container\">\n\t\t\t\t\t<h3 class=\"elementor-heading-title elementor-size-default\">D\u00e9couvrez les cl\u00e9s les plus importantes dans notre guide !<\/h3>\t\t\t\t<\/div>\n\t\t\t\t<\/div>\n\t\t\t\t<div class=\"elementor-element elementor-element-78fce6ce elementor-widget elementor-widget-heading\" data-id=\"78fce6ce\" data-element_type=\"widget\" data-e-type=\"widget\" data-widget_type=\"heading.default\">\n\t\t\t\t<div class=\"elementor-widget-container\">\n\t\t\t\t\t<h5 class=\"elementor-heading-title elementor-size-default\">NOUS VOUS AIDONS \u00c0 COMPRENDRE LE SYNDROME D'\u00c9PUISEMENT PROFESSIONNEL ET COMMENT IL AFFECTE VOTRE \u00c9QUIPE. AUSSI, NOUS VOUS DONNONS LES CL\u00c9S POUR \u00c9VITER QUE VOS COLLABORATEURS NE SOUFFRENT DE CE TYPE DE PROBL\u00c8ME.\n<\/h5>\t\t\t\t<\/div>\n\t\t\t\t<\/div>\n\t\t\t\t<div class=\"elementor-element elementor-element-2a91362e elementor-widget elementor-widget-text-editor\" data-id=\"2a91362e\" data-element_type=\"widget\" data-e-type=\"widget\" data-widget_type=\"text-editor.default\">\n\t\t\t\t<div class=\"elementor-widget-container\">\n\t\t\t\t\t\t\t\t\t<p><strong>Que trouverez-vous dans ce guide sur la pr\u00e9vention du burnout ?<\/strong><\/p>\t\t\t\t\t\t\t\t<\/div>\n\t\t\t\t<\/div>\n\t\t\t\t<div class=\"elementor-element elementor-element-65fdaeba elementor-align-start elementor-icon-list--layout-traditional elementor-list-item-link-full_width elementor-widget elementor-widget-icon-list\" data-id=\"65fdaeba\" data-element_type=\"widget\" data-e-type=\"widget\" data-widget_type=\"icon-list.default\">\n\t\t\t\t<div class=\"elementor-widget-container\">\n\t\t\t\t\t\t\t<ul class=\"elementor-icon-list-items\">\n\t\t\t\t\t\t\t<li class=\"elementor-icon-list-item\">\n\t\t\t\t\t\t\t\t\t\t\t<span class=\"elementor-icon-list-icon\">\n\t\t\t\t\t\t\t<svg xmlns=\"http:\/\/www.w3.org\/2000\/svg\" width=\"51\" height=\"51\" viewBox=\"0 0 51 51\" fill=\"none\"><g clip-path=\"url(#clip0_1145_1348)\"><path fill-rule=\"evenodd\" clip-rule=\"evenodd\" d=\"M25.5 51C11.4162 51 0 39.5838 0 25.5C0 11.4162 11.4162 0 25.5 0C39.5838 0 51 11.4162 51 25.5C51 39.5838 39.5838 51 25.5 51ZM36.9423 18.9354L34.85 16.83C34.4577 16.4377 33.8431 16.4377 33.4508 16.83L20.8708 29.4885L14.8815 23.4208C14.5023 23.0285 13.8746 23.0285 13.4823 23.4208L11.39 25.5262C10.9977 25.9185 10.9977 26.5462 11.39 26.9385L18.0462 33.6862C18.0462 33.6862 18.0462 33.7123 18.0723 33.7123L19.5108 35.1638L19.8508 35.5169L20.1646 35.8308C20.5569 36.2231 21.1715 36.2231 21.5638 35.8308L36.9554 20.3477C37.3346 19.9554 37.3346 19.3277 36.9554 18.9354H36.9423Z\" fill=\"#EA7374\"><\/path><\/g><defs><clipPath id=\"clip0_1145_1348\"><rect width=\"51\" height=\"51\" fill=\"white\"><\/rect><\/clipPath><\/defs><\/svg>\t\t\t\t\t\t<\/span>\n\t\t\t\t\t\t\t\t\t\t<span class=\"elementor-icon-list-text\">Indicateurs permettant de d\u00e9tecter si un membre de votre \u00e9quipe est en burnout<\/span>\n\t\t\t\t\t\t\t\t\t<\/li>\n\t\t\t\t\t\t\t\t<li class=\"elementor-icon-list-item\">\n\t\t\t\t\t\t\t\t\t\t\t<span class=\"elementor-icon-list-icon\">\n\t\t\t\t\t\t\t<svg xmlns=\"http:\/\/www.w3.org\/2000\/svg\" width=\"51\" height=\"51\" viewBox=\"0 0 51 51\" fill=\"none\"><g clip-path=\"url(#clip0_1145_1348)\"><path fill-rule=\"evenodd\" clip-rule=\"evenodd\" d=\"M25.5 51C11.4162 51 0 39.5838 0 25.5C0 11.4162 11.4162 0 25.5 0C39.5838 0 51 11.4162 51 25.5C51 39.5838 39.5838 51 25.5 51ZM36.9423 18.9354L34.85 16.83C34.4577 16.4377 33.8431 16.4377 33.4508 16.83L20.8708 29.4885L14.8815 23.4208C14.5023 23.0285 13.8746 23.0285 13.4823 23.4208L11.39 25.5262C10.9977 25.9185 10.9977 26.5462 11.39 26.9385L18.0462 33.6862C18.0462 33.6862 18.0462 33.7123 18.0723 33.7123L19.5108 35.1638L19.8508 35.5169L20.1646 35.8308C20.5569 36.2231 21.1715 36.2231 21.5638 35.8308L36.9554 20.3477C37.3346 19.9554 37.3346 19.3277 36.9554 18.9354H36.9423Z\" fill=\"#EA7374\"><\/path><\/g><defs><clipPath id=\"clip0_1145_1348\"><rect width=\"51\" height=\"51\" fill=\"white\"><\/rect><\/clipPath><\/defs><\/svg>\t\t\t\t\t\t<\/span>\n\t\t\t\t\t\t\t\t\t\t<span class=\"elementor-icon-list-text\">Suggestions d'approches pouvant aider vos collaborateurs<\/span>\n\t\t\t\t\t\t\t\t\t<\/li>\n\t\t\t\t\t\t\t\t<li class=\"elementor-icon-list-item\">\n\t\t\t\t\t\t\t\t\t\t\t<span class=\"elementor-icon-list-icon\">\n\t\t\t\t\t\t\t<svg xmlns=\"http:\/\/www.w3.org\/2000\/svg\" width=\"51\" height=\"51\" viewBox=\"0 0 51 51\" fill=\"none\"><g clip-path=\"url(#clip0_1145_1348)\"><path fill-rule=\"evenodd\" clip-rule=\"evenodd\" d=\"M25.5 51C11.4162 51 0 39.5838 0 25.5C0 11.4162 11.4162 0 25.5 0C39.5838 0 51 11.4162 51 25.5C51 39.5838 39.5838 51 25.5 51ZM36.9423 18.9354L34.85 16.83C34.4577 16.4377 33.8431 16.4377 33.4508 16.83L20.8708 29.4885L14.8815 23.4208C14.5023 23.0285 13.8746 23.0285 13.4823 23.4208L11.39 25.5262C10.9977 25.9185 10.9977 26.5462 11.39 26.9385L18.0462 33.6862C18.0462 33.6862 18.0462 33.7123 18.0723 33.7123L19.5108 35.1638L19.8508 35.5169L20.1646 35.8308C20.5569 36.2231 21.1715 36.2231 21.5638 35.8308L36.9554 20.3477C37.3346 19.9554 37.3346 19.3277 36.9554 18.9354H36.9423Z\" fill=\"#EA7374\"><\/path><\/g><defs><clipPath id=\"clip0_1145_1348\"><rect width=\"51\" height=\"51\" fill=\"white\"><\/rect><\/clipPath><\/defs><\/svg>\t\t\t\t\t\t<\/span>\n\t\t\t\t\t\t\t\t\t\t<span class=\"elementor-icon-list-text\">Les cl\u00e9s pour vous, en tant que manager, pour pr\u00e9venir le burnout dans l'entreprise<\/span>\n\t\t\t\t\t\t\t\t\t<\/li>\n\t\t\t\t\t\t<\/ul>\n\t\t\t\t\t\t<\/div>\n\t\t\t\t<\/div>\n\t\t\t\t<div class=\"elementor-element elementor-element-7c7c3cd8 elementor-widget elementor-widget-text-editor\" data-id=\"7c7c3cd8\" data-element_type=\"widget\" data-e-type=\"widget\" data-widget_type=\"text-editor.default\">\n\t\t\t\t<div class=\"elementor-widget-container\">\n\t\t\t\t\t\t\t\t\t<p><strong>Prot\u00e9gez la sant\u00e9 mentale de votre \u00e9quipe<\/strong> et utilisez ce guide sur la pr\u00e9vention du burnout pour renforcer votre strat\u00e9gie de gestion du personnel.<\/p>\t\t\t\t\t\t\t\t<\/div>\n\t\t\t\t<\/div>\n\t\t\t\t\t<\/div>\n\t\t<\/div>\n\t\t\t\t<div class=\"elementor-column elementor-col-50 elementor-top-column elementor-element elementor-element-66030102\" data-id=\"66030102\" data-element_type=\"column\" data-e-type=\"column\" data-settings=\"{&quot;background_background&quot;:&quot;classic&quot;}\">\n\t\t\t<div class=\"elementor-widget-wrap elementor-element-populated\">\n\t\t\t\t\t\t<section data-particle_enable=\"false\" data-particle-mobile-disabled=\"false\" class=\"elementor-section elementor-inner-section elementor-element elementor-element-5aa5c42 elementor-section-boxed elementor-section-height-default elementor-section-height-default\" data-id=\"5aa5c42\" data-element_type=\"section\" data-e-type=\"section\">\n\t\t\t\t\t\t<div class=\"elementor-container elementor-column-gap-default\">\n\t\t\t\t\t<div class=\"elementor-column elementor-col-100 elementor-inner-column elementor-element elementor-element-3eaf660a\" data-id=\"3eaf660a\" data-element_type=\"column\" data-e-type=\"column\" data-settings=\"{&quot;background_background&quot;:&quot;classic&quot;}\">\n\t\t\t<div class=\"elementor-widget-wrap elementor-element-populated\">\n\t\t\t\t\t\t<div class=\"elementor-element elementor-element-1f5f235c elementor-widget elementor-widget-html\" data-id=\"1f5f235c\" data-element_type=\"widget\" data-e-type=\"widget\" id=\"form\" data-widget_type=\"html.default\">\n\t\t\t\t<div class=\"elementor-widget-container\">\n\t\t\t\t\t<script charset=\"utf-8\" type=\"text\/javascript\" src=\"\/\/js-eu1.hsforms.net\/forms\/embed\/v2.js\"><\/script>\r\n<script>\r\n  hbspt.forms.create({\r\n    region: \"eu1\",\r\n    portalId: \"24884594\",\r\n    formId: \"1896f081-0177-4efe-b5c2-fde122d07daf\"\r\n  });\r\n<\/script>\t\t\t\t<\/div>\n\t\t\t\t<\/div>\n\t\t\t\t\t<\/div>\n\t\t<\/div>\n\t\t\t\t\t<\/div>\n\t\t<\/section>\n\t\t\t\t\t<\/div>\n\t\t<\/div>\n\t\t\t\t\t<\/div>\n\t\t<\/section>\n\t\t\t\t<section data-particle_enable=\"false\" data-particle-mobile-disabled=\"false\" class=\"elementor-section elementor-top-section elementor-element elementor-element-3a687160 elementor-section-boxed elementor-section-height-default elementor-section-height-default\" data-id=\"3a687160\" data-element_type=\"section\" data-e-type=\"section\" data-settings=\"{&quot;background_background&quot;:&quot;classic&quot;}\">\n\t\t\t\t\t\t\t<div class=\"elementor-background-overlay\"><\/div>\n\t\t\t\t\t\t\t<div class=\"elementor-container elementor-column-gap-custom\">\n\t\t\t\t\t<div class=\"elementor-column elementor-col-50 elementor-top-column elementor-element elementor-element-78fd26fa\" data-id=\"78fd26fa\" data-element_type=\"column\" data-e-type=\"column\">\n\t\t\t<div class=\"elementor-widget-wrap elementor-element-populated\">\n\t\t\t\t\t\t<div class=\"elementor-element elementor-element-777b132d elementor-widget elementor-widget-image\" data-id=\"777b132d\" data-element_type=\"widget\" data-e-type=\"widget\" data-widget_type=\"image.default\">\n\t\t\t\t<div class=\"elementor-widget-container\">\n\t\t\t\t\t\t\t\t\t\t\t\t\t\t\t<img fetchpriority=\"high\" decoding=\"async\" width=\"475\" height=\"500\" src=\"https:\/\/ifeelonline.com\/fr\/wp-content\/uploads\/sites\/3\/2023\/01\/miniatura-web-ENG.jpg\" class=\"attachment-full size-full wp-image-8188\" alt=\"\" srcset=\"https:\/\/ifeelonline.com\/fr\/wp-content\/uploads\/sites\/3\/2023\/01\/miniatura-web-ENG.jpg 475w, https:\/\/ifeelonline.com\/fr\/wp-content\/uploads\/sites\/3\/2023\/01\/miniatura-web-ENG-285x300.jpg 285w\" sizes=\"(max-width: 475px) 100vw, 475px\" \/>\t\t\t\t\t\t\t\t\t\t\t\t\t\t\t<\/div>\n\t\t\t\t<\/div>\n\t\t\t\t\t<\/div>\n\t\t<\/div>\n\t\t\t\t<div class=\"elementor-column elementor-col-50 elementor-top-column elementor-element elementor-element-740db1ed\" data-id=\"740db1ed\" data-element_type=\"column\" data-e-type=\"column\" data-settings=\"{&quot;background_background&quot;:&quot;classic&quot;}\">\n\t\t\t<div class=\"elementor-widget-wrap elementor-element-populated\">\n\t\t\t\t\t\t<div class=\"elementor-element elementor-element-4bf14b13 elementor-widget elementor-widget-heading\" data-id=\"4bf14b13\" data-element_type=\"widget\" data-e-type=\"widget\" data-widget_type=\"heading.default\">\n\t\t\t\t<div class=\"elementor-widget-container\">\n\t\t\t\t\t<h2 class=\"elementor-heading-title elementor-size-xl\">Pourquoi devez-vous t\u00e9l\u00e9charger ce document ?<\/h2>\t\t\t\t<\/div>\n\t\t\t\t<\/div>\n\t\t\t\t<div class=\"elementor-element elementor-element-5966e165 elementor-drop-cap-yes elementor-drop-cap-view-default elementor-widget elementor-widget-text-editor\" data-id=\"5966e165\" data-element_type=\"widget\" data-e-type=\"widget\" data-settings=\"{&quot;drop_cap&quot;:&quot;yes&quot;}\" data-widget_type=\"text-editor.default\">\n\t\t\t\t<div class=\"elementor-widget-container\">\n\t\t\t\t\t\t\t\t\t<p><strong>L<\/strong><span style=\"font-weight: 400;\"><strong>a pr\u00e9vention des difficult\u00e9s graves<\/strong> affectant<\/span><strong> le bien-\u00eatre mental <\/strong><span style=\"font-weight: 400;\"><strong>des employ\u00e9s,<\/strong> comme <strong>le burnout,<\/strong> est la solution la plus efficace pour les individus et l&rsquo;entreprise.<\/span><\/p><p>\u00a0<\/p><p><span style=\"font-weight: 400;\">C\u2019est pourquoi nous avons pr\u00e9par\u00e9 ce document afin de vous donner un moyen rapide et facile de faire un \u00e9tat des lieux de ce que vous faites actuellement pour l\u2019\u00e9viter <strong>et de la mani\u00e8re dont vous pouvez agir \u00e0 partir de maintenant.<\/strong><\/span><\/p><p>\u00a0<\/p><p><span style=\"font-weight: 400;\">T\u00e9l\u00e9chargez-le d\u00e8s aujourd\u2019hui et continuez de prot\u00e9ger <\/span><span style=\"font-weight: 400;\">la sant\u00e9 mentale<\/span><span style=\"font-weight: 400;\"> des membres de votre \u00e9quipe.<\/span><\/p>\t\t\t\t\t\t\t\t<\/div>\n\t\t\t\t<\/div>\n\t\t\t\t<div class=\"elementor-element elementor-element-3e521a57 elementor-mobile-align-center elementor-align-left elementor-widget elementor-widget-button\" data-id=\"3e521a57\" data-element_type=\"widget\" data-e-type=\"widget\" data-widget_type=\"button.default\">\n\t\t\t\t<div class=\"elementor-widget-container\">\n\t\t\t\t\t\t\t\t\t<div class=\"elementor-button-wrapper\">\n\t\t\t\t\t<a class=\"elementor-button elementor-button-link elementor-size-xl\" href=\"#form\" target=\"_blank\" download=\"\">\n\t\t\t\t\t\t<span class=\"elementor-button-content-wrapper\">\n\t\t\t\t\t\t\t\t\t<span class=\"elementor-button-text\">T\u00c9L\u00c9CHARGER MAINTENANT<\/span>\n\t\t\t\t\t<\/span>\n\t\t\t\t\t<\/a>\n\t\t\t\t<\/div>\n\t\t\t\t\t\t\t\t<\/div>\n\t\t\t\t<\/div>\n\t\t\t\t\t<\/div>\n\t\t<\/div>\n\t\t\t\t\t<\/div>\n\t\t<\/section>\n\t\t\t\t<section data-particle_enable=\"false\" data-particle-mobile-disabled=\"false\" class=\"elementor-section elementor-top-section elementor-element elementor-element-37610c09 elementor-hidden-desktop elementor-hidden-tablet elementor-hidden-mobile elementor-section-boxed elementor-section-height-default elementor-section-height-default\" data-id=\"37610c09\" data-element_type=\"section\" data-e-type=\"section\" data-settings=\"{&quot;background_background&quot;:&quot;classic&quot;}\">\n\t\t\t\t\t\t\t<div class=\"elementor-background-overlay\"><\/div>\n\t\t\t\t\t\t\t<div class=\"elementor-container elementor-column-gap-custom\">\n\t\t\t\t\t<div class=\"elementor-column elementor-col-50 elementor-top-column elementor-element elementor-element-2b08d876\" data-id=\"2b08d876\" data-element_type=\"column\" data-e-type=\"column\" data-settings=\"{&quot;background_background&quot;:&quot;classic&quot;}\">\n\t\t\t<div class=\"elementor-widget-wrap elementor-element-populated\">\n\t\t\t\t\t\t<div class=\"elementor-element elementor-element-5df208e elementor-widget elementor-widget-heading\" data-id=\"5df208e\" data-element_type=\"widget\" data-e-type=\"widget\" data-widget_type=\"heading.default\">\n\t\t\t\t<div class=\"elementor-widget-container\">\n\t\t\t\t\t<h2 class=\"elementor-heading-title elementor-size-xl\">\u00a1A\u00fan hay m\u00e1s! No te pierdas nuestro art\u00edculo sobre Experiencia del Empleado<\/h2>\t\t\t\t<\/div>\n\t\t\t\t<\/div>\n\t\t\t\t<div class=\"elementor-element elementor-element-65b858f9 elementor-drop-cap-yes elementor-drop-cap-view-default elementor-widget elementor-widget-text-editor\" data-id=\"65b858f9\" data-element_type=\"widget\" data-e-type=\"widget\" data-settings=\"{&quot;drop_cap&quot;:&quot;yes&quot;}\" data-widget_type=\"text-editor.default\">\n\t\t\t\t<div class=\"elementor-widget-container\">\n\t\t\t\t\t\t\t\t\t<p>Si quieres seguir leyendo sobre este tema, no olvides de visitar nuestra entrada del blog sobre este tema, d\u00f3nde encontrar\u00e1s contenido complementario, as\u00ed como informaci\u00f3n \u00fatil para comprender los aspectos b\u00e1sicos a la hora de implementar una <strong><a href=\"https:\/\/ifeelonline.com\/experiencia-del-empleado\/\">experiencia del empleado positiva<\/a>.\u00a0<\/strong><\/p>\t\t\t\t\t\t\t\t<\/div>\n\t\t\t\t<\/div>\n\t\t\t\t<div class=\"elementor-element elementor-element-648ecad2 elementor-mobile-align-center elementor-align-center elementor-widget elementor-widget-button\" data-id=\"648ecad2\" data-element_type=\"widget\" data-e-type=\"widget\" data-widget_type=\"button.default\">\n\t\t\t\t<div class=\"elementor-widget-container\">\n\t\t\t\t\t\t\t\t\t<div class=\"elementor-button-wrapper\">\n\t\t\t\t\t<a class=\"elementor-button elementor-button-link elementor-size-xl\" href=\"#form\" target=\"_blank\" download=\"\">\n\t\t\t\t\t\t<span class=\"elementor-button-content-wrapper\">\n\t\t\t\t\t\t\t\t\t<span class=\"elementor-button-text\">Descarga nuestra Gu\u00eda de Employee Experience<\/span>\n\t\t\t\t\t<\/span>\n\t\t\t\t\t<\/a>\n\t\t\t\t<\/div>\n\t\t\t\t\t\t\t\t<\/div>\n\t\t\t\t<\/div>\n\t\t\t\t\t<\/div>\n\t\t<\/div>\n\t\t\t\t<div class=\"elementor-column elementor-col-50 elementor-top-column elementor-element elementor-element-28c2c8c3\" data-id=\"28c2c8c3\" data-element_type=\"column\" data-e-type=\"column\">\n\t\t\t<div class=\"elementor-widget-wrap elementor-element-populated\">\n\t\t\t\t\t\t<div class=\"elementor-element elementor-element-23010f2b elementor-widget elementor-widget-image\" data-id=\"23010f2b\" data-element_type=\"widget\" data-e-type=\"widget\" data-widget_type=\"image.default\">\n\t\t\t\t<div class=\"elementor-widget-container\">\n\t\t\t\t\t\t\t\t\t\t\t\t\t\t\t<img decoding=\"async\" width=\"1975\" height=\"2048\" src=\"https:\/\/ifeelonline.com\/fr\/wp-content\/uploads\/sites\/3\/2023\/01\/Group-634-1.png\" class=\"attachment-full size-full wp-image-8157\" alt=\"\" srcset=\"https:\/\/ifeelonline.com\/fr\/wp-content\/uploads\/sites\/3\/2023\/01\/Group-634-1.png 1975w, https:\/\/ifeelonline.com\/fr\/wp-content\/uploads\/sites\/3\/2023\/01\/Group-634-1-289x300.png 289w, https:\/\/ifeelonline.com\/fr\/wp-content\/uploads\/sites\/3\/2023\/01\/Group-634-1-988x1024.png 988w, https:\/\/ifeelonline.com\/fr\/wp-content\/uploads\/sites\/3\/2023\/01\/Group-634-1-768x796.png 768w, https:\/\/ifeelonline.com\/fr\/wp-content\/uploads\/sites\/3\/2023\/01\/Group-634-1-1481x1536.png 1481w\" sizes=\"(max-width: 1975px) 100vw, 1975px\" \/>\t\t\t\t\t\t\t\t\t\t\t\t\t\t\t<\/div>\n\t\t\t\t<\/div>\n\t\t\t\t\t<\/div>\n\t\t<\/div>\n\t\t\t\t\t<\/div>\n\t\t<\/section>\n\t\t\t\t<\/div>\n\t\t\n    <div class=\"xs_social_share_widget xs_share_url after_content \t\tmain_content  wslu-style-1 wslu-share-box-shaped wslu-fill-colored wslu-none wslu-share-horizontal wslu-theme-font-no wslu-main_content\">\n\n\t\t\n        <ul>\n\t\t\t        <\/ul>\n    <\/div> \n","protected":false},"excerpt":{"rendered":"<p>Comment pr\u00e9venir le burnout au travail ? D\u00e9couvrez les cl\u00e9s les plus importantes dans notre guide ! NOUS VOUS AIDONS \u00c0 COMPRENDRE LE SYNDROME D&rsquo;\u00c9PUISEMENT PROFESSIONNEL ET COMMENT IL AFFECTE VOTRE \u00c9QUIPE. AUSSI, NOUS VOUS DONNONS LES CL\u00c9S POUR \u00c9VITER QUE VOS COLLABORATEURS NE SOUFFRENT DE CE TYPE DE PROBL\u00c8ME. Que trouverez-vous dans ce guide [&hellip;]<\/p>\n","protected":false},"author":48,"featured_media":8190,"parent":7514,"menu_order":0,"comment_status":"closed","ping_status":"closed","template":"","meta":{"content-type":"","postBodyCss":"","postBodyMargin":[],"postBodyPadding":[],"postBodyBackground":{"backgroundType":"classic","gradient":""},"footnotes":""},"class_list":["post-8186","page","type-page","status-publish","has-post-thumbnail","hentry"],"_links":{"self":[{"href":"https:\/\/ifeelonline.com\/fr\/wp-json\/wp\/v2\/pages\/8186","targetHints":{"allow":["GET"]}}],"collection":[{"href":"https:\/\/ifeelonline.com\/fr\/wp-json\/wp\/v2\/pages"}],"about":[{"href":"https:\/\/ifeelonline.com\/fr\/wp-json\/wp\/v2\/types\/page"}],"author":[{"embeddable":true,"href":"https:\/\/ifeelonline.com\/fr\/wp-json\/wp\/v2\/users\/48"}],"replies":[{"embeddable":true,"href":"https:\/\/ifeelonline.com\/fr\/wp-json\/wp\/v2\/comments?post=8186"}],"version-history":[{"count":0,"href":"https:\/\/ifeelonline.com\/fr\/wp-json\/wp\/v2\/pages\/8186\/revisions"}],"up":[{"embeddable":true,"href":"https:\/\/ifeelonline.com\/fr\/wp-json\/wp\/v2\/pages\/7514"}],"wp:featuredmedia":[{"embeddable":true,"href":"https:\/\/ifeelonline.com\/fr\/wp-json\/wp\/v2\/media\/8190"}],"wp:attachment":[{"href":"https:\/\/ifeelonline.com\/fr\/wp-json\/wp\/v2\/media?parent=8186"}],"curies":[{"name":"wp","href":"https:\/\/api.w.org\/{rel}","templated":true}]}}