{"id":8153,"date":"2023-01-09T17:08:04","date_gmt":"2023-01-09T16:08:04","guid":{"rendered":"https:\/\/ifeelonline.com\/fr\/?page_id=8153"},"modified":"2023-08-07T13:45:53","modified_gmt":"2023-08-07T12:45:53","slug":"guide-complet-experience-collaborateurs","status":"publish","type":"page","link":"https:\/\/ifeelonline.com\/fr\/boite-a-outils-rh\/guide-complet-experience-collaborateurs\/","title":{"rendered":"Guide complet Exp\u00e9rience collaborateurs"},"content":{"rendered":"\t\t<div data-elementor-type=\"wp-page\" data-elementor-id=\"8153\" class=\"elementor elementor-8153\" data-elementor-post-type=\"page\">\n\t\t\t\t\t\t<section data-particle_enable=\"false\" data-particle-mobile-disabled=\"false\" class=\"elementor-section elementor-top-section elementor-element elementor-element-47c98c85 elementor-section-boxed elementor-section-height-default elementor-section-height-default\" data-id=\"47c98c85\" data-element_type=\"section\" data-e-type=\"section\" data-settings=\"{&quot;background_background&quot;:&quot;classic&quot;}\">\n\t\t\t\t\t\t\t<div class=\"elementor-background-overlay\"><\/div>\n\t\t\t\t\t\t\t<div class=\"elementor-container elementor-column-gap-custom\">\n\t\t\t\t\t<div class=\"elementor-column elementor-col-50 elementor-top-column elementor-element elementor-element-13288c75\" data-id=\"13288c75\" data-element_type=\"column\" data-e-type=\"column\">\n\t\t\t<div class=\"elementor-widget-wrap elementor-element-populated\">\n\t\t\t\t\t\t<div class=\"elementor-element elementor-element-32b2318 elementor-view-default elementor-widget elementor-widget-icon\" data-id=\"32b2318\" data-element_type=\"widget\" data-e-type=\"widget\" data-widget_type=\"icon.default\">\n\t\t\t\t<div class=\"elementor-widget-container\">\n\t\t\t\t\t\t\t<div class=\"elementor-icon-wrapper\">\n\t\t\t<div class=\"elementor-icon\">\n\t\t\t<svg xmlns=\"http:\/\/www.w3.org\/2000\/svg\" width=\"88\" height=\"28\" viewBox=\"0 0 88 28\" fill=\"none\"><rect width=\"88\" height=\"28\" rx=\"14\" fill=\"#FF9090\"><\/rect><path d=\"M20.6211 18.6406L21.6289 10.373H22.7598L25.5664 16.2617L28.373 10.373H29.5156L30.5234 18.6406H29.252L28.543 12.7344L26.1172 17.7148H25.0391L22.6016 12.7344L21.8984 18.6406H20.6211ZM31.2031 18.6406L34.3262 10.373H35.7031L38.8262 18.6406H37.4785L36.6875 16.5781H33.3535L32.5625 18.6406H31.2031ZM33.7871 15.4355H36.2539L35.0234 11.9668L33.7871 15.4355ZM39.9805 18.6406V10.373H41.2051L44.7207 16.2383V10.373H45.9922V18.6406H44.8086L41.252 12.7227V18.6406H39.9805ZM48.0664 15.7754V10.373H49.3613V15.7754C49.3613 16.2949 49.5352 16.7188 49.8828 17.0469C50.2305 17.375 50.6484 17.5391 51.1367 17.5391C51.625 17.5391 52.043 17.375 52.3906 17.0469C52.7383 16.7188 52.9121 16.2949 52.9121 15.7754V10.373H54.2012V15.7754C54.2012 16.3613 54.0586 16.8848 53.7734 17.3457C53.4922 17.8027 53.1191 18.1523 52.6543 18.3945C52.1934 18.6367 51.6875 18.7578 51.1367 18.7578C50.582 18.7578 50.0723 18.6367 49.6074 18.3945C49.1426 18.1523 48.7695 17.8027 48.4883 17.3457C48.207 16.8848 48.0664 16.3613 48.0664 15.7754ZM56.2695 18.6406V10.373H61.25V11.5508H57.541V13.9941H60.7812V15.1602H57.541V17.4746H61.373V18.6406H56.2695ZM63.0781 18.6406V10.373H64.3496V17.4746H67.666V18.6406H63.0781Z\" fill=\"white\"><\/path><\/svg>\t\t\t<\/div>\n\t\t<\/div>\n\t\t\t\t\t\t<\/div>\n\t\t\t\t<\/div>\n\t\t\t\t<div class=\"elementor-element elementor-element-4f7646bd elementor-widget elementor-widget-heading\" data-id=\"4f7646bd\" data-element_type=\"widget\" data-e-type=\"widget\" data-widget_type=\"heading.default\">\n\t\t\t\t<div class=\"elementor-widget-container\">\n\t\t\t\t\t<h1 class=\"elementor-heading-title elementor-size-default\">Guide complet<br>Exp\u00e9rience collaborateurs<\/h1>\t\t\t\t<\/div>\n\t\t\t\t<\/div>\n\t\t\t\t<div class=\"elementor-element elementor-element-6adabeb0 elementor-widget elementor-widget-text-editor\" data-id=\"6adabeb0\" data-element_type=\"widget\" data-e-type=\"widget\" data-widget_type=\"text-editor.default\">\n\t\t\t\t<div class=\"elementor-widget-container\">\n\t\t\t\t\t\t\t\t\t<p>Qu&rsquo;est-ce que l&rsquo;exp\u00e9rience <strong>collaborateurs<\/strong> et quels sont ses avantages ? D\u00e9couvrez-le dans ce nouveau guide strat\u00e9gique.<\/p><p>\u00a0<\/p><p>Notre \u00e9quipe de psychologues, experts en bien-\u00eatre mental, a cr\u00e9\u00e9 cette ressource sp\u00e9cialement con\u00e7ue pour aider les responsables des ressources humaines \u00e0 inspirer et \u00e0 am\u00e9liorer l&rsquo;exp\u00e9rience des collaborateurs.<\/p>\t\t\t\t\t\t\t\t<\/div>\n\t\t\t\t<\/div>\n\t\t\t\t\t<\/div>\n\t\t<\/div>\n\t\t\t\t<div class=\"elementor-column elementor-col-50 elementor-top-column elementor-element elementor-element-5fd4f803\" data-id=\"5fd4f803\" data-element_type=\"column\" data-e-type=\"column\" data-settings=\"{&quot;background_background&quot;:&quot;classic&quot;}\">\n\t\t\t<div class=\"elementor-widget-wrap elementor-element-populated\">\n\t\t\t\t\t\t<section data-particle_enable=\"false\" data-particle-mobile-disabled=\"false\" class=\"elementor-section elementor-inner-section elementor-element elementor-element-782e6bd0 elementor-section-boxed elementor-section-height-default elementor-section-height-default\" data-id=\"782e6bd0\" data-element_type=\"section\" data-e-type=\"section\">\n\t\t\t\t\t\t<div class=\"elementor-container elementor-column-gap-default\">\n\t\t\t\t\t<div class=\"elementor-column elementor-col-100 elementor-inner-column elementor-element elementor-element-6fc6a177\" data-id=\"6fc6a177\" data-element_type=\"column\" data-e-type=\"column\" data-settings=\"{&quot;background_background&quot;:&quot;classic&quot;}\">\n\t\t\t<div class=\"elementor-widget-wrap elementor-element-populated\">\n\t\t\t\t\t\t<div class=\"elementor-element elementor-element-7a5897cd elementor-widget elementor-widget-html\" data-id=\"7a5897cd\" data-element_type=\"widget\" data-e-type=\"widget\" id=\"form\" data-widget_type=\"html.default\">\n\t\t\t\t<div class=\"elementor-widget-container\">\n\t\t\t\t\t<script charset=\"utf-8\" type=\"text\/javascript\" src=\"\/\/js-eu1.hsforms.net\/forms\/embed\/v2.js\"><\/script>\r\n<script>\r\n  hbspt.forms.create({\r\n    region: \"eu1\",\r\n    portalId: \"24884594\",\r\n    formId: \"a171a24c-0135-4f1e-8025-b5046e88856d\"\r\n  });\r\n<\/script>\t\t\t\t<\/div>\n\t\t\t\t<\/div>\n\t\t\t\t\t<\/div>\n\t\t<\/div>\n\t\t\t\t\t<\/div>\n\t\t<\/section>\n\t\t\t\t\t<\/div>\n\t\t<\/div>\n\t\t\t\t\t<\/div>\n\t\t<\/section>\n\t\t\t\t<section data-particle_enable=\"false\" data-particle-mobile-disabled=\"false\" class=\"elementor-section elementor-top-section elementor-element elementor-element-40e7b338 elementor-section-boxed elementor-section-height-default elementor-section-height-default\" data-id=\"40e7b338\" data-element_type=\"section\" data-e-type=\"section\" data-settings=\"{&quot;background_background&quot;:&quot;classic&quot;}\">\n\t\t\t\t\t\t\t<div class=\"elementor-background-overlay\"><\/div>\n\t\t\t\t\t\t\t<div class=\"elementor-container elementor-column-gap-custom\">\n\t\t\t\t\t<div class=\"elementor-column elementor-col-50 elementor-top-column elementor-element elementor-element-7b559fe1\" data-id=\"7b559fe1\" data-element_type=\"column\" data-e-type=\"column\">\n\t\t\t<div class=\"elementor-widget-wrap elementor-element-populated\">\n\t\t\t\t\t\t<div class=\"elementor-element elementor-element-6490b47 elementor-widget elementor-widget-image\" data-id=\"6490b47\" data-element_type=\"widget\" data-e-type=\"widget\" data-widget_type=\"image.default\">\n\t\t\t\t<div class=\"elementor-widget-container\">\n\t\t\t\t\t\t\t\t\t\t\t\t\t\t\t<img fetchpriority=\"high\" decoding=\"async\" width=\"621\" height=\"772\" src=\"https:\/\/ifeelonline.com\/fr\/wp-content\/uploads\/sites\/3\/2023\/01\/Mask-group-2.png\" class=\"attachment-full size-full wp-image-8156\" alt=\"\" srcset=\"https:\/\/ifeelonline.com\/fr\/wp-content\/uploads\/sites\/3\/2023\/01\/Mask-group-2.png 621w, https:\/\/ifeelonline.com\/fr\/wp-content\/uploads\/sites\/3\/2023\/01\/Mask-group-2-241x300.png 241w\" sizes=\"(max-width: 621px) 100vw, 621px\" \/>\t\t\t\t\t\t\t\t\t\t\t\t\t\t\t<\/div>\n\t\t\t\t<\/div>\n\t\t\t\t\t<\/div>\n\t\t<\/div>\n\t\t\t\t<div class=\"elementor-column elementor-col-50 elementor-top-column elementor-element elementor-element-36be5265\" data-id=\"36be5265\" data-element_type=\"column\" data-e-type=\"column\" data-settings=\"{&quot;background_background&quot;:&quot;classic&quot;}\">\n\t\t\t<div class=\"elementor-widget-wrap elementor-element-populated\">\n\t\t\t\t\t\t<div class=\"elementor-element elementor-element-25c0d631 elementor-widget elementor-widget-heading\" data-id=\"25c0d631\" data-element_type=\"widget\" data-e-type=\"widget\" data-widget_type=\"heading.default\">\n\t\t\t\t<div class=\"elementor-widget-container\">\n\t\t\t\t\t<h2 class=\"elementor-heading-title elementor-size-xl\">Pourquoi devez-vous t\u00e9l\u00e9charger ce guide et am\u00e9liorer l'exp\u00e9rience collaborateurs ?\n<\/h2>\t\t\t\t<\/div>\n\t\t\t\t<\/div>\n\t\t\t\t<div class=\"elementor-element elementor-element-53080ef6 elementor-drop-cap-yes elementor-drop-cap-view-default elementor-widget elementor-widget-text-editor\" data-id=\"53080ef6\" data-element_type=\"widget\" data-e-type=\"widget\" data-settings=\"{&quot;drop_cap&quot;:&quot;yes&quot;}\" data-widget_type=\"text-editor.default\">\n\t\t\t\t<div class=\"elementor-widget-container\">\n\t\t\t\t\t\t\t\t\t<p><span style=\"font-weight: 400;\">L&rsquo;exp\u00e9rience des employ\u00e9s est l&rsquo;un des aspects de la vie de l&rsquo;entreprise qui r\u00e9sume le mieux votre succ\u00e8s.<\/span><\/p>\n<p><\/p>\n<p><span style=\"font-weight: 400;\">Si elle est bonne, <\/span><b>l&rsquo;entreprise a des chances de r\u00e9ussir,<\/b><span style=\"font-weight: 400;\"> mais si elle est mauvaise,<\/span><b> il sera beaucoup plus difficile d&rsquo;atteindre vos objectifs.<\/b><\/p>\n<p><\/p>\n<p><b>&nbsp;<\/b><\/p>\n<p><\/p>\n<p><span style=\"font-weight: 400;\">Gr\u00e2ce \u00e0 ce document, vous saurez si votre entreprise prend soin de <\/span><b>l&rsquo;exp\u00e9rience des collaborateurs<\/b><span style=\"font-weight: 400;\">. Cela vous aidera \u00e0 <\/span><b>revoir votre strat\u00e9gie de gestion du capital humain<\/b><span style=\"font-weight: 400;\"> et \u00e0 identifier les domaines \u00e0 am\u00e9liorer.<\/span><\/p>\n<p><\/p>\n<p><\/p>\n<p><span style=\"font-weight: 400;\">De plus, nous vous proposons <\/span><b>dix conseils cl\u00e9s pour saisir l&rsquo;opportunit\u00e9 d&rsquo;\u00eatre une entreprise <\/b><span style=\"font-weight: 400;\">qui attire de nombreux talents.<br><br><\/span><\/p>\n<p><\/p>\n<p><\/p>\n<p><b>Acc\u00e9dez \u00e0 ce document<\/b><span style=\"font-weight: 400;\"> d\u00e8s maintenant et offrez aux membres de votre \u00e9quipe <\/span><b>une exp\u00e9rience satisfaisante d\u00e8s le premier instant et pendant toute la dur\u00e9e de leur \u00ab\u00a0s\u00e9jour\u00a0\u00bb.<\/b><\/p>\n<p><b>&nbsp;<\/b><\/p>\t\t\t\t\t\t\t\t<\/div>\n\t\t\t\t<\/div>\n\t\t\t\t<div class=\"elementor-element elementor-element-4b4270e elementor-mobile-align-center elementor-align-left elementor-widget elementor-widget-button\" data-id=\"4b4270e\" data-element_type=\"widget\" data-e-type=\"widget\" data-widget_type=\"button.default\">\n\t\t\t\t<div class=\"elementor-widget-container\">\n\t\t\t\t\t\t\t\t\t<div class=\"elementor-button-wrapper\">\n\t\t\t\t\t<a class=\"elementor-button elementor-button-link elementor-size-xl\" href=\"#form\" target=\"_blank\" download=\"\">\n\t\t\t\t\t\t<span class=\"elementor-button-content-wrapper\">\n\t\t\t\t\t\t\t\t\t<span class=\"elementor-button-text\">T\u00c9L\u00c9CHARGER<\/span>\n\t\t\t\t\t<\/span>\n\t\t\t\t\t<\/a>\n\t\t\t\t<\/div>\n\t\t\t\t\t\t\t\t<\/div>\n\t\t\t\t<\/div>\n\t\t\t\t\t<\/div>\n\t\t<\/div>\n\t\t\t\t\t<\/div>\n\t\t<\/section>\n\t\t\t\t<section data-particle_enable=\"false\" data-particle-mobile-disabled=\"false\" class=\"elementor-section elementor-top-section elementor-element elementor-element-72dce122 elementor-section-boxed elementor-section-height-default elementor-section-height-default\" data-id=\"72dce122\" data-element_type=\"section\" data-e-type=\"section\" data-settings=\"{&quot;background_background&quot;:&quot;classic&quot;}\">\n\t\t\t\t\t\t\t<div class=\"elementor-background-overlay\"><\/div>\n\t\t\t\t\t\t\t<div class=\"elementor-container elementor-column-gap-custom\">\n\t\t\t\t\t<div class=\"elementor-column elementor-col-50 elementor-top-column elementor-element elementor-element-59f3450f\" data-id=\"59f3450f\" data-element_type=\"column\" data-e-type=\"column\" data-settings=\"{&quot;background_background&quot;:&quot;classic&quot;}\">\n\t\t\t<div class=\"elementor-widget-wrap elementor-element-populated\">\n\t\t\t\t\t\t<div class=\"elementor-element elementor-element-6fe5e93f elementor-widget elementor-widget-heading\" data-id=\"6fe5e93f\" data-element_type=\"widget\" data-e-type=\"widget\" data-widget_type=\"heading.default\">\n\t\t\t\t<div class=\"elementor-widget-container\">\n\t\t\t\t\t<h2 class=\"elementor-heading-title elementor-size-xl\">Et ce n'est pas tout !<\/h2>\t\t\t\t<\/div>\n\t\t\t\t<\/div>\n\t\t\t\t<div class=\"elementor-element elementor-element-59e303e4 elementor-drop-cap-yes elementor-drop-cap-view-default elementor-widget elementor-widget-text-editor\" data-id=\"59e303e4\" data-element_type=\"widget\" data-e-type=\"widget\" data-settings=\"{&quot;drop_cap&quot;:&quot;yes&quot;}\" data-widget_type=\"text-editor.default\">\n\t\t\t\t<div class=\"elementor-widget-container\">\n\t\t\t\t\t\t\t\t\t<p><span style=\"font-weight: 400;\">Ne manquez pas notre article <a href=\"https:\/\/ifeelonline.com\/fr\/une-strategie-de-bien-etre-en-entreprises\/\">sur l&rsquo;exp\u00e9rience collaborateurs<\/a>.<\/span><\/p><p><span style=\"font-weight: 400;\">Si vous souhaitez en savoir plus sur ce sujet, n&rsquo;oubliez pas de consulter notre article de blog sur ce th\u00e8me, o\u00f9 vous trouverez du contenu compl\u00e9mentaire ainsi que des informations utiles pour comprendre les bases de la mise en \u0153uvre d&rsquo;une exp\u00e9rience positive pour les employ\u00e9s.<\/span><\/p>\t\t\t\t\t\t\t\t<\/div>\n\t\t\t\t<\/div>\n\t\t\t\t<div class=\"elementor-element elementor-element-1bfe6c16 elementor-mobile-align-center elementor-align-left elementor-widget elementor-widget-button\" data-id=\"1bfe6c16\" data-element_type=\"widget\" data-e-type=\"widget\" data-widget_type=\"button.default\">\n\t\t\t\t<div class=\"elementor-widget-container\">\n\t\t\t\t\t\t\t\t\t<div class=\"elementor-button-wrapper\">\n\t\t\t\t\t<a class=\"elementor-button elementor-button-link elementor-size-xl\" href=\"#form\" target=\"_blank\" download=\"\">\n\t\t\t\t\t\t<span class=\"elementor-button-content-wrapper\">\n\t\t\t\t\t\t\t\t\t<span class=\"elementor-button-text\">T\u00c9L\u00c9CHARGER<\/span>\n\t\t\t\t\t<\/span>\n\t\t\t\t\t<\/a>\n\t\t\t\t<\/div>\n\t\t\t\t\t\t\t\t<\/div>\n\t\t\t\t<\/div>\n\t\t\t\t\t<\/div>\n\t\t<\/div>\n\t\t\t\t<div class=\"elementor-column elementor-col-50 elementor-top-column elementor-element elementor-element-2033b2d7\" data-id=\"2033b2d7\" data-element_type=\"column\" data-e-type=\"column\">\n\t\t\t<div class=\"elementor-widget-wrap elementor-element-populated\">\n\t\t\t\t\t\t<div class=\"elementor-element elementor-element-43c826f9 elementor-widget elementor-widget-image\" data-id=\"43c826f9\" data-element_type=\"widget\" data-e-type=\"widget\" data-widget_type=\"image.default\">\n\t\t\t\t<div class=\"elementor-widget-container\">\n\t\t\t\t\t\t\t\t\t\t\t\t\t\t\t<img decoding=\"async\" width=\"1975\" height=\"2048\" src=\"https:\/\/ifeelonline.com\/fr\/wp-content\/uploads\/sites\/3\/2023\/01\/Group-634-1.png\" class=\"attachment-full size-full wp-image-8157\" alt=\"\" srcset=\"https:\/\/ifeelonline.com\/fr\/wp-content\/uploads\/sites\/3\/2023\/01\/Group-634-1.png 1975w, https:\/\/ifeelonline.com\/fr\/wp-content\/uploads\/sites\/3\/2023\/01\/Group-634-1-289x300.png 289w, https:\/\/ifeelonline.com\/fr\/wp-content\/uploads\/sites\/3\/2023\/01\/Group-634-1-988x1024.png 988w, https:\/\/ifeelonline.com\/fr\/wp-content\/uploads\/sites\/3\/2023\/01\/Group-634-1-768x796.png 768w, https:\/\/ifeelonline.com\/fr\/wp-content\/uploads\/sites\/3\/2023\/01\/Group-634-1-1481x1536.png 1481w\" sizes=\"(max-width: 1975px) 100vw, 1975px\" \/>\t\t\t\t\t\t\t\t\t\t\t\t\t\t\t<\/div>\n\t\t\t\t<\/div>\n\t\t\t\t\t<\/div>\n\t\t<\/div>\n\t\t\t\t\t<\/div>\n\t\t<\/section>\n\t\t\t\t<\/div>\n\t\t\n    <div class=\"xs_social_share_widget xs_share_url after_content \t\tmain_content  wslu-style-1 wslu-share-box-shaped wslu-fill-colored wslu-none wslu-share-horizontal wslu-theme-font-no wslu-main_content\">\n\n\t\t\n        <ul>\n\t\t\t        <\/ul>\n    <\/div> \n","protected":false},"excerpt":{"rendered":"<p>Guide completExp\u00e9rience collaborateurs Qu&rsquo;est-ce que l&rsquo;exp\u00e9rience collaborateurs et quels sont ses avantages ? D\u00e9couvrez-le dans ce nouveau guide strat\u00e9gique. \u00a0 Notre \u00e9quipe de psychologues, experts en bien-\u00eatre mental, a cr\u00e9\u00e9 cette ressource sp\u00e9cialement con\u00e7ue pour aider les responsables des ressources humaines \u00e0 inspirer et \u00e0 am\u00e9liorer l&rsquo;exp\u00e9rience des collaborateurs. Pourquoi devez-vous t\u00e9l\u00e9charger ce guide et [&hellip;]<\/p>\n","protected":false},"author":48,"featured_media":8230,"parent":7514,"menu_order":0,"comment_status":"closed","ping_status":"closed","template":"","meta":{"content-type":"","postBodyCss":"","postBodyMargin":[],"postBodyPadding":[],"postBodyBackground":{"backgroundType":"classic","gradient":""},"footnotes":""},"class_list":["post-8153","page","type-page","status-publish","has-post-thumbnail","hentry"],"_links":{"self":[{"href":"https:\/\/ifeelonline.com\/fr\/wp-json\/wp\/v2\/pages\/8153","targetHints":{"allow":["GET"]}}],"collection":[{"href":"https:\/\/ifeelonline.com\/fr\/wp-json\/wp\/v2\/pages"}],"about":[{"href":"https:\/\/ifeelonline.com\/fr\/wp-json\/wp\/v2\/types\/page"}],"author":[{"embeddable":true,"href":"https:\/\/ifeelonline.com\/fr\/wp-json\/wp\/v2\/users\/48"}],"replies":[{"embeddable":true,"href":"https:\/\/ifeelonline.com\/fr\/wp-json\/wp\/v2\/comments?post=8153"}],"version-history":[{"count":0,"href":"https:\/\/ifeelonline.com\/fr\/wp-json\/wp\/v2\/pages\/8153\/revisions"}],"up":[{"embeddable":true,"href":"https:\/\/ifeelonline.com\/fr\/wp-json\/wp\/v2\/pages\/7514"}],"wp:featuredmedia":[{"embeddable":true,"href":"https:\/\/ifeelonline.com\/fr\/wp-json\/wp\/v2\/media\/8230"}],"wp:attachment":[{"href":"https:\/\/ifeelonline.com\/fr\/wp-json\/wp\/v2\/media?parent=8153"}],"curies":[{"name":"wp","href":"https:\/\/api.w.org\/{rel}","templated":true}]}}