{"id":7458,"date":"2022-07-27T07:24:23","date_gmt":"2022-07-27T06:24:23","guid":{"rendered":"https:\/\/ifeelonline.com\/fr\/?page_id=7458"},"modified":"2023-08-07T10:50:31","modified_gmt":"2023-08-07T09:50:31","slug":"cadre-strategique-pour-les-managers-rh","status":"publish","type":"page","link":"https:\/\/ifeelonline.com\/fr\/boite-a-outils-rh\/cadre-strategique-pour-les-managers-rh\/","title":{"rendered":"Cadre strat\u00e9gique pour les managers RH"},"content":{"rendered":"\t\t<div data-elementor-type=\"wp-page\" data-elementor-id=\"7458\" class=\"elementor elementor-7458\" data-elementor-post-type=\"page\">\n\t\t\t\t\t\t<section data-particle_enable=\"false\" data-particle-mobile-disabled=\"false\" class=\"elementor-section elementor-top-section elementor-element elementor-element-669272a2 elementor-section-boxed elementor-section-height-default elementor-section-height-default\" data-id=\"669272a2\" data-element_type=\"section\" data-e-type=\"section\" data-settings=\"{&quot;background_background&quot;:&quot;classic&quot;}\">\n\t\t\t\t\t\t<div class=\"elementor-container elementor-column-gap-custom\">\n\t\t\t\t\t<div class=\"elementor-column elementor-col-50 elementor-top-column elementor-element elementor-element-41e9b886\" data-id=\"41e9b886\" data-element_type=\"column\" data-e-type=\"column\">\n\t\t\t<div class=\"elementor-widget-wrap elementor-element-populated\">\n\t\t\t\t\t\t<div class=\"elementor-element elementor-element-21da7ef elementor-widget elementor-widget-image\" data-id=\"21da7ef\" data-element_type=\"widget\" data-e-type=\"widget\" data-widget_type=\"image.default\">\n\t\t\t\t<div class=\"elementor-widget-container\">\n\t\t\t\t\t\t\t\t\t\t\t\t\t\t\t<img decoding=\"async\" width=\"264\" height=\"84\" src=\"https:\/\/ifeelonline.com\/fr\/wp-content\/uploads\/sites\/3\/2023\/01\/Frame-1.png\" class=\"attachment-large size-large wp-image-8243\" alt=\"\" \/>\t\t\t\t\t\t\t\t\t\t\t\t\t\t\t<\/div>\n\t\t\t\t<\/div>\n\t\t\t\t<div class=\"elementor-element elementor-element-7a37108b elementor-widget elementor-widget-heading\" data-id=\"7a37108b\" data-element_type=\"widget\" data-e-type=\"widget\" data-widget_type=\"heading.default\">\n\t\t\t\t<div class=\"elementor-widget-container\">\n\t\t\t\t\t<h1 class=\"elementor-heading-title elementor-size-default\">T\u00e9l\u00e9chargez notre cadre strat\u00e9gique pour \n\nles managers RH<\/h1>\t\t\t\t<\/div>\n\t\t\t\t<\/div>\n\t\t\t\t<div class=\"elementor-element elementor-element-6a449dbe elementor-widget elementor-widget-heading\" data-id=\"6a449dbe\" data-element_type=\"widget\" data-e-type=\"widget\" data-widget_type=\"heading.default\">\n\t\t\t\t<div class=\"elementor-widget-container\">\n\t\t\t\t\t<h5 class=\"elementor-heading-title elementor-size-default\">VOUS VOULEZ AM\u00c9LIORER VOTRE STRAT\u00c9GIE DE RESSOURCES HUMAINES ? D\u00c9COUVREZ COMMENT VALORISER LES TALENTS DE VOTRE ORGANISATION ET ATTEINDRE VOS OBJECTIFS GR CE \u00c0 DES INITIATIVES ESSENTIELLES<\/h5>\t\t\t\t<\/div>\n\t\t\t\t<\/div>\n\t\t\t\t<div class=\"elementor-element elementor-element-20217bf elementor-widget elementor-widget-text-editor\" data-id=\"20217bf\" data-element_type=\"widget\" data-e-type=\"widget\" data-widget_type=\"text-editor.default\">\n\t\t\t\t<div class=\"elementor-widget-container\">\n\t\t\t\t\t\t\t\t\t<p><span style=\"font-weight: 400;\">Notre \u00e9quipe de psychologues sp\u00e9cialis\u00e9s dans le bien-\u00eatre au travail a cr\u00e9\u00e9 une ressource sp\u00e9cialement destin\u00e9e \u00e0 aider les responsables des ressources humaines \u00e0 comprendre les actions \u00e0 mener pour am\u00e9liorer le bien-\u00eatre psychologique de leurs \u00e9quipes.<\/span><\/p>\t\t\t\t\t\t\t\t<\/div>\n\t\t\t\t<\/div>\n\t\t\t\t\t<\/div>\n\t\t<\/div>\n\t\t\t\t<div class=\"elementor-column elementor-col-50 elementor-top-column elementor-element elementor-element-2b1c0493\" data-id=\"2b1c0493\" data-element_type=\"column\" data-e-type=\"column\" data-settings=\"{&quot;background_background&quot;:&quot;classic&quot;}\">\n\t\t\t<div class=\"elementor-widget-wrap elementor-element-populated\">\n\t\t\t\t\t\t<section data-particle_enable=\"false\" data-particle-mobile-disabled=\"false\" class=\"elementor-section elementor-inner-section elementor-element elementor-element-54a9028a elementor-section-boxed elementor-section-height-default elementor-section-height-default\" data-id=\"54a9028a\" data-element_type=\"section\" data-e-type=\"section\">\n\t\t\t\t\t\t<div class=\"elementor-container elementor-column-gap-default\">\n\t\t\t\t\t<div class=\"elementor-column elementor-col-100 elementor-inner-column elementor-element elementor-element-1db00df5\" data-id=\"1db00df5\" data-element_type=\"column\" data-e-type=\"column\" data-settings=\"{&quot;background_background&quot;:&quot;classic&quot;}\">\n\t\t\t<div class=\"elementor-widget-wrap elementor-element-populated\">\n\t\t\t\t\t\t<div class=\"elementor-element elementor-element-27bec3a elementor-widget elementor-widget-html\" data-id=\"27bec3a\" data-element_type=\"widget\" data-e-type=\"widget\" id=\"form\" data-widget_type=\"html.default\">\n\t\t\t\t<div class=\"elementor-widget-container\">\n\t\t\t\t\t<script charset=\"utf-8\" type=\"text\/javascript\" src=\"\/\/js-eu1.hsforms.net\/forms\/v2.js\"><\/script>\r\n<script>\r\n  hbspt.forms.create({\r\n    region: \"eu1\",\r\n    portalId: \"24884594\",\r\n    formId: \"fe61e822-3371-41b7-8b02-226fe60b497b\"\r\n  });\r\n<\/script>\t\t\t\t<\/div>\n\t\t\t\t<\/div>\n\t\t\t\t\t<\/div>\n\t\t<\/div>\n\t\t\t\t\t<\/div>\n\t\t<\/section>\n\t\t\t\t\t<\/div>\n\t\t<\/div>\n\t\t\t\t\t<\/div>\n\t\t<\/section>\n\t\t\t\t<section data-particle_enable=\"false\" data-particle-mobile-disabled=\"false\" class=\"elementor-section elementor-top-section elementor-element elementor-element-5cafc4d6 elementor-section-boxed elementor-section-height-default elementor-section-height-default\" data-id=\"5cafc4d6\" data-element_type=\"section\" data-e-type=\"section\" data-settings=\"{&quot;background_background&quot;:&quot;classic&quot;}\">\n\t\t\t\t\t\t<div class=\"elementor-container elementor-column-gap-custom\">\n\t\t\t\t\t<div class=\"elementor-column elementor-col-50 elementor-top-column elementor-element elementor-element-70884796\" data-id=\"70884796\" data-element_type=\"column\" data-e-type=\"column\">\n\t\t\t<div class=\"elementor-widget-wrap elementor-element-populated\">\n\t\t\t\t\t\t<div class=\"elementor-element elementor-element-1ea152b4 elementor-widget elementor-widget-image\" data-id=\"1ea152b4\" data-element_type=\"widget\" data-e-type=\"widget\" data-widget_type=\"image.default\">\n\t\t\t\t<div class=\"elementor-widget-container\">\n\t\t\t\t\t\t\t\t\t\t\t\t\t\t\t<img fetchpriority=\"high\" decoding=\"async\" width=\"475\" height=\"500\" src=\"https:\/\/ifeelonline.com\/fr\/wp-content\/uploads\/sites\/3\/2023\/02\/miniatura-web-ES-1.jpg\" class=\"attachment-full size-full wp-image-8443\" alt=\"T\u00e9l\u00e9chargez notre cadre strat\u00e9gique pour les managers RH\" srcset=\"https:\/\/ifeelonline.com\/fr\/wp-content\/uploads\/sites\/3\/2023\/02\/miniatura-web-ES-1.jpg 475w, https:\/\/ifeelonline.com\/fr\/wp-content\/uploads\/sites\/3\/2023\/02\/miniatura-web-ES-1-285x300.jpg 285w\" sizes=\"(max-width: 475px) 100vw, 475px\" \/>\t\t\t\t\t\t\t\t\t\t\t\t\t\t\t<\/div>\n\t\t\t\t<\/div>\n\t\t\t\t\t<\/div>\n\t\t<\/div>\n\t\t\t\t<div class=\"elementor-column elementor-col-50 elementor-top-column elementor-element elementor-element-65f81879\" data-id=\"65f81879\" data-element_type=\"column\" data-e-type=\"column\" data-settings=\"{&quot;background_background&quot;:&quot;classic&quot;}\">\n\t\t\t<div class=\"elementor-widget-wrap elementor-element-populated\">\n\t\t\t\t\t\t<div class=\"elementor-element elementor-element-23887d99 elementor-widget elementor-widget-heading\" data-id=\"23887d99\" data-element_type=\"widget\" data-e-type=\"widget\" data-widget_type=\"heading.default\">\n\t\t\t\t<div class=\"elementor-widget-container\">\n\t\t\t\t\t<h2 class=\"elementor-heading-title elementor-size-xl\">Que trouverez-vous dans cette Strat\u00e9gie pour les managers des ressources humaines ?<\/h2>\t\t\t\t<\/div>\n\t\t\t\t<\/div>\n\t\t\t\t<div class=\"elementor-element elementor-element-cce1fea elementor-widget elementor-widget-text-editor\" data-id=\"cce1fea\" data-element_type=\"widget\" data-e-type=\"widget\" data-widget_type=\"text-editor.default\">\n\t\t\t\t<div class=\"elementor-widget-container\">\n\t\t\t\t\t\t\t\t\t<p><b>Que trouverez-vous dans cette Strat\u00e9gie<\/b><span style=\"font-weight: 400;\"> pour les managers des ressources humaines ? <\/span><span style=\"font-weight: 400;\">Dans ce document, <\/span><b>vous d\u00e9couvrirez quels sont les domaines<\/b><span style=\"font-weight: 400;\"> fondamentaux <\/span><b>sur lesquels vous concentrer dans votre strat\u00e9gie de prise en charge du capital humain <\/b><span style=\"font-weight: 400;\">de votre entreprise.<br \/><\/span><\/p><p>\u00a0<\/p><p><b>Chaque strat\u00e9gie <\/b><span style=\"font-weight: 400;\">se compose <\/span><b>d\u2019un questionnaire simple :<\/b><span style=\"font-weight: 400;\"> r\u00e9pondez aux quatre questions de chaque section pour savoir si le point de d\u00e9part de <\/span><b>votre strat\u00e9gie en mati\u00e8re de ressources humaines est bon, perfectible ou difficile.<\/b><\/p><p>\u00a0<\/p><p><span style=\"font-weight: 400;\">Ne manquez pas cette occasion et <strong>commencez \u00e0 prendre soin des talents humains de votre organisation<\/strong> gr\u00e2ce \u00e0 notre strat\u00e9gie.<\/span><\/p>\t\t\t\t\t\t\t\t<\/div>\n\t\t\t\t<\/div>\n\t\t\t\t<div class=\"elementor-element elementor-element-881135a elementor-mobile-align-center elementor-align-left elementor-widget elementor-widget-button\" data-id=\"881135a\" data-element_type=\"widget\" data-e-type=\"widget\" data-widget_type=\"button.default\">\n\t\t\t\t<div class=\"elementor-widget-container\">\n\t\t\t\t\t\t\t\t\t<div class=\"elementor-button-wrapper\">\n\t\t\t\t\t<a class=\"elementor-button elementor-button-link elementor-size-xl\" href=\"#form\" target=\"_blank\" download=\"\">\n\t\t\t\t\t\t<span class=\"elementor-button-content-wrapper\">\n\t\t\t\t\t\t\t\t\t<span class=\"elementor-button-text\">T\u00e9l\u00e9charger<\/span>\n\t\t\t\t\t<\/span>\n\t\t\t\t\t<\/a>\n\t\t\t\t<\/div>\n\t\t\t\t\t\t\t\t<\/div>\n\t\t\t\t<\/div>\n\t\t\t\t\t<\/div>\n\t\t<\/div>\n\t\t\t\t\t<\/div>\n\t\t<\/section>\n\t\t\t\t<\/div>\n\t\t\n    <div class=\"xs_social_share_widget xs_share_url after_content \t\tmain_content  wslu-style-1 wslu-share-box-shaped wslu-fill-colored wslu-none wslu-share-horizontal wslu-theme-font-no wslu-main_content\">\n\n\t\t\n        <ul>\n\t\t\t        <\/ul>\n    <\/div> \n","protected":false},"excerpt":{"rendered":"<p>T\u00e9l\u00e9chargez notre cadre strat\u00e9gique pour les managers RH VOUS VOULEZ AM\u00c9LIORER VOTRE STRAT\u00c9GIE DE RESSOURCES HUMAINES ? D\u00c9COUVREZ COMMENT VALORISER LES TALENTS DE VOTRE ORGANISATION ET ATTEINDRE VOS OBJECTIFS GR CE \u00c0 DES INITIATIVES ESSENTIELLES Notre \u00e9quipe de psychologues sp\u00e9cialis\u00e9s dans le bien-\u00eatre au travail a cr\u00e9\u00e9 une ressource sp\u00e9cialement destin\u00e9e \u00e0 aider les responsables [&hellip;]<\/p>\n","protected":false},"author":48,"featured_media":8443,"parent":7514,"menu_order":0,"comment_status":"closed","ping_status":"closed","template":"","meta":{"content-type":"","postBodyCss":"","postBodyMargin":[],"postBodyPadding":[],"postBodyBackground":{"backgroundType":"classic","gradient":""},"footnotes":""},"class_list":["post-7458","page","type-page","status-publish","has-post-thumbnail","hentry"],"_links":{"self":[{"href":"https:\/\/ifeelonline.com\/fr\/wp-json\/wp\/v2\/pages\/7458","targetHints":{"allow":["GET"]}}],"collection":[{"href":"https:\/\/ifeelonline.com\/fr\/wp-json\/wp\/v2\/pages"}],"about":[{"href":"https:\/\/ifeelonline.com\/fr\/wp-json\/wp\/v2\/types\/page"}],"author":[{"embeddable":true,"href":"https:\/\/ifeelonline.com\/fr\/wp-json\/wp\/v2\/users\/48"}],"replies":[{"embeddable":true,"href":"https:\/\/ifeelonline.com\/fr\/wp-json\/wp\/v2\/comments?post=7458"}],"version-history":[{"count":0,"href":"https:\/\/ifeelonline.com\/fr\/wp-json\/wp\/v2\/pages\/7458\/revisions"}],"up":[{"embeddable":true,"href":"https:\/\/ifeelonline.com\/fr\/wp-json\/wp\/v2\/pages\/7514"}],"wp:featuredmedia":[{"embeddable":true,"href":"https:\/\/ifeelonline.com\/fr\/wp-json\/wp\/v2\/media\/8443"}],"wp:attachment":[{"href":"https:\/\/ifeelonline.com\/fr\/wp-json\/wp\/v2\/media?parent=7458"}],"curies":[{"name":"wp","href":"https:\/\/api.w.org\/{rel}","templated":true}]}}