{"id":7109,"date":"2021-11-12T12:08:34","date_gmt":"2021-11-12T11:08:34","guid":{"rendered":"https:\/\/ifeelonline.com\/fr\/contacto-generico-ifeel\/"},"modified":"2025-07-21T13:52:16","modified_gmt":"2025-07-21T12:52:16","slug":"contact-generique-ifeel","status":"publish","type":"page","link":"https:\/\/ifeelonline.com\/fr\/contact-generique-ifeel\/","title":{"rendered":"Contact g\u00e9n\u00e9rique ifeel"},"content":{"rendered":"\t\t<div data-elementor-type=\"wp-page\" data-elementor-id=\"7109\" class=\"elementor elementor-7109\" data-elementor-post-type=\"page\">\n\t\t\t\t\t\t<section data-particle_enable=\"false\" data-particle-mobile-disabled=\"false\" class=\"elementor-section elementor-top-section elementor-element elementor-element-ef0737f elementor-section-boxed elementor-section-height-default elementor-section-height-default\" data-id=\"ef0737f\" data-element_type=\"section\" data-e-type=\"section\" data-settings=\"{&quot;background_background&quot;:&quot;classic&quot;}\">\n\t\t\t\t\t\t\t<div class=\"elementor-background-overlay\"><\/div>\n\t\t\t\t\t\t\t<div class=\"elementor-container elementor-column-gap-default\">\n\t\t\t\t\t<div class=\"elementor-column elementor-col-50 elementor-top-column elementor-element elementor-element-cf891b1\" data-id=\"cf891b1\" data-element_type=\"column\" data-e-type=\"column\" data-settings=\"{&quot;background_background&quot;:&quot;classic&quot;}\">\n\t\t\t<div class=\"elementor-widget-wrap elementor-element-populated\">\n\t\t\t\t\t\t<div class=\"elementor-element elementor-element-42b2b8c titulo-personalizado elementor-widget elementor-widget-heading\" data-id=\"42b2b8c\" data-element_type=\"widget\" data-e-type=\"widget\" data-widget_type=\"heading.default\">\n\t\t\t\t<div class=\"elementor-widget-container\">\n\t\t\t\t\t<h1 class=\"elementor-heading-title elementor-size-default\">Contactez-nous<\/h1>\t\t\t\t<\/div>\n\t\t\t\t<\/div>\n\t\t\t\t<div class=\"elementor-element elementor-element-c9f5488 elementor-widget elementor-widget-text-editor\" data-id=\"c9f5488\" data-element_type=\"widget\" data-e-type=\"widget\" data-widget_type=\"text-editor.default\">\n\t\t\t\t<div class=\"elementor-widget-container\">\n\t\t\t\t\t\t\t\t\t<p style=\"text-align: left;\">Nous sommes heureux de r\u00e9pondre \u00e0 tout doute, question ou suggestion que vous avez sur ifeel.<\/p>\t\t\t\t\t\t\t\t<\/div>\n\t\t\t\t<\/div>\n\t\t\t\t<section data-particle_enable=\"false\" data-particle-mobile-disabled=\"false\" class=\"elementor-section elementor-inner-section elementor-element elementor-element-a3b4425 elementor-section-boxed elementor-section-height-default elementor-section-height-default\" data-id=\"a3b4425\" data-element_type=\"section\" data-e-type=\"section\">\n\t\t\t\t\t\t<div class=\"elementor-container elementor-column-gap-default\">\n\t\t\t\t\t<div class=\"elementor-column elementor-col-100 elementor-inner-column elementor-element elementor-element-8cca59c\" data-id=\"8cca59c\" data-element_type=\"column\" data-e-type=\"column\">\n\t\t\t<div class=\"elementor-widget-wrap elementor-element-populated\">\n\t\t\t\t\t\t<div class=\"elementor-element elementor-element-6326569 elementor-widget elementor-widget-button\" data-id=\"6326569\" data-element_type=\"widget\" data-e-type=\"widget\" data-widget_type=\"button.default\">\n\t\t\t\t<div class=\"elementor-widget-container\">\n\t\t\t\t\t\t\t\t\t<div class=\"elementor-button-wrapper\">\n\t\t\t\t\t<a class=\"elementor-button elementor-button-link elementor-size-sm elementor-animation-grow\" href=\"https:\/\/ifeelonline.com\/fr\/demander-une-demo\/\">\n\t\t\t\t\t\t<span class=\"elementor-button-content-wrapper\">\n\t\t\t\t\t\t\t\t\t<span class=\"elementor-button-text\">Contactez-nous<\/span>\n\t\t\t\t\t<\/span>\n\t\t\t\t\t<\/a>\n\t\t\t\t<\/div>\n\t\t\t\t\t\t\t\t<\/div>\n\t\t\t\t<\/div>\n\t\t\t\t\t<\/div>\n\t\t<\/div>\n\t\t\t\t\t<\/div>\n\t\t<\/section>\n\t\t\t\t\t<\/div>\n\t\t<\/div>\n\t\t\t\t<div class=\"elementor-column elementor-col-50 elementor-top-column elementor-element elementor-element-f30d603\" data-id=\"f30d603\" data-element_type=\"column\" data-e-type=\"column\" data-settings=\"{&quot;background_background&quot;:&quot;classic&quot;}\">\n\t\t\t<div class=\"elementor-widget-wrap elementor-element-populated\">\n\t\t\t\t\t<div class=\"elementor-background-overlay\"><\/div>\n\t\t\t\t\t\t<div class=\"elementor-element elementor-element-db11729 elementor-widget elementor-widget-image\" data-id=\"db11729\" data-element_type=\"widget\" data-e-type=\"widget\" data-widget_type=\"image.default\">\n\t\t\t\t<div class=\"elementor-widget-container\">\n\t\t\t\t\t\t\t\t\t\t\t\t\t\t\t<img fetchpriority=\"high\" decoding=\"async\" width=\"1041\" height=\"994\" src=\"https:\/\/ifeelonline.com\/fr\/wp-content\/uploads\/sites\/3\/2025\/03\/Frame-1618869642.png\" class=\"attachment-full size-full wp-image-12749\" alt=\"\" srcset=\"https:\/\/ifeelonline.com\/fr\/wp-content\/uploads\/sites\/3\/2025\/03\/Frame-1618869642.png 1041w, https:\/\/ifeelonline.com\/fr\/wp-content\/uploads\/sites\/3\/2025\/03\/Frame-1618869642-300x286.png 300w, https:\/\/ifeelonline.com\/fr\/wp-content\/uploads\/sites\/3\/2025\/03\/Frame-1618869642-1024x978.png 1024w, https:\/\/ifeelonline.com\/fr\/wp-content\/uploads\/sites\/3\/2025\/03\/Frame-1618869642-768x733.png 768w\" sizes=\"(max-width: 1041px) 100vw, 1041px\" \/>\t\t\t\t\t\t\t\t\t\t\t\t\t\t\t<\/div>\n\t\t\t\t<\/div>\n\t\t\t\t\t<\/div>\n\t\t<\/div>\n\t\t\t\t\t<\/div>\n\t\t<\/section>\n\t\t\t\t<section data-particle_enable=\"false\" data-particle-mobile-disabled=\"false\" class=\"elementor-section elementor-top-section elementor-element elementor-element-5cc3a618 elementor-section-boxed elementor-section-height-default elementor-section-height-default\" data-id=\"5cc3a618\" data-element_type=\"section\" data-e-type=\"section\">\n\t\t\t\t\t\t<div class=\"elementor-container elementor-column-gap-default\">\n\t\t\t\t\t<div class=\"elementor-column elementor-col-50 elementor-top-column elementor-element elementor-element-1d206952\" data-id=\"1d206952\" data-element_type=\"column\" data-e-type=\"column\">\n\t\t\t<div class=\"elementor-widget-wrap elementor-element-populated\">\n\t\t\t\t\t\t<div class=\"elementor-element elementor-element-7db0a592 elementor-view-default elementor-position-block-start elementor-mobile-position-block-start elementor-widget elementor-widget-icon-box\" data-id=\"7db0a592\" data-element_type=\"widget\" data-e-type=\"widget\" data-widget_type=\"icon-box.default\">\n\t\t\t\t<div class=\"elementor-widget-container\">\n\t\t\t\t\t\t\t<div class=\"elementor-icon-box-wrapper\">\n\n\t\t\t\t\t\t<div class=\"elementor-icon-box-icon\">\n\t\t\t\t<span  class=\"elementor-icon elementor-animation-shrink\">\n\t\t\t\t<svg xmlns=\"http:\/\/www.w3.org\/2000\/svg\" width=\"130\" height=\"130\" viewBox=\"0 0 130 130\" fill=\"none\"><path d=\"M0 65C0 29.1015 29.1015 0 65 0C100.899 0 130 29.1015 130 65C130 100.899 100.899 130 65 130C29.1015 130 0 100.899 0 65Z\" fill=\"#CDE4FA\"><\/path><path d=\"M96 45C96 38.93 91.07 34 85 34H45C38.93 34 34 38.93 34 45V76C34 82.07 38.93 87 45 87H52.1L58.34 93.24C60.12 95.02 62.48 96 65 96C67.52 96 69.88 95.02 71.66 93.24L77.9 87H85C91.07 87 96 82.07 96 76V45ZM90 76C90 78.76 87.76 81 85 81H77.48C76.14 81 74.89 81.52 73.95 82.46L67.41 89C66.77 89.64 65.91 90 65 90C64.09 90 63.23 89.64 62.59 89L56.05 82.46C55.11 81.52 53.85 81 52.52 81H45C42.24 81 40 78.76 40 76V55.79L58.69 66.35C62.53 68.52 67.46 68.52 71.3 66.35L89.99 55.79V76H90ZM90 48.89L68.35 61.12C67.33 61.7 66.16 61.98 65 61.98C63.84 61.98 62.67 61.69 61.65 61.12L40 48.89V45C40 42.24 42.24 40 45 40H85C87.76 40 90 42.24 90 45V48.89Z\" fill=\"#0B1941\"><\/path><\/svg>\t\t\t\t<\/span>\n\t\t\t<\/div>\n\t\t\t\n\t\t\t\t\t\t<div class=\"elementor-icon-box-content\">\n\n\t\t\t\t\t\t\t\t\t<h4 class=\"elementor-icon-box-title\">\n\t\t\t\t\t\t<span  >\n\t\t\t\t\t\t\tG\u00e9n\u00e9rale\t\t\t\t\t\t<\/span>\n\t\t\t\t\t<\/h4>\n\t\t\t\t\n\t\t\t\t\t\t\t\t\t<p class=\"elementor-icon-box-description\">\n\t\t\t\t\t\tVous avez une question g\u00e9n\u00e9rale sur ifeel ? <br>Envoyez-nous un email \u00e0 info@ifeelonline.com\t\t\t\t\t<\/p>\n\t\t\t\t\n\t\t\t<\/div>\n\t\t\t\n\t\t<\/div>\n\t\t\t\t\t\t<\/div>\n\t\t\t\t<\/div>\n\t\t\t\t\t<\/div>\n\t\t<\/div>\n\t\t\t\t<div class=\"elementor-column elementor-col-50 elementor-top-column elementor-element elementor-element-129d63c\" data-id=\"129d63c\" data-element_type=\"column\" data-e-type=\"column\">\n\t\t\t<div class=\"elementor-widget-wrap elementor-element-populated\">\n\t\t\t\t\t\t<div class=\"elementor-element elementor-element-535c7c17 elementor-view-default elementor-position-block-start elementor-mobile-position-block-start elementor-widget elementor-widget-icon-box\" data-id=\"535c7c17\" data-element_type=\"widget\" data-e-type=\"widget\" data-widget_type=\"icon-box.default\">\n\t\t\t\t<div class=\"elementor-widget-container\">\n\t\t\t\t\t\t\t<div class=\"elementor-icon-box-wrapper\">\n\n\t\t\t\t\t\t<div class=\"elementor-icon-box-icon\">\n\t\t\t\t<span  class=\"elementor-icon elementor-animation-shrink\">\n\t\t\t\t<svg xmlns=\"http:\/\/www.w3.org\/2000\/svg\" width=\"130\" height=\"130\" viewBox=\"0 0 130 130\" fill=\"none\"><path d=\"M0 65C0 29.1015 29.1015 0 65 0C100.899 0 130 29.1015 130 65C130 100.899 100.899 130 65 130C29.1015 130 0 100.899 0 65Z\" fill=\"#CDE4FA\"><\/path><path d=\"M96.02 44C96.02 40.14 92.88 37 89.02 37H84.33C77.46 37 71 39.23 65.63 43.45L65.01 43.94L64.39 43.45C59.03 39.23 52.56 37 45.69 37H41C37.14 37 34 40.14 34 44V80C34 83.86 37.14 87 41 87H45.69C50.62 87 55.38 88.47 59.44 91.26C62.75 93.53 67.25 93.53 70.56 91.26C74.63 88.47 79.38 87 84.31 87H89C92.86 87 96 83.86 96 80V44H96.02ZM62.02 85.71L60.53 84.87C56.03 82.34 50.9 81 45.71 81H41.02C40.47 81 40.02 80.55 40.02 80V44C40.02 43.45 40.47 43 41.02 43H45.71C51.59 43 57.26 45.13 61.68 48.99L62.02 49.29V85.71ZM90.02 80C90.02 80.55 89.57 81 89.02 81H84.33C79.13 81 74.01 82.34 69.51 84.87L68.02 85.71V49.29L68.36 48.99C72.78 45.13 78.45 43 84.33 43H89.02C89.57 43 90.02 43.45 90.02 44V80Z\" fill=\"#0B1941\"><\/path><\/svg>\t\t\t\t<\/span>\n\t\t\t<\/div>\n\t\t\t\n\t\t\t\t\t\t<div class=\"elementor-icon-box-content\">\n\n\t\t\t\t\t\t\t\t\t<h4 class=\"elementor-icon-box-title\">\n\t\t\t\t\t\t<span  >\n\t\t\t\t\t\t\tPresse\t\t\t\t\t\t<\/span>\n\t\t\t\t\t<\/h4>\n\t\t\t\t\n\t\t\t\t\t\t\t\t\t<p class=\"elementor-icon-box-description\">\n\t\t\t\t\t\tNotre service de presse se tient \u00e0 votre disposition pour\nde r\u00e9pondre \u00e0 vos questions : info@ifeelonline.com \t\t\t\t\t<\/p>\n\t\t\t\t\n\t\t\t<\/div>\n\t\t\t\n\t\t<\/div>\n\t\t\t\t\t\t<\/div>\n\t\t\t\t<\/div>\n\t\t\t\t\t<\/div>\n\t\t<\/div>\n\t\t\t\t\t<\/div>\n\t\t<\/section>\n\t\t\t\t<section data-particle_enable=\"false\" data-particle-mobile-disabled=\"false\" class=\"elementor-section elementor-top-section elementor-element elementor-element-1a70f23e elementor-section-boxed elementor-section-height-default elementor-section-height-default\" data-id=\"1a70f23e\" data-element_type=\"section\" data-e-type=\"section\">\n\t\t\t\t\t\t<div class=\"elementor-container elementor-column-gap-default\">\n\t\t\t\t\t<div class=\"elementor-column elementor-col-50 elementor-top-column elementor-element elementor-element-29a4076e\" data-id=\"29a4076e\" data-element_type=\"column\" data-e-type=\"column\">\n\t\t\t<div class=\"elementor-widget-wrap elementor-element-populated\">\n\t\t\t\t\t\t<div class=\"elementor-element elementor-element-3b245ec5 elementor-view-default elementor-position-block-start elementor-mobile-position-block-start elementor-widget elementor-widget-icon-box\" data-id=\"3b245ec5\" data-element_type=\"widget\" data-e-type=\"widget\" data-widget_type=\"icon-box.default\">\n\t\t\t\t<div class=\"elementor-widget-container\">\n\t\t\t\t\t\t\t<div class=\"elementor-icon-box-wrapper\">\n\n\t\t\t\t\t\t<div class=\"elementor-icon-box-icon\">\n\t\t\t\t<span  class=\"elementor-icon elementor-animation-shrink\">\n\t\t\t\t<svg xmlns=\"http:\/\/www.w3.org\/2000\/svg\" width=\"130\" height=\"130\" viewBox=\"0 0 130 130\" fill=\"none\"><path d=\"M0 65C0 29.1015 29.1015 0 65 0C100.899 0 130 29.1015 130 65C130 100.899 100.899 130 65 130C29.1015 130 0 100.899 0 65Z\" fill=\"#CDE4FA\"><\/path><path d=\"M89.9726 51.1875C87.7226 50.0469 86.1445 49.9883 80.9726 49.9883H79.9726V47.9883C79.9726 45 79.9726 43.3593 79.5038 41.7968C78.4335 38.2773 75.6953 35.5352 72.1758 34.4688C70.6875 34.0195 68.5742 34 64.9843 34C61.3945 34 59.2852 34.0195 57.7929 34.4688C54.2734 35.539 51.5313 38.2773 50.4649 41.7968C49.9961 43.3554 49.9961 45.0078 49.9961 47.9883V49.9883H48.7969C45.0586 49.9883 42.3555 49.9883 40.0078 51.1875C37.9297 52.246 36.2578 53.9062 35.1992 55.996C34 58.3476 34 60.996 34 65.7851V80.1832C34 84.984 34 87.6245 35.1992 89.9723C36.2578 92.0504 37.9297 93.7222 40.0078 94.7808C42.3594 95.98 45.0078 95.98 49.7969 95.98H80.1949C84.9957 95.98 87.6363 95.98 89.984 94.7808C92.0621 93.7222 93.734 92.062 94.7926 89.9723C95.9918 87.6207 95.9918 84.9723 95.9918 80.1832V65.7851C95.9918 60.9843 95.9918 58.3437 94.7926 55.996C93.734 53.9179 92.0738 52.246 89.984 51.1875H89.9726ZM55.9846 47.9883C55.9846 45.3985 55.9846 44.2187 56.2034 43.539C56.6916 41.9374 57.9222 40.6992 59.512 40.2109C60.3205 40 62.3831 39.9922 64.9808 39.9922C67.5824 39.9922 69.6409 40.0039 70.3909 40.1914C72.0393 40.6914 73.2816 41.9297 73.7699 43.543C73.9808 44.2227 73.9808 45.4024 73.9808 47.9922V49.9922H55.9808V47.9922L55.9846 47.9883ZM89.9846 80.1872C89.9846 84.0583 89.9846 86.1872 89.4338 87.2575C88.9651 88.1872 88.1838 88.9684 87.2541 89.4372C86.1838 89.9763 84.0549 89.9763 80.1838 89.9763H49.7858C45.9147 89.9763 43.7858 89.9763 42.7155 89.4372C41.7663 88.9568 41.0163 88.1989 40.5358 87.2458C39.9968 86.1755 39.9968 84.0467 39.9968 80.1756V65.7775C39.9968 61.9065 39.9968 59.7775 40.5475 58.7072C41.028 57.758 41.7858 57.008 42.7272 56.5275C43.7975 55.9885 45.8991 55.9885 48.7975 55.9885H80.1955C85.5158 55.9885 86.2541 56.0197 87.2658 56.5393C88.1955 57.008 88.9767 57.7893 89.4455 58.719C89.9846 59.7893 89.9846 61.9182 89.9846 65.7893V80.1872Z\" fill=\"#0B1941\"><\/path><\/svg>\t\t\t\t<\/span>\n\t\t\t<\/div>\n\t\t\t\n\t\t\t\t\t\t<div class=\"elementor-icon-box-content\">\n\n\t\t\t\t\t\t\t\t\t<h4 class=\"elementor-icon-box-title\">\n\t\t\t\t\t\t<span  >\n\t\t\t\t\t\t\tEntreprises\t\t\t\t\t\t<\/span>\n\t\t\t\t\t<\/h4>\n\t\t\t\t\n\t\t\t\t\t\t\t\t\t<p class=\"elementor-icon-box-description\">\n\t\t\t\t\t\tSi vous avez des questions concernant notre programme pour les entreprises, visitez notre page\n <a>\ncontact pour les entreprises<\/a>\t\t\t\t\t<\/p>\n\t\t\t\t\n\t\t\t<\/div>\n\t\t\t\n\t\t<\/div>\n\t\t\t\t\t\t<\/div>\n\t\t\t\t<\/div>\n\t\t\t\t\t<\/div>\n\t\t<\/div>\n\t\t\t\t<div class=\"elementor-column elementor-col-50 elementor-top-column elementor-element elementor-element-40519c5a\" data-id=\"40519c5a\" data-element_type=\"column\" data-e-type=\"column\">\n\t\t\t<div class=\"elementor-widget-wrap elementor-element-populated\">\n\t\t\t\t\t\t<div class=\"elementor-element elementor-element-225828eb elementor-view-default elementor-position-block-start elementor-mobile-position-block-start elementor-widget elementor-widget-icon-box\" data-id=\"225828eb\" data-element_type=\"widget\" data-e-type=\"widget\" data-widget_type=\"icon-box.default\">\n\t\t\t\t<div class=\"elementor-widget-container\">\n\t\t\t\t\t\t\t<div class=\"elementor-icon-box-wrapper\">\n\n\t\t\t\t\t\t<div class=\"elementor-icon-box-icon\">\n\t\t\t\t<span  class=\"elementor-icon elementor-animation-shrink\">\n\t\t\t\t<svg xmlns=\"http:\/\/www.w3.org\/2000\/svg\" width=\"130\" height=\"130\" viewBox=\"0 0 130 130\" fill=\"none\"><path d=\"M0 65C0 29.1015 29.1015 0 65 0C100.899 0 130 29.1015 130 65C130 100.899 100.899 130 65 130C29.1015 130 0 100.899 0 65Z\" fill=\"#CDE4FA\"><\/path><path d=\"M45 87H52.1L58.34 93.24C60.12 95.02 62.48 96 65 96C67.52 96 69.88 95.02 71.66 93.24L77.9 87H85C91.07 87 96 82.07 96 76V45C96 38.93 91.07 34 85 34H45C38.93 34 34 38.93 34 45V76C34 82.07 38.93 87 45 87ZM75.35 81.49C74.82 81.74 74.35 82.07 73.95 82.47L67.41 89.01C66.77 89.66 65.91 90.01 65 90.01C64.09 90.01 63.23 89.66 62.59 89.01L56.05 82.47C55.65 82.07 55.18 81.75 54.65 81.49L53.78 81.08L54.15 80.2C55.99 75.83 60.25 73 64.99 73C69.73 73 73.99 75.82 75.83 80.2L76.2 81.08L75.34 81.49H75.35ZM58 60C58 56.14 61.14 53 65 53C68.86 53 72 56.14 72 60C72 63.86 68.86 67 65 67C61.14 67 58 63.86 58 60ZM40 45C40 42.24 42.24 40 45 40H85C87.76 40 90 42.24 90 45V76C90 78.76 87.76 81 85 81H82.63L81.5 78.17C80.17 74.84 77.91 72.02 74.96 70.03L74.02 69.4L74.77 68.55C76.85 66.17 78 63.14 78 60C78 52.83 72.17 47 65 47C57.83 47 52 52.83 52 60C52 63.13 53.15 66.17 55.23 68.55L55.98 69.4L55.04 70.03C52.1 72.02 49.84 74.83 48.5 78.17L47.37 81H45C42.24 81 40 78.76 40 76V45Z\" fill=\"#0B1941\"><\/path><\/svg>\t\t\t\t<\/span>\n\t\t\t<\/div>\n\t\t\t\n\t\t\t\t\t\t<div class=\"elementor-icon-box-content\">\n\n\t\t\t\t\t\t\t\t\t<h4 class=\"elementor-icon-box-title\">\n\t\t\t\t\t\t<span  >\n\t\t\t\t\t\t\tHR\t\t\t\t\t\t<\/span>\n\t\t\t\t\t<\/h4>\n\t\t\t\t\n\t\t\t\t\t\t\t\t\t<p class=\"elementor-icon-box-description\">\n\t\t\t\t\t\tSouhaitez-vous faire partie d'ifeel? <br>Envoyez-nous votre CV \u00e0 hr@ifeelonline.com\n<br><br>\t\t\t\t\t<\/p>\n\t\t\t\t\n\t\t\t<\/div>\n\t\t\t\n\t\t<\/div>\n\t\t\t\t\t\t<\/div>\n\t\t\t\t<\/div>\n\t\t\t\t\t<\/div>\n\t\t<\/div>\n\t\t\t\t\t<\/div>\n\t\t<\/section>\n\t\t\t\t<\/div>\n\t\t\n    <div class=\"xs_social_share_widget xs_share_url after_content \t\tmain_content  wslu-style-1 wslu-share-box-shaped wslu-fill-colored wslu-none wslu-share-horizontal wslu-theme-font-no wslu-main_content\">\n\n\t\t\n        <ul>\n\t\t\t        <\/ul>\n    <\/div> \n","protected":false},"excerpt":{"rendered":"<p>Contactez-nous Nous sommes heureux de r\u00e9pondre \u00e0 tout doute, question ou suggestion que vous avez sur ifeel. Contactez-nous G\u00e9n\u00e9rale Vous avez une question g\u00e9n\u00e9rale sur ifeel ? Envoyez-nous un email \u00e0 info@ifeelonline.com Presse Notre service de presse se tient \u00e0 votre disposition pour de r\u00e9pondre \u00e0 vos questions : info@ifeelonline.com Entreprises Si vous avez des [&hellip;]<\/p>\n","protected":false},"author":6,"featured_media":0,"parent":0,"menu_order":0,"comment_status":"closed","ping_status":"closed","template":"","meta":{"content-type":"","postBodyCss":"","postBodyMargin":[],"postBodyPadding":[],"postBodyBackground":{"backgroundType":"classic","gradient":""},"footnotes":""},"class_list":["post-7109","page","type-page","status-publish","hentry"],"_links":{"self":[{"href":"https:\/\/ifeelonline.com\/fr\/wp-json\/wp\/v2\/pages\/7109","targetHints":{"allow":["GET"]}}],"collection":[{"href":"https:\/\/ifeelonline.com\/fr\/wp-json\/wp\/v2\/pages"}],"about":[{"href":"https:\/\/ifeelonline.com\/fr\/wp-json\/wp\/v2\/types\/page"}],"author":[{"embeddable":true,"href":"https:\/\/ifeelonline.com\/fr\/wp-json\/wp\/v2\/users\/6"}],"replies":[{"embeddable":true,"href":"https:\/\/ifeelonline.com\/fr\/wp-json\/wp\/v2\/comments?post=7109"}],"version-history":[{"count":0,"href":"https:\/\/ifeelonline.com\/fr\/wp-json\/wp\/v2\/pages\/7109\/revisions"}],"wp:attachment":[{"href":"https:\/\/ifeelonline.com\/fr\/wp-json\/wp\/v2\/media?parent=7109"}],"curies":[{"name":"wp","href":"https:\/\/api.w.org\/{rel}","templated":true}]}}