{"id":57,"date":"2016-09-28T04:29:57","date_gmt":"2016-09-28T03:29:57","guid":{"rendered":"http:\/\/192.254.236.206\/~user\/?page_id=57"},"modified":"2025-04-10T11:51:52","modified_gmt":"2025-04-10T10:51:52","slug":"privacy-policy","status":"publish","type":"page","link":"https:\/\/ifeelonline.com\/fr\/privacy-policy\/","title":{"rendered":"Politique de confidentialit\u00e9 du site web"},"content":{"rendered":"\t\t<div data-elementor-type=\"wp-page\" data-elementor-id=\"57\" class=\"elementor elementor-57\" data-elementor-post-type=\"page\">\n\t\t\t\t\t\t<section data-particle_enable=\"false\" data-particle-mobile-disabled=\"false\" class=\"elementor-section elementor-top-section elementor-element elementor-element-32d0ce22 elementor-section-boxed elementor-section-height-default elementor-section-height-default\" data-id=\"32d0ce22\" data-element_type=\"section\" data-e-type=\"section\">\n\t\t\t\t\t\t<div class=\"elementor-container elementor-column-gap-default\">\n\t\t\t\t\t<div class=\"elementor-column elementor-col-100 elementor-top-column elementor-element elementor-element-1b3f11b6\" data-id=\"1b3f11b6\" data-element_type=\"column\" data-e-type=\"column\">\n\t\t\t<div class=\"elementor-widget-wrap elementor-element-populated\">\n\t\t\t\t\t\t<div class=\"elementor-element elementor-element-d8bbcb2 elementor-widget elementor-widget-text-editor\" data-id=\"d8bbcb2\" data-element_type=\"widget\" data-e-type=\"widget\" data-widget_type=\"text-editor.default\">\n\t\t\t\t<div class=\"elementor-widget-container\">\n\t\t\t\t\t\t\t\t\t<h1>Politique de confidentialit\u00e9 du site web<\/h1><hr \/><p><span style=\"font-weight: 400;\">Derni\u00e8re mise \u00e0 jour : 02\/04\/2024<br \/><\/span><\/p><h3 id=\"1introduction\"><span style=\"color: #0b1941;\">1. Introduction<\/span><\/h3><p>Chez DIGITAL MIND SOLUTIONS, S.L.U. (ci-apr\u00e8s \u00ab\u00a0ifeel\u00a0\u00bb), nous nous effor\u00e7ons de vous offrir la meilleure exp\u00e9rience possible \u00e0 travers nos produits et services. Dans certains cas, il est n\u00e9cessaire de collecter des informations pour y parvenir. Nous sommes soucieux du respect de votre vie priv\u00e9e et pensons que nous devons \u00eatre transparents \u00e0 ce sujet. Par cons\u00e9quent, et aux fins des dispositions du R\u00c8GLEMENT (UE) 2016\/679 DU PARLEMENT EUROP\u00c9EN ET DU CONSEIL du 27 avril 2016 (ci-apr\u00e8s \u00ab\u00a0RGPD\u00a0\u00bb) sur la protection des personnes physiques \u00e0 l&rsquo;\u00e9gard du traitement des donn\u00e9es \u00e0 caract\u00e8re personnel et sur la libre circulation de ces donn\u00e9es, et la loi 34\/2002 du 11 juillet 2002 sur les services de la soci\u00e9t\u00e9 de l&rsquo;information et le commerce \u00e9lectronique (ci-apr\u00e8s, \u00ab\u00a0LSSI\u00a0\u00bb), ifeel informe l&rsquo;utilisateur que, en tant que responsable du traitement, il incorporera les donn\u00e9es personnelles fournies par les utilisateurs dans un fichier automatis\u00e9.<br \/><br \/><\/p><h3 id=\"2responsabledutraitement\"><span style=\"color: #0b1941;\">2. Responsable du traitement<\/span><\/h3><p>Soci\u00e9t\u00e9 : Digital Mind Solutions, S.L.U.<br \/>Si\u00e8ge social : C. de Jos\u00e9 Ortega y Gasset, 100, 6A, 28006 Madrid<br \/>Num\u00e9ro Fiscal : B87593851<br \/>Courriel : dpo@ifeelonline.com<br \/><br \/><\/p><h3 id=\"3collectedesdonnespersonnellesetleurtraitement\"><span style=\"color: #0b1941;\">3. Collecte des donn\u00e9es personnelles et leur traitement<\/span><\/h3><p>La cat\u00e9gorie de donn\u00e9es personnelles que nous collectons est la suivante :<\/p><p><strong>Formulaire de demande DEMO :<\/strong><\/p><ul><li>Nom<\/li><li>Pays<\/li><li>Num\u00e9ro de t\u00e9l\u00e9phone et adresse \u00e9lectronique<\/li><li>Nom de l&rsquo;entreprise et nombre d&#8217;employ\u00e9s<\/li><\/ul><p><strong>Formulaires de t\u00e9l\u00e9chargement de contenus du site web :<\/strong><\/p><ul><li>Nom de l&rsquo;entreprise<\/li><li>Pays d&rsquo;origine<\/li><li>Num\u00e9ro de t\u00e9l\u00e9phone et adresse \u00e9lectronique<\/li><li>Nom de l&rsquo;entreprise et nombre d&#8217;employ\u00e9s<\/li><\/ul><p><strong>Chatbot :<\/strong><\/p><ul><li>Nom<\/li><li>Courriel de l&rsquo;entreprise<\/li><li>Pays<\/li><\/ul><p><strong>Informations de navigation :<\/strong><\/p><ul><li>Adresse IP, agent utilisateur, date et heure d&rsquo;acc\u00e8s \u00e0 nos services, navigateur Internet utilis\u00e9 et donn\u00e9es relatives au syst\u00e8me d&rsquo;exploitation de votre appareil.<\/li><\/ul><p>Toute autre information ou donn\u00e9e que vous choisissez de partager avec nous. Dans certains cas, il est obligatoire de remplir le formulaire de collecte de donn\u00e9es pour pouvoir acc\u00e9der et profiter de certains services offerts sur le site web ; de m\u00eame, le fait de ne pas fournir les donn\u00e9es personnelles demand\u00e9es ou de ne pas accepter cette politique de protection des donn\u00e9es entra\u00eene l&rsquo;impossibilit\u00e9 de s&rsquo;abonner, de s&rsquo;enregistrer ou de participer \u00e0 l&rsquo;une des promotions pour lesquelles des donn\u00e9es personnelles sont demand\u00e9es.<\/p><p>Les finalit\u00e9s pour lesquelles nous traitons vos donn\u00e9es personnelles sont les suivantes :<\/p><ul><li>G\u00e9rer la demande d&rsquo;informations sur nos services.<\/li><li>D\u00e9velopper des actions commerciales et effectuer le maintien et la gestion de la relation avec l&rsquo;utilisateur, ainsi que la gestion des services offerts \u00e0 travers le site web.<\/li><li>Dans certains cas, il sera n\u00e9cessaire de fournir des informations aux autorit\u00e9s ou \u00e0 des soci\u00e9t\u00e9s tierces \u00e0 des fins d&rsquo;audit, ainsi que de traiter les donn\u00e9es personnelles figurant sur les factures, les contrats et les documents afin de r\u00e9pondre aux r\u00e9clamations des clients ou de l&rsquo;administration publique.<\/li><\/ul><p>\u00a0<\/p><h3 id=\"4basejuridiquedutraitementdevosdonnes\"><span style=\"color: #0b1941;\">4. Base juridique du traitement de vos donn\u00e9es<\/span><\/h3><p>La base juridique justifiant le traitement de vos donn\u00e9es mentionn\u00e9es ci-dessus est la suivante :<\/p><ul><li>Le consentement de l&rsquo;int\u00e9ress\u00e9 \u00e0 recevoir des informations sur nos services et produits par le biais de formulaires de contact et\/ou de courriers \u00e9lectroniques, l&rsquo;inscription \u00e0 des bulletins d&rsquo;information.<\/li><li>Int\u00e9r\u00eat l\u00e9gitime pour le traitement des donn\u00e9es de nos clients dans le cadre d&rsquo;actions de marketing direct.<\/li><li>Respect des obligations l\u00e9gales en mati\u00e8re de pr\u00e9vention de la fraude, de communication avec les autorit\u00e9s publiques et de r\u00e9clamations de tiers.<\/li><\/ul><p>\u00a0<\/p><h3 id=\"5conservationdevosdonnespersonnelles\"><span style=\"color: #0b1941;\">5. Conservation de vos donn\u00e9es personnelles<\/span><\/h3><p>Le traitement des donn\u00e9es aux fins d\u00e9crites sera maintenu pendant le temps n\u00e9cessaire pour atteindre l&rsquo;objectif de leur collecte et\/ou jusqu&rsquo;\u00e0 ce que vous r\u00e9voquiez votre consentement, sans pr\u00e9judice du respect des obligations l\u00e9gales d\u00e9coulant du traitement des donn\u00e9es et lorsque cela est n\u00e9cessaire pour la formulation, l&rsquo;exercice ou la d\u00e9fense de r\u00e9clamations potentielles, \u00e0 condition que cela soit autoris\u00e9 par la loi applicable. Pour de plus amples informations, veuillez nous contacter \u00e0 l&rsquo;adresse suivante : dpo@ifeelonline.com.<br \/><br \/><br \/><\/p><h3 id=\"6transfertdevosdonnesdestiers\"><span style=\"color: #0b1941;\">6. Transfert de vos donn\u00e9es \u00e0 des tiers<\/span><\/h3><p>Les donn\u00e9es trait\u00e9es par ifeel sont h\u00e9berg\u00e9es dans l&rsquo;UE et trait\u00e9es dans l&rsquo;UE ou dans le pays tiers que la Commission europ\u00e9enne consid\u00e8re comme offrant un niveau de s\u00e9curit\u00e9 ad\u00e9quat, ou par des fournisseurs de services qui ont conclu des accords contraignants qui respectent pleinement la loi sur les transferts vers des pays tiers. \u00c0 cet \u00e9gard, vos donn\u00e9es seront stock\u00e9es dans la r\u00e9gion EU-West1 d&rsquo;Amazon Web Services (AWS), plus pr\u00e9cis\u00e9ment en Irlande.<\/p><p>Les autres destinataires de vos donn\u00e9es peuvent \u00eatre des agences gouvernementales et des administrations, dans la mesure o\u00f9 nous sommes l\u00e9galement tenus de le faire, et des soci\u00e9t\u00e9s de services, telles que des conseillers fiscaux ou des avocats. ifeel s&rsquo;efforce de garantir la s\u00e9curit\u00e9 des donn\u00e9es personnelles lorsqu&rsquo;elles sont envoy\u00e9es en dehors de l&rsquo;entreprise et veille \u00e0 ce que les prestataires de services tiers respectent la confidentialit\u00e9 et mettent en place des mesures appropri\u00e9es pour prot\u00e9ger les donn\u00e9es personnelles. Ces tiers sont tenus de veiller \u00e0 ce que les informations soient trait\u00e9es conform\u00e9ment \u00e0 la r\u00e9glementation relative \u00e0 la protection de la vie priv\u00e9e.<br \/><br \/><\/p><h3 id=\"7exercicedevosdroitsetmodalitsdexercice\"><span style=\"color: #0b1941;\">7. Exercice de vos droits et modalit\u00e9s d&rsquo;exercice<\/span><\/h3><p>Vous pouvez adresser vos communications et exercer vos droits en envoyant une demande \u00e0 l&rsquo;adresse \u00e9lectronique suivante : dpo@ifeelonline.com.<\/p><p>Conform\u00e9ment au GDPR, vous disposez de certains droits en ce qui concerne notre traitement de vos donn\u00e9es \u00e0 caract\u00e8re personnel :<\/p><ul><li>Droit d&rsquo;\u00eatre inform\u00e9 : vous avez le droit de recevoir des informations claires, transparentes et facilement compr\u00e9hensibles sur la mani\u00e8re dont nous utilisons vos donn\u00e9es personnelles et sur vos droits.<\/li><li>Droit d&rsquo;acc\u00e8s : vous avez le droit d&rsquo;obtenir l&rsquo;acc\u00e8s \u00e0 vos donn\u00e9es \u00e0 caract\u00e8re personnel.<\/li><li>Droit de rectification : vous avez le droit de faire rectifier vos donn\u00e9es \u00e0 caract\u00e8re personnel si elles sont inexactes ou incompl\u00e8tes.<\/li><li>Droit d&rsquo;effacement : ce droit vous permet de demander l&rsquo;effacement ou la suppression de vos donn\u00e9es \u00e0 caract\u00e8re personnel lorsqu&rsquo;il n&rsquo;y a pas de raison imp\u00e9rieuse pour que nous continuions \u00e0 les utiliser. Il ne s&rsquo;agit pas d&rsquo;un droit d&rsquo;effacement absolu et des exceptions s&rsquo;appliquent.<\/li><li>Droit de restreindre le traitement : vous avez le droit de \u00ab\u00a0bloquer\u00a0\u00bb ou de supprimer l&rsquo;utilisation ult\u00e9rieure de vos donn\u00e9es \u00e0 caract\u00e8re personnel. Lorsque le traitement est restreint, nous pouvons continuer \u00e0 stocker vos donn\u00e9es \u00e0 caract\u00e8re personnel, mais nous ne pouvons plus les utiliser.<\/li><li>Droit \u00e0 la portabilit\u00e9 des donn\u00e9es : vous avez le droit d&rsquo;obtenir et de r\u00e9utiliser vos donn\u00e9es \u00e0 caract\u00e8re personnel \u00e0 vos propres fins dans diff\u00e9rents services.<\/li><li>Droit d&rsquo;opposition au traitement : vous avez le droit de vous opposer \u00e0 certains types de traitement.<\/li><li>Droit de ne pas \u00eatre soumis \u00e0 une prise de d\u00e9cision automatis\u00e9e : vous avez le droit de ne pas \u00eatre soumis \u00e0 une d\u00e9cision fond\u00e9e exclusivement sur un traitement automatis\u00e9 (y compris le profilage) qui produit des effets juridiques (ou des effets significatifs similaires) pour vous.<\/li><\/ul><p>Dans certains cas, la demande peut \u00eatre refus\u00e9e si vous demandez l&rsquo;effacement de donn\u00e9es n\u00e9cessaires au respect d&rsquo;obligations l\u00e9gales. Par ailleurs, si vous avez une plainte \u00e0 formuler concernant le traitement des donn\u00e9es, vous pouvez d\u00e9poser une plainte aupr\u00e8s de l&rsquo;autorit\u00e9 comp\u00e9tente en mati\u00e8re de protection des donn\u00e9es.<br \/><br \/><\/p><h3 id=\"8responsabledelexactitudeetdelavracitdesdonnesfournies\"><span style=\"color: #0b1941;\">8. Responsable de l&rsquo;exactitude et de la v\u00e9racit\u00e9 des donn\u00e9es fournies<\/span><\/h3><p>L&rsquo;utilisateur est seul responsable de la v\u00e9racit\u00e9 et de l&rsquo;exactitude des donn\u00e9es fournies, ce qui exon\u00e8re ifeel de toute responsabilit\u00e9 \u00e0 cet \u00e9gard. L&rsquo;utilisateur garantit et est responsable, dans tous les cas, de l&rsquo;exactitude, de la validit\u00e9 et de l&rsquo;authenticit\u00e9 des donn\u00e9es personnelles fournies, et s&rsquo;engage \u00e0 les tenir d\u00fbment \u00e0 jour. L&rsquo;utilisateur s&rsquo;engage \u00e0 fournir des informations compl\u00e8tes et correctes dans le formulaire d&rsquo;inscription ou de souscription. ifeel se r\u00e9serve le droit de mettre fin aux services contract\u00e9s avec les utilisateurs, au cas o\u00f9 les donn\u00e9es fournies seraient fausses, incompl\u00e8tes, inexactes ou non actualis\u00e9es.<\/p><p>ifeel n&rsquo;est pas responsable de la v\u00e9racit\u00e9 des informations qui ne sont pas de sa propre \u00e9laboration et dont l&rsquo;origine est indiqu\u00e9e \u00e0 partir d&rsquo;une autre source, de sorte qu&rsquo;il n&rsquo;assume aucune responsabilit\u00e9 pour les dommages hypoth\u00e9tiques qui pourraient d\u00e9couler de l&rsquo;utilisation de ces informations. ifeel se r\u00e9serve le droit de mettre \u00e0 jour, de modifier ou de supprimer les informations contenues dans ses pages web et peut m\u00eame limiter ou refuser l&rsquo;acc\u00e8s \u00e0 ces informations.<br \/><br \/><\/p><h3 id=\"9traitementdesdonnespersonnellesdesmineurs\"><span style=\"color: #0b1941;\">9. Traitement des donn\u00e9es personnelles des mineurs<\/span><\/h3><p>En principe, nos services ne sont pas sp\u00e9cifiquement destin\u00e9s aux mineurs. Cependant, dans le cas o\u00f9 l&rsquo;un d&rsquo;entre eux s&rsquo;adresse \u00e0 des mineurs de moins de quatorze ans, conform\u00e9ment \u00e0 l&rsquo;article 8 du RGPD et \u00e0 l&rsquo;article 7 de la LO 3\/2018, du 5 d\u00e9cembre (LOPDGDD), ifeel exigera le consentement valide, libre, sans \u00e9quivoque, sp\u00e9cifique et inform\u00e9 de leurs tuteurs l\u00e9gaux pour le traitement des donn\u00e9es \u00e0 caract\u00e8re personnel des mineurs. Dans ce cas, le document d&rsquo;identit\u00e9 ou une autre forme d&rsquo;identification de la personne qui donne son consentement sera exig\u00e9.<\/p><p>Pour les personnes \u00e2g\u00e9es de plus de quatorze ans, les donn\u00e9es peuvent \u00eatre trait\u00e9es avec le consentement de l&rsquo;utilisateur, sauf dans les cas o\u00f9 la loi exige l&rsquo;assistance des titulaires de l&rsquo;autorit\u00e9 parentale ou de la tutelle.<br \/><br \/><\/p><h3 id=\"10mesuresdescuritappliquespourprotgervosinformationspersonnelles\"><span style=\"color: #0b1941;\">10. Mesures de s\u00e9curit\u00e9 appliqu\u00e9es pour prot\u00e9ger vos informations personnelles<\/span><\/h3><p>ifeel a adopt\u00e9 les niveaux de s\u00e9curit\u00e9 l\u00e9galement requis pour la protection des donn\u00e9es personnelles et s&rsquo;efforce d&rsquo;installer les autres moyens et mesures techniques suppl\u00e9mentaires \u00e0 sa port\u00e9e pour \u00e9viter la perte, le mauvais usage, l&rsquo;alt\u00e9ration, l&rsquo;acc\u00e8s non autoris\u00e9 et le vol des donn\u00e9es personnelles fournies \u00e0 ifeel.<\/p><p>ifeel n&rsquo;est pas responsable des dommages hypoth\u00e9tiques pouvant d\u00e9couler d&rsquo;interf\u00e9rences, d&rsquo;omissions, d&rsquo;interruptions, de virus informatiques, de pannes t\u00e9l\u00e9phoniques ou de d\u00e9connexions dans le fonctionnement op\u00e9rationnel de ce syst\u00e8me \u00e9lectronique, de retards ou de blocages dans l&rsquo;utilisation de ce syst\u00e8me \u00e9lectronique dus \u00e0 des d\u00e9ficiences ou \u00e0 des surcharges des lignes t\u00e9l\u00e9phoniques ou \u00e0 des surcharges dans le centre de traitement des donn\u00e9es, dans le syst\u00e8me Internet ou dans d&rsquo;autres syst\u00e8mes \u00e9lectroniques, ainsi que des dommages pouvant \u00eatre caus\u00e9s par des tiers par le biais d&rsquo;intrusions ill\u00e9gitimes \u00e9chappant au contr\u00f4le de l&rsquo;ifeel. L&rsquo;utilisateur doit toutefois \u00eatre conscient que les mesures de s\u00e9curit\u00e9 sur Internet ne sont pas infaillibles.<br \/><br \/><\/p><h3 id=\"11modificationdelapolitiquedeconfidentialit\"><span style=\"color: #0b1941;\">11. Modification de la politique de confidentialit\u00e9<\/span><\/h3><p>La pr\u00e9sente politique de confidentialit\u00e9 est susceptible d&rsquo;\u00eatre modifi\u00e9e. Nous vous recommandons de la consulter r\u00e9guli\u00e8rement.<br \/><br \/><\/p><h3 id=\"12liensversdautressitesweb\"><span style=\"color: #0b1941;\">12. Liens vers d&rsquo;autres sites web<\/span><\/h3><p>Le site web www.ifeelonline.com peut contenir des liens vers d&rsquo;autres sites web. En cliquant sur l&rsquo;un de ces liens et en acc\u00e9dant \u00e0 un site web externe, votre visite sera soumise \u00e0 la politique de confidentialit\u00e9 de ce site web, et ifeel d\u00e9cline toute responsabilit\u00e9 quant \u00e0 sa politique de confidentialit\u00e9.<br \/><br \/><br \/><\/p>\t\t\t\t\t\t\t\t<\/div>\n\t\t\t\t<\/div>\n\t\t\t\t\t<\/div>\n\t\t<\/div>\n\t\t\t\t\t<\/div>\n\t\t<\/section>\n\t\t\t\t<\/div>\n\t\t\n    <div class=\"xs_social_share_widget xs_share_url after_content \t\tmain_content  wslu-style-1 wslu-share-box-shaped wslu-fill-colored wslu-none wslu-share-horizontal wslu-theme-font-no wslu-main_content\">\n\n\t\t\n        <ul>\n\t\t\t        <\/ul>\n    <\/div> \n","protected":false},"excerpt":{"rendered":"<p>Politique de confidentialit\u00e9 du site web Derni\u00e8re mise \u00e0 jour : 02\/04\/2024 1. Introduction Chez DIGITAL MIND SOLUTIONS, S.L.U. (ci-apr\u00e8s \u00ab\u00a0ifeel\u00a0\u00bb), nous nous effor\u00e7ons de vous offrir la meilleure exp\u00e9rience possible \u00e0 travers nos produits et services. Dans certains cas, il est n\u00e9cessaire de collecter des informations pour y parvenir. Nous sommes soucieux du respect [&hellip;]<\/p>\n","protected":false},"author":6,"featured_media":12303,"parent":0,"menu_order":0,"comment_status":"closed","ping_status":"closed","template":"","meta":{"content-type":"","postBodyCss":"","postBodyMargin":[],"postBodyPadding":[],"postBodyBackground":{"backgroundType":"classic","gradient":""},"footnotes":""},"class_list":["post-57","page","type-page","status-publish","has-post-thumbnail","hentry"],"_links":{"self":[{"href":"https:\/\/ifeelonline.com\/fr\/wp-json\/wp\/v2\/pages\/57","targetHints":{"allow":["GET"]}}],"collection":[{"href":"https:\/\/ifeelonline.com\/fr\/wp-json\/wp\/v2\/pages"}],"about":[{"href":"https:\/\/ifeelonline.com\/fr\/wp-json\/wp\/v2\/types\/page"}],"author":[{"embeddable":true,"href":"https:\/\/ifeelonline.com\/fr\/wp-json\/wp\/v2\/users\/6"}],"replies":[{"embeddable":true,"href":"https:\/\/ifeelonline.com\/fr\/wp-json\/wp\/v2\/comments?post=57"}],"version-history":[{"count":0,"href":"https:\/\/ifeelonline.com\/fr\/wp-json\/wp\/v2\/pages\/57\/revisions"}],"wp:featuredmedia":[{"embeddable":true,"href":"https:\/\/ifeelonline.com\/fr\/wp-json\/wp\/v2\/media\/12303"}],"wp:attachment":[{"href":"https:\/\/ifeelonline.com\/fr\/wp-json\/wp\/v2\/media?parent=57"}],"curies":[{"name":"wp","href":"https:\/\/api.w.org\/{rel}","templated":true}]}}