{"id":12418,"date":"2025-03-21T15:32:13","date_gmt":"2025-03-21T14:32:13","guid":{"rendered":"https:\/\/ifeelonline.com\/fr\/?page_id=12418"},"modified":"2026-01-14T20:33:13","modified_gmt":"2026-01-14T19:33:13","slug":"demander-des-informations","status":"publish","type":"page","link":"https:\/\/ifeelonline.com\/fr\/demander-des-informations\/","title":{"rendered":"Demander une s\u00e9ance personnalis\u00e9e"},"content":{"rendered":"\t\t<div data-elementor-type=\"wp-page\" data-elementor-id=\"12418\" class=\"elementor elementor-12418\" data-elementor-post-type=\"page\">\n\t\t\t\t<div data-particle_enable=\"false\" data-particle-mobile-disabled=\"false\" class=\"elementor-element elementor-element-e15aeaf elementor-hidden-mobile e-flex e-con-boxed e-con e-parent\" data-id=\"e15aeaf\" data-element_type=\"container\" data-e-type=\"container\" data-settings=\"{&quot;background_background&quot;:&quot;classic&quot;}\">\n\t\t\t\t\t<div class=\"e-con-inner\">\n\t\t<div data-particle_enable=\"false\" data-particle-mobile-disabled=\"false\" class=\"elementor-element elementor-element-3e818af e-con-full e-flex e-con e-child\" data-id=\"3e818af\" data-element_type=\"container\" data-e-type=\"container\">\n\t\t\t\t<div class=\"elementor-element elementor-element-cfdaaaf elementor-widget elementor-widget-heading\" data-id=\"cfdaaaf\" data-element_type=\"widget\" data-e-type=\"widget\" data-widget_type=\"heading.default\">\n\t\t\t\t<div class=\"elementor-widget-container\">\n\t\t\t\t\t<h2 class=\"elementor-heading-title elementor-size-default\">Commencez votre analyse de rentabilit\u00e9 sur mesure d\u00e8s maintenant<\/h2>\t\t\t\t<\/div>\n\t\t\t\t<\/div>\n\t\t\t\t<div class=\"elementor-element elementor-element-cbe1491 elementor-widget elementor-widget-text-editor\" data-id=\"cbe1491\" data-element_type=\"widget\" data-e-type=\"widget\" data-widget_type=\"text-editor.default\">\n\t\t\t\t<div class=\"elementor-widget-container\">\n\t\t\t\t\t\t\t\t\t<p><span style=\"font-weight: 400;\">La r\u00e9duction de l\u2019absent\u00e9isme, la diminution des risques et la prise en charge de la sant\u00e9 mentale sur le lieu de travail commencent avec ifeel.\u00a0<\/span><\/p>\t\t\t\t\t\t\t\t<\/div>\n\t\t\t\t<\/div>\n\t\t<div data-particle_enable=\"false\" data-particle-mobile-disabled=\"false\" class=\"elementor-element elementor-element-1255631 e-grid e-con-full e-con e-child\" data-id=\"1255631\" data-element_type=\"container\" data-e-type=\"container\">\n\t\t\t\t<div class=\"elementor-element elementor-element-116c1d2 elementor-widget elementor-widget-text-editor\" data-id=\"116c1d2\" data-element_type=\"widget\" data-e-type=\"widget\" data-widget_type=\"text-editor.default\">\n\t\t\t\t<div class=\"elementor-widget-container\">\n\t\t\t\t\t\t\t\t\t<h1><span style=\"color: #ff8a7c; font-weight: normal;\">6-12 mois<\/span><\/h1><p>des r\u00e9sultats mesurables au niveau organisationnel dans un d\u00e9lai d\u00e9termin\u00e9.<\/p>\t\t\t\t\t\t\t\t<\/div>\n\t\t\t\t<\/div>\n\t\t\t\t<div class=\"elementor-element elementor-element-5931bab elementor-widget elementor-widget-text-editor\" data-id=\"5931bab\" data-element_type=\"widget\" data-e-type=\"widget\" data-widget_type=\"text-editor.default\">\n\t\t\t\t<div class=\"elementor-widget-container\">\n\t\t\t\t\t\t\t\t\t<h1><span style=\"color: #ff8a7c; font-weight: normal;\">80 %<\/span><\/h1><p>des employ\u00e9s constatent une am\u00e9lioration de leur sant\u00e9 mentale, refl\u00e9tant l\u2019efficacit\u00e9 et l\u2019impact de notre solution.<\/p>\t\t\t\t\t\t\t\t<\/div>\n\t\t\t\t<\/div>\n\t\t\t\t<div class=\"elementor-element elementor-element-12a774b elementor-widget elementor-widget-text-editor\" data-id=\"12a774b\" data-element_type=\"widget\" data-e-type=\"widget\" data-widget_type=\"text-editor.default\">\n\t\t\t\t<div class=\"elementor-widget-container\">\n\t\t\t\t\t\t\t\t\t<h1><span style=\"color: #ff8a7c; font-weight: normal;\">30 %<\/span><\/h1><p>de r\u00e9duction du risque d\u2019absent\u00e9isme li\u00e9 \u00e0 la sant\u00e9 mentale parmi les employ\u00e9s pr\u00e9sentant un risque de d\u00e9part de l\u2019entreprise.<\/p>\t\t\t\t\t\t\t\t<\/div>\n\t\t\t\t<\/div>\n\t\t\t\t<div class=\"elementor-element elementor-element-231944d elementor-widget elementor-widget-text-editor\" data-id=\"231944d\" data-element_type=\"widget\" data-e-type=\"widget\" data-widget_type=\"text-editor.default\">\n\t\t\t\t<div class=\"elementor-widget-container\">\n\t\t\t\t\t\t\t\t\t<h1><span style=\"color: #ff8a7c; font-weight: normal;\"><span style=\"font-weight: 400;\">15\u00a0000 \u00e0 50\u00a0000\u00a0\u20ac<\/span><\/span><\/h1><p>d\u2019\u00e9conomies par cas d\u2019employ\u00e9 \u00e0 risque moyen\/\u00e9lev\u00e9 gr\u00e2ce \u00e0 un accompagnement proactif en sant\u00e9 mentale.<\/p>\t\t\t\t\t\t\t\t<\/div>\n\t\t\t\t<\/div>\n\t\t\t\t<\/div>\n\t\t\t\t<\/div>\n\t\t<div data-particle_enable=\"false\" data-particle-mobile-disabled=\"false\" class=\"elementor-element elementor-element-b86731b e-con-full e-flex e-con e-child\" data-id=\"b86731b\" data-element_type=\"container\" data-e-type=\"container\">\n\t\t\t\t<div class=\"elementor-element elementor-element-8532345 elementor-widget elementor-widget-text-editor\" data-id=\"8532345\" data-element_type=\"widget\" data-e-type=\"widget\" data-widget_type=\"text-editor.default\">\n\t\t\t\t<div class=\"elementor-widget-container\">\n\t\t\t\t\t\t\t\t\t<p><span style=\"color: #ff8a7c;\"><span style=\"color: #ffffff;\">Envoyez-nous vos coordonn\u00e9es et l&rsquo;un de nos experts vous contactera dans les<\/span> 24 heures.\u00a0<\/span><\/p>\t\t\t\t\t\t\t\t<\/div>\n\t\t\t\t<\/div>\n\t\t\t\t<div class=\"elementor-element elementor-element-9f7c878 elementor-widget elementor-widget-html\" data-id=\"9f7c878\" data-element_type=\"widget\" data-e-type=\"widget\" data-widget_type=\"html.default\">\n\t\t\t\t<div class=\"elementor-widget-container\">\n\t\t\t\t\t<script charset=\"utf-8\" type=\"text\/javascript\" src=\"\/\/js-eu1.hsforms.net\/forms\/embed\/v2.js\"><\/script>\n<script>\n  hbspt.forms.create({\n    portalId: \"24884594\",\n    formId: \"6450b2c3-9e24-4d33-b283-f06a1cb73848\",\n    region: \"eu1\"\n  });\n<\/script>\t\t\t\t<\/div>\n\t\t\t\t<\/div>\n\t\t\t\t<\/div>\n\t\t\t\t\t<\/div>\n\t\t\t\t<\/div>\n\t\t<div data-particle_enable=\"false\" data-particle-mobile-disabled=\"false\" class=\"elementor-element elementor-element-2d37073 e-con-full elementor-hidden-desktop elementor-hidden-tablet e-flex e-con e-parent\" data-id=\"2d37073\" data-element_type=\"container\" data-e-type=\"container\" data-settings=\"{&quot;background_background&quot;:&quot;classic&quot;}\">\n\t\t\t\t<div class=\"elementor-element elementor-element-a442c0b titulo-personalizado elementor-widget elementor-widget-heading\" data-id=\"a442c0b\" data-element_type=\"widget\" data-e-type=\"widget\" data-widget_type=\"heading.default\">\n\t\t\t\t<div class=\"elementor-widget-container\">\n\t\t\t\t\t<h2 class=\"elementor-heading-title elementor-size-default\">Commencez votre  \n<span class=\"resaltar-palabra\"> analyse de rentabilit\u00e9<\/span> sur mesure d\u00e8s maintenant<\/h2>\t\t\t\t<\/div>\n\t\t\t\t<\/div>\n\t\t\t\t<div class=\"elementor-element elementor-element-cb3c45e elementor-widget elementor-widget-text-editor\" data-id=\"cb3c45e\" data-element_type=\"widget\" data-e-type=\"widget\" data-widget_type=\"text-editor.default\">\n\t\t\t\t<div class=\"elementor-widget-container\">\n\t\t\t\t\t\t\t\t\t<p><span style=\"color: #ff8a7c;\"><span style=\"color: #ffffff;\">Envoyez-nous vos coordonn\u00e9es, et nous vous contacterons dans les<\/span> 24 heures<br \/><\/span><\/p>\t\t\t\t\t\t\t\t<\/div>\n\t\t\t\t<\/div>\n\t\t\t\t<div class=\"elementor-element elementor-element-5ecaee6 elementor-widget elementor-widget-html\" data-id=\"5ecaee6\" data-element_type=\"widget\" data-e-type=\"widget\" data-widget_type=\"html.default\">\n\t\t\t\t<div class=\"elementor-widget-container\">\n\t\t\t\t\t<script charset=\"utf-8\" type=\"text\/javascript\" src=\"\/\/js-eu1.hsforms.net\/forms\/embed\/v2.js\"><\/script>\n<script>\n  hbspt.forms.create({\n    portalId: \"24884594\",\n    formId: \"6450b2c3-9e24-4d33-b283-f06a1cb73848\",\n    region: \"eu1\"\n  });\n<\/script>\t\t\t\t<\/div>\n\t\t\t\t<\/div>\n\t\t<div data-particle_enable=\"false\" data-particle-mobile-disabled=\"false\" class=\"elementor-element elementor-element-5119e45 e-grid e-con-full e-con e-child\" data-id=\"5119e45\" data-element_type=\"container\" data-e-type=\"container\">\n\t\t\t\t<div class=\"elementor-element elementor-element-7703a20 elementor-widget elementor-widget-text-editor\" data-id=\"7703a20\" data-element_type=\"widget\" data-e-type=\"widget\" data-widget_type=\"text-editor.default\">\n\t\t\t\t<div class=\"elementor-widget-container\">\n\t\t\t\t\t\t\t\t\t<h1><span style=\"color: #ff8a7c; font-weight: normal;\">6-12 mois<\/span><\/h1><p>des r\u00e9sultats mesurables au niveau organisationnel dans un d\u00e9lai d\u00e9termin\u00e9.<\/p>\t\t\t\t\t\t\t\t<\/div>\n\t\t\t\t<\/div>\n\t\t\t\t<div class=\"elementor-element elementor-element-02b1fa4 elementor-widget elementor-widget-text-editor\" data-id=\"02b1fa4\" data-element_type=\"widget\" data-e-type=\"widget\" data-widget_type=\"text-editor.default\">\n\t\t\t\t<div class=\"elementor-widget-container\">\n\t\t\t\t\t\t\t\t\t<h1><span style=\"color: #ff8a7c; font-weight: normal;\">80 %<\/span><\/h1><p><span style=\"font-weight: 400;\">des employ\u00e9s constatent une am\u00e9lioration de leur sant\u00e9 mentale, refl\u00e9tant l\u2019efficacit\u00e9 et l\u2019impact de notre solution.<\/span><\/p>\t\t\t\t\t\t\t\t<\/div>\n\t\t\t\t<\/div>\n\t\t\t\t<div class=\"elementor-element elementor-element-55f6a64 elementor-widget elementor-widget-text-editor\" data-id=\"55f6a64\" data-element_type=\"widget\" data-e-type=\"widget\" data-widget_type=\"text-editor.default\">\n\t\t\t\t<div class=\"elementor-widget-container\">\n\t\t\t\t\t\t\t\t\t<h1><span style=\"color: #ff8a7c; font-weight: normal;\">30 %<\/span><\/h1><p><span style=\"font-weight: 400;\">de r\u00e9duction du risque d\u2019absent\u00e9isme li\u00e9 \u00e0 la sant\u00e9 mentale parmi les employ\u00e9s pr\u00e9sentant un risque de d\u00e9part de l\u2019entreprise.<\/span><\/p>\t\t\t\t\t\t\t\t<\/div>\n\t\t\t\t<\/div>\n\t\t\t\t<div class=\"elementor-element elementor-element-e37ae76 elementor-widget elementor-widget-text-editor\" data-id=\"e37ae76\" data-element_type=\"widget\" data-e-type=\"widget\" data-widget_type=\"text-editor.default\">\n\t\t\t\t<div class=\"elementor-widget-container\">\n\t\t\t\t\t\t\t\t\t<h1><span style=\"color: #ff8a7c; font-weight: normal;\"><span style=\"font-weight: 400;\">15 000 \u00e0 50 000 \u20ac<\/span><\/span><\/h1><p><span style=\"font-weight: 400;\">d\u2019\u00e9conomies par cas d\u2019employ\u00e9 \u00e0 risque moyen\/\u00e9lev\u00e9 gr\u00e2ce \u00e0 un accompagnement proactif en sant\u00e9 mentale.<\/span><\/p>\t\t\t\t\t\t\t\t<\/div>\n\t\t\t\t<\/div>\n\t\t\t\t<\/div>\n\t\t\t\t<\/div>\n\t\t\t\t<\/div>\n\t\t\n    <div class=\"xs_social_share_widget xs_share_url after_content \t\tmain_content  wslu-style-1 wslu-share-box-shaped wslu-fill-colored wslu-none wslu-share-horizontal wslu-theme-font-no wslu-main_content\">\n\n\t\t\n        <ul>\n\t\t\t        <\/ul>\n    <\/div> \n","protected":false},"excerpt":{"rendered":"<p>Commencez votre analyse de rentabilit\u00e9 sur mesure d\u00e8s maintenant La r\u00e9duction de l\u2019absent\u00e9isme, la diminution des risques et la prise en charge de la sant\u00e9 mentale sur le lieu de travail commencent avec ifeel.\u00a0 6-12 mois des r\u00e9sultats mesurables au niveau organisationnel dans un d\u00e9lai d\u00e9termin\u00e9. 80 % des employ\u00e9s constatent une am\u00e9lioration de leur [&hellip;]<\/p>\n","protected":false},"author":48,"featured_media":12499,"parent":0,"menu_order":0,"comment_status":"closed","ping_status":"closed","template":"","meta":{"content-type":"","postBodyCss":"","postBodyMargin":[],"postBodyPadding":[],"postBodyBackground":{"backgroundType":"classic","gradient":""},"footnotes":""},"class_list":["post-12418","page","type-page","status-publish","has-post-thumbnail","hentry"],"_links":{"self":[{"href":"https:\/\/ifeelonline.com\/fr\/wp-json\/wp\/v2\/pages\/12418","targetHints":{"allow":["GET"]}}],"collection":[{"href":"https:\/\/ifeelonline.com\/fr\/wp-json\/wp\/v2\/pages"}],"about":[{"href":"https:\/\/ifeelonline.com\/fr\/wp-json\/wp\/v2\/types\/page"}],"author":[{"embeddable":true,"href":"https:\/\/ifeelonline.com\/fr\/wp-json\/wp\/v2\/users\/48"}],"replies":[{"embeddable":true,"href":"https:\/\/ifeelonline.com\/fr\/wp-json\/wp\/v2\/comments?post=12418"}],"version-history":[{"count":0,"href":"https:\/\/ifeelonline.com\/fr\/wp-json\/wp\/v2\/pages\/12418\/revisions"}],"wp:featuredmedia":[{"embeddable":true,"href":"https:\/\/ifeelonline.com\/fr\/wp-json\/wp\/v2\/media\/12499"}],"wp:attachment":[{"href":"https:\/\/ifeelonline.com\/fr\/wp-json\/wp\/v2\/media?parent=12418"}],"curies":[{"name":"wp","href":"https:\/\/api.w.org\/{rel}","templated":true}]}}