{"id":11129,"date":"2024-09-09T16:02:26","date_gmt":"2024-09-09T15:02:26","guid":{"rendered":"https:\/\/ifeelonline.com\/fr\/?page_id=11129"},"modified":"2024-09-19T13:58:13","modified_gmt":"2024-09-19T12:58:13","slug":"gestion-de-crise-pour-les-managers","status":"publish","type":"page","link":"https:\/\/ifeelonline.com\/fr\/boite-a-outils-rh\/gestion-de-crise-pour-les-managers\/","title":{"rendered":"Gestion de crise pour les managers"},"content":{"rendered":"\t\t<div data-elementor-type=\"wp-page\" data-elementor-id=\"11129\" class=\"elementor elementor-11129\" data-elementor-post-type=\"page\">\n\t\t\t\t\t\t<section data-particle_enable=\"false\" data-particle-mobile-disabled=\"false\" class=\"elementor-section elementor-top-section elementor-element elementor-element-ea90ab8 elementor-section-boxed elementor-section-height-default elementor-section-height-default\" data-id=\"ea90ab8\" data-element_type=\"section\" data-e-type=\"section\" data-settings=\"{&quot;background_background&quot;:&quot;classic&quot;}\">\n\t\t\t\t\t\t\t<div class=\"elementor-background-overlay\"><\/div>\n\t\t\t\t\t\t\t<div class=\"elementor-container elementor-column-gap-custom\">\n\t\t\t\t\t<div class=\"elementor-column elementor-col-50 elementor-top-column elementor-element elementor-element-914ad18\" data-id=\"914ad18\" data-element_type=\"column\" data-e-type=\"column\">\n\t\t\t<div class=\"elementor-widget-wrap elementor-element-populated\">\n\t\t\t\t\t\t<div class=\"elementor-element elementor-element-39139f0 elementor-widget elementor-widget-html\" data-id=\"39139f0\" data-element_type=\"widget\" data-e-type=\"widget\" data-widget_type=\"html.default\">\n\t\t\t\t<div class=\"elementor-widget-container\">\n\t\t\t\t\t<nav aria-label=\"breadcrumbs\" class=\"rank-math-breadcrumb\"><p><\/p><\/nav>\t\t\t\t<\/div>\n\t\t\t\t<\/div>\n\t\t\t\t<div class=\"elementor-element elementor-element-941e1e7 elementor-headline--style-highlight elementor-widget elementor-widget-animated-headline\" data-id=\"941e1e7\" data-element_type=\"widget\" data-e-type=\"widget\" data-settings=\"{&quot;marker&quot;:&quot;underline&quot;,&quot;highlighted_text&quot;:&quot;Gestion de crise&quot;,&quot;headline_style&quot;:&quot;highlight&quot;,&quot;loop&quot;:&quot;yes&quot;,&quot;highlight_animation_duration&quot;:1200,&quot;highlight_iteration_delay&quot;:8000}\" data-widget_type=\"animated-headline.default\">\n\t\t\t\t<div class=\"elementor-widget-container\">\n\t\t\t\t\t\t\t<h3 class=\"elementor-headline\">\n\t\t\t\t<span class=\"elementor-headline-dynamic-wrapper elementor-headline-text-wrapper\">\n\t\t\t\t\t<span class=\"elementor-headline-dynamic-text elementor-headline-text-active\">Gestion de crise<\/span>\n\t\t\t\t<\/span>\n\t\t\t\t\t<span class=\"elementor-headline-plain-text elementor-headline-text-wrapper\">pour les managers : simulation th\u00e9orique et pratique pour faire face aux situations d'incertitude<\/span>\n\t\t\t\t\t<\/h3>\n\t\t\t\t\t\t<\/div>\n\t\t\t\t<\/div>\n\t\t\t\t<div class=\"elementor-element elementor-element-356d893 elementor-widget elementor-widget-text-editor\" data-id=\"356d893\" data-element_type=\"widget\" data-e-type=\"widget\" data-widget_type=\"text-editor.default\">\n\t\t\t\t<div class=\"elementor-widget-container\">\n\t\t\t\t\t\t\t\t\t<p><span style=\"font-weight: 400;\">En p\u00e9riode de turbulence, d&rsquo;incertitude ou de crise, <\/span><b>la diff\u00e9rence entre le succ\u00e8s et l&rsquo;\u00e9chec d&rsquo;une entreprise r\u00e9side dans sa capacit\u00e9 \u00e0 se pr\u00e9parer<\/b><span style=\"font-weight: 400;\">. Les dirigeants jouent ici un r\u00f4le cl\u00e9 : ce sont eux qui doivent<\/span><b> anticiper, guider l&rsquo;\u00e9quipe et prendre des d\u00e9cisions rapides<\/b><span style=\"font-weight: 400;\">.<\/span><\/p><p>\u00a0<\/p><p><span style=\"font-weight: 400;\">Pour soutenir les dirigeants dans ce d\u00e9fi, nous avons cr\u00e9\u00e9 un guide pratique et d\u00e9taill\u00e9 pour les aider \u00e0 <\/span><b><span style=\"color: #ffadad;\">d\u00e9velopper un plan de gestion de crise solide<\/span>,<\/b><span style=\"font-weight: 400;\"> garantissant que l&rsquo;entreprise soit toujours pr\u00eate \u00e0 faire face \u00e0 l&rsquo;inattendu.<\/span><\/p>\t\t\t\t\t\t\t\t<\/div>\n\t\t\t\t<\/div>\n\t\t\t\t<div class=\"elementor-element elementor-element-486693d elementor-align-start elementor-icon-list--layout-traditional elementor-list-item-link-full_width elementor-widget elementor-widget-icon-list\" data-id=\"486693d\" data-element_type=\"widget\" data-e-type=\"widget\" data-widget_type=\"icon-list.default\">\n\t\t\t\t<div class=\"elementor-widget-container\">\n\t\t\t\t\t\t\t<ul class=\"elementor-icon-list-items\">\n\t\t\t\t\t\t\t<li class=\"elementor-icon-list-item\">\n\t\t\t\t\t\t\t\t\t\t\t<span class=\"elementor-icon-list-icon\">\n\t\t\t\t\t\t\t<svg xmlns=\"http:\/\/www.w3.org\/2000\/svg\" width=\"51\" height=\"51\" viewBox=\"0 0 51 51\" fill=\"none\"><g clip-path=\"url(#clip0_1145_1348)\"><path fill-rule=\"evenodd\" clip-rule=\"evenodd\" d=\"M25.5 51C11.4162 51 0 39.5838 0 25.5C0 11.4162 11.4162 0 25.5 0C39.5838 0 51 11.4162 51 25.5C51 39.5838 39.5838 51 25.5 51ZM36.9423 18.9354L34.85 16.83C34.4577 16.4377 33.8431 16.4377 33.4508 16.83L20.8708 29.4885L14.8815 23.4208C14.5023 23.0285 13.8746 23.0285 13.4823 23.4208L11.39 25.5262C10.9977 25.9185 10.9977 26.5462 11.39 26.9385L18.0462 33.6862C18.0462 33.6862 18.0462 33.7123 18.0723 33.7123L19.5108 35.1638L19.8508 35.5169L20.1646 35.8308C20.5569 36.2231 21.1715 36.2231 21.5638 35.8308L36.9554 20.3477C37.3346 19.9554 37.3346 19.3277 36.9554 18.9354H36.9423Z\" fill=\"#EA7374\"><\/path><\/g><defs><clipPath id=\"clip0_1145_1348\"><rect width=\"51\" height=\"51\" fill=\"white\"><\/rect><\/clipPath><\/defs><\/svg>\t\t\t\t\t\t<\/span>\n\t\t\t\t\t\t\t\t\t\t<span class=\"elementor-icon-list-text\">Des donn\u00e9es actualis\u00e9es qui permettent de comprendre en profondeur les implications des crises d'entreprise.<\/span>\n\t\t\t\t\t\t\t\t\t<\/li>\n\t\t\t\t\t\t\t\t<li class=\"elementor-icon-list-item\">\n\t\t\t\t\t\t\t\t\t\t\t<span class=\"elementor-icon-list-icon\">\n\t\t\t\t\t\t\t<svg xmlns=\"http:\/\/www.w3.org\/2000\/svg\" width=\"51\" height=\"51\" viewBox=\"0 0 51 51\" fill=\"none\"><g clip-path=\"url(#clip0_1145_1348)\"><path fill-rule=\"evenodd\" clip-rule=\"evenodd\" d=\"M25.5 51C11.4162 51 0 39.5838 0 25.5C0 11.4162 11.4162 0 25.5 0C39.5838 0 51 11.4162 51 25.5C51 39.5838 39.5838 51 25.5 51ZM36.9423 18.9354L34.85 16.83C34.4577 16.4377 33.8431 16.4377 33.4508 16.83L20.8708 29.4885L14.8815 23.4208C14.5023 23.0285 13.8746 23.0285 13.4823 23.4208L11.39 25.5262C10.9977 25.9185 10.9977 26.5462 11.39 26.9385L18.0462 33.6862C18.0462 33.6862 18.0462 33.7123 18.0723 33.7123L19.5108 35.1638L19.8508 35.5169L20.1646 35.8308C20.5569 36.2231 21.1715 36.2231 21.5638 35.8308L36.9554 20.3477C37.3346 19.9554 37.3346 19.3277 36.9554 18.9354H36.9423Z\" fill=\"#EA7374\"><\/path><\/g><defs><clipPath id=\"clip0_1145_1348\"><rect width=\"51\" height=\"51\" fill=\"white\"><\/rect><\/clipPath><\/defs><\/svg>\t\t\t\t\t\t<\/span>\n\t\t\t\t\t\t\t\t\t\t<span class=\"elementor-icon-list-text\">Des m\u00e9thodes d'analyse des risques et d'\u00e9valuation de leur impact potentiel au sein des organisations.<\/span>\n\t\t\t\t\t\t\t\t\t<\/li>\n\t\t\t\t\t\t\t\t<li class=\"elementor-icon-list-item\">\n\t\t\t\t\t\t\t\t\t\t\t<span class=\"elementor-icon-list-icon\">\n\t\t\t\t\t\t\t<svg xmlns=\"http:\/\/www.w3.org\/2000\/svg\" width=\"51\" height=\"51\" viewBox=\"0 0 51 51\" fill=\"none\"><g clip-path=\"url(#clip0_1145_1348)\"><path fill-rule=\"evenodd\" clip-rule=\"evenodd\" d=\"M25.5 51C11.4162 51 0 39.5838 0 25.5C0 11.4162 11.4162 0 25.5 0C39.5838 0 51 11.4162 51 25.5C51 39.5838 39.5838 51 25.5 51ZM36.9423 18.9354L34.85 16.83C34.4577 16.4377 33.8431 16.4377 33.4508 16.83L20.8708 29.4885L14.8815 23.4208C14.5023 23.0285 13.8746 23.0285 13.4823 23.4208L11.39 25.5262C10.9977 25.9185 10.9977 26.5462 11.39 26.9385L18.0462 33.6862C18.0462 33.6862 18.0462 33.7123 18.0723 33.7123L19.5108 35.1638L19.8508 35.5169L20.1646 35.8308C20.5569 36.2231 21.1715 36.2231 21.5638 35.8308L36.9554 20.3477C37.3346 19.9554 37.3346 19.3277 36.9554 18.9354H36.9423Z\" fill=\"#EA7374\"><\/path><\/g><defs><clipPath id=\"clip0_1145_1348\"><rect width=\"51\" height=\"51\" fill=\"white\"><\/rect><\/clipPath><\/defs><\/svg>\t\t\t\t\t\t<\/span>\n\t\t\t\t\t\t\t\t\t\t<span class=\"elementor-icon-list-text\">Des \u00e9tapes et des exemples d\u00e9taill\u00e9s pour pr\u00e9parer et ex\u00e9cuter un plan d'action visant \u00e0 minimiser les dommages et \u00e0 assurer la continuit\u00e9 de l'activit\u00e9.<\/span>\n\t\t\t\t\t\t\t\t\t<\/li>\n\t\t\t\t\t\t\t\t<li class=\"elementor-icon-list-item\">\n\t\t\t\t\t\t\t\t\t\t\t<span class=\"elementor-icon-list-icon\">\n\t\t\t\t\t\t\t<svg xmlns=\"http:\/\/www.w3.org\/2000\/svg\" width=\"51\" height=\"51\" viewBox=\"0 0 51 51\" fill=\"none\"><g clip-path=\"url(#clip0_1145_1348)\"><path fill-rule=\"evenodd\" clip-rule=\"evenodd\" d=\"M25.5 51C11.4162 51 0 39.5838 0 25.5C0 11.4162 11.4162 0 25.5 0C39.5838 0 51 11.4162 51 25.5C51 39.5838 39.5838 51 25.5 51ZM36.9423 18.9354L34.85 16.83C34.4577 16.4377 33.8431 16.4377 33.4508 16.83L20.8708 29.4885L14.8815 23.4208C14.5023 23.0285 13.8746 23.0285 13.4823 23.4208L11.39 25.5262C10.9977 25.9185 10.9977 26.5462 11.39 26.9385L18.0462 33.6862C18.0462 33.6862 18.0462 33.7123 18.0723 33.7123L19.5108 35.1638L19.8508 35.5169L20.1646 35.8308C20.5569 36.2231 21.1715 36.2231 21.5638 35.8308L36.9554 20.3477C37.3346 19.9554 37.3346 19.3277 36.9554 18.9354H36.9423Z\" fill=\"#EA7374\"><\/path><\/g><defs><clipPath id=\"clip0_1145_1348\"><rect width=\"51\" height=\"51\" fill=\"white\"><\/rect><\/clipPath><\/defs><\/svg>\t\t\t\t\t\t<\/span>\n\t\t\t\t\t\t\t\t\t\t<span class=\"elementor-icon-list-text\">Des techniques pour maintenir une communication claire et coh\u00e9rente avec votre \u00e9quipe et les parties prenantes.<\/span>\n\t\t\t\t\t\t\t\t\t<\/li>\n\t\t\t\t\t\t\t\t<li class=\"elementor-icon-list-item\">\n\t\t\t\t\t\t\t\t\t\t\t<span class=\"elementor-icon-list-icon\">\n\t\t\t\t\t\t\t<svg xmlns=\"http:\/\/www.w3.org\/2000\/svg\" width=\"51\" height=\"51\" viewBox=\"0 0 51 51\" fill=\"none\"><g clip-path=\"url(#clip0_1145_1348)\"><path fill-rule=\"evenodd\" clip-rule=\"evenodd\" d=\"M25.5 51C11.4162 51 0 39.5838 0 25.5C0 11.4162 11.4162 0 25.5 0C39.5838 0 51 11.4162 51 25.5C51 39.5838 39.5838 51 25.5 51ZM36.9423 18.9354L34.85 16.83C34.4577 16.4377 33.8431 16.4377 33.4508 16.83L20.8708 29.4885L14.8815 23.4208C14.5023 23.0285 13.8746 23.0285 13.4823 23.4208L11.39 25.5262C10.9977 25.9185 10.9977 26.5462 11.39 26.9385L18.0462 33.6862C18.0462 33.6862 18.0462 33.7123 18.0723 33.7123L19.5108 35.1638L19.8508 35.5169L20.1646 35.8308C20.5569 36.2231 21.1715 36.2231 21.5638 35.8308L36.9554 20.3477C37.3346 19.9554 37.3346 19.3277 36.9554 18.9354H36.9423Z\" fill=\"#EA7374\"><\/path><\/g><defs><clipPath id=\"clip0_1145_1348\"><rect width=\"51\" height=\"51\" fill=\"white\"><\/rect><\/clipPath><\/defs><\/svg>\t\t\t\t\t\t<\/span>\n\t\t\t\t\t\t\t\t\t\t<span class=\"elementor-icon-list-text\">Une simulation de crise pour les managers, con\u00e7ue pour vous permettre de mettre en pratique ce que vous avez appris et de renforcer la capacit\u00e9 de r\u00e9ponse de votre \u00e9quipe.<\/span>\n\t\t\t\t\t\t\t\t\t<\/li>\n\t\t\t\t\t\t<\/ul>\n\t\t\t\t\t\t<\/div>\n\t\t\t\t<\/div>\n\t\t\t\t<div class=\"elementor-element elementor-element-b2d1619 elementor-widget elementor-widget-text-editor\" data-id=\"b2d1619\" data-element_type=\"widget\" data-e-type=\"widget\" data-widget_type=\"text-editor.default\">\n\t\t\t\t<div class=\"elementor-widget-container\">\n\t\t\t\t\t\t\t\t\t<p><span style=\"font-weight: 400;\">T\u00e9l\u00e9chargez notre guide d\u00e8s maintenant et acqu\u00e9rez les strat\u00e9gies dont vous avez besoin pour <\/span><b><span style=\"color: #ffa3a3;\">r\u00e9pondre rapidement et efficacement \u00e0 toute crise<\/span>, <\/b><span style=\"font-weight: 400;\">en minimisant son impact et en garantissant le succ\u00e8s de votre entreprise, m\u00eame dans les moments les plus difficiles.<\/span><\/p>\t\t\t\t\t\t\t\t<\/div>\n\t\t\t\t<\/div>\n\t\t\t\t\t<\/div>\n\t\t<\/div>\n\t\t\t\t<div class=\"elementor-column elementor-col-50 elementor-top-column elementor-element elementor-element-b9ee651\" data-id=\"b9ee651\" data-element_type=\"column\" data-e-type=\"column\" data-settings=\"{&quot;background_background&quot;:&quot;classic&quot;}\">\n\t\t\t<div class=\"elementor-widget-wrap elementor-element-populated\">\n\t\t\t\t\t\t<section data-particle_enable=\"false\" data-particle-mobile-disabled=\"false\" class=\"elementor-section elementor-inner-section elementor-element elementor-element-b8a4456 elementor-section-boxed elementor-section-height-default elementor-section-height-default\" data-id=\"b8a4456\" data-element_type=\"section\" data-e-type=\"section\">\n\t\t\t\t\t\t<div class=\"elementor-container elementor-column-gap-default\">\n\t\t\t\t\t<div class=\"elementor-column elementor-col-100 elementor-inner-column elementor-element elementor-element-3733326\" data-id=\"3733326\" data-element_type=\"column\" data-e-type=\"column\" data-settings=\"{&quot;background_background&quot;:&quot;classic&quot;}\">\n\t\t\t<div class=\"elementor-widget-wrap elementor-element-populated\">\n\t\t\t\t\t\t<div class=\"elementor-element elementor-element-3dde556 elementor-widget elementor-widget-html\" data-id=\"3dde556\" data-element_type=\"widget\" data-e-type=\"widget\" data-widget_type=\"html.default\">\n\t\t\t\t<div class=\"elementor-widget-container\">\n\t\t\t\t\t<script charset=\"utf-8\" type=\"text\/javascript\" src=\"\/\/js-eu1.hsforms.net\/forms\/embed\/v2.js\"><\/script>\r\n<script>\r\n  hbspt.forms.create({\r\n    region: \"eu1\",\r\n    portalId: \"24884594\",\r\n    formId: \"0321df76-bc1b-45f4-bcf0-98d9e96144b5\"\r\n  });\r\n<\/script>\t\t\t\t<\/div>\n\t\t\t\t<\/div>\n\t\t\t\t\t<\/div>\n\t\t<\/div>\n\t\t\t\t\t<\/div>\n\t\t<\/section>\n\t\t\t\t\t<\/div>\n\t\t<\/div>\n\t\t\t\t\t<\/div>\n\t\t<\/section>\n\t\t\t\t<section data-particle_enable=\"false\" data-particle-mobile-disabled=\"false\" class=\"elementor-section elementor-top-section elementor-element elementor-element-cd11838 elementor-section-boxed elementor-section-height-default elementor-section-height-default\" data-id=\"cd11838\" data-element_type=\"section\" data-e-type=\"section\" data-settings=\"{&quot;background_background&quot;:&quot;classic&quot;}\">\n\t\t\t\t\t\t<div class=\"elementor-container elementor-column-gap-custom\">\n\t\t\t\t\t<div class=\"elementor-column elementor-col-50 elementor-top-column elementor-element elementor-element-4ac714c\" data-id=\"4ac714c\" data-element_type=\"column\" data-e-type=\"column\">\n\t\t\t<div class=\"elementor-widget-wrap elementor-element-populated\">\n\t\t\t\t\t\t<div class=\"elementor-element elementor-element-220efb3 elementor-hidden-mobile elementor-widget elementor-widget-image\" data-id=\"220efb3\" data-element_type=\"widget\" data-e-type=\"widget\" data-widget_type=\"image.default\">\n\t\t\t\t<div class=\"elementor-widget-container\">\n\t\t\t\t\t\t\t\t\t\t\t\t\t\t\t<img fetchpriority=\"high\" decoding=\"async\" width=\"1038\" height=\"1122\" src=\"https:\/\/ifeelonline.com\/fr\/wp-content\/uploads\/sites\/3\/2024\/09\/manager2.png\" class=\"attachment-full size-full wp-image-11131\" alt=\"\" srcset=\"https:\/\/ifeelonline.com\/fr\/wp-content\/uploads\/sites\/3\/2024\/09\/manager2.png 1038w, https:\/\/ifeelonline.com\/fr\/wp-content\/uploads\/sites\/3\/2024\/09\/manager2-278x300.png 278w, https:\/\/ifeelonline.com\/fr\/wp-content\/uploads\/sites\/3\/2024\/09\/manager2-947x1024.png 947w, https:\/\/ifeelonline.com\/fr\/wp-content\/uploads\/sites\/3\/2024\/09\/manager2-768x830.png 768w\" sizes=\"(max-width: 1038px) 100vw, 1038px\" \/>\t\t\t\t\t\t\t\t\t\t\t\t\t\t\t<\/div>\n\t\t\t\t<\/div>\n\t\t\t\t\t<\/div>\n\t\t<\/div>\n\t\t\t\t<div class=\"elementor-column elementor-col-50 elementor-top-column elementor-element elementor-element-12ce428\" data-id=\"12ce428\" data-element_type=\"column\" data-e-type=\"column\" data-settings=\"{&quot;background_background&quot;:&quot;classic&quot;}\">\n\t\t\t<div class=\"elementor-widget-wrap elementor-element-populated\">\n\t\t\t\t\t\t<div class=\"elementor-element elementor-element-66e9580 elementor-widget elementor-widget-heading\" data-id=\"66e9580\" data-element_type=\"widget\" data-e-type=\"widget\" data-widget_type=\"heading.default\">\n\t\t\t\t<div class=\"elementor-widget-container\">\n\t\t\t\t\t<h2 class=\"elementor-heading-title elementor-size-xl\">Pourquoi t\u00e9l\u00e9charger ce guide ?\n<\/h2>\t\t\t\t<\/div>\n\t\t\t\t<\/div>\n\t\t\t\t<div class=\"elementor-element elementor-element-6d82d03 elementor-widget elementor-widget-text-editor\" data-id=\"6d82d03\" data-element_type=\"widget\" data-e-type=\"widget\" data-widget_type=\"text-editor.default\">\n\t\t\t\t<div class=\"elementor-widget-container\">\n\t\t\t\t\t\t\t\t\t<p><span style=\"font-weight: 400;\">Les crises sont in\u00e9vitables, mais avec une bonne pr\u00e9paration et le soutien d&rsquo;experts, il est possible de minimiser leur impact et de maintenir la continuit\u00e9 de l&rsquo;activit\u00e9. Ce guide est une ressource indispensable pour tout dirigeant ou manager qui souhaite se pr\u00e9parer \u00e0 l&rsquo;impr\u00e9vu et prot\u00e9ger \u00e0 la fois son \u00e9quipe et son organisation dans les moments critiques.<\/span><\/p><p>\u00a0<\/p><p><b>T\u00e9l\u00e9chargez-le d\u00e8s maintenant<\/b><span style=\"font-weight: 400;\"> et assurez-vous que votre \u00e9quipe est pr\u00eate \u00e0 relever tous les d\u00e9fis.<\/span><\/p>\t\t\t\t\t\t\t\t<\/div>\n\t\t\t\t<\/div>\n\t\t\t\t\t<\/div>\n\t\t<\/div>\n\t\t\t\t\t<\/div>\n\t\t<\/section>\n\t\t\t\t<section data-particle_enable=\"false\" data-particle-mobile-disabled=\"false\" class=\"elementor-section elementor-top-section elementor-element elementor-element-1cf9f16 elementor-section-boxed elementor-section-height-default elementor-section-height-default\" data-id=\"1cf9f16\" data-element_type=\"section\" data-e-type=\"section\" data-settings=\"{&quot;background_background&quot;:&quot;classic&quot;}\">\n\t\t\t\t\t\t<div class=\"elementor-container elementor-column-gap-custom\">\n\t\t\t\t\t<div class=\"elementor-column elementor-col-50 elementor-top-column elementor-element elementor-element-1503f2c\" data-id=\"1503f2c\" data-element_type=\"column\" data-e-type=\"column\" data-settings=\"{&quot;background_background&quot;:&quot;classic&quot;}\">\n\t\t\t<div class=\"elementor-widget-wrap elementor-element-populated\">\n\t\t\t\t\t\t<div class=\"elementor-element elementor-element-acaacfa elementor-widget elementor-widget-heading\" data-id=\"acaacfa\" data-element_type=\"widget\" data-e-type=\"widget\" data-widget_type=\"heading.default\">\n\t\t\t\t<div class=\"elementor-widget-container\">\n\t\t\t\t\t<h2 class=\"elementor-heading-title elementor-size-xl\">ifeel : la premi\u00e8re solution de bien-\u00eatre mental\n\n<\/h2>\t\t\t\t<\/div>\n\t\t\t\t<\/div>\n\t\t\t\t<div class=\"elementor-element elementor-element-528a6bd elementor-widget elementor-widget-text-editor\" data-id=\"528a6bd\" data-element_type=\"widget\" data-e-type=\"widget\" data-widget_type=\"text-editor.default\">\n\t\t\t\t<div class=\"elementor-widget-container\">\n\t\t\t\t\t\t\t\t\t<p><b>ifeel est une solution unique<\/b><span style=\"font-weight: 400;\">, compl\u00e8te et \u00e9volutive qui utilise la puissance des donn\u00e9es pour fournir une compr\u00e9hension holistique du bien-\u00eatre mental de vos employ\u00e9s, tout en garantissant la qualit\u00e9 du service et la confidentialit\u00e9 de votre personnel. Notre \u00e9quipe de psychologues sp\u00e9cialis\u00e9s et d&rsquo;experts offre <\/span><b>un soutien personnalis\u00e9 et complet<\/b><span style=\"font-weight: 400;\"> pour vous aider \u00e0 chaque \u00e9tape, toujours \u00e0 vos c\u00f4t\u00e9s.<\/span><span style=\"font-weight: 400;\"><br \/><br \/><\/span><\/p><p><span style=\"font-weight: 400;\">Nous pensons que le bien-\u00eatre mental doit \u00eatre pris en charge d\u00e8s l&rsquo;entr\u00e9e d&rsquo;un salari\u00e9 dans l&rsquo;entreprise, ce qui permet de <\/span><b>pr\u00e9venir les probl\u00e8mes de sant\u00e9 mentale<\/b><span style=\"font-weight: 400;\"> qui peuvent survenir tout au long de sa carri\u00e8re.<\/span><\/p>\t\t\t\t\t\t\t\t<\/div>\n\t\t\t\t<\/div>\n\t\t\t\t<div class=\"elementor-element elementor-element-be9a288 elementor-widget elementor-widget-button\" data-id=\"be9a288\" data-element_type=\"widget\" data-e-type=\"widget\" data-widget_type=\"button.default\">\n\t\t\t\t<div class=\"elementor-widget-container\">\n\t\t\t\t\t\t\t\t\t<div class=\"elementor-button-wrapper\">\n\t\t\t\t\t<a class=\"elementor-button elementor-button-link elementor-size-sm\" href=\"#form\">\n\t\t\t\t\t\t<span class=\"elementor-button-content-wrapper\">\n\t\t\t\t\t\t\t\t\t<span class=\"elementor-button-text\">Faites confiance aux experts<\/span>\n\t\t\t\t\t<\/span>\n\t\t\t\t\t<\/a>\n\t\t\t\t<\/div>\n\t\t\t\t\t\t\t\t<\/div>\n\t\t\t\t<\/div>\n\t\t\t\t\t<\/div>\n\t\t<\/div>\n\t\t\t\t<div class=\"elementor-column elementor-col-50 elementor-top-column elementor-element elementor-element-14f0153\" data-id=\"14f0153\" data-element_type=\"column\" data-e-type=\"column\">\n\t\t\t<div class=\"elementor-widget-wrap elementor-element-populated\">\n\t\t\t\t\t\t<div class=\"elementor-element elementor-element-cdcbf7c elementor-widget elementor-widget-image\" data-id=\"cdcbf7c\" data-element_type=\"widget\" data-e-type=\"widget\" data-widget_type=\"image.default\">\n\t\t\t\t<div class=\"elementor-widget-container\">\n\t\t\t\t\t\t\t\t\t\t\t\t\t\t\t<img decoding=\"async\" width=\"702\" height=\"405\" src=\"https:\/\/ifeelonline.com\/fr\/wp-content\/uploads\/sites\/3\/2024\/09\/manager4.png\" class=\"attachment-full size-full wp-image-11133\" alt=\"\" srcset=\"https:\/\/ifeelonline.com\/fr\/wp-content\/uploads\/sites\/3\/2024\/09\/manager4.png 702w, https:\/\/ifeelonline.com\/fr\/wp-content\/uploads\/sites\/3\/2024\/09\/manager4-300x173.png 300w\" sizes=\"(max-width: 702px) 100vw, 702px\" \/>\t\t\t\t\t\t\t\t\t\t\t\t\t\t\t<\/div>\n\t\t\t\t<\/div>\n\t\t\t\t\t<\/div>\n\t\t<\/div>\n\t\t\t\t\t<\/div>\n\t\t<\/section>\n\t\t\t\t<\/div>\n\t\t\n    <div class=\"xs_social_share_widget xs_share_url after_content \t\tmain_content  wslu-style-1 wslu-share-box-shaped wslu-fill-colored wslu-none wslu-share-horizontal wslu-theme-font-no wslu-main_content\">\n\n\t\t\n        <ul>\n\t\t\t        <\/ul>\n    <\/div> \n","protected":false},"excerpt":{"rendered":"<p>Gestion de crise pour les managers : simulation th\u00e9orique et pratique pour faire face aux situations d&rsquo;incertitude En p\u00e9riode de turbulence, d&rsquo;incertitude ou de crise, la diff\u00e9rence entre le succ\u00e8s et l&rsquo;\u00e9chec d&rsquo;une entreprise r\u00e9side dans sa capacit\u00e9 \u00e0 se pr\u00e9parer. Les dirigeants jouent ici un r\u00f4le cl\u00e9 : ce sont eux qui doivent anticiper, [&hellip;]<\/p>\n","protected":false},"author":48,"featured_media":11132,"parent":7514,"menu_order":0,"comment_status":"closed","ping_status":"closed","template":"","meta":{"content-type":"","postBodyCss":"","postBodyMargin":[],"postBodyPadding":[],"postBodyBackground":{"backgroundType":"classic","gradient":""},"footnotes":""},"class_list":["post-11129","page","type-page","status-publish","has-post-thumbnail","hentry"],"_links":{"self":[{"href":"https:\/\/ifeelonline.com\/fr\/wp-json\/wp\/v2\/pages\/11129","targetHints":{"allow":["GET"]}}],"collection":[{"href":"https:\/\/ifeelonline.com\/fr\/wp-json\/wp\/v2\/pages"}],"about":[{"href":"https:\/\/ifeelonline.com\/fr\/wp-json\/wp\/v2\/types\/page"}],"author":[{"embeddable":true,"href":"https:\/\/ifeelonline.com\/fr\/wp-json\/wp\/v2\/users\/48"}],"replies":[{"embeddable":true,"href":"https:\/\/ifeelonline.com\/fr\/wp-json\/wp\/v2\/comments?post=11129"}],"version-history":[{"count":0,"href":"https:\/\/ifeelonline.com\/fr\/wp-json\/wp\/v2\/pages\/11129\/revisions"}],"up":[{"embeddable":true,"href":"https:\/\/ifeelonline.com\/fr\/wp-json\/wp\/v2\/pages\/7514"}],"wp:featuredmedia":[{"embeddable":true,"href":"https:\/\/ifeelonline.com\/fr\/wp-json\/wp\/v2\/media\/11132"}],"wp:attachment":[{"href":"https:\/\/ifeelonline.com\/fr\/wp-json\/wp\/v2\/media?parent=11129"}],"curies":[{"name":"wp","href":"https:\/\/api.w.org\/{rel}","templated":true}]}}