{"id":10797,"date":"2024-06-24T12:42:55","date_gmt":"2024-06-24T11:42:55","guid":{"rendered":"https:\/\/ifeelonline.com\/fr\/?page_id=10797"},"modified":"2025-10-07T15:42:39","modified_gmt":"2025-10-07T14:42:39","slug":"lefficacite-comme-mesure-de-la-qualite","status":"publish","type":"page","link":"https:\/\/ifeelonline.com\/fr\/lefficacite-comme-mesure-de-la-qualite\/","title":{"rendered":"L&rsquo;efficacit\u00e9 comme mesure de la qualit\u00e9"},"content":{"rendered":"\t\t<div data-elementor-type=\"wp-page\" data-elementor-id=\"10797\" class=\"elementor elementor-10797\" data-elementor-post-type=\"page\">\n\t\t\t\t\t\t<section data-particle_enable=\"false\" data-particle-mobile-disabled=\"false\" class=\"elementor-section elementor-top-section elementor-element elementor-element-b2d475c elementor-section-boxed elementor-section-height-default elementor-section-height-default\" data-id=\"b2d475c\" data-element_type=\"section\" data-e-type=\"section\" data-settings=\"{&quot;background_background&quot;:&quot;classic&quot;}\">\n\t\t\t\t\t\t\t<div class=\"elementor-background-overlay\"><\/div>\n\t\t\t\t\t\t\t<div class=\"elementor-container elementor-column-gap-default\">\n\t\t\t\t\t<div class=\"elementor-column elementor-col-100 elementor-top-column elementor-element elementor-element-0dd65a0\" data-id=\"0dd65a0\" data-element_type=\"column\" data-e-type=\"column\">\n\t\t\t<div class=\"elementor-widget-wrap elementor-element-populated\">\n\t\t\t\t\t\t<div class=\"elementor-element elementor-element-ab1d737 titulo-personalizado elementor-widget elementor-widget-heading\" data-id=\"ab1d737\" data-element_type=\"widget\" data-e-type=\"widget\" data-widget_type=\"heading.default\">\n\t\t\t\t<div class=\"elementor-widget-container\">\n\t\t\t\t\t<h2 class=\"elementor-heading-title elementor-size-default\">La th\u00e9rapie psychologique par  <br><span class=\"resaltar-palabra\">chat est-elle efficace ?<\/span><\/h2>\t\t\t\t<\/div>\n\t\t\t\t<\/div>\n\t\t\t\t<div class=\"elementor-element elementor-element-8ec9383 elementor-widget elementor-widget-text-editor\" data-id=\"8ec9383\" data-element_type=\"widget\" data-e-type=\"widget\" data-widget_type=\"text-editor.default\">\n\t\t\t\t<div class=\"elementor-widget-container\">\n\t\t\t\t\t\t\t\t\t<p style=\"text-align: center;\"><span style=\"font-weight: 400;\">L&rsquo;efficacit\u00e9 comme mesure de la qualit\u00e9<\/span><\/p>\t\t\t\t\t\t\t\t<\/div>\n\t\t\t\t<\/div>\n\t\t\t\t\t<\/div>\n\t\t<\/div>\n\t\t\t\t\t<\/div>\n\t\t<\/section>\n\t\t\t\t<section data-particle_enable=\"false\" data-particle-mobile-disabled=\"false\" class=\"elementor-section elementor-top-section elementor-element elementor-element-518fbd7 elementor-section-boxed elementor-section-height-default elementor-section-height-default\" data-id=\"518fbd7\" data-element_type=\"section\" data-e-type=\"section\">\n\t\t\t\t\t\t<div class=\"elementor-container elementor-column-gap-narrow\">\n\t\t\t\t\t<div class=\"elementor-column elementor-col-50 elementor-top-column elementor-element elementor-element-6340cc2\" data-id=\"6340cc2\" data-element_type=\"column\" data-e-type=\"column\">\n\t\t\t<div class=\"elementor-widget-wrap elementor-element-populated\">\n\t\t\t\t\t\t<div class=\"elementor-element elementor-element-8960df7 elementor-widget elementor-widget-heading\" data-id=\"8960df7\" data-element_type=\"widget\" data-e-type=\"widget\" data-widget_type=\"heading.default\">\n\t\t\t\t<div class=\"elementor-widget-container\">\n\t\t\t\t\t<h2 class=\"elementor-heading-title elementor-size-default\">Notre \u00e9quipe de recherche a men\u00e9 une \u00e9tude pour \u00e9valuer l'efficacit\u00e9 de la th\u00e9rapie par chat. <\/h2>\t\t\t\t<\/div>\n\t\t\t\t<\/div>\n\t\t\t\t<div class=\"elementor-element elementor-element-8bb916c elementor-widget elementor-widget-text-editor\" data-id=\"8bb916c\" data-element_type=\"widget\" data-e-type=\"widget\" data-widget_type=\"text-editor.default\">\n\t\t\t\t<div class=\"elementor-widget-container\">\n\t\t\t\t\t\t\t\t\t<p><span style=\"font-weight: 400;\">Pourquoi cette \u00e9tude est-elle importante ?<\/span><\/p>\t\t\t\t\t\t\t\t<\/div>\n\t\t\t\t<\/div>\n\t\t\t\t<div class=\"elementor-element elementor-element-d080048 elementor-icon-list--layout-traditional elementor-list-item-link-full_width elementor-widget elementor-widget-icon-list\" data-id=\"d080048\" data-element_type=\"widget\" data-e-type=\"widget\" data-widget_type=\"icon-list.default\">\n\t\t\t\t<div class=\"elementor-widget-container\">\n\t\t\t\t\t\t\t<ul class=\"elementor-icon-list-items\">\n\t\t\t\t\t\t\t<li class=\"elementor-icon-list-item\">\n\t\t\t\t\t\t\t\t\t\t\t<span class=\"elementor-icon-list-icon\">\n\t\t\t\t\t\t\t<svg xmlns=\"http:\/\/www.w3.org\/2000\/svg\" width=\"51\" height=\"51\" viewBox=\"0 0 51 51\" fill=\"none\"><g clip-path=\"url(#clip0_1145_1348)\"><path fill-rule=\"evenodd\" clip-rule=\"evenodd\" d=\"M25.5 51C11.4162 51 0 39.5838 0 25.5C0 11.4162 11.4162 0 25.5 0C39.5838 0 51 11.4162 51 25.5C51 39.5838 39.5838 51 25.5 51ZM36.9423 18.9354L34.85 16.83C34.4577 16.4377 33.8431 16.4377 33.4508 16.83L20.8708 29.4885L14.8815 23.4208C14.5023 23.0285 13.8746 23.0285 13.4823 23.4208L11.39 25.5262C10.9977 25.9185 10.9977 26.5462 11.39 26.9385L18.0462 33.6862C18.0462 33.6862 18.0462 33.7123 18.0723 33.7123L19.5108 35.1638L19.8508 35.5169L20.1646 35.8308C20.5569 36.2231 21.1715 36.2231 21.5638 35.8308L36.9554 20.3477C37.3346 19.9554 37.3346 19.3277 36.9554 18.9354H36.9423Z\" fill=\"#EA7374\"><\/path><\/g><defs><clipPath id=\"clip0_1145_1348\"><rect width=\"51\" height=\"51\" fill=\"white\"><\/rect><\/clipPath><\/defs><\/svg>\t\t\t\t\t\t<\/span>\n\t\t\t\t\t\t\t\t\t\t<span class=\"elementor-icon-list-text\">Elle r\u00e9v\u00e8le dans quelle mesure la th\u00e9rapie par chat peut r\u00e9duire les sympt\u00f4mes. <\/span>\n\t\t\t\t\t\t\t\t\t<\/li>\n\t\t\t\t\t\t\t\t<li class=\"elementor-icon-list-item\">\n\t\t\t\t\t\t\t\t\t\t\t<span class=\"elementor-icon-list-icon\">\n\t\t\t\t\t\t\t<svg xmlns=\"http:\/\/www.w3.org\/2000\/svg\" width=\"51\" height=\"51\" viewBox=\"0 0 51 51\" fill=\"none\"><g clip-path=\"url(#clip0_1145_1348)\"><path fill-rule=\"evenodd\" clip-rule=\"evenodd\" d=\"M25.5 51C11.4162 51 0 39.5838 0 25.5C0 11.4162 11.4162 0 25.5 0C39.5838 0 51 11.4162 51 25.5C51 39.5838 39.5838 51 25.5 51ZM36.9423 18.9354L34.85 16.83C34.4577 16.4377 33.8431 16.4377 33.4508 16.83L20.8708 29.4885L14.8815 23.4208C14.5023 23.0285 13.8746 23.0285 13.4823 23.4208L11.39 25.5262C10.9977 25.9185 10.9977 26.5462 11.39 26.9385L18.0462 33.6862C18.0462 33.6862 18.0462 33.7123 18.0723 33.7123L19.5108 35.1638L19.8508 35.5169L20.1646 35.8308C20.5569 36.2231 21.1715 36.2231 21.5638 35.8308L36.9554 20.3477C37.3346 19.9554 37.3346 19.3277 36.9554 18.9354H36.9423Z\" fill=\"#EA7374\"><\/path><\/g><defs><clipPath id=\"clip0_1145_1348\"><rect width=\"51\" height=\"51\" fill=\"white\"><\/rect><\/clipPath><\/defs><\/svg>\t\t\t\t\t\t<\/span>\n\t\t\t\t\t\t\t\t\t\t<span class=\"elementor-icon-list-text\">Elle identifie des indicateurs cl\u00e9s pour \u00e9valuer les progr\u00e8s de la th\u00e9rapie. <\/span>\n\t\t\t\t\t\t\t\t\t<\/li>\n\t\t\t\t\t\t<\/ul>\n\t\t\t\t\t\t<\/div>\n\t\t\t\t<\/div>\n\t\t\t\t\t<\/div>\n\t\t<\/div>\n\t\t\t\t<div class=\"elementor-column elementor-col-50 elementor-top-column elementor-element elementor-element-e342a87\" data-id=\"e342a87\" data-element_type=\"column\" data-e-type=\"column\">\n\t\t\t<div class=\"elementor-widget-wrap elementor-element-populated\">\n\t\t\t\t\t\t<div class=\"elementor-element elementor-element-c754ba6 elementor-widget elementor-widget-html\" data-id=\"c754ba6\" data-element_type=\"widget\" data-e-type=\"widget\" data-widget_type=\"html.default\">\n\t\t\t\t<div class=\"elementor-widget-container\">\n\t\t\t\t\t<script charset=\"utf-8\" type=\"text\/javascript\" src=\"\/\/js-eu1.hsforms.net\/forms\/embed\/v2.js\"><\/script>\n<script>\n  hbspt.forms.create({\n    region: \"eu1\",\n    portalId: \"24884594\",\n    formId: \"a37a19ce-51ed-4745-8d11-c57d26b5a3b7\"\n  });\n<\/script>\t\t\t\t<\/div>\n\t\t\t\t<\/div>\n\t\t\t\t\t<\/div>\n\t\t<\/div>\n\t\t\t\t\t<\/div>\n\t\t<\/section>\n\t\t\t\t<section data-particle_enable=\"false\" data-particle-mobile-disabled=\"false\" class=\"elementor-section elementor-top-section elementor-element elementor-element-a0d3453 elementor-section-boxed elementor-section-height-default elementor-section-height-default\" data-id=\"a0d3453\" data-element_type=\"section\" data-e-type=\"section\" data-settings=\"{&quot;background_background&quot;:&quot;classic&quot;}\">\n\t\t\t\t\t\t<div class=\"elementor-container elementor-column-gap-default\">\n\t\t\t\t\t<div class=\"elementor-column elementor-col-100 elementor-top-column elementor-element elementor-element-9b3d232\" data-id=\"9b3d232\" data-element_type=\"column\" data-e-type=\"column\">\n\t\t\t<div class=\"elementor-widget-wrap elementor-element-populated\">\n\t\t\t\t\t\t<div class=\"elementor-element elementor-element-045c5a7 elementor-widget elementor-widget-heading\" data-id=\"045c5a7\" data-element_type=\"widget\" data-e-type=\"widget\" data-widget_type=\"heading.default\">\n\t\t\t\t<div class=\"elementor-widget-container\">\n\t\t\t\t\t<h2 class=\"elementor-heading-title elementor-size-default\">En savoir plus sur nos travaux de recherche<\/h2>\t\t\t\t<\/div>\n\t\t\t\t<\/div>\n\t\t\t\t<div class=\"elementor-element elementor-element-f3dd4ed elementor-widget elementor-widget-text-editor\" data-id=\"f3dd4ed\" data-element_type=\"widget\" data-e-type=\"widget\" data-widget_type=\"text-editor.default\">\n\t\t\t\t<div class=\"elementor-widget-container\">\n\t\t\t\t\t\t\t\t\t<p style=\"text-align: center;\">Les \u00e9tudes men\u00e9es par notre \u00e9quipe visent \u00e0 am\u00e9liorer l&rsquo;efficacit\u00e9 des th\u00e9rapies num\u00e9riques et \u00e0 <br>d\u00e9velopper des solutions innovantes pour l&rsquo;am\u00e9lioration de la sant\u00e9 mentale.<\/p>\t\t\t\t\t\t\t\t<\/div>\n\t\t\t\t<\/div>\n\t\t\t\t\t<\/div>\n\t\t<\/div>\n\t\t\t\t\t<\/div>\n\t\t<\/section>\n\t\t\t\t<section data-particle_enable=\"false\" data-particle-mobile-disabled=\"false\" class=\"elementor-section elementor-top-section elementor-element elementor-element-4b70348 elementor-section-boxed elementor-section-height-default elementor-section-height-default\" data-id=\"4b70348\" data-element_type=\"section\" data-e-type=\"section\" data-settings=\"{&quot;background_background&quot;:&quot;classic&quot;}\">\n\t\t\t\t\t\t<div class=\"elementor-container elementor-column-gap-default\">\n\t\t\t\t\t<div class=\"elementor-column elementor-col-25 elementor-top-column elementor-element elementor-element-816c8d3\" data-id=\"816c8d3\" data-element_type=\"column\" data-e-type=\"column\">\n\t\t\t<div class=\"elementor-widget-wrap elementor-element-populated\">\n\t\t\t\t\t\t<div class=\"elementor-element elementor-element-361f71f elementor-position-top elementor-widget elementor-widget-image-box\" data-id=\"361f71f\" data-element_type=\"widget\" data-e-type=\"widget\" data-widget_type=\"image-box.default\">\n\t\t\t\t<div class=\"elementor-widget-container\">\n\t\t\t\t\t<div class=\"elementor-image-box-wrapper\"><figure class=\"elementor-image-box-img\"><a href=\"https:\/\/ifeelonline.com\/en\/effectiveness-as-a-measure-of-quality\/\" tabindex=\"-1\"><img decoding=\"async\" src=\"https:\/\/ifeelonline.com\/fr\/wp-content\/uploads\/sites\/3\/2025\/10\/2346.png\" title=\"2346\" alt=\"2346\" loading=\"lazy\" \/><\/a><\/figure><\/div>\t\t\t\t<\/div>\n\t\t\t\t<\/div>\n\t\t\t\t\t<\/div>\n\t\t<\/div>\n\t\t\t\t<div class=\"elementor-column elementor-col-25 elementor-top-column elementor-element elementor-element-a4359e2\" data-id=\"a4359e2\" data-element_type=\"column\" data-e-type=\"column\">\n\t\t\t<div class=\"elementor-widget-wrap elementor-element-populated\">\n\t\t\t\t\t\t<div class=\"elementor-element elementor-element-447039a elementor-position-top elementor-widget elementor-widget-image-box\" data-id=\"447039a\" data-element_type=\"widget\" data-e-type=\"widget\" data-widget_type=\"image-box.default\">\n\t\t\t\t<div class=\"elementor-widget-container\">\n\t\t\t\t\t<div class=\"elementor-image-box-wrapper\"><figure class=\"elementor-image-box-img\"><a href=\"https:\/\/ifeelonline.com\/fr\/les-tendances-du-bien-etre-mental-2023-devoilees-la-prevention-comme-fondement\/\" tabindex=\"-1\"><img decoding=\"async\" src=\"https:\/\/ifeelonline.com\/fr\/wp-content\/uploads\/sites\/3\/2025\/10\/2344.png\" title=\"2344\" alt=\"2344\" loading=\"lazy\" \/><\/a><\/figure><\/div>\t\t\t\t<\/div>\n\t\t\t\t<\/div>\n\t\t\t\t\t<\/div>\n\t\t<\/div>\n\t\t\t\t<div class=\"elementor-column elementor-col-25 elementor-top-column elementor-element elementor-element-948dd8e\" data-id=\"948dd8e\" data-element_type=\"column\" data-e-type=\"column\">\n\t\t\t<div class=\"elementor-widget-wrap elementor-element-populated\">\n\t\t\t\t\t\t<div class=\"elementor-element elementor-element-0641a5a elementor-position-top elementor-widget elementor-widget-image-box\" data-id=\"0641a5a\" data-element_type=\"widget\" data-e-type=\"widget\" data-widget_type=\"image-box.default\">\n\t\t\t\t<div class=\"elementor-widget-container\">\n\t\t\t\t\t<div class=\"elementor-image-box-wrapper\"><figure class=\"elementor-image-box-img\"><a href=\"https:\/\/ifeelonline.com\/fr\/efficacite-des-interventions-guidees-dans-lanxiete\/\" tabindex=\"-1\"><img decoding=\"async\" src=\"https:\/\/ifeelonline.com\/fr\/wp-content\/uploads\/sites\/3\/2025\/10\/2347.png\" title=\"2347\" alt=\"2347\" loading=\"lazy\" \/><\/a><\/figure><\/div>\t\t\t\t<\/div>\n\t\t\t\t<\/div>\n\t\t\t\t\t<\/div>\n\t\t<\/div>\n\t\t\t\t<div class=\"elementor-column elementor-col-25 elementor-top-column elementor-element elementor-element-04ab808\" data-id=\"04ab808\" data-element_type=\"column\" data-e-type=\"column\">\n\t\t\t<div class=\"elementor-widget-wrap elementor-element-populated\">\n\t\t\t\t\t\t<div class=\"elementor-element elementor-element-4de7b5a elementor-position-top elementor-widget elementor-widget-image-box\" data-id=\"4de7b5a\" data-element_type=\"widget\" data-e-type=\"widget\" data-widget_type=\"image-box.default\">\n\t\t\t\t<div class=\"elementor-widget-container\">\n\t\t\t\t\t<div class=\"elementor-image-box-wrapper\"><figure class=\"elementor-image-box-img\"><a href=\"https:\/\/ifeelonline.com\/fr\/une-plongee-dans-lharmonie-entre-le-patient-et-le-therapeute-psychologue\/\" tabindex=\"-1\"><img decoding=\"async\" src=\"https:\/\/ifeelonline.com\/fr\/wp-content\/uploads\/sites\/3\/2025\/10\/2349.png\" title=\"2349\" alt=\"2349\" loading=\"lazy\" \/><\/a><\/figure><\/div>\t\t\t\t<\/div>\n\t\t\t\t<\/div>\n\t\t\t\t\t<\/div>\n\t\t<\/div>\n\t\t\t\t\t<\/div>\n\t\t<\/section>\n\t\t\t\t<section data-particle_enable=\"false\" data-particle-mobile-disabled=\"false\" class=\"elementor-section elementor-top-section elementor-element elementor-element-8325ae7 elementor-section-boxed elementor-section-height-default elementor-section-height-default\" data-id=\"8325ae7\" data-element_type=\"section\" data-e-type=\"section\">\n\t\t\t\t\t\t<div class=\"elementor-container elementor-column-gap-default\">\n\t\t\t\t\t<div class=\"elementor-column elementor-col-50 elementor-top-column elementor-element elementor-element-90d4907\" data-id=\"90d4907\" data-element_type=\"column\" data-e-type=\"column\">\n\t\t\t<div class=\"elementor-widget-wrap elementor-element-populated\">\n\t\t\t\t\t\t<div class=\"elementor-element elementor-element-dcfe6f7 elementor-widget elementor-widget-image\" data-id=\"dcfe6f7\" data-element_type=\"widget\" data-e-type=\"widget\" data-widget_type=\"image.default\">\n\t\t\t\t<div class=\"elementor-widget-container\">\n\t\t\t\t\t\t\t\t\t\t\t\t\t\t\t<img fetchpriority=\"high\" decoding=\"async\" width=\"800\" height=\"800\" src=\"https:\/\/ifeelonline.com\/fr\/wp-content\/uploads\/sites\/3\/2025\/10\/fotito-1-1024x1024.png\" class=\"attachment-large size-large wp-image-13447\" alt=\"\" srcset=\"https:\/\/ifeelonline.com\/fr\/wp-content\/uploads\/sites\/3\/2025\/10\/fotito-1-1024x1024.png 1024w, https:\/\/ifeelonline.com\/fr\/wp-content\/uploads\/sites\/3\/2025\/10\/fotito-1-300x300.png 300w, https:\/\/ifeelonline.com\/fr\/wp-content\/uploads\/sites\/3\/2025\/10\/fotito-1-150x150.png 150w, https:\/\/ifeelonline.com\/fr\/wp-content\/uploads\/sites\/3\/2025\/10\/fotito-1-768x768.png 768w, https:\/\/ifeelonline.com\/fr\/wp-content\/uploads\/sites\/3\/2025\/10\/fotito-1.png 1214w\" sizes=\"(max-width: 800px) 100vw, 800px\" \/>\t\t\t\t\t\t\t\t\t\t\t\t\t\t\t<\/div>\n\t\t\t\t<\/div>\n\t\t\t\t\t<\/div>\n\t\t<\/div>\n\t\t\t\t<div class=\"elementor-column elementor-col-50 elementor-top-column elementor-element elementor-element-c12dd10\" data-id=\"c12dd10\" data-element_type=\"column\" data-e-type=\"column\">\n\t\t\t<div class=\"elementor-widget-wrap elementor-element-populated\">\n\t\t\t\t\t\t<div class=\"elementor-element elementor-element-e6c629e elementor-widget elementor-widget-heading\" data-id=\"e6c629e\" data-element_type=\"widget\" data-e-type=\"widget\" data-widget_type=\"heading.default\">\n\t\t\t\t<div class=\"elementor-widget-container\">\n\t\t\t\t\t<h2 class=\"elementor-heading-title elementor-size-default\">\nFaire progresser la recherche en sant\u00e9 mentale fond\u00e9e sur la science\n<\/h2>\t\t\t\t<\/div>\n\t\t\t\t<\/div>\n\t\t\t\t<div class=\"elementor-element elementor-element-96b3776 elementor-widget elementor-widget-text-editor\" data-id=\"96b3776\" data-element_type=\"widget\" data-e-type=\"widget\" data-widget_type=\"text-editor.default\">\n\t\t\t\t<div class=\"elementor-widget-container\">\n\t\t\t\t\t\t\t\t\t<p>Chez ifeel, notre mission est de transformer les soins de sant\u00e9 mentale gr\u00e2ce \u00e0 une recherche innovante et fond\u00e9e sur des donn\u00e9es probantes. Nous visons \u00e0 valider l&rsquo;efficacit\u00e9 des th\u00e9rapies en ligne et \u00e0 approfondir notre compr\u00e9hension du bien-\u00eatre humain. Rejoignez-nous dans notre <strong>engagement<\/strong> \u00e0 faire progresser la sant\u00e9 mentale et \u00e0 avoir un impact mondial.<\/p>\t\t\t\t\t\t\t\t<\/div>\n\t\t\t\t<\/div>\n\t\t\t\t<div class=\"elementor-element elementor-element-c793a76 elementor-widget elementor-widget-button\" data-id=\"c793a76\" data-element_type=\"widget\" data-e-type=\"widget\" data-widget_type=\"button.default\">\n\t\t\t\t<div class=\"elementor-widget-container\">\n\t\t\t\t\t\t\t\t\t<div class=\"elementor-button-wrapper\">\n\t\t\t\t\t<a class=\"elementor-button elementor-button-link elementor-size-sm\" href=\"#form\">\n\t\t\t\t\t\t<span class=\"elementor-button-content-wrapper\">\n\t\t\t\t\t\t\t\t\t<span class=\"elementor-button-text\">Fill the form<\/span>\n\t\t\t\t\t<\/span>\n\t\t\t\t\t<\/a>\n\t\t\t\t<\/div>\n\t\t\t\t\t\t\t\t<\/div>\n\t\t\t\t<\/div>\n\t\t\t\t\t<\/div>\n\t\t<\/div>\n\t\t\t\t\t<\/div>\n\t\t<\/section>\n\t\t\t\t<\/div>\n\t\t\n    <div class=\"xs_social_share_widget xs_share_url after_content \t\tmain_content  wslu-style-1 wslu-share-box-shaped wslu-fill-colored wslu-none wslu-share-horizontal wslu-theme-font-no wslu-main_content\">\n\n\t\t\n        <ul>\n\t\t\t        <\/ul>\n    <\/div> \n","protected":false},"excerpt":{"rendered":"<p>La th\u00e9rapie psychologique par chat est-elle efficace ? L&rsquo;efficacit\u00e9 comme mesure de la qualit\u00e9 Notre \u00e9quipe de recherche a men\u00e9 une \u00e9tude pour \u00e9valuer l&rsquo;efficacit\u00e9 de la th\u00e9rapie par chat. Pourquoi cette \u00e9tude est-elle importante ? Elle r\u00e9v\u00e8le dans quelle mesure la th\u00e9rapie par chat peut r\u00e9duire les sympt\u00f4mes. Elle identifie des indicateurs cl\u00e9s pour [&hellip;]<\/p>\n","protected":false},"author":48,"featured_media":13414,"parent":0,"menu_order":0,"comment_status":"closed","ping_status":"closed","template":"","meta":{"content-type":"","postBodyCss":"","postBodyMargin":[],"postBodyPadding":[],"postBodyBackground":{"backgroundType":"classic","gradient":""},"footnotes":""},"class_list":["post-10797","page","type-page","status-publish","has-post-thumbnail","hentry"],"_links":{"self":[{"href":"https:\/\/ifeelonline.com\/fr\/wp-json\/wp\/v2\/pages\/10797","targetHints":{"allow":["GET"]}}],"collection":[{"href":"https:\/\/ifeelonline.com\/fr\/wp-json\/wp\/v2\/pages"}],"about":[{"href":"https:\/\/ifeelonline.com\/fr\/wp-json\/wp\/v2\/types\/page"}],"author":[{"embeddable":true,"href":"https:\/\/ifeelonline.com\/fr\/wp-json\/wp\/v2\/users\/48"}],"replies":[{"embeddable":true,"href":"https:\/\/ifeelonline.com\/fr\/wp-json\/wp\/v2\/comments?post=10797"}],"version-history":[{"count":0,"href":"https:\/\/ifeelonline.com\/fr\/wp-json\/wp\/v2\/pages\/10797\/revisions"}],"wp:featuredmedia":[{"embeddable":true,"href":"https:\/\/ifeelonline.com\/fr\/wp-json\/wp\/v2\/media\/13414"}],"wp:attachment":[{"href":"https:\/\/ifeelonline.com\/fr\/wp-json\/wp\/v2\/media?parent=10797"}],"curies":[{"name":"wp","href":"https:\/\/api.w.org\/{rel}","templated":true}]}}