{"id":10733,"date":"2024-06-14T12:45:34","date_gmt":"2024-06-14T11:45:34","guid":{"rendered":"https:\/\/ifeelonline.com\/fr\/?page_id=10733"},"modified":"2024-06-18T11:17:48","modified_gmt":"2024-06-18T10:17:48","slug":"ameliorer-la-qvct-dans-votre-entreprise","status":"publish","type":"page","link":"https:\/\/ifeelonline.com\/fr\/boite-a-outils-rh\/ameliorer-la-qvct-dans-votre-entreprise\/","title":{"rendered":"Am\u00e9liorer la QVCT dans votre entreprise"},"content":{"rendered":"\t\t<div data-elementor-type=\"wp-page\" data-elementor-id=\"10733\" class=\"elementor elementor-10733\" data-elementor-post-type=\"page\">\n\t\t\t\t\t\t<section data-particle_enable=\"false\" data-particle-mobile-disabled=\"false\" class=\"elementor-section elementor-top-section elementor-element elementor-element-612b98ff elementor-section-boxed elementor-section-height-default elementor-section-height-default\" data-id=\"612b98ff\" data-element_type=\"section\" data-e-type=\"section\" data-settings=\"{&quot;background_background&quot;:&quot;classic&quot;}\">\n\t\t\t\t\t\t\t<div class=\"elementor-background-overlay\"><\/div>\n\t\t\t\t\t\t\t<div class=\"elementor-container elementor-column-gap-custom\">\n\t\t\t\t\t<div class=\"elementor-column elementor-col-50 elementor-top-column elementor-element elementor-element-141617e8\" data-id=\"141617e8\" data-element_type=\"column\" data-e-type=\"column\">\n\t\t\t<div class=\"elementor-widget-wrap elementor-element-populated\">\n\t\t\t\t\t\t<div class=\"elementor-element elementor-element-b9412f4 elementor-widget elementor-widget-html\" data-id=\"b9412f4\" data-element_type=\"widget\" data-e-type=\"widget\" data-widget_type=\"html.default\">\n\t\t\t\t<div class=\"elementor-widget-container\">\n\t\t\t\t\t<nav aria-label=\"breadcrumbs\" class=\"rank-math-breadcrumb\"><p><\/p><\/nav>\t\t\t\t<\/div>\n\t\t\t\t<\/div>\n\t\t\t\t<div class=\"elementor-element elementor-element-1271d69 elementor-widget elementor-widget-heading\" data-id=\"1271d69\" data-element_type=\"widget\" data-e-type=\"widget\" data-widget_type=\"heading.default\">\n\t\t\t\t<div class=\"elementor-widget-container\">\n\t\t\t\t\t<h1 class=\"elementor-heading-title elementor-size-default\">Am\u00e9liorer la QVCT dans votre entreprise<\/h1>\t\t\t\t<\/div>\n\t\t\t\t<\/div>\n\t\t\t\t<div class=\"elementor-element elementor-element-21f74bef elementor-widget elementor-widget-text-editor\" data-id=\"21f74bef\" data-element_type=\"widget\" data-e-type=\"widget\" data-widget_type=\"text-editor.default\">\n\t\t\t\t<div class=\"elementor-widget-container\">\n\t\t\t\t\t\t\t\t\t<p>D\u00e9couvrez comment int\u00e9grer une <span style=\"color: #ffabab;\"><strong>strat\u00e9gie QVCT<\/strong><\/span> efficace et p\u00e9renne dans votre organisation.<\/p>\t\t\t\t\t\t\t\t<\/div>\n\t\t\t\t<\/div>\n\t\t\t\t<div class=\"elementor-element elementor-element-584cc349 elementor-widget elementor-widget-text-editor\" data-id=\"584cc349\" data-element_type=\"widget\" data-e-type=\"widget\" data-widget_type=\"text-editor.default\">\n\t\t\t\t<div class=\"elementor-widget-container\">\n\t\t\t\t\t\t\t\t\t<p>Am\u00e9liorer <strong>la qualit\u00e9 de vie et les conditions de travail<\/strong> &#8211; QVCT &#8211; est crucial pour attirer et retenir les talents, augmenter la satisfaction et l\u2019engagement des collaborateurs et am\u00e9liorer la performance globale de l&rsquo;entreprise.<\/p>\n<p>Nous avons cr\u00e9\u00e9 une ressource essentielle pour vous aider \u00e0 atteindre ces objectifs.&nbsp;<\/p>\n<p><\/p>\n<p>Ce que vous trouverez dans ce guide :<\/p>\t\t\t\t\t\t\t\t<\/div>\n\t\t\t\t<\/div>\n\t\t\t\t<div class=\"elementor-element elementor-element-40cbd7b elementor-align-start elementor-icon-list--layout-traditional elementor-list-item-link-full_width elementor-widget elementor-widget-icon-list\" data-id=\"40cbd7b\" data-element_type=\"widget\" data-e-type=\"widget\" data-widget_type=\"icon-list.default\">\n\t\t\t\t<div class=\"elementor-widget-container\">\n\t\t\t\t\t\t\t<ul class=\"elementor-icon-list-items\">\n\t\t\t\t\t\t\t<li class=\"elementor-icon-list-item\">\n\t\t\t\t\t\t\t\t\t\t\t<span class=\"elementor-icon-list-icon\">\n\t\t\t\t\t\t\t<svg xmlns=\"http:\/\/www.w3.org\/2000\/svg\" width=\"19\" height=\"19\" viewBox=\"0 0 19 19\" fill=\"none\"><path fill-rule=\"evenodd\" clip-rule=\"evenodd\" d=\"M9.5 19C4.25308 19 0 14.7469 0 9.5C0 4.25308 4.25308 0 9.5 0C14.7469 0 19 4.25308 19 9.5C19 14.7469 14.7469 19 9.5 19ZM13.7628 7.05436L12.9833 6.27C12.8372 6.12385 12.6082 6.12385 12.4621 6.27L7.77538 10.9859L5.5441 8.72538C5.40282 8.57923 5.16897 8.57923 5.02282 8.72538L4.24333 9.50974C4.09718 9.6559 4.09718 9.88974 4.24333 10.0359L6.72308 12.5497C6.72308 12.5497 6.72308 12.5595 6.73282 12.5595L7.26872 13.1003L7.39538 13.2318L7.51231 13.3487C7.65846 13.4949 7.88744 13.4949 8.03359 13.3487L13.7677 7.58051C13.909 7.43436 13.909 7.20051 13.7677 7.05436H13.7628Z\" fill=\"#7798EE\"><\/path><\/svg>\t\t\t\t\t\t<\/span>\n\t\t\t\t\t\t\t\t\t\t<span class=\"elementor-icon-list-text\">5 conseils pratiques pour cr\u00e9er une strat\u00e9gie de QVCT efficace<\/span>\n\t\t\t\t\t\t\t\t\t<\/li>\n\t\t\t\t\t\t\t\t<li class=\"elementor-icon-list-item\">\n\t\t\t\t\t\t\t\t\t\t\t<span class=\"elementor-icon-list-icon\">\n\t\t\t\t\t\t\t<svg xmlns=\"http:\/\/www.w3.org\/2000\/svg\" width=\"19\" height=\"19\" viewBox=\"0 0 19 19\" fill=\"none\"><path fill-rule=\"evenodd\" clip-rule=\"evenodd\" d=\"M9.5 19C4.25308 19 0 14.7469 0 9.5C0 4.25308 4.25308 0 9.5 0C14.7469 0 19 4.25308 19 9.5C19 14.7469 14.7469 19 9.5 19ZM13.7628 7.05436L12.9833 6.27C12.8372 6.12385 12.6082 6.12385 12.4621 6.27L7.77538 10.9859L5.5441 8.72538C5.40282 8.57923 5.16897 8.57923 5.02282 8.72538L4.24333 9.50974C4.09718 9.6559 4.09718 9.88974 4.24333 10.0359L6.72308 12.5497C6.72308 12.5497 6.72308 12.5595 6.73282 12.5595L7.26872 13.1003L7.39538 13.2318L7.51231 13.3487C7.65846 13.4949 7.88744 13.4949 8.03359 13.3487L13.7677 7.58051C13.909 7.43436 13.909 7.20051 13.7677 7.05436H13.7628Z\" fill=\"#7798EE\"><\/path><\/svg>\t\t\t\t\t\t<\/span>\n\t\t\t\t\t\t\t\t\t\t<span class=\"elementor-icon-list-text\">Des recommandations \u00e9prouv\u00e9es et facilement applicables<\/span>\n\t\t\t\t\t\t\t\t\t<\/li>\n\t\t\t\t\t\t<\/ul>\n\t\t\t\t\t\t<\/div>\n\t\t\t\t<\/div>\n\t\t\t\t<div class=\"elementor-element elementor-element-2887efd elementor-widget elementor-widget-text-editor\" data-id=\"2887efd\" data-element_type=\"widget\" data-e-type=\"widget\" data-widget_type=\"text-editor.default\">\n\t\t\t\t<div class=\"elementor-widget-container\">\n\t\t\t\t\t\t\t\t\t<p><span style=\"color: #ffabab;\"><strong>T\u00e9l\u00e9charger gratuitement !<\/strong><\/span><\/p>\t\t\t\t\t\t\t\t<\/div>\n\t\t\t\t<\/div>\n\t\t\t\t\t<\/div>\n\t\t<\/div>\n\t\t\t\t<div class=\"elementor-column elementor-col-50 elementor-top-column elementor-element elementor-element-86f5e4c\" data-id=\"86f5e4c\" data-element_type=\"column\" data-e-type=\"column\" data-settings=\"{&quot;background_background&quot;:&quot;classic&quot;}\">\n\t\t\t<div class=\"elementor-widget-wrap elementor-element-populated\">\n\t\t\t\t\t\t<section data-particle_enable=\"false\" data-particle-mobile-disabled=\"false\" class=\"elementor-section elementor-inner-section elementor-element elementor-element-af7e168 elementor-section-boxed elementor-section-height-default elementor-section-height-default\" data-id=\"af7e168\" data-element_type=\"section\" data-e-type=\"section\">\n\t\t\t\t\t\t<div class=\"elementor-container elementor-column-gap-default\">\n\t\t\t\t\t<div class=\"elementor-column elementor-col-100 elementor-inner-column elementor-element elementor-element-e44c780\" data-id=\"e44c780\" data-element_type=\"column\" data-e-type=\"column\" data-settings=\"{&quot;background_background&quot;:&quot;classic&quot;}\">\n\t\t\t<div class=\"elementor-widget-wrap elementor-element-populated\">\n\t\t\t\t\t\t<div class=\"elementor-element elementor-element-1fab664b elementor-widget elementor-widget-html\" data-id=\"1fab664b\" data-element_type=\"widget\" data-e-type=\"widget\" id=\"form\" data-widget_type=\"html.default\">\n\t\t\t\t<div class=\"elementor-widget-container\">\n\t\t\t\t\t<script charset=\"utf-8\" type=\"text\/javascript\" src=\"\/\/js-eu1.hsforms.net\/forms\/embed\/v2.js\"><\/script>\r\n<script>\r\n  hbspt.forms.create({\r\n    region: \"eu1\",\r\n    portalId: \"24884594\",\r\n    formId: \"1363b5be-0d38-49f6-8b18-8cffb54312a1\"\r\n  });\r\n<\/script>\t\t\t\t<\/div>\n\t\t\t\t<\/div>\n\t\t\t\t\t<\/div>\n\t\t<\/div>\n\t\t\t\t\t<\/div>\n\t\t<\/section>\n\t\t\t\t\t<\/div>\n\t\t<\/div>\n\t\t\t\t\t<\/div>\n\t\t<\/section>\n\t\t\t\t<section data-particle_enable=\"false\" data-particle-mobile-disabled=\"false\" class=\"elementor-section elementor-top-section elementor-element elementor-element-a5802df elementor-hidden-tablet elementor-section-boxed elementor-section-height-default elementor-section-height-default\" data-id=\"a5802df\" data-element_type=\"section\" data-e-type=\"section\" data-settings=\"{&quot;background_background&quot;:&quot;classic&quot;}\">\n\t\t\t\t\t\t<div class=\"elementor-container elementor-column-gap-custom\">\n\t\t\t\t\t<div class=\"elementor-column elementor-col-50 elementor-top-column elementor-element elementor-element-e35f8e5\" data-id=\"e35f8e5\" data-element_type=\"column\" data-e-type=\"column\">\n\t\t\t<div class=\"elementor-widget-wrap elementor-element-populated\">\n\t\t\t\t\t\t<div class=\"elementor-element elementor-element-15f9de8a elementor-hidden-mobile elementor-widget elementor-widget-image\" data-id=\"15f9de8a\" data-element_type=\"widget\" data-e-type=\"widget\" data-widget_type=\"image.default\">\n\t\t\t\t<div class=\"elementor-widget-container\">\n\t\t\t\t\t\t\t\t\t\t\t\t\t\t\t<img fetchpriority=\"high\" decoding=\"async\" width=\"564\" height=\"495\" src=\"https:\/\/ifeelonline.com\/fr\/wp-content\/uploads\/sites\/3\/2024\/06\/conversation@1-1-1.png\" class=\"attachment-full size-full wp-image-10736\" alt=\"\" srcset=\"https:\/\/ifeelonline.com\/fr\/wp-content\/uploads\/sites\/3\/2024\/06\/conversation@1-1-1.png 564w, https:\/\/ifeelonline.com\/fr\/wp-content\/uploads\/sites\/3\/2024\/06\/conversation@1-1-1-300x263.png 300w\" sizes=\"(max-width: 564px) 100vw, 564px\" \/>\t\t\t\t\t\t\t\t\t\t\t\t\t\t\t<\/div>\n\t\t\t\t<\/div>\n\t\t\t\t\t<\/div>\n\t\t<\/div>\n\t\t\t\t<div class=\"elementor-column elementor-col-50 elementor-top-column elementor-element elementor-element-2799b3c1\" data-id=\"2799b3c1\" data-element_type=\"column\" data-e-type=\"column\" data-settings=\"{&quot;background_background&quot;:&quot;classic&quot;}\">\n\t\t\t<div class=\"elementor-widget-wrap elementor-element-populated\">\n\t\t\t\t\t\t<div class=\"elementor-element elementor-element-5e90f836 elementor-widget elementor-widget-heading\" data-id=\"5e90f836\" data-element_type=\"widget\" data-e-type=\"widget\" data-widget_type=\"heading.default\">\n\t\t\t\t<div class=\"elementor-widget-container\">\n\t\t\t\t\t<h2 class=\"elementor-heading-title elementor-size-xl\">Pourquoi t\u00e9l\u00e9charger ce guide ?<\/h2>\t\t\t\t<\/div>\n\t\t\t\t<\/div>\n\t\t\t\t<div class=\"elementor-element elementor-element-2810c4b9 elementor-widget elementor-widget-text-editor\" data-id=\"2810c4b9\" data-element_type=\"widget\" data-e-type=\"widget\" data-widget_type=\"text-editor.default\">\n\t\t\t\t<div class=\"elementor-widget-container\">\n\t\t\t\t\t\t\t\t\t<p>Ce guide est essentiel pour toute entreprise souhaitant am\u00e9liorer la qualit\u00e9 de vie et les conditions de travail <strong>(QVCT)<\/strong> de ses collaborateurs. Cette ressource vous offre des conseils pratiques et \u00e9prouv\u00e9s pour instaurer des changements positifs et durables dans votre organisation. En suivant ces recommandations, vous pourrez non seulement accro\u00eetre le bien-\u00eatre et la satisfaction de vos \u00e9quipes, mais aussi am\u00e9liorer la performance globale de votre entreprise.<\/p><p>\u00a0<\/p><p>Chaque conseil est con\u00e7u pour \u00eatre facilement applicable et adapt\u00e9 aux sp\u00e9cificit\u00e9s de votre structure, permettant ainsi une mise en \u0153uvre rapide et efficace. Ne manquez pas cette opportunit\u00e9 de transformer votre environnement de travail et de positionner votre entreprise comme un leader en mati\u00e8re de QVCT.<\/p><p>\u00a0<\/p><p><strong>T\u00e9l\u00e9chargez ce guide<\/strong> d\u00e8s aujourd&rsquo;hui pour commencer \u00e0 faire la diff\u00e9rence.<\/p>\t\t\t\t\t\t\t\t<\/div>\n\t\t\t\t<\/div>\n\t\t\t\t\t<\/div>\n\t\t<\/div>\n\t\t\t\t\t<\/div>\n\t\t<\/section>\n\t\t\t\t<section data-particle_enable=\"false\" data-particle-mobile-disabled=\"false\" class=\"elementor-section elementor-top-section elementor-element elementor-element-28209a8e elementor-hidden-desktop elementor-hidden-mobile elementor-section-boxed elementor-section-height-default elementor-section-height-default\" data-id=\"28209a8e\" data-element_type=\"section\" data-e-type=\"section\" data-settings=\"{&quot;background_background&quot;:&quot;classic&quot;}\">\n\t\t\t\t\t\t<div class=\"elementor-container elementor-column-gap-custom\">\n\t\t\t\t\t<div class=\"elementor-column elementor-col-100 elementor-top-column elementor-element elementor-element-1bcf40c9\" data-id=\"1bcf40c9\" data-element_type=\"column\" data-e-type=\"column\" data-settings=\"{&quot;background_background&quot;:&quot;classic&quot;}\">\n\t\t\t<div class=\"elementor-widget-wrap elementor-element-populated\">\n\t\t\t\t\t\t<div class=\"elementor-element elementor-element-3692414d elementor-widget elementor-widget-heading\" data-id=\"3692414d\" data-element_type=\"widget\" data-e-type=\"widget\" data-widget_type=\"heading.default\">\n\t\t\t\t<div class=\"elementor-widget-container\">\n\t\t\t\t\t<h2 class=\"elementor-heading-title elementor-size-xl\">Pourquoi t\u00e9l\u00e9charger ce guide ?\n<\/h2>\t\t\t\t<\/div>\n\t\t\t\t<\/div>\n\t\t\t\t<div class=\"elementor-element elementor-element-1395aada elementor-widget elementor-widget-text-editor\" data-id=\"1395aada\" data-element_type=\"widget\" data-e-type=\"widget\" data-widget_type=\"text-editor.default\">\n\t\t\t\t<div class=\"elementor-widget-container\">\n\t\t\t\t\t\t\t\t\t<p>Ce guide est essentiel pour toute entreprise souhaitant am\u00e9liorer la qualit\u00e9 de vie et les conditions de travail (QVCT) de ses collaborateurs. Cette ressource vous offre des conseils pratiques et \u00e9prouv\u00e9s pour instaurer des changements positifs et durables dans votre organisation. En suivant ces recommandations, vous pourrez non seulement accro\u00eetre le bien-\u00eatre et la satisfaction de vos \u00e9quipes, mais aussi am\u00e9liorer la performance globale de votre entreprise.<\/p><p>\u00a0<\/p><p>Chaque conseil est con\u00e7u pour \u00eatre facilement applicable et adapt\u00e9 aux sp\u00e9cificit\u00e9s de votre structure, permettant ainsi une mise en \u0153uvre rapide et efficace. Ne manquez pas cette opportunit\u00e9 de transformer votre environnement de travail et de positionner votre entreprise comme un leader en mati\u00e8re de QVCT.<\/p><p>T\u00e9l\u00e9chargez ce guide d\u00e8s aujourd&rsquo;hui pour commencer \u00e0 faire la diff\u00e9rence.<\/p>\t\t\t\t\t\t\t\t<\/div>\n\t\t\t\t<\/div>\n\t\t\t\t\t<\/div>\n\t\t<\/div>\n\t\t\t\t\t<\/div>\n\t\t<\/section>\n\t\t\t\t<section data-particle_enable=\"false\" data-particle-mobile-disabled=\"false\" class=\"elementor-section elementor-top-section elementor-element elementor-element-34181fe6 elementor-section-boxed elementor-section-height-default elementor-section-height-default\" data-id=\"34181fe6\" data-element_type=\"section\" data-e-type=\"section\" data-settings=\"{&quot;background_background&quot;:&quot;classic&quot;}\">\n\t\t\t\t\t\t<div class=\"elementor-container elementor-column-gap-custom\">\n\t\t\t\t\t<div class=\"elementor-column elementor-col-50 elementor-top-column elementor-element elementor-element-3617045c\" data-id=\"3617045c\" data-element_type=\"column\" data-e-type=\"column\" data-settings=\"{&quot;background_background&quot;:&quot;classic&quot;}\">\n\t\t\t<div class=\"elementor-widget-wrap elementor-element-populated\">\n\t\t\t\t\t\t<div class=\"elementor-element elementor-element-492f5849 elementor-widget elementor-widget-heading\" data-id=\"492f5849\" data-element_type=\"widget\" data-e-type=\"widget\" data-widget_type=\"heading.default\">\n\t\t\t\t<div class=\"elementor-widget-container\">\n\t\t\t\t\t<h2 class=\"elementor-heading-title elementor-size-xl\">\nifeel : la solution leader pour le bien-\u00eatre mental\n\n\n\n<\/h2>\t\t\t\t<\/div>\n\t\t\t\t<\/div>\n\t\t\t\t<div class=\"elementor-element elementor-element-27edc163 elementor-widget elementor-widget-text-editor\" data-id=\"27edc163\" data-element_type=\"widget\" data-e-type=\"widget\" data-widget_type=\"text-editor.default\">\n\t\t\t\t<div class=\"elementor-widget-container\">\n\t\t\t\t\t\t\t\t\t<p>ifeel est une <strong>solution unique<\/strong>, compl\u00e8te et \u00e9volutive qui utilise le pouvoir des donn\u00e9es pour fournir une compr\u00e9hension approfondie du bien-\u00eatre mental de vos employ\u00e9s tout en garantissant la qualit\u00e9 du service et la confidentialit\u00e9 pour vos employ\u00e9s. Notre \u00e9quipe de psychologues sp\u00e9cialis\u00e9s fournit un soutien personnalis\u00e9 et approfondi pour vous aider \u00e0 chaque \u00e9tape, toujours \u00e0 vos c\u00f4t\u00e9s.<\/p><p>\u00a0<\/p><p>Nous croyons que le <strong>bien-\u00eatre mental<\/strong> devrait \u00eatre soutenu d\u00e8s qu\u2019un collaborateur rejoint l\u2019entreprise, pr\u00e9venant ainsi tout probl\u00e8me de sant\u00e9 mentale qui pourrait survenir tout au long de sa carri\u00e8re.<\/p>\t\t\t\t\t\t\t\t<\/div>\n\t\t\t\t<\/div>\n\t\t\t\t<div class=\"elementor-element elementor-element-5e758f07 elementor-widget elementor-widget-button\" data-id=\"5e758f07\" data-element_type=\"widget\" data-e-type=\"widget\" data-widget_type=\"button.default\">\n\t\t\t\t<div class=\"elementor-widget-container\">\n\t\t\t\t\t\t\t\t\t<div class=\"elementor-button-wrapper\">\n\t\t\t\t\t<a class=\"elementor-button elementor-button-link elementor-size-sm\" href=\"#form\">\n\t\t\t\t\t\t<span class=\"elementor-button-content-wrapper\">\n\t\t\t\t\t\t\t\t\t<span class=\"elementor-button-text\">FAITES CONFIANCE AUX EXPERTS<\/span>\n\t\t\t\t\t<\/span>\n\t\t\t\t\t<\/a>\n\t\t\t\t<\/div>\n\t\t\t\t\t\t\t\t<\/div>\n\t\t\t\t<\/div>\n\t\t\t\t\t<\/div>\n\t\t<\/div>\n\t\t\t\t<div class=\"elementor-column elementor-col-50 elementor-top-column elementor-element elementor-element-5521aa98\" data-id=\"5521aa98\" data-element_type=\"column\" data-e-type=\"column\">\n\t\t\t<div class=\"elementor-widget-wrap elementor-element-populated\">\n\t\t\t\t\t\t<div class=\"elementor-element elementor-element-79c8aaca elementor-widget elementor-widget-image\" data-id=\"79c8aaca\" data-element_type=\"widget\" data-e-type=\"widget\" data-widget_type=\"image.default\">\n\t\t\t\t<div class=\"elementor-widget-container\">\n\t\t\t\t\t\t\t\t\t\t\t\t\t\t\t<img decoding=\"async\" width=\"328\" height=\"328\" src=\"https:\/\/ifeelonline.com\/fr\/wp-content\/uploads\/sites\/3\/2024\/02\/life-insurance.png\" class=\"attachment-full size-full wp-image-10148\" alt=\"\" srcset=\"https:\/\/ifeelonline.com\/fr\/wp-content\/uploads\/sites\/3\/2024\/02\/life-insurance.png 328w, https:\/\/ifeelonline.com\/fr\/wp-content\/uploads\/sites\/3\/2024\/02\/life-insurance-300x300.png 300w, https:\/\/ifeelonline.com\/fr\/wp-content\/uploads\/sites\/3\/2024\/02\/life-insurance-150x150.png 150w\" sizes=\"(max-width: 328px) 100vw, 328px\" \/>\t\t\t\t\t\t\t\t\t\t\t\t\t\t\t<\/div>\n\t\t\t\t<\/div>\n\t\t\t\t\t<\/div>\n\t\t<\/div>\n\t\t\t\t\t<\/div>\n\t\t<\/section>\n\t\t\t\t<\/div>\n\t\t\n    <div class=\"xs_social_share_widget xs_share_url after_content \t\tmain_content  wslu-style-1 wslu-share-box-shaped wslu-fill-colored wslu-none wslu-share-horizontal wslu-theme-font-no wslu-main_content\">\n\n\t\t\n        <ul>\n\t\t\t        <\/ul>\n    <\/div> \n","protected":false},"excerpt":{"rendered":"<p>Am\u00e9liorer la QVCT dans votre entreprise D\u00e9couvrez comment int\u00e9grer une strat\u00e9gie QVCT efficace et p\u00e9renne dans votre organisation. Am\u00e9liorer la qualit\u00e9 de vie et les conditions de travail &#8211; QVCT &#8211; est crucial pour attirer et retenir les talents, augmenter la satisfaction et l\u2019engagement des collaborateurs et am\u00e9liorer la performance globale de l&rsquo;entreprise. Nous avons [&hellip;]<\/p>\n","protected":false},"author":48,"featured_media":10737,"parent":7514,"menu_order":0,"comment_status":"closed","ping_status":"closed","template":"","meta":{"content-type":"","postBodyCss":"","postBodyMargin":[],"postBodyPadding":[],"postBodyBackground":{"backgroundType":"classic","gradient":""},"footnotes":""},"class_list":["post-10733","page","type-page","status-publish","has-post-thumbnail","hentry"],"_links":{"self":[{"href":"https:\/\/ifeelonline.com\/fr\/wp-json\/wp\/v2\/pages\/10733","targetHints":{"allow":["GET"]}}],"collection":[{"href":"https:\/\/ifeelonline.com\/fr\/wp-json\/wp\/v2\/pages"}],"about":[{"href":"https:\/\/ifeelonline.com\/fr\/wp-json\/wp\/v2\/types\/page"}],"author":[{"embeddable":true,"href":"https:\/\/ifeelonline.com\/fr\/wp-json\/wp\/v2\/users\/48"}],"replies":[{"embeddable":true,"href":"https:\/\/ifeelonline.com\/fr\/wp-json\/wp\/v2\/comments?post=10733"}],"version-history":[{"count":0,"href":"https:\/\/ifeelonline.com\/fr\/wp-json\/wp\/v2\/pages\/10733\/revisions"}],"up":[{"embeddable":true,"href":"https:\/\/ifeelonline.com\/fr\/wp-json\/wp\/v2\/pages\/7514"}],"wp:featuredmedia":[{"embeddable":true,"href":"https:\/\/ifeelonline.com\/fr\/wp-json\/wp\/v2\/media\/10737"}],"wp:attachment":[{"href":"https:\/\/ifeelonline.com\/fr\/wp-json\/wp\/v2\/media?parent=10733"}],"curies":[{"name":"wp","href":"https:\/\/api.w.org\/{rel}","templated":true}]}}