{"id":10720,"date":"2024-06-11T15:08:55","date_gmt":"2024-06-11T14:08:55","guid":{"rendered":"https:\/\/ifeelonline.com\/fr\/?page_id=10720"},"modified":"2024-06-17T14:31:49","modified_gmt":"2024-06-17T13:31:49","slug":"podcast-bien-etre-mental-business-travail-et-sante-mentale","status":"publish","type":"page","link":"https:\/\/ifeelonline.com\/fr\/podcast-bien-etre-mental-business-travail-et-sante-mentale\/","title":{"rendered":"Podcast : Bien-\u00eatre mental &amp; Business : Travail et sant\u00e9 mentale"},"content":{"rendered":"\t\t<div data-elementor-type=\"wp-page\" data-elementor-id=\"10720\" class=\"elementor elementor-10720\" data-elementor-post-type=\"page\">\n\t\t\t\t\t\t<section data-particle_enable=\"false\" data-particle-mobile-disabled=\"false\" class=\"elementor-section elementor-top-section elementor-element elementor-element-643e6c3d elementor-section-boxed elementor-section-height-default elementor-section-height-default\" data-id=\"643e6c3d\" data-element_type=\"section\" data-e-type=\"section\">\n\t\t\t\t\t\t<div class=\"elementor-container elementor-column-gap-default\">\n\t\t\t\t\t\t<\/div>\n\t\t<\/section>\n\t\t\t\t<section data-particle_enable=\"false\" data-particle-mobile-disabled=\"false\" class=\"elementor-section elementor-top-section elementor-element elementor-element-6e50e80f elementor-section-boxed elementor-section-height-default elementor-section-height-default\" data-id=\"6e50e80f\" data-element_type=\"section\" data-e-type=\"section\" data-settings=\"{&quot;background_background&quot;:&quot;classic&quot;}\">\n\t\t\t\t\t\t<div class=\"elementor-container elementor-column-gap-default\">\n\t\t\t\t\t<div class=\"elementor-column elementor-col-100 elementor-top-column elementor-element elementor-element-5f44a025\" data-id=\"5f44a025\" data-element_type=\"column\" data-e-type=\"column\">\n\t\t\t<div class=\"elementor-widget-wrap elementor-element-populated\">\n\t\t\t\t\t\t<div class=\"elementor-element elementor-element-2c747036 elementor-headline--style-highlight elementor-widget elementor-widget-animated-headline\" data-id=\"2c747036\" data-element_type=\"widget\" data-e-type=\"widget\" data-settings=\"{&quot;marker&quot;:&quot;underline&quot;,&quot;highlighted_text&quot;:&quot;sant\\u00e9 mentale&quot;,&quot;headline_style&quot;:&quot;highlight&quot;,&quot;loop&quot;:&quot;yes&quot;,&quot;highlight_animation_duration&quot;:1200,&quot;highlight_iteration_delay&quot;:8000}\" data-widget_type=\"animated-headline.default\">\n\t\t\t\t<div class=\"elementor-widget-container\">\n\t\t\t\t\t\t\t<h3 class=\"elementor-headline\">\n\t\t\t\t\t<span class=\"elementor-headline-plain-text elementor-headline-text-wrapper\">Podcast : Travail et <\/span>\n\t\t\t\t<span class=\"elementor-headline-dynamic-wrapper elementor-headline-text-wrapper\">\n\t\t\t\t\t<span class=\"elementor-headline-dynamic-text elementor-headline-text-active\">sant\u00e9 mentale<\/span>\n\t\t\t\t<\/span>\n\t\t\t\t<\/h3>\n\t\t\t\t\t\t<\/div>\n\t\t\t\t<\/div>\n\t\t\t\t\t<\/div>\n\t\t<\/div>\n\t\t\t\t\t<\/div>\n\t\t<\/section>\n\t\t\t\t<section data-particle_enable=\"false\" data-particle-mobile-disabled=\"false\" class=\"elementor-section elementor-top-section elementor-element elementor-element-7bfafb6c elementor-hidden-mobile elementor-section-boxed elementor-section-height-default elementor-section-height-default\" data-id=\"7bfafb6c\" data-element_type=\"section\" data-e-type=\"section\" data-settings=\"{&quot;background_background&quot;:&quot;classic&quot;}\">\n\t\t\t\t\t\t<div class=\"elementor-container elementor-column-gap-default\">\n\t\t\t\t\t<div class=\"elementor-column elementor-col-50 elementor-top-column elementor-element elementor-element-7420d4f2\" data-id=\"7420d4f2\" data-element_type=\"column\" data-e-type=\"column\">\n\t\t\t<div class=\"elementor-widget-wrap elementor-element-populated\">\n\t\t\t\t\t\t<div class=\"elementor-element elementor-element-13a9cd59 elementor-widget elementor-widget-image\" data-id=\"13a9cd59\" data-element_type=\"widget\" data-e-type=\"widget\" data-widget_type=\"image.default\">\n\t\t\t\t<div class=\"elementor-widget-container\">\n\t\t\t\t\t\t\t\t\t\t\t\t\t\t\t<img fetchpriority=\"high\" decoding=\"async\" width=\"800\" height=\"256\" src=\"https:\/\/ifeelonline.com\/fr\/wp-content\/uploads\/sites\/3\/2024\/06\/Frame-4.png\" class=\"attachment-large size-large wp-image-10718\" alt=\"\" srcset=\"https:\/\/ifeelonline.com\/fr\/wp-content\/uploads\/sites\/3\/2024\/06\/Frame-4.png 834w, https:\/\/ifeelonline.com\/fr\/wp-content\/uploads\/sites\/3\/2024\/06\/Frame-4-300x96.png 300w, https:\/\/ifeelonline.com\/fr\/wp-content\/uploads\/sites\/3\/2024\/06\/Frame-4-768x246.png 768w\" sizes=\"(max-width: 800px) 100vw, 800px\" \/>\t\t\t\t\t\t\t\t\t\t\t\t\t\t\t<\/div>\n\t\t\t\t<\/div>\n\t\t\t\t\t<\/div>\n\t\t<\/div>\n\t\t\t\t<div class=\"elementor-column elementor-col-50 elementor-top-column elementor-element elementor-element-2d29a580\" data-id=\"2d29a580\" data-element_type=\"column\" data-e-type=\"column\">\n\t\t\t<div class=\"elementor-widget-wrap elementor-element-populated\">\n\t\t\t\t\t\t<section data-particle_enable=\"false\" data-particle-mobile-disabled=\"false\" class=\"elementor-section elementor-inner-section elementor-element elementor-element-355b7a2b elementor-section-boxed elementor-section-height-default elementor-section-height-default\" data-id=\"355b7a2b\" data-element_type=\"section\" data-e-type=\"section\">\n\t\t\t\t\t\t<div class=\"elementor-container elementor-column-gap-default\">\n\t\t\t\t\t<div class=\"elementor-column elementor-col-100 elementor-inner-column elementor-element elementor-element-7dd8f103\" data-id=\"7dd8f103\" data-element_type=\"column\" data-e-type=\"column\">\n\t\t\t<div class=\"elementor-widget-wrap elementor-element-populated\">\n\t\t\t\t\t\t<div class=\"elementor-element elementor-element-5fd4057e elementor-widget elementor-widget-text-editor\" data-id=\"5fd4057e\" data-element_type=\"widget\" data-e-type=\"widget\" data-widget_type=\"text-editor.default\">\n\t\t\t\t<div class=\"elementor-widget-container\">\n\t\t\t\t\t\t\t\t\t<p style=\"text-align: left\">\u00c9pisode 1<\/p>\t\t\t\t\t\t\t\t<\/div>\n\t\t\t\t<\/div>\n\t\t\t\t\t<\/div>\n\t\t<\/div>\n\t\t\t\t\t<\/div>\n\t\t<\/section>\n\t\t\t\t\t<\/div>\n\t\t<\/div>\n\t\t\t\t\t<\/div>\n\t\t<\/section>\n\t\t\t\t<section data-particle_enable=\"false\" data-particle-mobile-disabled=\"false\" class=\"elementor-section elementor-top-section elementor-element elementor-element-4af8b510 elementor-hidden-desktop elementor-hidden-tablet elementor-section-boxed elementor-section-height-default elementor-section-height-default\" data-id=\"4af8b510\" data-element_type=\"section\" data-e-type=\"section\" data-settings=\"{&quot;background_background&quot;:&quot;classic&quot;}\">\n\t\t\t\t\t\t<div class=\"elementor-container elementor-column-gap-default\">\n\t\t\t\t\t<div class=\"elementor-column elementor-col-50 elementor-top-column elementor-element elementor-element-1f2ecd36\" data-id=\"1f2ecd36\" data-element_type=\"column\" data-e-type=\"column\">\n\t\t\t<div class=\"elementor-widget-wrap elementor-element-populated\">\n\t\t\t\t\t\t<div class=\"elementor-element elementor-element-96a9aa5 elementor-widget elementor-widget-image\" data-id=\"96a9aa5\" data-element_type=\"widget\" data-e-type=\"widget\" data-widget_type=\"image.default\">\n\t\t\t\t<div class=\"elementor-widget-container\">\n\t\t\t\t\t\t\t\t\t\t\t\t\t\t\t<img fetchpriority=\"high\" decoding=\"async\" width=\"800\" height=\"256\" src=\"https:\/\/ifeelonline.com\/fr\/wp-content\/uploads\/sites\/3\/2024\/06\/Frame-4.png\" class=\"attachment-large size-large wp-image-10718\" alt=\"\" srcset=\"https:\/\/ifeelonline.com\/fr\/wp-content\/uploads\/sites\/3\/2024\/06\/Frame-4.png 834w, https:\/\/ifeelonline.com\/fr\/wp-content\/uploads\/sites\/3\/2024\/06\/Frame-4-300x96.png 300w, https:\/\/ifeelonline.com\/fr\/wp-content\/uploads\/sites\/3\/2024\/06\/Frame-4-768x246.png 768w\" sizes=\"(max-width: 800px) 100vw, 800px\" \/>\t\t\t\t\t\t\t\t\t\t\t\t\t\t\t<\/div>\n\t\t\t\t<\/div>\n\t\t\t\t\t<\/div>\n\t\t<\/div>\n\t\t\t\t<div class=\"elementor-column elementor-col-50 elementor-top-column elementor-element elementor-element-617f4a65\" data-id=\"617f4a65\" data-element_type=\"column\" data-e-type=\"column\">\n\t\t\t<div class=\"elementor-widget-wrap elementor-element-populated\">\n\t\t\t\t\t\t<section data-particle_enable=\"false\" data-particle-mobile-disabled=\"false\" class=\"elementor-section elementor-inner-section elementor-element elementor-element-19a2253c elementor-section-boxed elementor-section-height-default elementor-section-height-default\" data-id=\"19a2253c\" data-element_type=\"section\" data-e-type=\"section\">\n\t\t\t\t\t\t<div class=\"elementor-container elementor-column-gap-default\">\n\t\t\t\t\t<div class=\"elementor-column elementor-col-100 elementor-inner-column elementor-element elementor-element-4fdd7fdf\" data-id=\"4fdd7fdf\" data-element_type=\"column\" data-e-type=\"column\">\n\t\t\t<div class=\"elementor-widget-wrap elementor-element-populated\">\n\t\t\t\t\t\t<div class=\"elementor-element elementor-element-7519ad6f elementor-widget elementor-widget-text-editor\" data-id=\"7519ad6f\" data-element_type=\"widget\" data-e-type=\"widget\" data-widget_type=\"text-editor.default\">\n\t\t\t\t<div class=\"elementor-widget-container\">\n\t\t\t\t\t\t\t\t\t<p style=\"text-align: center\">\u00c9pisode 1<\/p>\t\t\t\t\t\t\t\t<\/div>\n\t\t\t\t<\/div>\n\t\t\t\t\t<\/div>\n\t\t<\/div>\n\t\t\t\t\t<\/div>\n\t\t<\/section>\n\t\t\t\t\t<\/div>\n\t\t<\/div>\n\t\t\t\t\t<\/div>\n\t\t<\/section>\n\t\t\t\t<section data-particle_enable=\"false\" data-particle-mobile-disabled=\"false\" class=\"elementor-section elementor-top-section elementor-element elementor-element-151a1461 elementor-section-boxed elementor-section-height-default elementor-section-height-default\" data-id=\"151a1461\" data-element_type=\"section\" data-e-type=\"section\" data-settings=\"{&quot;background_background&quot;:&quot;classic&quot;}\">\n\t\t\t\t\t\t\t<div class=\"elementor-background-overlay\"><\/div>\n\t\t\t\t\t\t\t<div class=\"elementor-container elementor-column-gap-custom\">\n\t\t\t\t\t<div class=\"elementor-column elementor-col-50 elementor-top-column elementor-element elementor-element-4846b12\" data-id=\"4846b12\" data-element_type=\"column\" data-e-type=\"column\">\n\t\t\t<div class=\"elementor-widget-wrap elementor-element-populated\">\n\t\t\t\t\t\t<div class=\"elementor-element elementor-element-6c9124c elementor-widget elementor-widget-text-editor\" data-id=\"6c9124c\" data-element_type=\"widget\" data-e-type=\"widget\" data-widget_type=\"text-editor.default\">\n\t\t\t\t<div class=\"elementor-widget-container\">\n\t\t\t\t\t\t\t\t\t<p>Bienvenue sur notre tout nouveau podcast \u00ab\u00a0<strong>Bien-\u00eatre Mental et Business\u00a0\u00bb <\/strong>, o\u00f9 nous plongeons au c\u0153ur des enjeux de<strong> la sant\u00e9 mentale au travail<\/strong>.<\/p><p>Ce podcast explore les multiples facettes de la sant\u00e9 mentale au travail, fournit des outils pratiques pour <strong>cr\u00e9er un environnement plus sain et productif<\/strong>, donne des cl\u00e9s de compr\u00e9hension aux collaborateurs et dirigeants et d\u00e9stigmatise ce sujet dans le monde professionnel.<\/p><p><span style=\"font-weight: 400;\">Dans notre premier \u00e9pisode, <strong>Ang\u00e9lica Barrero Guinand<\/strong>, Clinical Corporate Leader chez ifeel, aborde des sujets cruciaux tels que : <\/span><\/p>\t\t\t\t\t\t\t\t<\/div>\n\t\t\t\t<\/div>\n\t\t\t\t<div class=\"elementor-element elementor-element-53d1892 elementor-icon-list--layout-traditional elementor-list-item-link-full_width elementor-widget elementor-widget-icon-list\" data-id=\"53d1892\" data-element_type=\"widget\" data-e-type=\"widget\" data-widget_type=\"icon-list.default\">\n\t\t\t\t<div class=\"elementor-widget-container\">\n\t\t\t\t\t\t\t<ul class=\"elementor-icon-list-items\">\n\t\t\t\t\t\t\t<li class=\"elementor-icon-list-item\">\n\t\t\t\t\t\t\t\t\t\t\t<span class=\"elementor-icon-list-icon\">\n\t\t\t\t\t\t\t<svg xmlns=\"http:\/\/www.w3.org\/2000\/svg\" width=\"113\" height=\"113\" viewBox=\"0 0 113 113\" fill=\"none\"><circle cx=\"56.5\" cy=\"56.5\" r=\"56.5\" transform=\"rotate(-90 56.5 56.5)\" fill=\"#C1D6FC\"><\/circle><path d=\"M33 54.5C31.6193 54.5 30.5 55.6193 30.5 57C30.5 58.3807 31.6193 59.5 33 59.5V54.5ZM81.7678 58.7678C82.7441 57.7915 82.7441 56.2085 81.7678 55.2322L65.8579 39.3223C64.8816 38.346 63.2986 38.346 62.3223 39.3223C61.346 40.2986 61.346 41.8816 62.3223 42.8579L76.4645 57L62.3223 71.1421C61.346 72.1184 61.346 73.7014 62.3223 74.6777C63.2986 75.654 64.8816 75.654 65.8579 74.6777L81.7678 58.7678ZM33 59.5H80V54.5H33V59.5Z\" fill=\"#032973\"><\/path><\/svg>\t\t\t\t\t\t<\/span>\n\t\t\t\t\t\t\t\t\t\t<span class=\"elementor-icon-list-text\">Les d\u00e9fis actuels en terme de sant\u00e9 mentale au travail<\/span>\n\t\t\t\t\t\t\t\t\t<\/li>\n\t\t\t\t\t\t\t\t<li class=\"elementor-icon-list-item\">\n\t\t\t\t\t\t\t\t\t\t\t<span class=\"elementor-icon-list-icon\">\n\t\t\t\t\t\t\t<svg xmlns=\"http:\/\/www.w3.org\/2000\/svg\" width=\"113\" height=\"113\" viewBox=\"0 0 113 113\" fill=\"none\"><circle cx=\"56.5\" cy=\"56.5\" r=\"56.5\" transform=\"rotate(-90 56.5 56.5)\" fill=\"#C1D6FC\"><\/circle><path d=\"M33 54.5C31.6193 54.5 30.5 55.6193 30.5 57C30.5 58.3807 31.6193 59.5 33 59.5V54.5ZM81.7678 58.7678C82.7441 57.7915 82.7441 56.2085 81.7678 55.2322L65.8579 39.3223C64.8816 38.346 63.2986 38.346 62.3223 39.3223C61.346 40.2986 61.346 41.8816 62.3223 42.8579L76.4645 57L62.3223 71.1421C61.346 72.1184 61.346 73.7014 62.3223 74.6777C63.2986 75.654 64.8816 75.654 65.8579 74.6777L81.7678 58.7678ZM33 59.5H80V54.5H33V59.5Z\" fill=\"#032973\"><\/path><\/svg>\t\t\t\t\t\t<\/span>\n\t\t\t\t\t\t\t\t\t\t<span class=\"elementor-icon-list-text\">La relation entre le stress et la productivit\u00e9<\/span>\n\t\t\t\t\t\t\t\t\t<\/li>\n\t\t\t\t\t\t\t\t<li class=\"elementor-icon-list-item\">\n\t\t\t\t\t\t\t\t\t\t\t<span class=\"elementor-icon-list-icon\">\n\t\t\t\t\t\t\t<svg xmlns=\"http:\/\/www.w3.org\/2000\/svg\" width=\"113\" height=\"113\" viewBox=\"0 0 113 113\" fill=\"none\"><circle cx=\"56.5\" cy=\"56.5\" r=\"56.5\" transform=\"rotate(-90 56.5 56.5)\" fill=\"#C1D6FC\"><\/circle><path d=\"M33 54.5C31.6193 54.5 30.5 55.6193 30.5 57C30.5 58.3807 31.6193 59.5 33 59.5V54.5ZM81.7678 58.7678C82.7441 57.7915 82.7441 56.2085 81.7678 55.2322L65.8579 39.3223C64.8816 38.346 63.2986 38.346 62.3223 39.3223C61.346 40.2986 61.346 41.8816 62.3223 42.8579L76.4645 57L62.3223 71.1421C61.346 72.1184 61.346 73.7014 62.3223 74.6777C63.2986 75.654 64.8816 75.654 65.8579 74.6777L81.7678 58.7678ZM33 59.5H80V54.5H33V59.5Z\" fill=\"#032973\"><\/path><\/svg>\t\t\t\t\t\t<\/span>\n\t\t\t\t\t\t\t\t\t\t<span class=\"elementor-icon-list-text\">L'importance du feedback constructif<\/span>\n\t\t\t\t\t\t\t\t\t<\/li>\n\t\t\t\t\t\t\t\t<li class=\"elementor-icon-list-item\">\n\t\t\t\t\t\t\t\t\t\t\t<span class=\"elementor-icon-list-icon\">\n\t\t\t\t\t\t\t<svg xmlns=\"http:\/\/www.w3.org\/2000\/svg\" width=\"113\" height=\"113\" viewBox=\"0 0 113 113\" fill=\"none\"><circle cx=\"56.5\" cy=\"56.5\" r=\"56.5\" transform=\"rotate(-90 56.5 56.5)\" fill=\"#C1D6FC\"><\/circle><path d=\"M33 54.5C31.6193 54.5 30.5 55.6193 30.5 57C30.5 58.3807 31.6193 59.5 33 59.5V54.5ZM81.7678 58.7678C82.7441 57.7915 82.7441 56.2085 81.7678 55.2322L65.8579 39.3223C64.8816 38.346 63.2986 38.346 62.3223 39.3223C61.346 40.2986 61.346 41.8816 62.3223 42.8579L76.4645 57L62.3223 71.1421C61.346 72.1184 61.346 73.7014 62.3223 74.6777C63.2986 75.654 64.8816 75.654 65.8579 74.6777L81.7678 58.7678ZM33 59.5H80V54.5H33V59.5Z\" fill=\"#032973\"><\/path><\/svg>\t\t\t\t\t\t<\/span>\n\t\t\t\t\t\t\t\t\t\t<span class=\"elementor-icon-list-text\">Et bien plus encore\u2026<\/span>\n\t\t\t\t\t\t\t\t\t<\/li>\n\t\t\t\t\t\t<\/ul>\n\t\t\t\t\t\t<\/div>\n\t\t\t\t<\/div>\n\t\t\t\t\t<\/div>\n\t\t<\/div>\n\t\t\t\t<div class=\"elementor-column elementor-col-50 elementor-top-column elementor-element elementor-element-7a0a60b0\" data-id=\"7a0a60b0\" data-element_type=\"column\" data-e-type=\"column\" data-settings=\"{&quot;background_background&quot;:&quot;classic&quot;}\">\n\t\t\t<div class=\"elementor-widget-wrap elementor-element-populated\">\n\t\t\t\t\t\t<section data-particle_enable=\"false\" data-particle-mobile-disabled=\"false\" class=\"elementor-section elementor-inner-section elementor-element elementor-element-21025ec9 elementor-section-boxed elementor-section-height-default elementor-section-height-default\" data-id=\"21025ec9\" data-element_type=\"section\" data-e-type=\"section\">\n\t\t\t\t\t\t<div class=\"elementor-container elementor-column-gap-default\">\n\t\t\t\t\t<div class=\"elementor-column elementor-col-100 elementor-inner-column elementor-element elementor-element-324e2478\" data-id=\"324e2478\" data-element_type=\"column\" data-e-type=\"column\" data-settings=\"{&quot;background_background&quot;:&quot;classic&quot;}\">\n\t\t\t<div class=\"elementor-widget-wrap elementor-element-populated\">\n\t\t\t\t\t\t<div class=\"elementor-element elementor-element-78d74367 elementor-widget elementor-widget-html\" data-id=\"78d74367\" data-element_type=\"widget\" data-e-type=\"widget\" id=\"form\" data-widget_type=\"html.default\">\n\t\t\t\t<div class=\"elementor-widget-container\">\n\t\t\t\t\t<script charset=\"utf-8\" type=\"text\/javascript\" src=\"\/\/js-eu1.hsforms.net\/forms\/embed\/v2.js\"><\/script>\n<script>\n  hbspt.forms.create({\n    region: \"eu1\",\n    portalId: \"24884594\",\n    formId: \"1568c71c-c2a6-4f2e-81e0-c25796d912d9\"\n  });\n<\/script>\n\t\t\t\t<\/div>\n\t\t\t\t<\/div>\n\t\t\t\t\t<\/div>\n\t\t<\/div>\n\t\t\t\t\t<\/div>\n\t\t<\/section>\n\t\t\t\t\t<\/div>\n\t\t<\/div>\n\t\t\t\t\t<\/div>\n\t\t<\/section>\n\t\t\t\t<section data-particle_enable=\"false\" data-particle-mobile-disabled=\"false\" class=\"elementor-section elementor-top-section elementor-element elementor-element-1f16cd62 elementor-section-boxed elementor-section-height-default elementor-section-height-default\" data-id=\"1f16cd62\" data-element_type=\"section\" data-e-type=\"section\" data-settings=\"{&quot;background_background&quot;:&quot;classic&quot;}\">\n\t\t\t\t\t\t\t<div class=\"elementor-background-overlay\"><\/div>\n\t\t\t\t\t\t\t<div class=\"elementor-container elementor-column-gap-custom\">\n\t\t\t\t\t<div class=\"elementor-column elementor-col-50 elementor-top-column elementor-element elementor-element-4807911b\" data-id=\"4807911b\" data-element_type=\"column\" data-e-type=\"column\">\n\t\t\t<div class=\"elementor-widget-wrap elementor-element-populated\">\n\t\t\t\t\t\t<div class=\"elementor-element elementor-element-7666e31 elementor-widget elementor-widget-image\" data-id=\"7666e31\" data-element_type=\"widget\" data-e-type=\"widget\" data-widget_type=\"image.default\">\n\t\t\t\t<div class=\"elementor-widget-container\">\n\t\t\t\t\t\t\t\t\t\t\t\t\t\t\t<img decoding=\"async\" width=\"800\" height=\"866\" src=\"https:\/\/ifeelonline.com\/fr\/wp-content\/uploads\/sites\/3\/2024\/06\/Frame-427318181-946x1024.png\" class=\"attachment-large size-large wp-image-10731\" alt=\"\" srcset=\"https:\/\/ifeelonline.com\/fr\/wp-content\/uploads\/sites\/3\/2024\/06\/Frame-427318181-946x1024.png 946w, https:\/\/ifeelonline.com\/fr\/wp-content\/uploads\/sites\/3\/2024\/06\/Frame-427318181-277x300.png 277w, https:\/\/ifeelonline.com\/fr\/wp-content\/uploads\/sites\/3\/2024\/06\/Frame-427318181-768x831.png 768w, https:\/\/ifeelonline.com\/fr\/wp-content\/uploads\/sites\/3\/2024\/06\/Frame-427318181.png 1404w\" sizes=\"(max-width: 800px) 100vw, 800px\" \/>\t\t\t\t\t\t\t\t\t\t\t\t\t\t\t<\/div>\n\t\t\t\t<\/div>\n\t\t\t\t\t<\/div>\n\t\t<\/div>\n\t\t\t\t<div class=\"elementor-column elementor-col-50 elementor-top-column elementor-element elementor-element-41d6592b\" data-id=\"41d6592b\" data-element_type=\"column\" data-e-type=\"column\" data-settings=\"{&quot;background_background&quot;:&quot;classic&quot;}\">\n\t\t\t<div class=\"elementor-widget-wrap elementor-element-populated\">\n\t\t\t\t\t\t<div class=\"elementor-element elementor-element-6a65d0dc elementor-widget elementor-widget-heading\" data-id=\"6a65d0dc\" data-element_type=\"widget\" data-e-type=\"widget\" data-widget_type=\"heading.default\">\n\t\t\t\t<div class=\"elementor-widget-container\">\n\t\t\t\t\t<h2 class=\"elementor-heading-title elementor-size-xl\">Pourquoi il est important de parler de bien-\u00eatre mental au travail ?<\/h2>\t\t\t\t<\/div>\n\t\t\t\t<\/div>\n\t\t\t\t<div class=\"elementor-element elementor-element-2a102392 elementor-widget elementor-widget-text-editor\" data-id=\"2a102392\" data-element_type=\"widget\" data-e-type=\"widget\" data-widget_type=\"text-editor.default\">\n\t\t\t\t<div class=\"elementor-widget-container\">\n\t\t\t\t\t\t\t\t\t<p>Rejoignez-nous pour aborder la question cruciale du bien-\u00eatre mental au travail et d\u00e9couvrir des strat\u00e9gies concr\u00e8tes et des conseils pratiques pour transformer votre environnement de travail. Notre podcast explore comment les entreprises peuvent aider leurs collaborateurs \u00e0 surmonter divers d\u00e9fis, en fournissant des outils pr\u00e9cieux pour promouvoir la <span style=\"color: #ffc2c2\"><strong>Qualit\u00e9 de Vie et les Conditions de Travail (QVCT).<\/strong><\/span><\/p><p><br \/>\u00c9coutez notre podcast d\u00e8s aujourd&rsquo;hui et participez activement \u00e0 la cr\u00e9ation d&rsquo;un environnement de travail plus sain et productif. Ne manquez pas cette opportunit\u00e9 exceptionnelle de faire une diff\u00e9rence significative dans votre entreprise !<\/p>\t\t\t\t\t\t\t\t<\/div>\n\t\t\t\t<\/div>\n\t\t\t\t\t<\/div>\n\t\t<\/div>\n\t\t\t\t\t<\/div>\n\t\t<\/section>\n\t\t\t\t<\/div>\n\t\t\n    <div class=\"xs_social_share_widget xs_share_url after_content \t\tmain_content  wslu-style-1 wslu-share-box-shaped wslu-fill-colored wslu-none wslu-share-horizontal wslu-theme-font-no wslu-main_content\">\n\n\t\t\n        <ul>\n\t\t\t        <\/ul>\n    <\/div> \n","protected":false},"excerpt":{"rendered":"<p>Podcast : Travail et sant\u00e9 mentale \u00c9pisode 1 \u00c9pisode 1 Bienvenue sur notre tout nouveau podcast \u00ab\u00a0Bien-\u00eatre Mental et Business\u00a0\u00bb , o\u00f9 nous plongeons au c\u0153ur des enjeux de la sant\u00e9 mentale au travail. Ce podcast explore les multiples facettes de la sant\u00e9 mentale au travail, fournit des outils pratiques pour cr\u00e9er un environnement plus [&hellip;]<\/p>\n","protected":false},"author":48,"featured_media":10738,"parent":0,"menu_order":0,"comment_status":"closed","ping_status":"closed","template":"","meta":{"content-type":"","postBodyCss":"","postBodyMargin":[],"postBodyPadding":[],"postBodyBackground":{"backgroundType":"classic","gradient":""},"footnotes":""},"class_list":["post-10720","page","type-page","status-publish","has-post-thumbnail","hentry"],"_links":{"self":[{"href":"https:\/\/ifeelonline.com\/fr\/wp-json\/wp\/v2\/pages\/10720","targetHints":{"allow":["GET"]}}],"collection":[{"href":"https:\/\/ifeelonline.com\/fr\/wp-json\/wp\/v2\/pages"}],"about":[{"href":"https:\/\/ifeelonline.com\/fr\/wp-json\/wp\/v2\/types\/page"}],"author":[{"embeddable":true,"href":"https:\/\/ifeelonline.com\/fr\/wp-json\/wp\/v2\/users\/48"}],"replies":[{"embeddable":true,"href":"https:\/\/ifeelonline.com\/fr\/wp-json\/wp\/v2\/comments?post=10720"}],"version-history":[{"count":0,"href":"https:\/\/ifeelonline.com\/fr\/wp-json\/wp\/v2\/pages\/10720\/revisions"}],"wp:featuredmedia":[{"embeddable":true,"href":"https:\/\/ifeelonline.com\/fr\/wp-json\/wp\/v2\/media\/10738"}],"wp:attachment":[{"href":"https:\/\/ifeelonline.com\/fr\/wp-json\/wp\/v2\/media?parent=10720"}],"curies":[{"name":"wp","href":"https:\/\/api.w.org\/{rel}","templated":true}]}}