{"id":10531,"date":"2024-05-29T15:22:53","date_gmt":"2024-05-29T14:22:53","guid":{"rendered":"https:\/\/ifeelonline.com\/fr\/?page_id=10531"},"modified":"2024-05-29T16:55:13","modified_gmt":"2024-05-29T15:55:13","slug":"guide-pour-integrer-une-strategie-deib-dans-votre-culture-dentreprise","status":"publish","type":"page","link":"https:\/\/ifeelonline.com\/fr\/boite-a-outils-rh\/guide-pour-integrer-une-strategie-deib-dans-votre-culture-dentreprise\/","title":{"rendered":"Strat\u00e9gie DEIB, colonne vert\u00e9brale de votre culture d&rsquo;entreprise"},"content":{"rendered":"\t\t<div data-elementor-type=\"wp-page\" data-elementor-id=\"10531\" class=\"elementor elementor-10531\" data-elementor-post-type=\"page\">\n\t\t\t\t\t\t<section data-particle_enable=\"false\" data-particle-mobile-disabled=\"false\" class=\"elementor-section elementor-top-section elementor-element elementor-element-7b1dda35 elementor-section-boxed elementor-section-height-default elementor-section-height-default\" data-id=\"7b1dda35\" data-element_type=\"section\" data-e-type=\"section\" data-settings=\"{&quot;background_background&quot;:&quot;classic&quot;}\">\n\t\t\t\t\t\t\t<div class=\"elementor-background-overlay\"><\/div>\n\t\t\t\t\t\t\t<div class=\"elementor-container elementor-column-gap-custom\">\n\t\t\t\t\t<div class=\"elementor-column elementor-col-50 elementor-top-column elementor-element elementor-element-4d2be245\" data-id=\"4d2be245\" data-element_type=\"column\" data-e-type=\"column\">\n\t\t\t<div class=\"elementor-widget-wrap elementor-element-populated\">\n\t\t\t\t\t\t<div class=\"elementor-element elementor-element-51909667 elementor-widget elementor-widget-html\" data-id=\"51909667\" data-element_type=\"widget\" data-e-type=\"widget\" data-widget_type=\"html.default\">\n\t\t\t\t<div class=\"elementor-widget-container\">\n\t\t\t\t\t<nav aria-label=\"breadcrumbs\" class=\"rank-math-breadcrumb\"><p><\/p><\/nav>\t\t\t\t<\/div>\n\t\t\t\t<\/div>\n\t\t\t\t<div class=\"elementor-element elementor-element-5a40ff11 elementor-widget elementor-widget-heading\" data-id=\"5a40ff11\" data-element_type=\"widget\" data-e-type=\"widget\" data-widget_type=\"heading.default\">\n\t\t\t\t<div class=\"elementor-widget-container\">\n\t\t\t\t\t<h1 class=\"elementor-heading-title elementor-size-default\">Strat\u00e9gie DEIB, base de votre culture d'entreprise<\/h1>\t\t\t\t<\/div>\n\t\t\t\t<\/div>\n\t\t\t\t<div class=\"elementor-element elementor-element-6dc5a98a elementor-widget elementor-widget-text-editor\" data-id=\"6dc5a98a\" data-element_type=\"widget\" data-e-type=\"widget\" data-widget_type=\"text-editor.default\">\n\t\t\t\t<div class=\"elementor-widget-container\">\n\t\t\t\t\t\t\t\t\t<p><span style=\"font-weight: 400\">D\u00e9couvrez comment transformer votre organisation <span style=\"color: #ffadad\">avec notre guide complet !<\/span><\/span><\/p>\t\t\t\t\t\t\t\t<\/div>\n\t\t\t\t<\/div>\n\t\t\t\t<div class=\"elementor-element elementor-element-6a84ec8f elementor-widget elementor-widget-text-editor\" data-id=\"6a84ec8f\" data-element_type=\"widget\" data-e-type=\"widget\" data-widget_type=\"text-editor.default\">\n\t\t\t\t<div class=\"elementor-widget-container\">\n\t\t\t\t\t\t\t\t\t<p><span style=\"font-weight: 400\">Dans cette ressource, nous vous fournissons des outils essentiels pour comprendre, mettre en \u0153uvre et renforcer une strat\u00e9gie DEIB : la diversit\u00e9, l&rsquo;\u00e9quit\u00e9, l&rsquo;inclusion et l&rsquo;appartenance au c\u0153ur de votre organisation.<\/span><\/p><p>\u00a0<\/p><p><b>Ce guide vous aidera \u00e0 am\u00e9liorer votre culture d&rsquo;entreprise en :<\/b><\/p>\t\t\t\t\t\t\t\t<\/div>\n\t\t\t\t<\/div>\n\t\t\t\t<div class=\"elementor-element elementor-element-36d94fc5 elementor-align-start elementor-icon-list--layout-traditional elementor-list-item-link-full_width elementor-widget elementor-widget-icon-list\" data-id=\"36d94fc5\" data-element_type=\"widget\" data-e-type=\"widget\" data-widget_type=\"icon-list.default\">\n\t\t\t\t<div class=\"elementor-widget-container\">\n\t\t\t\t\t\t\t<ul class=\"elementor-icon-list-items\">\n\t\t\t\t\t\t\t<li class=\"elementor-icon-list-item\">\n\t\t\t\t\t\t\t\t\t\t\t<span class=\"elementor-icon-list-icon\">\n\t\t\t\t\t\t\t<svg xmlns=\"http:\/\/www.w3.org\/2000\/svg\" width=\"19\" height=\"19\" viewBox=\"0 0 19 19\" fill=\"none\"><path fill-rule=\"evenodd\" clip-rule=\"evenodd\" d=\"M9.5 19C4.25308 19 0 14.7469 0 9.5C0 4.25308 4.25308 0 9.5 0C14.7469 0 19 4.25308 19 9.5C19 14.7469 14.7469 19 9.5 19ZM13.7628 7.05436L12.9833 6.27C12.8372 6.12385 12.6082 6.12385 12.4621 6.27L7.77538 10.9859L5.5441 8.72538C5.40282 8.57923 5.16897 8.57923 5.02282 8.72538L4.24333 9.50974C4.09718 9.6559 4.09718 9.88974 4.24333 10.0359L6.72308 12.5497C6.72308 12.5497 6.72308 12.5595 6.73282 12.5595L7.26872 13.1003L7.39538 13.2318L7.51231 13.3487C7.65846 13.4949 7.88744 13.4949 8.03359 13.3487L13.7677 7.58051C13.909 7.43436 13.909 7.20051 13.7677 7.05436H13.7628Z\" fill=\"#7798EE\"><\/path><\/svg>\t\t\t\t\t\t<\/span>\n\t\t\t\t\t\t\t\t\t\t<span class=\"elementor-icon-list-text\">Vous enseignant <b> les fondamentaux des strat\u00e9gies DEIB<\/b>, \u00e0 travers une analyse d\u00e9taill\u00e9e et sp\u00e9cifique de leur importance pour la r\u00e9ussite de l\u2019entreprise.<\/span>\n\t\t\t\t\t\t\t\t\t<\/li>\n\t\t\t\t\t\t\t\t<li class=\"elementor-icon-list-item\">\n\t\t\t\t\t\t\t\t\t\t\t<span class=\"elementor-icon-list-icon\">\n\t\t\t\t\t\t\t<svg xmlns=\"http:\/\/www.w3.org\/2000\/svg\" width=\"19\" height=\"19\" viewBox=\"0 0 19 19\" fill=\"none\"><path fill-rule=\"evenodd\" clip-rule=\"evenodd\" d=\"M9.5 19C4.25308 19 0 14.7469 0 9.5C0 4.25308 4.25308 0 9.5 0C14.7469 0 19 4.25308 19 9.5C19 14.7469 14.7469 19 9.5 19ZM13.7628 7.05436L12.9833 6.27C12.8372 6.12385 12.6082 6.12385 12.4621 6.27L7.77538 10.9859L5.5441 8.72538C5.40282 8.57923 5.16897 8.57923 5.02282 8.72538L4.24333 9.50974C4.09718 9.6559 4.09718 9.88974 4.24333 10.0359L6.72308 12.5497C6.72308 12.5497 6.72308 12.5595 6.73282 12.5595L7.26872 13.1003L7.39538 13.2318L7.51231 13.3487C7.65846 13.4949 7.88744 13.4949 8.03359 13.3487L13.7677 7.58051C13.909 7.43436 13.909 7.20051 13.7677 7.05436H13.7628Z\" fill=\"#7798EE\"><\/path><\/svg>\t\t\t\t\t\t<\/span>\n\t\t\t\t\t\t\t\t\t\t<span class=\"elementor-icon-list-text\">Explorant <b>l'importance de l'appartenance <\/b> : vous apprendrez \u00e0 cr\u00e9er un environnement o\u00f9 chacun se sent valoris\u00e9 et accept\u00e9.<\/span>\n\t\t\t\t\t\t\t\t\t<\/li>\n\t\t\t\t\t\t\t\t<li class=\"elementor-icon-list-item\">\n\t\t\t\t\t\t\t\t\t\t\t<span class=\"elementor-icon-list-icon\">\n\t\t\t\t\t\t\t<svg xmlns=\"http:\/\/www.w3.org\/2000\/svg\" width=\"19\" height=\"19\" viewBox=\"0 0 19 19\" fill=\"none\"><path fill-rule=\"evenodd\" clip-rule=\"evenodd\" d=\"M9.5 19C4.25308 19 0 14.7469 0 9.5C0 4.25308 4.25308 0 9.5 0C14.7469 0 19 4.25308 19 9.5C19 14.7469 14.7469 19 9.5 19ZM13.7628 7.05436L12.9833 6.27C12.8372 6.12385 12.6082 6.12385 12.4621 6.27L7.77538 10.9859L5.5441 8.72538C5.40282 8.57923 5.16897 8.57923 5.02282 8.72538L4.24333 9.50974C4.09718 9.6559 4.09718 9.88974 4.24333 10.0359L6.72308 12.5497C6.72308 12.5497 6.72308 12.5595 6.73282 12.5595L7.26872 13.1003L7.39538 13.2318L7.51231 13.3487C7.65846 13.4949 7.88744 13.4949 8.03359 13.3487L13.7677 7.58051C13.909 7.43436 13.909 7.20051 13.7677 7.05436H13.7628Z\" fill=\"#7798EE\"><\/path><\/svg>\t\t\t\t\t\t<\/span>\n\t\t\t\t\t\t\t\t\t\t<span class=\"elementor-icon-list-text\">Renfor\u00e7ant vos <b>comp\u00e9tences en leadership.<\/b><\/span>\n\t\t\t\t\t\t\t\t\t<\/li>\n\t\t\t\t\t\t\t\t<li class=\"elementor-icon-list-item\">\n\t\t\t\t\t\t\t\t\t\t\t<span class=\"elementor-icon-list-icon\">\n\t\t\t\t\t\t\t<svg xmlns=\"http:\/\/www.w3.org\/2000\/svg\" width=\"19\" height=\"19\" viewBox=\"0 0 19 19\" fill=\"none\"><path fill-rule=\"evenodd\" clip-rule=\"evenodd\" d=\"M9.5 19C4.25308 19 0 14.7469 0 9.5C0 4.25308 4.25308 0 9.5 0C14.7469 0 19 4.25308 19 9.5C19 14.7469 14.7469 19 9.5 19ZM13.7628 7.05436L12.9833 6.27C12.8372 6.12385 12.6082 6.12385 12.4621 6.27L7.77538 10.9859L5.5441 8.72538C5.40282 8.57923 5.16897 8.57923 5.02282 8.72538L4.24333 9.50974C4.09718 9.6559 4.09718 9.88974 4.24333 10.0359L6.72308 12.5497C6.72308 12.5497 6.72308 12.5595 6.73282 12.5595L7.26872 13.1003L7.39538 13.2318L7.51231 13.3487C7.65846 13.4949 7.88744 13.4949 8.03359 13.3487L13.7677 7.58051C13.909 7.43436 13.909 7.20051 13.7677 7.05436H13.7628Z\" fill=\"#7798EE\"><\/path><\/svg>\t\t\t\t\t\t<\/span>\n\t\t\t\t\t\t\t\t\t\t<span class=\"elementor-icon-list-text\">Vous enseignant des <b>exercices pratiques et r\u00e9flexifs<\/b> qui vous permettront <b>d'inspirer le changement et de favoriser une culture inclusive<\/b> dans votre organisation.<\/span>\n\t\t\t\t\t\t\t\t\t<\/li>\n\t\t\t\t\t\t<\/ul>\n\t\t\t\t\t\t<\/div>\n\t\t\t\t<\/div>\n\t\t\t\t<div class=\"elementor-element elementor-element-1062c9ce elementor-widget elementor-widget-text-editor\" data-id=\"1062c9ce\" data-element_type=\"widget\" data-e-type=\"widget\" data-widget_type=\"text-editor.default\">\n\t\t\t\t<div class=\"elementor-widget-container\">\n\t\t\t\t\t\t\t\t\t<p><span style=\"font-weight: 400\">D\u00e9bloquez le potentiel de votre \u00e9quipe et<\/span><span style=\"color: #ffadad\"><b> faites passer votre culture d&rsquo;entreprise au niveau sup\u00e9rieur avec notre guide.<\/b><\/span><span style=\"font-weight: 400\"> Promouvez la diversit\u00e9 et favorisez l&rsquo;inclusion tout en construisant un environnement o\u00f9 chacun se sent valoris\u00e9 et entendu.<\/span><\/p>\t\t\t\t\t\t\t\t<\/div>\n\t\t\t\t<\/div>\n\t\t\t\t\t<\/div>\n\t\t<\/div>\n\t\t\t\t<div class=\"elementor-column elementor-col-50 elementor-top-column elementor-element elementor-element-61fe8eea\" data-id=\"61fe8eea\" data-element_type=\"column\" data-e-type=\"column\" data-settings=\"{&quot;background_background&quot;:&quot;classic&quot;}\">\n\t\t\t<div class=\"elementor-widget-wrap elementor-element-populated\">\n\t\t\t\t\t\t<section data-particle_enable=\"false\" data-particle-mobile-disabled=\"false\" class=\"elementor-section elementor-inner-section elementor-element elementor-element-4e7671bb elementor-section-boxed elementor-section-height-default elementor-section-height-default\" data-id=\"4e7671bb\" data-element_type=\"section\" data-e-type=\"section\">\n\t\t\t\t\t\t<div class=\"elementor-container elementor-column-gap-default\">\n\t\t\t\t\t<div class=\"elementor-column elementor-col-100 elementor-inner-column elementor-element elementor-element-6c949620\" data-id=\"6c949620\" data-element_type=\"column\" data-e-type=\"column\" data-settings=\"{&quot;background_background&quot;:&quot;classic&quot;}\">\n\t\t\t<div class=\"elementor-widget-wrap elementor-element-populated\">\n\t\t\t\t\t\t<div class=\"elementor-element elementor-element-27211912 elementor-widget elementor-widget-html\" data-id=\"27211912\" data-element_type=\"widget\" data-e-type=\"widget\" id=\"form\" data-widget_type=\"html.default\">\n\t\t\t\t<div class=\"elementor-widget-container\">\n\t\t\t\t\t<script charset=\"utf-8\" type=\"text\/javascript\" src=\"\/\/js-eu1.hsforms.net\/forms\/embed\/v2.js\"><\/script>\r\n<script>\r\n  hbspt.forms.create({\r\n    region: \"eu1\",\r\n    portalId: \"24884594\",\r\n    formId: \"bcebfee5-4fdf-43a0-894a-f1eee855b967\"\r\n  });\r\n<\/script>\t\t\t\t<\/div>\n\t\t\t\t<\/div>\n\t\t\t\t\t<\/div>\n\t\t<\/div>\n\t\t\t\t\t<\/div>\n\t\t<\/section>\n\t\t\t\t\t<\/div>\n\t\t<\/div>\n\t\t\t\t\t<\/div>\n\t\t<\/section>\n\t\t\t\t<section data-particle_enable=\"false\" data-particle-mobile-disabled=\"false\" class=\"elementor-section elementor-top-section elementor-element elementor-element-fb3af26 elementor-hidden-tablet elementor-section-boxed elementor-section-height-default elementor-section-height-default\" data-id=\"fb3af26\" data-element_type=\"section\" data-e-type=\"section\" data-settings=\"{&quot;background_background&quot;:&quot;classic&quot;}\">\n\t\t\t\t\t\t<div class=\"elementor-container elementor-column-gap-custom\">\n\t\t\t\t\t<div class=\"elementor-column elementor-col-50 elementor-top-column elementor-element elementor-element-78d8c77f\" data-id=\"78d8c77f\" data-element_type=\"column\" data-e-type=\"column\">\n\t\t\t<div class=\"elementor-widget-wrap elementor-element-populated\">\n\t\t\t\t\t\t<div class=\"elementor-element elementor-element-1e5b8a5e elementor-hidden-mobile elementor-widget elementor-widget-image\" data-id=\"1e5b8a5e\" data-element_type=\"widget\" data-e-type=\"widget\" data-widget_type=\"image.default\">\n\t\t\t\t<div class=\"elementor-widget-container\">\n\t\t\t\t\t\t\t\t\t\t\t\t\t\t\t<img fetchpriority=\"high\" decoding=\"async\" width=\"608\" height=\"862\" src=\"https:\/\/ifeelonline.com\/fr\/wp-content\/uploads\/sites\/3\/2024\/05\/Frame-427318188.png\" class=\"attachment-full size-full wp-image-10639\" alt=\"\" srcset=\"https:\/\/ifeelonline.com\/fr\/wp-content\/uploads\/sites\/3\/2024\/05\/Frame-427318188.png 608w, https:\/\/ifeelonline.com\/fr\/wp-content\/uploads\/sites\/3\/2024\/05\/Frame-427318188-212x300.png 212w\" sizes=\"(max-width: 608px) 100vw, 608px\" \/>\t\t\t\t\t\t\t\t\t\t\t\t\t\t\t<\/div>\n\t\t\t\t<\/div>\n\t\t\t\t\t<\/div>\n\t\t<\/div>\n\t\t\t\t<div class=\"elementor-column elementor-col-50 elementor-top-column elementor-element elementor-element-2d6a7383\" data-id=\"2d6a7383\" data-element_type=\"column\" data-e-type=\"column\" data-settings=\"{&quot;background_background&quot;:&quot;classic&quot;}\">\n\t\t\t<div class=\"elementor-widget-wrap elementor-element-populated\">\n\t\t\t\t\t\t<div class=\"elementor-element elementor-element-340a7dfb elementor-widget elementor-widget-heading\" data-id=\"340a7dfb\" data-element_type=\"widget\" data-e-type=\"widget\" data-widget_type=\"heading.default\">\n\t\t\t\t<div class=\"elementor-widget-container\">\n\t\t\t\t\t<h2 class=\"elementor-heading-title elementor-size-xl\">Pourquoi devriez-vous t\u00e9l\u00e9charger ce guide ?\n<\/h2>\t\t\t\t<\/div>\n\t\t\t\t<\/div>\n\t\t\t\t<div class=\"elementor-element elementor-element-5551de2f elementor-widget elementor-widget-text-editor\" data-id=\"5551de2f\" data-element_type=\"widget\" data-e-type=\"widget\" data-widget_type=\"text-editor.default\">\n\t\t\t\t<div class=\"elementor-widget-container\">\n\t\t\t\t\t\t\t\t\t<p><span style=\"font-weight: 400\">Le succ\u00e8s d&rsquo;une entreprise r\u00e9side dans <\/span><b>sa capacit\u00e9 \u00e0 s&rsquo;adapter, \u00e0 \u00e9voluer et \u00e0 embrasser la diversit\u00e9<\/b><span style=\"font-weight: 400\">. Une strat\u00e9gie DEIB n&rsquo;est pas seulement une tendance mais une n\u00e9cessit\u00e9 pour les organisations du 21e si\u00e8cle. Ce guide vous fournit les outils et les connaissances n\u00e9cessaires pour mener cette transformation de mani\u00e8re confiante et efficace.<br \/><br \/><\/span><\/p><p><span style=\"font-weight: 400\">T\u00e9l\u00e9chargez notre guide d\u00e8s aujourd&rsquo;hui et commencez votre parcours vers <strong>une culture d&rsquo;entreprise plus inclusive, \u00e9quitable et juste.<\/strong><\/span><\/p><p>\u00a0<\/p>\t\t\t\t\t\t\t\t<\/div>\n\t\t\t\t<\/div>\n\t\t\t\t\t<\/div>\n\t\t<\/div>\n\t\t\t\t\t<\/div>\n\t\t<\/section>\n\t\t\t\t<section data-particle_enable=\"false\" data-particle-mobile-disabled=\"false\" class=\"elementor-section elementor-top-section elementor-element elementor-element-1d3f13b7 elementor-hidden-desktop elementor-hidden-mobile elementor-section-boxed elementor-section-height-default elementor-section-height-default\" data-id=\"1d3f13b7\" data-element_type=\"section\" data-e-type=\"section\" data-settings=\"{&quot;background_background&quot;:&quot;classic&quot;}\">\n\t\t\t\t\t\t<div class=\"elementor-container elementor-column-gap-custom\">\n\t\t\t\t\t<div class=\"elementor-column elementor-col-100 elementor-top-column elementor-element elementor-element-1afc7388\" data-id=\"1afc7388\" data-element_type=\"column\" data-e-type=\"column\" data-settings=\"{&quot;background_background&quot;:&quot;classic&quot;}\">\n\t\t\t<div class=\"elementor-widget-wrap elementor-element-populated\">\n\t\t\t\t\t\t<div class=\"elementor-element elementor-element-4450c1f elementor-widget elementor-widget-heading\" data-id=\"4450c1f\" data-element_type=\"widget\" data-e-type=\"widget\" data-widget_type=\"heading.default\">\n\t\t\t\t<div class=\"elementor-widget-container\">\n\t\t\t\t\t<h2 class=\"elementor-heading-title elementor-size-xl\">\u00bfPor qu\u00e9 deber\u00edas descargar esta gu\u00eda?\n\n<\/h2>\t\t\t\t<\/div>\n\t\t\t\t<\/div>\n\t\t\t\t<div class=\"elementor-element elementor-element-364ae6e7 elementor-widget elementor-widget-text-editor\" data-id=\"364ae6e7\" data-element_type=\"widget\" data-e-type=\"widget\" data-widget_type=\"text-editor.default\">\n\t\t\t\t<div class=\"elementor-widget-container\">\n\t\t\t\t\t\t\t\t\t<p>El \u00e9xito de una empresa radica en su capacidad para adaptarse, evolucionar y abrazar la diversidad. La Estrategia DEIB no solo es una tendencia, sino una necesidad para las organizaciones del siglo XXI. Esta gu\u00eda te proporciona las herramientas y el conocimiento necesarios para liderar esta transformaci\u00f3n con confianza y efectividad.<\/p><p>\u00a0<\/p><p><strong>Descarga hoy mismo nuestra gu\u00eda<\/strong> y comienza el viaje hacia una cultura corporativa m\u00e1s inclusiva, equitativa y justa.<\/p>\t\t\t\t\t\t\t\t<\/div>\n\t\t\t\t<\/div>\n\t\t\t\t\t<\/div>\n\t\t<\/div>\n\t\t\t\t\t<\/div>\n\t\t<\/section>\n\t\t\t\t<section data-particle_enable=\"false\" data-particle-mobile-disabled=\"false\" class=\"elementor-section elementor-top-section elementor-element elementor-element-701fb639 elementor-section-boxed elementor-section-height-default elementor-section-height-default\" data-id=\"701fb639\" data-element_type=\"section\" data-e-type=\"section\" data-settings=\"{&quot;background_background&quot;:&quot;classic&quot;}\">\n\t\t\t\t\t\t<div class=\"elementor-container elementor-column-gap-custom\">\n\t\t\t\t\t<div class=\"elementor-column elementor-col-50 elementor-top-column elementor-element elementor-element-46d24cdd\" data-id=\"46d24cdd\" data-element_type=\"column\" data-e-type=\"column\" data-settings=\"{&quot;background_background&quot;:&quot;classic&quot;}\">\n\t\t\t<div class=\"elementor-widget-wrap elementor-element-populated\">\n\t\t\t\t\t\t<div class=\"elementor-element elementor-element-50bc3357 elementor-widget elementor-widget-heading\" data-id=\"50bc3357\" data-element_type=\"widget\" data-e-type=\"widget\" data-widget_type=\"heading.default\">\n\t\t\t\t<div class=\"elementor-widget-container\">\n\t\t\t\t\t<h2 class=\"elementor-heading-title elementor-size-xl\">Ifeel : la solution leader pour le bien-\u00eatre mental\n<\/h2>\t\t\t\t<\/div>\n\t\t\t\t<\/div>\n\t\t\t\t<div class=\"elementor-element elementor-element-2539235a elementor-widget elementor-widget-text-editor\" data-id=\"2539235a\" data-element_type=\"widget\" data-e-type=\"widget\" data-widget_type=\"text-editor.default\">\n\t\t\t\t<div class=\"elementor-widget-container\">\n\t\t\t\t\t\t\t\t\t<p><span style=\"font-weight: 400\">Ifeel est<\/span><span style=\"color: #ffadad\"><b> une solution unique, compl\u00e8te et \u00e9volutive<\/b><\/span><span style=\"font-weight: 400\"> qui utilise le pouvoir des donn\u00e9es pour fournir une compr\u00e9hension approfondie du bien-\u00eatre mental de vos employ\u00e9s tout en garantissant la qualit\u00e9 du service et la confidentialit\u00e9 pour vos employ\u00e9s. Notre \u00e9quipe de psychologues sp\u00e9cialis\u00e9s fournit un soutien personnalis\u00e9 et approfondi pour vous aider \u00e0 chaque \u00e9tape, toujours \u00e0 vos c\u00f4t\u00e9s.<\/span><\/p><p><span style=\"font-weight: 400\">\u00a0<\/span><\/p><p><span style=\"font-weight: 400\">Nous croyons que <span style=\"color: #ffadad\">le bien-\u00eatre mental<\/span> devrait \u00eatre soutenu d\u00e8s qu&rsquo;un collaborateur rejoint l&rsquo;entreprise, pr\u00e9venant ainsi tout probl\u00e8me de sant\u00e9 mentale qui pourrait survenir tout au long de sa carri\u00e8re.<\/span><\/p>\t\t\t\t\t\t\t\t<\/div>\n\t\t\t\t<\/div>\n\t\t\t\t<div class=\"elementor-element elementor-element-3b941a3e elementor-widget elementor-widget-button\" data-id=\"3b941a3e\" data-element_type=\"widget\" data-e-type=\"widget\" data-widget_type=\"button.default\">\n\t\t\t\t<div class=\"elementor-widget-container\">\n\t\t\t\t\t\t\t\t\t<div class=\"elementor-button-wrapper\">\n\t\t\t\t\t<a class=\"elementor-button elementor-button-link elementor-size-sm\" href=\"#form\">\n\t\t\t\t\t\t<span class=\"elementor-button-content-wrapper\">\n\t\t\t\t\t\t\t\t\t<span class=\"elementor-button-text\">Faites confiance aux experts<\/span>\n\t\t\t\t\t<\/span>\n\t\t\t\t\t<\/a>\n\t\t\t\t<\/div>\n\t\t\t\t\t\t\t\t<\/div>\n\t\t\t\t<\/div>\n\t\t\t\t\t<\/div>\n\t\t<\/div>\n\t\t\t\t<div class=\"elementor-column elementor-col-50 elementor-top-column elementor-element elementor-element-15422cfe\" data-id=\"15422cfe\" data-element_type=\"column\" data-e-type=\"column\">\n\t\t\t<div class=\"elementor-widget-wrap elementor-element-populated\">\n\t\t\t\t\t\t<div class=\"elementor-element elementor-element-6296eb2b elementor-widget elementor-widget-image\" data-id=\"6296eb2b\" data-element_type=\"widget\" data-e-type=\"widget\" data-widget_type=\"image.default\">\n\t\t\t\t<div class=\"elementor-widget-container\">\n\t\t\t\t\t\t\t\t\t\t\t\t\t\t\t<img decoding=\"async\" width=\"950\" height=\"552\" src=\"https:\/\/ifeelonline.com\/fr\/wp-content\/uploads\/sites\/3\/2024\/05\/Group-6491-2.png\" class=\"attachment-full size-full wp-image-10640\" alt=\"\" srcset=\"https:\/\/ifeelonline.com\/fr\/wp-content\/uploads\/sites\/3\/2024\/05\/Group-6491-2.png 950w, https:\/\/ifeelonline.com\/fr\/wp-content\/uploads\/sites\/3\/2024\/05\/Group-6491-2-300x174.png 300w, https:\/\/ifeelonline.com\/fr\/wp-content\/uploads\/sites\/3\/2024\/05\/Group-6491-2-768x446.png 768w\" sizes=\"(max-width: 950px) 100vw, 950px\" \/>\t\t\t\t\t\t\t\t\t\t\t\t\t\t\t<\/div>\n\t\t\t\t<\/div>\n\t\t\t\t\t<\/div>\n\t\t<\/div>\n\t\t\t\t\t<\/div>\n\t\t<\/section>\n\t\t\t\t<\/div>\n\t\t\n    <div class=\"xs_social_share_widget xs_share_url after_content \t\tmain_content  wslu-style-1 wslu-share-box-shaped wslu-fill-colored wslu-none wslu-share-horizontal wslu-theme-font-no wslu-main_content\">\n\n\t\t\n        <ul>\n\t\t\t        <\/ul>\n    <\/div> \n","protected":false},"excerpt":{"rendered":"<p>Strat\u00e9gie DEIB, base de votre culture d&rsquo;entreprise D\u00e9couvrez comment transformer votre organisation avec notre guide complet ! Dans cette ressource, nous vous fournissons des outils essentiels pour comprendre, mettre en \u0153uvre et renforcer une strat\u00e9gie DEIB : la diversit\u00e9, l&rsquo;\u00e9quit\u00e9, l&rsquo;inclusion et l&rsquo;appartenance au c\u0153ur de votre organisation. \u00a0 Ce guide vous aidera \u00e0 am\u00e9liorer [&hellip;]<\/p>\n","protected":false},"author":48,"featured_media":10651,"parent":7514,"menu_order":0,"comment_status":"closed","ping_status":"closed","template":"","meta":{"content-type":"","postBodyCss":"","postBodyMargin":[],"postBodyPadding":[],"postBodyBackground":{"backgroundType":"classic","gradient":""},"footnotes":""},"class_list":["post-10531","page","type-page","status-publish","has-post-thumbnail","hentry"],"_links":{"self":[{"href":"https:\/\/ifeelonline.com\/fr\/wp-json\/wp\/v2\/pages\/10531","targetHints":{"allow":["GET"]}}],"collection":[{"href":"https:\/\/ifeelonline.com\/fr\/wp-json\/wp\/v2\/pages"}],"about":[{"href":"https:\/\/ifeelonline.com\/fr\/wp-json\/wp\/v2\/types\/page"}],"author":[{"embeddable":true,"href":"https:\/\/ifeelonline.com\/fr\/wp-json\/wp\/v2\/users\/48"}],"replies":[{"embeddable":true,"href":"https:\/\/ifeelonline.com\/fr\/wp-json\/wp\/v2\/comments?post=10531"}],"version-history":[{"count":0,"href":"https:\/\/ifeelonline.com\/fr\/wp-json\/wp\/v2\/pages\/10531\/revisions"}],"up":[{"embeddable":true,"href":"https:\/\/ifeelonline.com\/fr\/wp-json\/wp\/v2\/pages\/7514"}],"wp:featuredmedia":[{"embeddable":true,"href":"https:\/\/ifeelonline.com\/fr\/wp-json\/wp\/v2\/media\/10651"}],"wp:attachment":[{"href":"https:\/\/ifeelonline.com\/fr\/wp-json\/wp\/v2\/media?parent=10531"}],"curies":[{"name":"wp","href":"https:\/\/api.w.org\/{rel}","templated":true}]}}