{"id":10383,"date":"2024-04-09T12:34:51","date_gmt":"2024-04-09T11:34:51","guid":{"rendered":"https:\/\/ifeelonline.com\/fr\/?page_id=10383"},"modified":"2024-04-09T12:34:52","modified_gmt":"2024-04-09T11:34:52","slug":"bien-etre-mental-dans-les-postes-de-direction","status":"publish","type":"page","link":"https:\/\/ifeelonline.com\/fr\/boite-a-outils-rh\/bien-etre-mental-dans-les-postes-de-direction\/","title":{"rendered":"Bien-\u00eatre mental dans les postes de direction"},"content":{"rendered":"\t\t<div data-elementor-type=\"wp-page\" data-elementor-id=\"10383\" class=\"elementor elementor-10383\" data-elementor-post-type=\"page\">\n\t\t\t\t\t\t<section data-particle_enable=\"false\" data-particle-mobile-disabled=\"false\" class=\"elementor-section elementor-top-section elementor-element elementor-element-706eabae elementor-section-boxed elementor-section-height-default elementor-section-height-default\" data-id=\"706eabae\" data-element_type=\"section\" data-e-type=\"section\" data-settings=\"{&quot;background_background&quot;:&quot;classic&quot;}\">\n\t\t\t\t\t\t\t<div class=\"elementor-background-overlay\"><\/div>\n\t\t\t\t\t\t\t<div class=\"elementor-container elementor-column-gap-custom\">\n\t\t\t\t\t<div class=\"elementor-column elementor-col-50 elementor-top-column elementor-element elementor-element-63d4fa20\" data-id=\"63d4fa20\" data-element_type=\"column\" data-e-type=\"column\">\n\t\t\t<div class=\"elementor-widget-wrap elementor-element-populated\">\n\t\t\t\t\t\t<div class=\"elementor-element elementor-element-4ebb8d57 elementor-widget elementor-widget-html\" data-id=\"4ebb8d57\" data-element_type=\"widget\" data-e-type=\"widget\" data-widget_type=\"html.default\">\n\t\t\t\t<div class=\"elementor-widget-container\">\n\t\t\t\t\t<nav aria-label=\"breadcrumbs\" class=\"rank-math-breadcrumb\"><p><\/p><\/nav>\t\t\t\t<\/div>\n\t\t\t\t<\/div>\n\t\t\t\t<div class=\"elementor-element elementor-element-64103e9a elementor-widget elementor-widget-heading\" data-id=\"64103e9a\" data-element_type=\"widget\" data-e-type=\"widget\" data-widget_type=\"heading.default\">\n\t\t\t\t<div class=\"elementor-widget-container\">\n\t\t\t\t\t<h1 class=\"elementor-heading-title elementor-size-default\">Bien-\u00eatre mental dans les postes de direction : priorit\u00e9 \u00e0 la prise en charge des dirigeants<\/h1>\t\t\t\t<\/div>\n\t\t\t\t<\/div>\n\t\t\t\t<div class=\"elementor-element elementor-element-2cb92c47 elementor-widget elementor-widget-text-editor\" data-id=\"2cb92c47\" data-element_type=\"widget\" data-e-type=\"widget\" data-widget_type=\"text-editor.default\">\n\t\t\t\t<div class=\"elementor-widget-container\">\n\t\t\t\t\t\t\t\t\t<p><span style=\"font-weight: 400; color: #ff9c9c;\">D\u00e9couvrez comment prendre soin de la sant\u00e9 mentale des dirigeants de grandes organisations !<\/span><\/p>\t\t\t\t\t\t\t\t<\/div>\n\t\t\t\t<\/div>\n\t\t\t\t<div class=\"elementor-element elementor-element-5357e5fd elementor-widget elementor-widget-text-editor\" data-id=\"5357e5fd\" data-element_type=\"widget\" data-e-type=\"widget\" data-widget_type=\"text-editor.default\">\n\t\t\t\t<div class=\"elementor-widget-container\">\n\t\t\t\t\t\t\t\t\tNe laissez pas le stress et la pression compromettre la r\u00e9ussite de votre entreprise. T\u00e9l\u00e9chargez ce guide pour apprendre \u00e0 donner la priorit\u00e9 au bien-\u00eatre mental des dirigeants de votre organisation, car un leadership sain est le moteur de la croissance de l&rsquo;entreprise !\n\nVous trouverez dans ce guide\n\t\t\t\t\t\t\t\t<\/div>\n\t\t\t\t<\/div>\n\t\t\t\t<div class=\"elementor-element elementor-element-58f0ab13 elementor-align-start elementor-icon-list--layout-traditional elementor-list-item-link-full_width elementor-widget elementor-widget-icon-list\" data-id=\"58f0ab13\" data-element_type=\"widget\" data-e-type=\"widget\" data-widget_type=\"icon-list.default\">\n\t\t\t\t<div class=\"elementor-widget-container\">\n\t\t\t\t\t\t\t<ul class=\"elementor-icon-list-items\">\n\t\t\t\t\t\t\t<li class=\"elementor-icon-list-item\">\n\t\t\t\t\t\t\t\t\t\t\t<span class=\"elementor-icon-list-icon\">\n\t\t\t\t\t\t\t<svg xmlns=\"http:\/\/www.w3.org\/2000\/svg\" width=\"19\" height=\"19\" viewBox=\"0 0 19 19\" fill=\"none\"><path fill-rule=\"evenodd\" clip-rule=\"evenodd\" d=\"M9.5 19C4.25308 19 0 14.7469 0 9.5C0 4.25308 4.25308 0 9.5 0C14.7469 0 19 4.25308 19 9.5C19 14.7469 14.7469 19 9.5 19ZM13.7628 7.05436L12.9833 6.27C12.8372 6.12385 12.6082 6.12385 12.4621 6.27L7.77538 10.9859L5.5441 8.72538C5.40282 8.57923 5.16897 8.57923 5.02282 8.72538L4.24333 9.50974C4.09718 9.6559 4.09718 9.88974 4.24333 10.0359L6.72308 12.5497C6.72308 12.5497 6.72308 12.5595 6.73282 12.5595L7.26872 13.1003L7.39538 13.2318L7.51231 13.3487C7.65846 13.4949 7.88744 13.4949 8.03359 13.3487L13.7677 7.58051C13.909 7.43436 13.909 7.20051 13.7677 7.05436H13.7628Z\" fill=\"#7798EE\"><\/path><\/svg>\t\t\t\t\t\t<\/span>\n\t\t\t\t\t\t\t\t\t\t<span class=\"elementor-icon-list-text\"> Des faits et des statistiques \u00e9clairants sur les probl\u00e8mes de sant\u00e9 mentale auxquels sont confront\u00e9s les cadres sup\u00e9rieurs.<\/span>\n\t\t\t\t\t\t\t\t\t<\/li>\n\t\t\t\t\t\t\t\t<li class=\"elementor-icon-list-item\">\n\t\t\t\t\t\t\t\t\t\t\t<span class=\"elementor-icon-list-icon\">\n\t\t\t\t\t\t\t<svg xmlns=\"http:\/\/www.w3.org\/2000\/svg\" width=\"19\" height=\"19\" viewBox=\"0 0 19 19\" fill=\"none\"><path fill-rule=\"evenodd\" clip-rule=\"evenodd\" d=\"M9.5 19C4.25308 19 0 14.7469 0 9.5C0 4.25308 4.25308 0 9.5 0C14.7469 0 19 4.25308 19 9.5C19 14.7469 14.7469 19 9.5 19ZM13.7628 7.05436L12.9833 6.27C12.8372 6.12385 12.6082 6.12385 12.4621 6.27L7.77538 10.9859L5.5441 8.72538C5.40282 8.57923 5.16897 8.57923 5.02282 8.72538L4.24333 9.50974C4.09718 9.6559 4.09718 9.88974 4.24333 10.0359L6.72308 12.5497C6.72308 12.5497 6.72308 12.5595 6.73282 12.5595L7.26872 13.1003L7.39538 13.2318L7.51231 13.3487C7.65846 13.4949 7.88744 13.4949 8.03359 13.3487L13.7677 7.58051C13.909 7.43436 13.909 7.20051 13.7677 7.05436H13.7628Z\" fill=\"#7798EE\"><\/path><\/svg>\t\t\t\t\t\t<\/span>\n\t\t\t\t\t\t\t\t\t\t<span class=\"elementor-icon-list-text\">Des strat\u00e9gies pratiques pour apprendre \u00e0 \u00e9valuer votre niveau de bien-\u00eatre.  <\/span>\n\t\t\t\t\t\t\t\t\t<\/li>\n\t\t\t\t\t\t\t\t<li class=\"elementor-icon-list-item\">\n\t\t\t\t\t\t\t\t\t\t\t<span class=\"elementor-icon-list-icon\">\n\t\t\t\t\t\t\t<svg xmlns=\"http:\/\/www.w3.org\/2000\/svg\" width=\"19\" height=\"19\" viewBox=\"0 0 19 19\" fill=\"none\"><path fill-rule=\"evenodd\" clip-rule=\"evenodd\" d=\"M9.5 19C4.25308 19 0 14.7469 0 9.5C0 4.25308 4.25308 0 9.5 0C14.7469 0 19 4.25308 19 9.5C19 14.7469 14.7469 19 9.5 19ZM13.7628 7.05436L12.9833 6.27C12.8372 6.12385 12.6082 6.12385 12.4621 6.27L7.77538 10.9859L5.5441 8.72538C5.40282 8.57923 5.16897 8.57923 5.02282 8.72538L4.24333 9.50974C4.09718 9.6559 4.09718 9.88974 4.24333 10.0359L6.72308 12.5497C6.72308 12.5497 6.72308 12.5595 6.73282 12.5595L7.26872 13.1003L7.39538 13.2318L7.51231 13.3487C7.65846 13.4949 7.88744 13.4949 8.03359 13.3487L13.7677 7.58051C13.909 7.43436 13.909 7.20051 13.7677 7.05436H13.7628Z\" fill=\"#7798EE\"><\/path><\/svg>\t\t\t\t\t\t<\/span>\n\t\t\t\t\t\t\t\t\t\t<span class=\"elementor-icon-list-text\">Des solutions efficaces pour promouvoir le bien-\u00eatre mental de vos dirigeants et renforcer leur capacit\u00e9 de leadership.<\/span>\n\t\t\t\t\t\t\t\t\t<\/li>\n\t\t\t\t\t\t<\/ul>\n\t\t\t\t\t\t<\/div>\n\t\t\t\t<\/div>\n\t\t\t\t<div class=\"elementor-element elementor-element-58f2ac84 elementor-widget elementor-widget-text-editor\" data-id=\"58f2ac84\" data-element_type=\"widget\" data-e-type=\"widget\" data-widget_type=\"text-editor.default\">\n\t\t\t\t<div class=\"elementor-widget-container\">\n\t\t\t\t\t\t\t\t\t<p><span style=\"color: #ffa3a3;\"><strong>T\u00e9l\u00e9chargez-le gratuitement !<\/strong><\/span> <\/p>\t\t\t\t\t\t\t\t<\/div>\n\t\t\t\t<\/div>\n\t\t\t\t\t<\/div>\n\t\t<\/div>\n\t\t\t\t<div class=\"elementor-column elementor-col-50 elementor-top-column elementor-element elementor-element-278412ff\" data-id=\"278412ff\" data-element_type=\"column\" data-e-type=\"column\" data-settings=\"{&quot;background_background&quot;:&quot;classic&quot;}\">\n\t\t\t<div class=\"elementor-widget-wrap elementor-element-populated\">\n\t\t\t\t\t\t<section data-particle_enable=\"false\" data-particle-mobile-disabled=\"false\" class=\"elementor-section elementor-inner-section elementor-element elementor-element-43a84c0e elementor-section-boxed elementor-section-height-default elementor-section-height-default\" data-id=\"43a84c0e\" data-element_type=\"section\" data-e-type=\"section\">\n\t\t\t\t\t\t<div class=\"elementor-container elementor-column-gap-default\">\n\t\t\t\t\t<div class=\"elementor-column elementor-col-100 elementor-inner-column elementor-element elementor-element-564a092b\" data-id=\"564a092b\" data-element_type=\"column\" data-e-type=\"column\" data-settings=\"{&quot;background_background&quot;:&quot;classic&quot;}\">\n\t\t\t<div class=\"elementor-widget-wrap elementor-element-populated\">\n\t\t\t\t\t\t<div class=\"elementor-element elementor-element-2e40c365 elementor-widget elementor-widget-html\" data-id=\"2e40c365\" data-element_type=\"widget\" data-e-type=\"widget\" id=\"form\" data-widget_type=\"html.default\">\n\t\t\t\t<div class=\"elementor-widget-container\">\n\t\t\t\t\t<script charset=\"utf-8\" type=\"text\/javascript\" src=\"\/\/js-eu1.hsforms.net\/forms\/embed\/v2.js\"><\/script>\n<script>\n  hbspt.forms.create({\n    region: \"eu1\",\n    portalId: \"24884594\",\n    formId: \"e4ea0b0f-6ea4-432d-a87c-8e91fe48b557\"\n  });\n<\/script>\t\t\t\t<\/div>\n\t\t\t\t<\/div>\n\t\t\t\t\t<\/div>\n\t\t<\/div>\n\t\t\t\t\t<\/div>\n\t\t<\/section>\n\t\t\t\t\t<\/div>\n\t\t<\/div>\n\t\t\t\t\t<\/div>\n\t\t<\/section>\n\t\t\t\t<section data-particle_enable=\"false\" data-particle-mobile-disabled=\"false\" class=\"elementor-section elementor-top-section elementor-element elementor-element-1e88e6d3 elementor-hidden-tablet elementor-section-boxed elementor-section-height-default elementor-section-height-default\" data-id=\"1e88e6d3\" data-element_type=\"section\" data-e-type=\"section\" data-settings=\"{&quot;background_background&quot;:&quot;classic&quot;}\">\n\t\t\t\t\t\t<div class=\"elementor-container elementor-column-gap-custom\">\n\t\t\t\t\t<div class=\"elementor-column elementor-col-50 elementor-top-column elementor-element elementor-element-48e18acc\" data-id=\"48e18acc\" data-element_type=\"column\" data-e-type=\"column\">\n\t\t\t<div class=\"elementor-widget-wrap elementor-element-populated\">\n\t\t\t\t\t\t<div class=\"elementor-element elementor-element-26b905ee elementor-hidden-mobile elementor-widget elementor-widget-image\" data-id=\"26b905ee\" data-element_type=\"widget\" data-e-type=\"widget\" data-widget_type=\"image.default\">\n\t\t\t\t<div class=\"elementor-widget-container\">\n\t\t\t\t\t\t\t\t\t\t\t\t\t\t\t<img fetchpriority=\"high\" decoding=\"async\" width=\"384\" height=\"638\" src=\"https:\/\/ifeelonline.com\/fr\/wp-content\/uploads\/sites\/3\/2024\/01\/Mask-group.png\" class=\"attachment-full size-full wp-image-9984\" alt=\"\" srcset=\"https:\/\/ifeelonline.com\/fr\/wp-content\/uploads\/sites\/3\/2024\/01\/Mask-group.png 384w, https:\/\/ifeelonline.com\/fr\/wp-content\/uploads\/sites\/3\/2024\/01\/Mask-group-181x300.png 181w\" sizes=\"(max-width: 384px) 100vw, 384px\" \/>\t\t\t\t\t\t\t\t\t\t\t\t\t\t\t<\/div>\n\t\t\t\t<\/div>\n\t\t\t\t\t<\/div>\n\t\t<\/div>\n\t\t\t\t<div class=\"elementor-column elementor-col-50 elementor-top-column elementor-element elementor-element-24edd8d7\" data-id=\"24edd8d7\" data-element_type=\"column\" data-e-type=\"column\" data-settings=\"{&quot;background_background&quot;:&quot;classic&quot;}\">\n\t\t\t<div class=\"elementor-widget-wrap elementor-element-populated\">\n\t\t\t\t\t\t<div class=\"elementor-element elementor-element-3619086e elementor-widget elementor-widget-heading\" data-id=\"3619086e\" data-element_type=\"widget\" data-e-type=\"widget\" data-widget_type=\"heading.default\">\n\t\t\t\t<div class=\"elementor-widget-container\">\n\t\t\t\t\t<h2 class=\"elementor-heading-title elementor-size-xl\">Pourquoi t\u00e9l\u00e9charger ce guide ?\n<\/h2>\t\t\t\t<\/div>\n\t\t\t\t<\/div>\n\t\t\t\t<div class=\"elementor-element elementor-element-1b0ac763 elementor-widget elementor-widget-text-editor\" data-id=\"1b0ac763\" data-element_type=\"widget\" data-e-type=\"widget\" data-widget_type=\"text-editor.default\">\n\t\t\t\t<div class=\"elementor-widget-container\">\n\t\t\t\t\t\t\t\t\t<p>Les <strong>dirigeants<\/strong> sont le moteur des \u00e9quipes et, \u00e0 ce titre, ils sont constamment expos\u00e9s \u00e0 des situations qui peuvent exercer une forte pression sur leur bien-\u00eatre mental. Dans cette ressource, nous examinons cette question en profondeur, en r\u00e9v\u00e9lant des faits percutants et en proposant des strat\u00e9gies efficaces pour garantir la prise en charge des personnes occupant des postes de direction et, par cons\u00e9quent, le succ\u00e8s durable de votre entreprise.<\/p><p>\u00a0<\/p><p>Un dirigeant qui prend soin de son bien-\u00eatre mental est capable d&rsquo;inspirer, de motiver et de guider efficacement son \u00e9quipe, ce qui se traduit par un environnement de travail plus sain, un plus grand engagement des employ\u00e9s et, en fin de compte, par une croissance et un succ\u00e8s durables de l&rsquo;entreprise.<\/p>\t\t\t\t\t\t\t\t<\/div>\n\t\t\t\t<\/div>\n\t\t\t\t\t<\/div>\n\t\t<\/div>\n\t\t\t\t\t<\/div>\n\t\t<\/section>\n\t\t\t\t<section data-particle_enable=\"false\" data-particle-mobile-disabled=\"false\" class=\"elementor-section elementor-top-section elementor-element elementor-element-6c119b63 elementor-hidden-desktop elementor-hidden-mobile elementor-section-boxed elementor-section-height-default elementor-section-height-default\" data-id=\"6c119b63\" data-element_type=\"section\" data-e-type=\"section\" data-settings=\"{&quot;background_background&quot;:&quot;classic&quot;}\">\n\t\t\t\t\t\t<div class=\"elementor-container elementor-column-gap-custom\">\n\t\t\t\t\t<div class=\"elementor-column elementor-col-100 elementor-top-column elementor-element elementor-element-5b4a572b\" data-id=\"5b4a572b\" data-element_type=\"column\" data-e-type=\"column\" data-settings=\"{&quot;background_background&quot;:&quot;classic&quot;}\">\n\t\t\t<div class=\"elementor-widget-wrap elementor-element-populated\">\n\t\t\t\t\t\t<div class=\"elementor-element elementor-element-5fc1c40e elementor-widget elementor-widget-heading\" data-id=\"5fc1c40e\" data-element_type=\"widget\" data-e-type=\"widget\" data-widget_type=\"heading.default\">\n\t\t\t\t<div class=\"elementor-widget-container\">\n\t\t\t\t\t<h2 class=\"elementor-heading-title elementor-size-xl\">Pourquoi t\u00e9l\u00e9charger ce guide ?\n\n<\/h2>\t\t\t\t<\/div>\n\t\t\t\t<\/div>\n\t\t\t\t<div class=\"elementor-element elementor-element-4bf6784a elementor-widget elementor-widget-text-editor\" data-id=\"4bf6784a\" data-element_type=\"widget\" data-e-type=\"widget\" data-widget_type=\"text-editor.default\">\n\t\t\t\t<div class=\"elementor-widget-container\">\n\t\t\t\t\t\t\t\t\t<p><span style=\"font-weight: 400;\">Les dirigeants sont le moteur des \u00e9quipes et, \u00e0 ce titre, ils sont constamment expos\u00e9s \u00e0 des situations <\/span><b>qui peuvent exercer une forte pression sur leur bien-\u00eatre mental<\/b><span style=\"font-weight: 400;\">. Dans cette ressource, nous examinons cette question en profondeur, en r\u00e9v\u00e9lant des faits percutants et en proposant des strat\u00e9gies efficaces pour garantir la prise en charge des personnes occupant des postes de direction et, par cons\u00e9quent, le succ\u00e8s durable de votre entreprise.<\/span><\/p><p><br \/><b>Un dirigeant qui prend soin de son bien-\u00eatre mental est capable d&rsquo;inspirer, de motiver et de guider efficacement son \u00e9quipe<\/b><span style=\"font-weight: 400;\">, ce qui se traduit par un environnement de travail plus sain, un plus grand engagement des employ\u00e9s et, en fin de compte, par une croissance et un succ\u00e8s durables de l&rsquo;entreprise.<\/span><\/p>\t\t\t\t\t\t\t\t<\/div>\n\t\t\t\t<\/div>\n\t\t\t\t\t<\/div>\n\t\t<\/div>\n\t\t\t\t\t<\/div>\n\t\t<\/section>\n\t\t\t\t<section data-particle_enable=\"false\" data-particle-mobile-disabled=\"false\" class=\"elementor-section elementor-top-section elementor-element elementor-element-2da37493 elementor-section-boxed elementor-section-height-default elementor-section-height-default\" data-id=\"2da37493\" data-element_type=\"section\" data-e-type=\"section\" data-settings=\"{&quot;background_background&quot;:&quot;classic&quot;}\">\n\t\t\t\t\t\t<div class=\"elementor-container elementor-column-gap-custom\">\n\t\t\t\t\t<div class=\"elementor-column elementor-col-50 elementor-top-column elementor-element elementor-element-89f8e25\" data-id=\"89f8e25\" data-element_type=\"column\" data-e-type=\"column\" data-settings=\"{&quot;background_background&quot;:&quot;classic&quot;}\">\n\t\t\t<div class=\"elementor-widget-wrap elementor-element-populated\">\n\t\t\t\t\t\t<div class=\"elementor-element elementor-element-6bec3c9e elementor-widget elementor-widget-heading\" data-id=\"6bec3c9e\" data-element_type=\"widget\" data-e-type=\"widget\" data-widget_type=\"heading.default\">\n\t\t\t\t<div class=\"elementor-widget-container\">\n\t\t\t\t\t<h2 class=\"elementor-heading-title elementor-size-xl\">Ifeel : la solution leader de bien-\u00eatre mental\n\n<\/h2>\t\t\t\t<\/div>\n\t\t\t\t<\/div>\n\t\t\t\t<div class=\"elementor-element elementor-element-634d2e34 elementor-widget elementor-widget-text-editor\" data-id=\"634d2e34\" data-element_type=\"widget\" data-e-type=\"widget\" data-widget_type=\"text-editor.default\">\n\t\t\t\t<div class=\"elementor-widget-container\">\n\t\t\t\t\t\t\t\t\t<p><strong>Ifeel<\/strong> est une solution unique, compl\u00e8te et \u00e9volutive qui utilise la puissance des donn\u00e9es pour fournir une compr\u00e9hension holistique du bien-\u00eatre mental de vos collaborateurs, tout en garantissant la qualit\u00e9 du service et la confidentialit\u00e9 pour votre personnel. Notre \u00e9quipe de psychologues sp\u00e9cialis\u00e9s et d&rsquo;experts offre un soutien confidentiel et complet pour vous aider \u00e0 chaque \u00e9tape, toujours \u00e0 vos c\u00f4t\u00e9s.<\/p><p>\u00a0<\/p><p>Nous pensons que le bien-\u00eatre mental doit \u00eatre soutenu d\u00e8s l&rsquo;entr\u00e9e d&rsquo;un collaborateur dans l&rsquo;entreprise, ce qui signifie pr\u00e9venir les probl\u00e8mes de sant\u00e9 mentale qui peuvent survenir tout au long de sa carri\u00e8re.<\/p>\t\t\t\t\t\t\t\t<\/div>\n\t\t\t\t<\/div>\n\t\t\t\t<div class=\"elementor-element elementor-element-2d6ccc4d elementor-widget elementor-widget-button\" data-id=\"2d6ccc4d\" data-element_type=\"widget\" data-e-type=\"widget\" data-widget_type=\"button.default\">\n\t\t\t\t<div class=\"elementor-widget-container\">\n\t\t\t\t\t\t\t\t\t<div class=\"elementor-button-wrapper\">\n\t\t\t\t\t<a class=\"elementor-button elementor-button-link elementor-size-sm\" href=\"#form\">\n\t\t\t\t\t\t<span class=\"elementor-button-content-wrapper\">\n\t\t\t\t\t\t\t\t\t<span class=\"elementor-button-text\">LIB\u00c9REZ LE POTENTIEL DE VOTRE \u00c9QUIPE D\u00c8S MAINTENANT<\/span>\n\t\t\t\t\t<\/span>\n\t\t\t\t\t<\/a>\n\t\t\t\t<\/div>\n\t\t\t\t\t\t\t\t<\/div>\n\t\t\t\t<\/div>\n\t\t\t\t\t<\/div>\n\t\t<\/div>\n\t\t\t\t<div class=\"elementor-column elementor-col-50 elementor-top-column elementor-element elementor-element-51e6aedf\" data-id=\"51e6aedf\" data-element_type=\"column\" data-e-type=\"column\">\n\t\t\t<div class=\"elementor-widget-wrap elementor-element-populated\">\n\t\t\t\t\t\t<div class=\"elementor-element elementor-element-46bc4303 elementor-widget elementor-widget-image\" data-id=\"46bc4303\" data-element_type=\"widget\" data-e-type=\"widget\" data-widget_type=\"image.default\">\n\t\t\t\t<div class=\"elementor-widget-container\">\n\t\t\t\t\t\t\t\t\t\t\t\t\t\t\t<img decoding=\"async\" width=\"406\" height=\"341\" src=\"https:\/\/ifeelonline.com\/fr\/wp-content\/uploads\/sites\/3\/2024\/04\/Intersect.png\" class=\"attachment-full size-full wp-image-10384\" alt=\"\" srcset=\"https:\/\/ifeelonline.com\/fr\/wp-content\/uploads\/sites\/3\/2024\/04\/Intersect.png 406w, https:\/\/ifeelonline.com\/fr\/wp-content\/uploads\/sites\/3\/2024\/04\/Intersect-300x252.png 300w\" sizes=\"(max-width: 406px) 100vw, 406px\" \/>\t\t\t\t\t\t\t\t\t\t\t\t\t\t\t<\/div>\n\t\t\t\t<\/div>\n\t\t\t\t\t<\/div>\n\t\t<\/div>\n\t\t\t\t\t<\/div>\n\t\t<\/section>\n\t\t\t\t<\/div>\n\t\t\n    <div class=\"xs_social_share_widget xs_share_url after_content \t\tmain_content  wslu-style-1 wslu-share-box-shaped wslu-fill-colored wslu-none wslu-share-horizontal wslu-theme-font-no wslu-main_content\">\n\n\t\t\n        <ul>\n\t\t\t        <\/ul>\n    <\/div> \n","protected":false},"excerpt":{"rendered":"<p>Bien-\u00eatre mental dans les postes de direction : priorit\u00e9 \u00e0 la prise en charge des dirigeants D\u00e9couvrez comment prendre soin de la sant\u00e9 mentale des dirigeants de grandes organisations ! Ne laissez pas le stress et la pression compromettre la r\u00e9ussite de votre entreprise. T\u00e9l\u00e9chargez ce guide pour apprendre \u00e0 donner la priorit\u00e9 au bien-\u00eatre [&hellip;]<\/p>\n","protected":false},"author":48,"featured_media":10396,"parent":7514,"menu_order":0,"comment_status":"closed","ping_status":"closed","template":"","meta":{"content-type":"","postBodyCss":"","postBodyMargin":[],"postBodyPadding":[],"postBodyBackground":{"backgroundType":"classic","gradient":""},"footnotes":""},"class_list":["post-10383","page","type-page","status-publish","has-post-thumbnail","hentry"],"_links":{"self":[{"href":"https:\/\/ifeelonline.com\/fr\/wp-json\/wp\/v2\/pages\/10383","targetHints":{"allow":["GET"]}}],"collection":[{"href":"https:\/\/ifeelonline.com\/fr\/wp-json\/wp\/v2\/pages"}],"about":[{"href":"https:\/\/ifeelonline.com\/fr\/wp-json\/wp\/v2\/types\/page"}],"author":[{"embeddable":true,"href":"https:\/\/ifeelonline.com\/fr\/wp-json\/wp\/v2\/users\/48"}],"replies":[{"embeddable":true,"href":"https:\/\/ifeelonline.com\/fr\/wp-json\/wp\/v2\/comments?post=10383"}],"version-history":[{"count":0,"href":"https:\/\/ifeelonline.com\/fr\/wp-json\/wp\/v2\/pages\/10383\/revisions"}],"up":[{"embeddable":true,"href":"https:\/\/ifeelonline.com\/fr\/wp-json\/wp\/v2\/pages\/7514"}],"wp:featuredmedia":[{"embeddable":true,"href":"https:\/\/ifeelonline.com\/fr\/wp-json\/wp\/v2\/media\/10396"}],"wp:attachment":[{"href":"https:\/\/ifeelonline.com\/fr\/wp-json\/wp\/v2\/media?parent=10383"}],"curies":[{"name":"wp","href":"https:\/\/api.w.org\/{rel}","templated":true}]}}