{"id":9837,"date":"2022-09-29T08:48:46","date_gmt":"2022-09-29T07:48:46","guid":{"rendered":"https:\/\/ifeelonline.com\/?page_id=9837"},"modified":"2025-04-09T14:44:40","modified_gmt":"2025-04-09T13:44:40","slug":"legal-notice","status":"publish","type":"page","link":"https:\/\/ifeelonline.com\/es\/legal-notice\/","title":{"rendered":"Aviso legal"},"content":{"rendered":"\t\t<div data-elementor-type=\"wp-page\" data-elementor-id=\"9837\" class=\"elementor elementor-9837\" data-elementor-post-type=\"page\">\n\t\t\t\t\t\t<section data-particle_enable=\"false\" data-particle-mobile-disabled=\"false\" class=\"elementor-section elementor-top-section elementor-element elementor-element-fac07b3 elementor-section-boxed elementor-section-height-default elementor-section-height-default\" data-id=\"fac07b3\" data-element_type=\"section\" data-e-type=\"section\">\n\t\t\t\t\t\t<div class=\"elementor-container elementor-column-gap-default\">\n\t\t\t\t\t<div class=\"elementor-column elementor-col-100 elementor-top-column elementor-element elementor-element-96c2574\" data-id=\"96c2574\" data-element_type=\"column\" data-e-type=\"column\">\n\t\t\t<div class=\"elementor-widget-wrap elementor-element-populated\">\n\t\t\t\t\t\t<div class=\"elementor-element elementor-element-a17957f elementor-widget elementor-widget-text-editor\" data-id=\"a17957f\" data-element_type=\"widget\" data-e-type=\"widget\" data-settings=\"{&quot;ekit_we_effect_on&quot;:&quot;none&quot;}\" data-widget_type=\"text-editor.default\">\n\t\t\t\t<div class=\"elementor-widget-container\">\n\t\t\t\t\t\t\t\t\t<div>\n<h1><span style=\"color: var( --e-global-color-primary );\">Aviso Legal\n<\/span><\/h1>\n\n<hr \/>\n\n<span style=\"color: #21447b; font-family: 'Sofia pro', sans-serif; font-size: 16px; font-weight: 400; text-align: start;\"><span style=\"color: #0b1941;\">\u00daltima actualizaci\u00f3n: 02\/01\/2025<\/span>\n<\/span>\n<br><br>\n<h3>Informaci\u00f3n Legal<\/h3>\n<\/div>\nEn cumplimiento con el deber de la informaci\u00f3n recogido en el art\u00edculo 10 de la Ley 34\/2002, de 11 de Julio, de Servicios de la Sociedad de la Informaci\u00f3n y del Comercio Electr\u00f3nico, le informamos que el contenido de esta p\u00e1gina web <a href=\"https:\/\/ifeelonline.com\/es\/\">https:\/\/ifeelonline.com\/es\/<\/a> (en adelante, la \u201cWeb\u201d) pertenece a Digital Mind Solutions, S.L. (en adelante \u201cIfeel\u201d), compa\u00f1\u00eda registrada en el Registro Mercantil de Madrid, TOMO 34901, FOLIO 29, secci\u00f3n General, hoja n\u00famero M-627653, inscripci\u00f3n 1\u00aa, con domicilio social registrado en C. de Jos\u00e9 Ortega y Gasset, 100, 6A, 28006 Madrid y con CIF n\u00ba B87593851.\n<br><br>\n<h3>Aceptaci\u00f3n del Usuario<\/h3>\nEste Aviso Legal regula el acceso y utilizaci\u00f3n de la siguiente p\u00e1gina web <a href=\"https:\/\/ifeelonline.com\/es\/\">https:\/\/ifeelonline.com\/es\/<\/a>. El acceso a la misma implica la adquisici\u00f3n de la condici\u00f3n de usuario y con ello, la aceptaci\u00f3n de las condiciones de uso de la web. En caso de desacuerdo con las condiciones debe abstenerse al uso del sitio web. La visita a la p\u00e1gina web por parte del usuario deber\u00e1 hacerse de forma responsable y de conformidad a la legalidad vigente, la buena fe, el presente Aviso Legal y respetando los derechos de propiedad intelectual e industrial titularidad de Ifeel. El uso de cualquiera de los contenidos de la p\u00e1gina web con finalidades que sean o pudieran ser il\u00edcitas queda totalmente prohibido, as\u00ed como la realizaci\u00f3n de cualquier acci\u00f3n que cause o pueda causar da\u00f1os o alteraciones de cualquier tipo no consentidas por Ifeel, a la web o a sus contenidos. El titular de la web no se identifica con las opiniones vertidas en el mismo por sus colaboradores. La empresa se reserva el derecho de efectuar sin previo aviso las modificaciones que considere oportunas en su web, pudiendo cambiar, suprimir o a\u00f1adir tanto los contenidos y servicios que se presten a trav\u00e9s de la misma como la forma en la que \u00e9stos aparezcan presentados o localizados en sus servidores.\n\n<br><br>\n<h3>Derechos de Propiedad Intelectual e Industrial<\/h3>\nIfeel es el titular en exclusiva de los derechos relativos a su p\u00e1gina web y sus redes sociales, por ello, todos los contenidos, el dise\u00f1o gr\u00e1fico y los c\u00f3digos que forman parte de <a href=\"https:\/\/ifeelonline.com\/es\/\">https:\/\/ifeelonline.com\/es\/<\/a> son de titularidad exclusiva de Ifeel. Queda prohibida su reproducci\u00f3n, distribuci\u00f3n, comunicaci\u00f3n p\u00fablica, transformaci\u00f3n o cualquier otra actividad que se realice con los contenidos, ni siquiera aunque se citen las fuentes, salvo que se cuente con el consentimiento previo, expreso y por escrito de Ifeel. Cualquier uso de esos contenidos no autorizado previamente por parte de Ifeel ser\u00e1 considerado un incumplimiento grave de los derechos de propiedad intelectual o industrial y dar\u00e1 lugar a las responsabilidades legalmente establecidas. Ifeel se reserva el derecho de ejercitar frente al usuario las acciones judiciales y extrajudiciales que correspondan. Ifeel no concede ninguna autorizaci\u00f3n de uso de ninguna clase sobre sus derechos de propiedad intelectual e industrial o sobre cualquier otra propiedad o derecho relacionado con la web, y en ning\u00fan caso se entender\u00e1 que el acceso y navegaci\u00f3n de los usuarios implica una renuncia, transmisi\u00f3n, licencia o cesi\u00f3n total ni parcial de dichos derechos por parte de Ifeel.\n\n<br><br>\n<h3>Responsabilidades y Garant\u00edas<\/h3>\nIfeel declara que ha adoptado las medidas necesarias que, dentro de sus posibilidades y el estado de la tecnolog\u00eda, permiten el correcto funcionamiento de la web as\u00ed como la ausencia de virus y componentes da\u00f1inos. Sin embargo, Ifeel no puede hacerse responsable de las siguientes situaciones que se enumeran a t\u00edtulo enunciativo, pero no limitativo:\n<ul>\n \t<li>La continuidad y disponibilidad de los contenidos.<\/li>\n \t<li>La ausencia de errores en dichos contenidos ni la correcci\u00f3n de cualquier defecto que pudiera ocurrir.<\/li>\n \t<li>La ausencia de virus y\/o dem\u00e1s componentes da\u00f1inos.<\/li>\n \t<li>Los da\u00f1os o perjuicios que cause cualquier persona que vulnere los sistemas de seguridad de Ifeel.<\/li>\n \t<li>El uso que los usuarios puedan hacer de los contenidos incluidos en el web. En consecuencia, Ifeel no garantiza que el uso que los usuarios puedan hacer de los contenidos que en su caso se incluyan en el sitio web, se ajusten al presente aviso legal, ni que el uso del sitio web se realice de forma diligente.<\/li>\n \t<li>El uso por menores de edad del sitio web o del env\u00edo de sus datos personales sin el permiso de sus tutores, siendo los tutores responsables del uso que hagan de Internet.<\/li>\n \t<li>Los contenidos a los que el usuario pueda acceder a trav\u00e9s de enlaces no autorizados o introducidos por usuarios mediante comentarios o herramientas similares.<\/li>\n \t<li>La introducci\u00f3n de datos err\u00f3neos por parte del usuario o de un tercero.<\/li>\n<\/ul>\nIfeel podr\u00e1 suspender temporalmente y sin previo aviso, la accesibilidad a la web con motivo de operaciones de mantenimiento, reparaci\u00f3n, actualizaci\u00f3n o mejora. En consecuencia, Ifeel no ser\u00e1, en ning\u00fan caso, responsable por cualesquiera da\u00f1os y perjuicios que puedan derivarse de la falta de disponibilidad o accesibilidad al sitio web o de la interrupci\u00f3n en el funcionamiento del sitio web. No obstante, siempre que las circunstancias lo permitan, Ifeel, comunicar\u00e1 al usuario, con antelaci\u00f3n suficiente, la fecha prevista para la suspensi\u00f3n de los contenidos. Asimismo, de conformidad con los arts. 11 y 16 de la Ley 34\/2002, de 11 de julio, de servicios de la sociedad de la informaci\u00f3n y de comercio electr\u00f3nico (LSSICE), Ifeel, se compromete a la eliminaci\u00f3n o, en su caso, bloqueo de los contenidos que pudieran afectar o ser contrarios a la legislaci\u00f3n vigente, los derechos de terceros o la moral y orden p\u00fablico.\n\n<br><br>\n<h3>Cl\u00e1usula de Protecci\u00f3n de Datos<\/h3>\nDe conformidad con lo establecido en la normativa vigente en materia de Protecci\u00f3n de Datos de Car\u00e1cter Personal, se informa a los usuarios que sus datos ser\u00e1n incorporados al Registro de Actividades de Tratamiento titularidad de Ifeel con la finalidad de poder llevar a cabo los servicios contratados. En cumplimiento con la normativa vigente, Ifeel informa que los datos ser\u00e1n conservados durante el plazo estrictamente necesario para cumplir con los servicios prestados. Asimismo, los datos se tratar\u00e1n de manera l\u00edcita, leal, transparente, adecuada, pertinente, limitada, exacta y actualizada. Es por ello que Ifeel se compromete a adoptar todas las medidas t\u00e9cnicas y de seguridad razonables para que estos se supriman o rectifiquen sin dilaci\u00f3n cuando sean inexactos o no veraces. De acuerdo con la normativa en protecci\u00f3n de datos podr\u00e1 ejercer los derechos de acceso, rectificaci\u00f3n, limitaci\u00f3n de tratamiento, supresi\u00f3n, portabilidad y oposici\u00f3n al tratamiento de sus datos de car\u00e1cter personal as\u00ed como renunciar al consentimiento prestado para el tratamiento de los mismos, la petici\u00f3n se deber\u00e1 dirigir al siguiente correo electr\u00f3nico: <a href=\"mailto:info@ifeelonline.com\">info@ifeelonline.com<\/a>\n\n<br><br>\n<h3>Pol\u00edtica de Enlaces<\/h3>\nNuestro servicio puede contener enlaces a otros sitios que no gestionamos nosotros. Si usted hace clic en un enlace de terceros, se le dirigir\u00e1 al sitio web de dicha tercera parte. Le recomendamos encarecidamente que revise la pol\u00edtica de privacidad de cada sitio web que visite. No tenemos control ni asumimos ninguna responsabilidad por el contenido, pol\u00edtica de privacidad o pr\u00e1cticas de los sitios web o servicios de terceros. Ifeel tampoco controla el contenido de otros sitios desde los que se pueda acceder a este sitio web y se reserva la posibilidad de contactar con el propietario del sitio web en el que se establezca el enlace si considera que se incumple la normativa, as\u00ed como de ejercitar las correspondientes acciones judiciales y extrajudiciales.\n\n<br><br>\n<h3>Reserva del Derecho a Modificar el Presente Aviso Legal<\/h3>\nIfeel se reserva el derecho a modificar el presente aviso legal para adaptarlo a cualquier cambio o novedad normativa, por motivos t\u00e9cnicos, por cambios en los servicios ofrecidos por Ifeel o por decisiones estrat\u00e9gicas de la compa\u00f1\u00eda.\n\n<br><br>\n<h3>Legislaci\u00f3n Aplicable<\/h3>\nEstos T\u00e9rminos se regir\u00e1n e interpretar\u00e1n de conformidad con las leyes de Espa\u00f1a.\t\t\t\t\t\t\t\t<\/div>\n\t\t\t\t<\/div>\n\t\t\t\t\t<\/div>\n\t\t<\/div>\n\t\t\t\t\t<\/div>\n\t\t<\/section>\n\t\t\t\t<\/div>\n\t\t\n    <div class=\"xs_social_share_widget xs_share_url after_content \t\tmain_content  wslu-style-1 wslu-share-box-shaped wslu-fill-colored wslu-none wslu-share-horizontal wslu-theme-font-no wslu-main_content\">\n\n\t\t\n        <ul>\n\t\t\t        <\/ul>\n    <\/div> \n","protected":false},"excerpt":{"rendered":"<p>Aviso Legal \u00daltima actualizaci\u00f3n: 02\/01\/2025 Informaci\u00f3n Legal En cumplimiento con el deber de la informaci\u00f3n recogido en el art\u00edculo 10 de la Ley 34\/2002, de 11 de Julio, de Servicios de la Sociedad de la Informaci\u00f3n y del Comercio Electr\u00f3nico, le informamos que el contenido de esta p\u00e1gina web https:\/\/ifeelonline.com\/ (en adelante, la \u201cWeb\u201d) pertenece [&hellip;]<\/p>\n","protected":false},"author":49,"featured_media":14770,"parent":0,"menu_order":0,"comment_status":"closed","ping_status":"closed","template":"","meta":{"content-type":"","postBodyCss":"","postBodyMargin":[],"postBodyPadding":[],"postBodyBackground":{"backgroundType":"classic","gradient":""},"footnotes":""},"class_list":["post-9837","page","type-page","status-publish","has-post-thumbnail","hentry"],"_links":{"self":[{"href":"https:\/\/ifeelonline.com\/es\/wp-json\/wp\/v2\/pages\/9837","targetHints":{"allow":["GET"]}}],"collection":[{"href":"https:\/\/ifeelonline.com\/es\/wp-json\/wp\/v2\/pages"}],"about":[{"href":"https:\/\/ifeelonline.com\/es\/wp-json\/wp\/v2\/types\/page"}],"author":[{"embeddable":true,"href":"https:\/\/ifeelonline.com\/es\/wp-json\/wp\/v2\/users\/49"}],"replies":[{"embeddable":true,"href":"https:\/\/ifeelonline.com\/es\/wp-json\/wp\/v2\/comments?post=9837"}],"version-history":[{"count":0,"href":"https:\/\/ifeelonline.com\/es\/wp-json\/wp\/v2\/pages\/9837\/revisions"}],"wp:featuredmedia":[{"embeddable":true,"href":"https:\/\/ifeelonline.com\/es\/wp-json\/wp\/v2\/media\/14770"}],"wp:attachment":[{"href":"https:\/\/ifeelonline.com\/es\/wp-json\/wp\/v2\/media?parent=9837"}],"curies":[{"name":"wp","href":"https:\/\/api.w.org\/{rel}","templated":true}]}}