{"id":9653,"date":"2022-08-25T08:41:11","date_gmt":"2022-08-25T07:41:11","guid":{"rendered":"https:\/\/ifeelonline.com\/?page_id=9653"},"modified":"2024-05-09T12:13:48","modified_gmt":"2024-05-09T11:13:48","slug":"manual-vuelta-de-vacaciones","status":"publish","type":"page","link":"https:\/\/ifeelonline.com\/es\/ebooks\/manual-vuelta-de-vacaciones\/","title":{"rendered":"Manual vuelta de vacaciones"},"content":{"rendered":"\t\t<div data-elementor-type=\"wp-page\" data-elementor-id=\"9653\" class=\"elementor elementor-9653\" data-elementor-post-type=\"page\">\n\t\t\t\t\t\t<section data-particle_enable=\"false\" data-particle-mobile-disabled=\"false\" class=\"elementor-section elementor-top-section elementor-element elementor-element-7d764f5f elementor-section-boxed elementor-section-height-default elementor-section-height-default\" data-id=\"7d764f5f\" data-element_type=\"section\" data-e-type=\"section\" data-settings=\"{&quot;background_background&quot;:&quot;classic&quot;}\">\n\t\t\t\t\t\t\t<div class=\"elementor-background-overlay\"><\/div>\n\t\t\t\t\t\t\t<div class=\"elementor-container elementor-column-gap-custom\">\n\t\t\t\t\t<div class=\"elementor-column elementor-col-50 elementor-top-column elementor-element elementor-element-52b0545e\" data-id=\"52b0545e\" data-element_type=\"column\" data-e-type=\"column\">\n\t\t\t<div class=\"elementor-widget-wrap elementor-element-populated\">\n\t\t\t\t\t\t<div class=\"elementor-element elementor-element-28b733b6 elementor-widget__width-initial elementor-widget-mobile__width-inherit elementor-view-default elementor-widget elementor-widget-icon\" data-id=\"28b733b6\" data-element_type=\"widget\" data-e-type=\"widget\" data-settings=\"{&quot;ekit_we_effect_on&quot;:&quot;none&quot;}\" data-widget_type=\"icon.default\">\n\t\t\t\t<div class=\"elementor-widget-container\">\n\t\t\t\t\t\t\t<div class=\"elementor-icon-wrapper\">\n\t\t\t<div class=\"elementor-icon\">\n\t\t\t<svg xmlns=\"http:\/\/www.w3.org\/2000\/svg\" width=\"160\" height=\"51\" viewBox=\"0 0 160 51\" fill=\"none\"><rect width=\"160\" height=\"51\" rx=\"25.5\" fill=\"#FF9090\"><\/rect><path d=\"M40.332 34L42.0117 20.2207H43.8965L48.5742 30.0352L53.252 20.2207H55.1562L56.8359 34H54.7168L53.5352 24.1562L49.4922 32.457H47.6953L43.6328 24.1562L42.4609 34H40.332ZM57.9688 34L63.1738 20.2207H65.4688L70.6738 34H68.4277L67.1094 30.5625H61.5527L60.2344 34H57.9688ZM62.2754 28.6582H66.3867L64.3359 22.877L62.2754 28.6582ZM72.5977 34V20.2207H74.6387L80.498 29.9961V20.2207H82.6172V34H80.6445L74.7168 24.1367V34H72.5977ZM86.0742 29.2246V20.2207H88.2324V29.2246C88.2324 30.0905 88.5221 30.7969 89.1016 31.3438C89.681 31.8906 90.3776 32.1641 91.1914 32.1641C92.0052 32.1641 92.7018 31.8906 93.2812 31.3438C93.8607 30.7969 94.1504 30.0905 94.1504 29.2246V20.2207H96.2988V29.2246C96.2988 30.2012 96.0612 31.0736 95.5859 31.8418C95.1172 32.6035 94.4954 33.1862 93.7207 33.5898C92.9525 33.9935 92.1094 34.1953 91.1914 34.1953C90.2669 34.1953 89.4173 33.9935 88.6426 33.5898C87.8678 33.1862 87.2461 32.6035 86.7773 31.8418C86.3086 31.0736 86.0742 30.2012 86.0742 29.2246ZM97.8711 34L103.076 20.2207H105.371L110.576 34H108.33L107.012 30.5625H101.455L100.137 34H97.8711ZM102.178 28.6582H106.289L104.238 22.877L102.178 28.6582ZM112.5 34V20.2207H114.619V32.0566H120.146V34H112.5Z\" fill=\"white\"><\/path><\/svg>\t\t\t<\/div>\n\t\t<\/div>\n\t\t\t\t\t\t<\/div>\n\t\t\t\t<\/div>\n\t\t\t\t<div class=\"elementor-element elementor-element-3cb42494 elementor-widget elementor-widget-heading\" data-id=\"3cb42494\" data-element_type=\"widget\" data-e-type=\"widget\" data-settings=\"{&quot;ekit_we_effect_on&quot;:&quot;none&quot;}\" data-widget_type=\"heading.default\">\n\t\t\t\t<div class=\"elementor-widget-container\">\n\t\t\t\t\t<h1 class=\"elementor-heading-title elementor-size-default\">Gu\u00eda para volver a la oficina tras las vacaciones<\/h1>\t\t\t\t<\/div>\n\t\t\t\t<\/div>\n\t\t\t\t<div class=\"elementor-element elementor-element-41c84e19 elementor-widget elementor-widget-heading\" data-id=\"41c84e19\" data-element_type=\"widget\" data-e-type=\"widget\" data-settings=\"{&quot;ekit_we_effect_on&quot;:&quot;none&quot;}\" data-widget_type=\"heading.default\">\n\t\t\t\t<div class=\"elementor-widget-container\">\n\t\t\t\t\t<h5 class=\"elementor-heading-title elementor-size-default\">\u00bfC\u00f3mo incorporarse al trabajo despu\u00e9s de un per\u00edodo de vacaciones? En esta gu\u00eda te contamos c\u00f3mo hacer que el regreso no sea un problema.<\/h5>\t\t\t\t<\/div>\n\t\t\t\t<\/div>\n\t\t\t\t<div class=\"elementor-element elementor-element-6fa2bc50 elementor-widget elementor-widget-text-editor\" data-id=\"6fa2bc50\" data-element_type=\"widget\" data-e-type=\"widget\" data-settings=\"{&quot;ekit_we_effect_on&quot;:&quot;none&quot;}\" data-widget_type=\"text-editor.default\">\n\t\t\t\t<div class=\"elementor-widget-container\">\n\t\t\t\t\t\t\t\t\t<p><span style=\"font-weight: 400;\">El equipo de ifeel, formado por psic\u00f3logos expertos en bienestar mental, ha elaborado estas sugerencias para ayudar a los responsables de Recursos Humanos y sus equipos a retomar las tareas y poner la energ\u00eda donde debe estar ahora.<\/span><\/p>\t\t\t\t\t\t\t\t<\/div>\n\t\t\t\t<\/div>\n\t\t\t\t\t<\/div>\n\t\t<\/div>\n\t\t\t\t<div class=\"elementor-column elementor-col-50 elementor-top-column elementor-element elementor-element-65967a89\" data-id=\"65967a89\" data-element_type=\"column\" data-e-type=\"column\" data-settings=\"{&quot;background_background&quot;:&quot;classic&quot;}\">\n\t\t\t<div class=\"elementor-widget-wrap elementor-element-populated\">\n\t\t\t\t\t\t<section data-particle_enable=\"false\" data-particle-mobile-disabled=\"false\" class=\"elementor-section elementor-inner-section elementor-element elementor-element-1fff5b47 elementor-section-boxed elementor-section-height-default elementor-section-height-default\" data-id=\"1fff5b47\" data-element_type=\"section\" data-e-type=\"section\">\n\t\t\t\t\t\t<div class=\"elementor-container elementor-column-gap-default\">\n\t\t\t\t\t<div class=\"elementor-column elementor-col-100 elementor-inner-column elementor-element elementor-element-2f4b3b74\" data-id=\"2f4b3b74\" data-element_type=\"column\" data-e-type=\"column\" data-settings=\"{&quot;background_background&quot;:&quot;classic&quot;}\">\n\t\t\t<div class=\"elementor-widget-wrap elementor-element-populated\">\n\t\t\t\t\t\t<div class=\"elementor-element elementor-element-737dd6d9 elementor-widget elementor-widget-html\" data-id=\"737dd6d9\" data-element_type=\"widget\" data-e-type=\"widget\" id=\"form\" data-settings=\"{&quot;ekit_we_effect_on&quot;:&quot;none&quot;}\" data-widget_type=\"html.default\">\n\t\t\t\t<div class=\"elementor-widget-container\">\n\t\t\t\t\t<script charset=\"utf-8\" type=\"text\/javascript\" src=\"\/\/js-eu1.hsforms.net\/forms\/v2.js?pre=1\"><\/script>\r\n<script>\r\n  hbspt.forms.create({\r\n    region: \"eu1\",\r\n    portalId: \"24884594\",\r\n    formId: \"1e9e036b-f5f6-4aee-aff1-0cb7129793dd\"\r\n  });\r\n<\/script>\t\t\t\t<\/div>\n\t\t\t\t<\/div>\n\t\t\t\t\t<\/div>\n\t\t<\/div>\n\t\t\t\t\t<\/div>\n\t\t<\/section>\n\t\t\t\t\t<\/div>\n\t\t<\/div>\n\t\t\t\t\t<\/div>\n\t\t<\/section>\n\t\t\t\t<section data-particle_enable=\"false\" data-particle-mobile-disabled=\"false\" class=\"elementor-section elementor-top-section elementor-element elementor-element-8a2219f elementor-section-boxed elementor-section-height-default elementor-section-height-default\" data-id=\"8a2219f\" data-element_type=\"section\" data-e-type=\"section\" data-settings=\"{&quot;background_background&quot;:&quot;classic&quot;}\">\n\t\t\t\t\t\t<div class=\"elementor-container elementor-column-gap-custom\">\n\t\t\t\t\t<div class=\"elementor-column elementor-col-50 elementor-top-column elementor-element elementor-element-d120cad\" data-id=\"d120cad\" data-element_type=\"column\" data-e-type=\"column\">\n\t\t\t<div class=\"elementor-widget-wrap elementor-element-populated\">\n\t\t\t\t\t\t<div class=\"elementor-element elementor-element-2561f37c elementor-widget elementor-widget-image\" data-id=\"2561f37c\" data-element_type=\"widget\" data-e-type=\"widget\" data-settings=\"{&quot;ekit_we_effect_on&quot;:&quot;none&quot;}\" data-widget_type=\"image.default\">\n\t\t\t\t<div class=\"elementor-widget-container\">\n\t\t\t\t\t\t\t\t\t\t\t\t\t\t\t<img loading=\"lazy\" decoding=\"async\" width=\"621\" height=\"772\" src=\"https:\/\/ifeelonline.com\/es\/wp-content\/uploads\/2022\/12\/Mask-group-4.png\" class=\"attachment-full size-full wp-image-10516\" alt=\"\" srcset=\"https:\/\/ifeelonline.com\/es\/wp-content\/uploads\/2022\/12\/Mask-group-4.png 621w, https:\/\/ifeelonline.com\/es\/wp-content\/uploads\/2022\/12\/Mask-group-4-241x300.png 241w\" sizes=\"auto, (max-width: 621px) 100vw, 621px\">\t\t\t\t\t\t\t\t\t\t\t\t\t\t\t<\/div>\n\t\t\t\t<\/div>\n\t\t\t\t\t<\/div>\n\t\t<\/div>\n\t\t\t\t<div class=\"elementor-column elementor-col-50 elementor-top-column elementor-element elementor-element-4720e0bd\" data-id=\"4720e0bd\" data-element_type=\"column\" data-e-type=\"column\" data-settings=\"{&quot;background_background&quot;:&quot;classic&quot;}\">\n\t\t\t<div class=\"elementor-widget-wrap elementor-element-populated\">\n\t\t\t\t\t\t<div class=\"elementor-element elementor-element-1ea9e87b elementor-widget elementor-widget-heading\" data-id=\"1ea9e87b\" data-element_type=\"widget\" data-e-type=\"widget\" data-settings=\"{&quot;ekit_we_effect_on&quot;:&quot;none&quot;}\" data-widget_type=\"heading.default\">\n\t\t\t\t<div class=\"elementor-widget-container\">\n\t\t\t\t\t<h2 class=\"elementor-heading-title elementor-size-xl\">\u00bfPor qu\u00e9 debes descargar esta gu\u00eda ahora que acaban las vacaciones?<\/h2>\t\t\t\t<\/div>\n\t\t\t\t<\/div>\n\t\t\t\t<div class=\"elementor-element elementor-element-155b97ca elementor-widget elementor-widget-text-editor\" data-id=\"155b97ca\" data-element_type=\"widget\" data-e-type=\"widget\" data-settings=\"{&quot;ekit_we_effect_on&quot;:&quot;none&quot;}\" data-widget_type=\"text-editor.default\">\n\t\t\t\t<div class=\"elementor-widget-container\">\n\t\t\t\t\t\t\t\t\t<p><span style=\"font-weight: 400;\"><strong>Las vacaciones son beneficiosas e imprescindibles para el bienestar mental de los empleados.<\/strong> No obstante, retomar las tareas de siempre o aquellas que quedaron pendientes puede ser un gran desaf\u00edo para ese bienestar cuando las vacaciones acaban y toca arrancar de nuevo.<\/span><\/p>\n<p><\/p>\n<p><span style=\"font-weight: 400;\">En este documento <strong>te explicamos algunas reacciones que est\u00e1n implicadas en ese baj\u00f3n que sigue a las vacaciones.<\/strong><\/span><\/p>\n<p><\/p>\n<p><span style=\"font-weight: 400;\">Tambi\u00e9n te damos algunas<strong> sugerencias<\/strong> que pueden servirte a ti y a tu equipo para dejar atr\u00e1s lo que ya ha quedado atr\u00e1s y <strong>retomar el trabajo de una manera progresiva y agradable, desbloqueando todo vuestro potencial.<\/strong><\/span><\/p>\n<p><\/p>\n<p><span style=\"font-weight: 400;\"><strong>Descarga hoy mismo este documento<\/strong> y descubre <strong>c\u00f3mo afrontar la vuelta de las vacaciones.&nbsp;<\/strong><\/span><\/p>\t\t\t\t\t\t\t\t<\/div>\n\t\t\t\t<\/div>\n\t\t\t\t<div class=\"elementor-element elementor-element-204c8d5f elementor-mobile-align-center elementor-align-left elementor-widget elementor-widget-button\" data-id=\"204c8d5f\" data-element_type=\"widget\" data-e-type=\"widget\" data-settings=\"{&quot;ekit_we_effect_on&quot;:&quot;none&quot;}\" data-widget_type=\"button.default\">\n\t\t\t\t<div class=\"elementor-widget-container\">\n\t\t\t\t\t\t\t\t\t<div class=\"elementor-button-wrapper\">\n\t\t\t\t\t<a class=\"elementor-button elementor-button-link elementor-size-xl\" href=\"#form\" target=\"_blank\" download=\"\">\n\t\t\t\t\t\t<span class=\"elementor-button-content-wrapper\">\n\t\t\t\t\t\t\t\t\t<span class=\"elementor-button-text\">Descarga nuestra gu\u00eda <\/span>\n\t\t\t\t\t<\/span>\n\t\t\t\t\t<\/a>\n\t\t\t\t<\/div>\n\t\t\t\t\t\t\t\t<\/div>\n\t\t\t\t<\/div>\n\t\t\t\t\t<\/div>\n\t\t<\/div>\n\t\t\t\t\t<\/div>\n\t\t<\/section>\n\t\t\t\t<\/div>\n\t\t\n    <div class=\"xs_social_share_widget xs_share_url after_content \t\tmain_content  wslu-style-1 wslu-share-box-shaped wslu-fill-colored wslu-none wslu-share-horizontal wslu-theme-font-no wslu-main_content\">\n\n\t\t\n        <ul>\n\t\t\t        <\/ul>\n    <\/div> \n","protected":false},"excerpt":{"rendered":"<p>Gu\u00eda para volver a la oficina tras las vacaciones \u00bfC\u00f3mo incorporarse al trabajo despu\u00e9s de un per\u00edodo de vacaciones? En esta gu\u00eda te contamos c\u00f3mo hacer que el regreso no sea un problema. El equipo de ifeel, formado por psic\u00f3logos expertos en bienestar mental, ha elaborado estas sugerencias para ayudar a los responsables de Recursos [&hellip;]<\/p>\n","protected":false},"author":48,"featured_media":11530,"parent":7861,"menu_order":0,"comment_status":"closed","ping_status":"closed","template":"","meta":{"content-type":"","postBodyCss":"","postBodyMargin":[],"postBodyPadding":[],"postBodyBackground":{"backgroundType":"classic","gradient":""},"footnotes":""},"class_list":["post-9653","page","type-page","status-publish","has-post-thumbnail","hentry"],"_links":{"self":[{"href":"https:\/\/ifeelonline.com\/es\/wp-json\/wp\/v2\/pages\/9653","targetHints":{"allow":["GET"]}}],"collection":[{"href":"https:\/\/ifeelonline.com\/es\/wp-json\/wp\/v2\/pages"}],"about":[{"href":"https:\/\/ifeelonline.com\/es\/wp-json\/wp\/v2\/types\/page"}],"author":[{"embeddable":true,"href":"https:\/\/ifeelonline.com\/es\/wp-json\/wp\/v2\/users\/48"}],"replies":[{"embeddable":true,"href":"https:\/\/ifeelonline.com\/es\/wp-json\/wp\/v2\/comments?post=9653"}],"version-history":[{"count":0,"href":"https:\/\/ifeelonline.com\/es\/wp-json\/wp\/v2\/pages\/9653\/revisions"}],"up":[{"embeddable":true,"href":"https:\/\/ifeelonline.com\/es\/wp-json\/wp\/v2\/pages\/7861"}],"wp:featuredmedia":[{"embeddable":true,"href":"https:\/\/ifeelonline.com\/es\/wp-json\/wp\/v2\/media\/11530"}],"wp:attachment":[{"href":"https:\/\/ifeelonline.com\/es\/wp-json\/wp\/v2\/media?parent=9653"}],"curies":[{"name":"wp","href":"https:\/\/api.w.org\/{rel}","templated":true}]}}