{"id":9043,"date":"2022-04-20T16:14:50","date_gmt":"2022-04-20T15:14:50","guid":{"rendered":"https:\/\/ifeelonline.com\/?page_id=9043"},"modified":"2025-09-01T15:56:05","modified_gmt":"2025-09-01T14:56:05","slug":"detectar-estres-trabajadores","status":"publish","type":"page","link":"https:\/\/ifeelonline.com\/es\/ebooks\/detectar-estres-trabajadores\/","title":{"rendered":"\u00bfC\u00f3mo detectar el estres de tu plantilla?"},"content":{"rendered":"\t\t<div data-elementor-type=\"wp-page\" data-elementor-id=\"9043\" class=\"elementor elementor-9043\" data-elementor-post-type=\"page\">\n\t\t\t\t\t\t<section data-particle_enable=\"false\" data-particle-mobile-disabled=\"false\" class=\"elementor-section elementor-top-section elementor-element elementor-element-73b64d5 elementor-section-boxed elementor-section-height-default elementor-section-height-default\" data-id=\"73b64d5\" data-element_type=\"section\" data-e-type=\"section\" data-settings=\"{&quot;background_background&quot;:&quot;classic&quot;}\">\n\t\t\t\t\t\t<div class=\"elementor-container elementor-column-gap-custom\">\n\t\t\t\t\t<div class=\"elementor-column elementor-col-50 elementor-top-column elementor-element elementor-element-14395378\" data-id=\"14395378\" data-element_type=\"column\" data-e-type=\"column\">\n\t\t\t<div class=\"elementor-widget-wrap elementor-element-populated\">\n\t\t\t\t\t\t<div class=\"elementor-element elementor-element-fa4d80b elementor-widget__width-initial elementor-view-default elementor-widget elementor-widget-icon\" data-id=\"fa4d80b\" data-element_type=\"widget\" data-e-type=\"widget\" data-settings=\"{&quot;ekit_we_effect_on&quot;:&quot;none&quot;}\" data-widget_type=\"icon.default\">\n\t\t\t\t<div class=\"elementor-widget-container\">\n\t\t\t\t\t\t\t<div class=\"elementor-icon-wrapper\">\n\t\t\t<div class=\"elementor-icon\">\n\t\t\t<svg xmlns=\"http:\/\/www.w3.org\/2000\/svg\" width=\"160\" height=\"51\" viewBox=\"0 0 160 51\" fill=\"none\"><rect width=\"160\" height=\"51\" rx=\"25.5\" fill=\"#FF9090\"><\/rect><path d=\"M40.332 34L42.0117 20.2207H43.8965L48.5742 30.0352L53.252 20.2207H55.1562L56.8359 34H54.7168L53.5352 24.1562L49.4922 32.457H47.6953L43.6328 24.1562L42.4609 34H40.332ZM57.9688 34L63.1738 20.2207H65.4688L70.6738 34H68.4277L67.1094 30.5625H61.5527L60.2344 34H57.9688ZM62.2754 28.6582H66.3867L64.3359 22.877L62.2754 28.6582ZM72.5977 34V20.2207H74.6387L80.498 29.9961V20.2207H82.6172V34H80.6445L74.7168 24.1367V34H72.5977ZM86.0742 29.2246V20.2207H88.2324V29.2246C88.2324 30.0905 88.5221 30.7969 89.1016 31.3438C89.681 31.8906 90.3776 32.1641 91.1914 32.1641C92.0052 32.1641 92.7018 31.8906 93.2812 31.3438C93.8607 30.7969 94.1504 30.0905 94.1504 29.2246V20.2207H96.2988V29.2246C96.2988 30.2012 96.0612 31.0736 95.5859 31.8418C95.1172 32.6035 94.4954 33.1862 93.7207 33.5898C92.9525 33.9935 92.1094 34.1953 91.1914 34.1953C90.2669 34.1953 89.4173 33.9935 88.6426 33.5898C87.8678 33.1862 87.2461 32.6035 86.7773 31.8418C86.3086 31.0736 86.0742 30.2012 86.0742 29.2246ZM97.8711 34L103.076 20.2207H105.371L110.576 34H108.33L107.012 30.5625H101.455L100.137 34H97.8711ZM102.178 28.6582H106.289L104.238 22.877L102.178 28.6582ZM112.5 34V20.2207H114.619V32.0566H120.146V34H112.5Z\" fill=\"white\"><\/path><\/svg>\t\t\t<\/div>\n\t\t<\/div>\n\t\t\t\t\t\t<\/div>\n\t\t\t\t<\/div>\n\t\t\t\t<div class=\"elementor-element elementor-element-26c665d3 elementor-widget elementor-widget-heading\" data-id=\"26c665d3\" data-element_type=\"widget\" data-e-type=\"widget\" data-settings=\"{&quot;ekit_we_effect_on&quot;:&quot;none&quot;}\" data-widget_type=\"heading.default\">\n\t\t\t\t<div class=\"elementor-widget-container\">\n\t\t\t\t\t<h1 class=\"elementor-heading-title elementor-size-default\">\u00bfC\u00f3mo detectar <br>el estr\u00e9s laboral? <\/h1>\t\t\t\t<\/div>\n\t\t\t\t<\/div>\n\t\t\t\t<div class=\"elementor-element elementor-element-11931555 elementor-widget elementor-widget-heading\" data-id=\"11931555\" data-element_type=\"widget\" data-e-type=\"widget\" data-settings=\"{&quot;ekit_we_effect_on&quot;:&quot;none&quot;}\" data-widget_type=\"heading.default\">\n\t\t\t\t<div class=\"elementor-widget-container\">\n\t\t\t\t\t<h5 class=\"elementor-heading-title elementor-size-default\">Descarga ahora este manual y descubre las claves para identificar esta situaci\u00f3n y c\u00f3mo actuar ante ella.<\/h5>\t\t\t\t<\/div>\n\t\t\t\t<\/div>\n\t\t\t\t<div class=\"elementor-element elementor-element-27f735e8 elementor-widget elementor-widget-text-editor\" data-id=\"27f735e8\" data-element_type=\"widget\" data-e-type=\"widget\" data-settings=\"{&quot;ekit_we_effect_on&quot;:&quot;none&quot;}\" data-widget_type=\"text-editor.default\">\n\t\t\t\t<div class=\"elementor-widget-container\">\n\t\t\t\t\t\t\t\t\t<p><span style=\"font-weight: 400;\">Nuestro equipo de <strong>psic\u00f3logos expertos en bienestar mental<\/strong> ha creado este recurso especialmente <strong>pensado para ayudar a los responsables de Recursos Humanos<\/strong> a reconocer este tipo de situaciones.<\/span><\/p>\t\t\t\t\t\t\t\t<\/div>\n\t\t\t\t<\/div>\n\t\t\t\t\t<\/div>\n\t\t<\/div>\n\t\t\t\t<div class=\"elementor-column elementor-col-50 elementor-top-column elementor-element elementor-element-1ba7b290\" data-id=\"1ba7b290\" data-element_type=\"column\" data-e-type=\"column\" data-settings=\"{&quot;background_background&quot;:&quot;classic&quot;}\">\n\t\t\t<div class=\"elementor-widget-wrap elementor-element-populated\">\n\t\t\t\t\t\t<section data-particle_enable=\"false\" data-particle-mobile-disabled=\"false\" class=\"elementor-section elementor-inner-section elementor-element elementor-element-4bac9b74 elementor-section-boxed elementor-section-height-default elementor-section-height-default\" data-id=\"4bac9b74\" data-element_type=\"section\" data-e-type=\"section\">\n\t\t\t\t\t\t<div class=\"elementor-container elementor-column-gap-default\">\n\t\t\t\t\t<div class=\"elementor-column elementor-col-100 elementor-inner-column elementor-element elementor-element-630078c\" data-id=\"630078c\" data-element_type=\"column\" data-e-type=\"column\" data-settings=\"{&quot;background_background&quot;:&quot;classic&quot;}\">\n\t\t\t<div class=\"elementor-widget-wrap elementor-element-populated\">\n\t\t\t\t\t\t<div class=\"elementor-element elementor-element-1877e792 elementor-widget elementor-widget-html\" data-id=\"1877e792\" data-element_type=\"widget\" data-e-type=\"widget\" id=\"form\" data-settings=\"{&quot;ekit_we_effect_on&quot;:&quot;none&quot;}\" data-widget_type=\"html.default\">\n\t\t\t\t<div class=\"elementor-widget-container\">\n\t\t\t\t\t<!--[if lte IE 8]>\r\n<script charset=\"utf-8\" type=\"text\/javascript\" src=\"\/\/js-eu1.hsforms.net\/forms\/v2-legacy.js\"><\/script>\r\n<![endif]-->\r\n<script charset=\"utf-8\" type=\"text\/javascript\" src=\"\/\/js-eu1.hsforms.net\/forms\/v2.js\"><\/script>\r\n<script>\r\n  hbspt.forms.create({\r\n\tregion: \"eu1\",\r\n\tportalId: \"24884594\",\r\n\tformId: \"d396afd6-e1b8-4fff-8d15-75c0fc6e25aa\"\r\n});\r\n<\/script>\t\t\t\t<\/div>\n\t\t\t\t<\/div>\n\t\t\t\t\t<\/div>\n\t\t<\/div>\n\t\t\t\t\t<\/div>\n\t\t<\/section>\n\t\t\t\t\t<\/div>\n\t\t<\/div>\n\t\t\t\t\t<\/div>\n\t\t<\/section>\n\t\t\t\t<section data-particle_enable=\"false\" data-particle-mobile-disabled=\"false\" class=\"elementor-section elementor-top-section elementor-element elementor-element-1fdb37ba elementor-section-boxed elementor-section-height-default elementor-section-height-default\" data-id=\"1fdb37ba\" data-element_type=\"section\" data-e-type=\"section\" data-settings=\"{&quot;background_background&quot;:&quot;classic&quot;}\">\n\t\t\t\t\t\t\t<div class=\"elementor-background-overlay\"><\/div>\n\t\t\t\t\t\t\t<div class=\"elementor-container elementor-column-gap-custom\">\n\t\t\t\t\t<div class=\"elementor-column elementor-col-50 elementor-top-column elementor-element elementor-element-3df804e9\" data-id=\"3df804e9\" data-element_type=\"column\" data-e-type=\"column\">\n\t\t\t<div class=\"elementor-widget-wrap elementor-element-populated\">\n\t\t\t\t\t\t<div class=\"elementor-element elementor-element-2e633103 elementor-widget elementor-widget-image\" data-id=\"2e633103\" data-element_type=\"widget\" data-e-type=\"widget\" data-settings=\"{&quot;ekit_we_effect_on&quot;:&quot;none&quot;}\" data-widget_type=\"image.default\">\n\t\t\t\t<div class=\"elementor-widget-container\">\n\t\t\t\t\t\t\t\t\t\t\t\t\t\t\t<img loading=\"lazy\" decoding=\"async\" width=\"637\" height=\"1024\" src=\"https:\/\/ifeelonline.com\/es\/wp-content\/uploads\/2022\/11\/Mask-group-1-637x1024.png\" class=\"attachment-large size-large wp-image-10345\" alt=\"\" srcset=\"https:\/\/ifeelonline.com\/es\/wp-content\/uploads\/2022\/11\/Mask-group-1-637x1024.png 637w, https:\/\/ifeelonline.com\/es\/wp-content\/uploads\/2022\/11\/Mask-group-1-186x300.png 186w, https:\/\/ifeelonline.com\/es\/wp-content\/uploads\/2022\/11\/Mask-group-1-768x1235.png 768w, https:\/\/ifeelonline.com\/es\/wp-content\/uploads\/2022\/11\/Mask-group-1.png 782w\" sizes=\"auto, (max-width: 637px) 100vw, 637px\">\t\t\t\t\t\t\t\t\t\t\t\t\t\t\t<\/div>\n\t\t\t\t<\/div>\n\t\t\t\t\t<\/div>\n\t\t<\/div>\n\t\t\t\t<div class=\"elementor-column elementor-col-50 elementor-top-column elementor-element elementor-element-12fe3090\" data-id=\"12fe3090\" data-element_type=\"column\" data-e-type=\"column\" data-settings=\"{&quot;background_background&quot;:&quot;classic&quot;}\">\n\t\t\t<div class=\"elementor-widget-wrap elementor-element-populated\">\n\t\t\t\t\t\t<div class=\"elementor-element elementor-element-42275b56 elementor-widget elementor-widget-heading\" data-id=\"42275b56\" data-element_type=\"widget\" data-e-type=\"widget\" data-settings=\"{&quot;ekit_we_effect_on&quot;:&quot;none&quot;}\" data-widget_type=\"heading.default\">\n\t\t\t\t<div class=\"elementor-widget-container\">\n\t\t\t\t\t<h2 class=\"elementor-heading-title elementor-size-xl\">\u00bfPor qu\u00e9 es imprescindible <br>reconocer el estr\u00e9s de tu plantilla? <\/h2>\t\t\t\t<\/div>\n\t\t\t\t<\/div>\n\t\t\t\t<div class=\"elementor-element elementor-element-204eca6b elementor-widget elementor-widget-text-editor\" data-id=\"204eca6b\" data-element_type=\"widget\" data-e-type=\"widget\" data-settings=\"{&quot;ekit_we_effect_on&quot;:&quot;none&quot;}\" data-widget_type=\"text-editor.default\">\n\t\t\t\t<div class=\"elementor-widget-container\">\n\t\t\t\t\t\t\t\t\t<p><span style=\"font-weight: 400;\">G<\/span>racias a este documento podr\u00e1s conocer la informaci\u00f3n m\u00e1s importante <b>sobre qu\u00e9 es el estr\u00e9s y por qu\u00e9 es crucial prevenirlo <\/b><span style=\"font-weight: 400;\">para proteger nuestro bienestar mental.<\/span><\/p><p><span style=\"font-weight: 400;\">\u00a0<\/span><\/p><p>\u00a0<\/p><p><span style=\"font-weight: 400;\">Para ello, te proponemos una serie de preguntas para que te hagas una idea preliminar <strong>del nivel de estr\u00e9s de tu plantilla.<\/strong><\/span><\/p><p>\u00a0<\/p><p><span style=\"font-weight: 400;\">Adem\u00e1s,<strong> te ofrecemos 10 consejos pr\u00e1cticos para prevenir un exceso de estr\u00e9s en el trabajo.<\/strong><\/span><\/p><p>\u00a0<\/p><p><span style=\"font-weight: 400;\">L\u00e9elos antes de pasar al \u00faltimo apartado: <strong>qu\u00e9 deb\u00e9is hacer para manejar adecuadamente las principales reacciones de estr\u00e9s en vuestra plantilla y atajar las causas que lo provocan.<\/strong><\/span><\/p><p>\u00a0<\/p>\t\t\t\t\t\t\t\t<\/div>\n\t\t\t\t<\/div>\n\t\t\t\t<div class=\"elementor-element elementor-element-2299d969 elementor-mobile-align-center elementor-align-left elementor-widget elementor-widget-button\" data-id=\"2299d969\" data-element_type=\"widget\" data-e-type=\"widget\" data-settings=\"{&quot;ekit_we_effect_on&quot;:&quot;none&quot;}\" data-widget_type=\"button.default\">\n\t\t\t\t<div class=\"elementor-widget-container\">\n\t\t\t\t\t\t\t\t\t<div class=\"elementor-button-wrapper\">\n\t\t\t\t\t<a class=\"elementor-button elementor-button-link elementor-size-xl\" href=\"#form\" target=\"_blank\" download=\"\">\n\t\t\t\t\t\t<span class=\"elementor-button-content-wrapper\">\n\t\t\t\t\t\t\t\t\t<span class=\"elementor-button-text\">Descarga nuestra gu\u00eda<\/span>\n\t\t\t\t\t<\/span>\n\t\t\t\t\t<\/a>\n\t\t\t\t<\/div>\n\t\t\t\t\t\t\t\t<\/div>\n\t\t\t\t<\/div>\n\t\t\t\t\t<\/div>\n\t\t<\/div>\n\t\t\t\t\t<\/div>\n\t\t<\/section>\n\t\t\t\t<\/div>\n\t\t\n    <div class=\"xs_social_share_widget xs_share_url after_content \t\tmain_content  wslu-style-1 wslu-share-box-shaped wslu-fill-colored wslu-none wslu-share-horizontal wslu-theme-font-no wslu-main_content\">\n\n\t\t\n        <ul>\n\t\t\t        <\/ul>\n    <\/div> \n","protected":false},"excerpt":{"rendered":"<p>\u00bfC\u00f3mo detectar el estr\u00e9s laboral? Descarga ahora este manual y descubre las claves para identificar esta situaci\u00f3n y c\u00f3mo actuar ante ella. Nuestro equipo de psic\u00f3logos expertos en bienestar mental ha creado este recurso especialmente pensado para ayudar a los responsables de Recursos Humanos a reconocer este tipo de situaciones. \u00bfPor qu\u00e9 es imprescindible reconocer [&hellip;]<\/p>\n","protected":false},"author":48,"featured_media":10811,"parent":7861,"menu_order":0,"comment_status":"closed","ping_status":"closed","template":"","meta":{"content-type":"","postBodyCss":"","postBodyMargin":[],"postBodyPadding":[],"postBodyBackground":{"backgroundType":"classic","gradient":""},"footnotes":""},"class_list":["post-9043","page","type-page","status-publish","has-post-thumbnail","hentry"],"_links":{"self":[{"href":"https:\/\/ifeelonline.com\/es\/wp-json\/wp\/v2\/pages\/9043","targetHints":{"allow":["GET"]}}],"collection":[{"href":"https:\/\/ifeelonline.com\/es\/wp-json\/wp\/v2\/pages"}],"about":[{"href":"https:\/\/ifeelonline.com\/es\/wp-json\/wp\/v2\/types\/page"}],"author":[{"embeddable":true,"href":"https:\/\/ifeelonline.com\/es\/wp-json\/wp\/v2\/users\/48"}],"replies":[{"embeddable":true,"href":"https:\/\/ifeelonline.com\/es\/wp-json\/wp\/v2\/comments?post=9043"}],"version-history":[{"count":0,"href":"https:\/\/ifeelonline.com\/es\/wp-json\/wp\/v2\/pages\/9043\/revisions"}],"up":[{"embeddable":true,"href":"https:\/\/ifeelonline.com\/es\/wp-json\/wp\/v2\/pages\/7861"}],"wp:featuredmedia":[{"embeddable":true,"href":"https:\/\/ifeelonline.com\/es\/wp-json\/wp\/v2\/media\/10811"}],"wp:attachment":[{"href":"https:\/\/ifeelonline.com\/es\/wp-json\/wp\/v2\/media?parent=9043"}],"curies":[{"name":"wp","href":"https:\/\/api.w.org\/{rel}","templated":true}]}}