{"id":8998,"date":"2022-04-12T08:22:46","date_gmt":"2022-04-12T07:22:46","guid":{"rendered":"https:\/\/ifeelonline.com\/?page_id=8998"},"modified":"2023-07-25T11:43:51","modified_gmt":"2023-07-25T10:43:51","slug":"webinar-ifeel-womenalia","status":"publish","type":"page","link":"https:\/\/ifeelonline.com\/es\/webinars-bienestar-laboral-ifeel\/webinar-ifeel-womenalia\/","title":{"rendered":"Webinar ifeel Womenalia"},"content":{"rendered":"\t\t<div data-elementor-type=\"wp-page\" data-elementor-id=\"8998\" class=\"elementor elementor-8998\" data-elementor-post-type=\"page\">\n\t\t\t\t\t\t<section data-particle_enable=\"false\" data-particle-mobile-disabled=\"false\" class=\"elementor-section elementor-top-section elementor-element elementor-element-6c9b319f elementor-section-boxed elementor-section-height-default elementor-section-height-default\" data-id=\"6c9b319f\" data-element_type=\"section\" data-e-type=\"section\">\n\t\t\t\t\t\t<div class=\"elementor-container elementor-column-gap-default\">\n\t\t\t\t\t\t<\/div>\n\t\t<\/section>\n\t\t\t\t<section data-particle_enable=\"false\" data-particle-mobile-disabled=\"false\" class=\"elementor-section elementor-top-section elementor-element elementor-element-a210c59 elementor-hidden-desktop elementor-hidden-tablet elementor-hidden-mobile elementor-section-boxed elementor-section-height-default elementor-section-height-default\" data-id=\"a210c59\" data-element_type=\"section\" data-e-type=\"section\" data-settings=\"{&quot;background_background&quot;:&quot;classic&quot;}\">\n\t\t\t\t\t\t<div class=\"elementor-container elementor-column-gap-default\">\n\t\t\t\t\t<div class=\"elementor-column elementor-col-50 elementor-top-column elementor-element elementor-element-536ad9d0\" data-id=\"536ad9d0\" data-element_type=\"column\" data-e-type=\"column\">\n\t\t\t<div class=\"elementor-widget-wrap elementor-element-populated\">\n\t\t\t\t\t\t<div class=\"elementor-element elementor-element-130565c7 elementor-view-default elementor-widget elementor-widget-icon\" data-id=\"130565c7\" data-element_type=\"widget\" data-e-type=\"widget\" data-settings=\"{&quot;ekit_we_effect_on&quot;:&quot;none&quot;}\" data-widget_type=\"icon.default\">\n\t\t\t\t<div class=\"elementor-widget-container\">\n\t\t\t\t\t\t\t<div class=\"elementor-icon-wrapper\">\n\t\t\t<div class=\"elementor-icon\">\n\t\t\t<svg xmlns=\"http:\/\/www.w3.org\/2000\/svg\" width=\"113\" height=\"113\" viewBox=\"0 0 113 113\" fill=\"none\"><circle cx=\"56.5\" cy=\"56.5\" r=\"56.5\" fill=\"#C1D6FC\"><\/circle><path d=\"M26.0833 33.8333H87.7461C88.6071 33.8333 89.2914 34.5565 89.2438 35.4162L86.4924 85.1559C86.4484 85.9509 85.7909 86.5731 84.9947 86.5731H26.0833C25.2549 86.5731 24.5833 85.9015 24.5833 85.0731V35.3333C24.5833 34.5049 25.2549 33.8333 26.0833 33.8333Z\" stroke=\"#273C66\" stroke-width=\"3\"><\/path><path d=\"M26.2851 32.4566L87.7817 33.7669C88.6299 33.785 89.2944 34.5023 89.2475 35.3494L86.4924 85.1559C86.4484 85.9509 85.7909 86.5731 84.9947 86.5731H29.0092C28.2122 86.5731 27.5543 85.9497 27.5114 85.1538L24.7553 34.037C24.7083 33.1655 25.4124 32.438 26.2851 32.4566Z\" stroke=\"#273C66\" stroke-width=\"3\"><\/path><rect x=\"36.1667\" y=\"27.1971\" width=\"3.125\" height=\"7.64489\" rx=\"1.25\" fill=\"#273C66\" stroke=\"#273C66\" stroke-width=\"1.5\"><\/rect><path d=\"M75.9583 27.1971H76.5833C77.2737 27.1971 77.8333 27.7567 77.8333 28.4471V33.592C77.8333 34.2823 77.2737 34.842 76.5833 34.842H75.9583C75.268 34.842 74.7083 34.2823 74.7083 33.592V28.4471C74.7083 27.7567 75.268 27.1971 75.9583 27.1971Z\" fill=\"#273C66\" stroke=\"#273C66\" stroke-width=\"1.5\"><\/path><path d=\"M26.1667 45.4375H87.8334\" stroke=\"#273C66\" stroke-width=\"1.5\"><\/path><path d=\"M26.1667 45.4375H87.8334\" stroke=\"#273C66\" stroke-width=\"1.5\"><\/path><path d=\"M26.1667 45.4375L87.8334 46.401\" stroke=\"#273C66\" stroke-width=\"3\"><\/path><path d=\"M62.429 61.4456L72.112 58.7501C72.7494 58.5727 73.3802 59.052 73.3802 59.7135V70.799C73.3802 71.4605 72.7494 71.9398 72.112 71.7624L62.429 69.0669\" stroke=\"#273C66\" stroke-width=\"1.5\"><\/path><path d=\"M62.429 61.4456L71.0204 59.6591C71.6412 59.53 72.224 60.004 72.224 60.6382V69.8428C72.224 70.4755 71.6437 70.9492 71.0238 70.8225L62.429 69.0669\" stroke=\"#273C66\" stroke-width=\"3\"><\/path><mask id=\"path-11-inside-1_1327_909\" fill=\"white\"><rect x=\"38.5\" y=\"52.9049\" width=\"26.4538\" height=\"24.7025\" rx=\"2\"><\/rect><\/mask><rect x=\"38.5\" y=\"52.9049\" width=\"26.4538\" height=\"24.7025\" rx=\"2\" stroke=\"#273C66\" stroke-width=\"6\" mask=\"url(#path-11-inside-1_1327_909)\"><\/rect><\/svg>\t\t\t<\/div>\n\t\t<\/div>\n\t\t\t\t\t\t<\/div>\n\t\t\t\t<\/div>\n\t\t\t\t\t<\/div>\n\t\t<\/div>\n\t\t\t\t<div class=\"elementor-column elementor-col-50 elementor-top-column elementor-element elementor-element-52b41b83\" data-id=\"52b41b83\" data-element_type=\"column\" data-e-type=\"column\">\n\t\t\t<div class=\"elementor-widget-wrap elementor-element-populated\">\n\t\t\t\t\t\t<div class=\"elementor-element elementor-element-6233b526 elementor-widget elementor-widget-heading\" data-id=\"6233b526\" data-element_type=\"widget\" data-e-type=\"widget\" data-settings=\"{&quot;ekit_we_effect_on&quot;:&quot;none&quot;}\" data-widget_type=\"heading.default\">\n\t\t\t\t<div class=\"elementor-widget-container\">\n\t\t\t\t\t<h2 class=\"elementor-heading-title elementor-size-default\">Webinar<\/h2>\t\t\t\t<\/div>\n\t\t\t\t<\/div>\n\t\t\t\t\t<\/div>\n\t\t<\/div>\n\t\t\t\t\t<\/div>\n\t\t<\/section>\n\t\t\t\t<section data-particle_enable=\"false\" data-particle-mobile-disabled=\"false\" class=\"elementor-section elementor-top-section elementor-element elementor-element-4b40e361 elementor-hidden-desktop elementor-section-boxed elementor-section-height-default elementor-section-height-default\" data-id=\"4b40e361\" data-element_type=\"section\" data-e-type=\"section\" data-settings=\"{&quot;background_background&quot;:&quot;classic&quot;}\">\n\t\t\t\t\t\t<div class=\"elementor-container elementor-column-gap-default\">\n\t\t\t\t\t<div class=\"elementor-column elementor-col-100 elementor-top-column elementor-element elementor-element-45c82871\" data-id=\"45c82871\" data-element_type=\"column\" data-e-type=\"column\">\n\t\t\t<div class=\"elementor-widget-wrap elementor-element-populated\">\n\t\t\t\t\t\t<div class=\"elementor-element elementor-element-241bec40 elementor-widget elementor-widget-heading\" data-id=\"241bec40\" data-element_type=\"widget\" data-e-type=\"widget\" data-settings=\"{&quot;ekit_we_effect_on&quot;:&quot;none&quot;}\" data-widget_type=\"heading.default\">\n\t\t\t\t<div class=\"elementor-widget-container\">\n\t\t\t\t\t<h2 class=\"elementor-heading-title elementor-size-default\">Webinar<\/h2>\t\t\t\t<\/div>\n\t\t\t\t<\/div>\n\t\t\t\t\t<\/div>\n\t\t<\/div>\n\t\t\t\t\t<\/div>\n\t\t<\/section>\n\t\t\t\t<section data-particle_enable=\"false\" data-particle-mobile-disabled=\"false\" class=\"elementor-section elementor-top-section elementor-element elementor-element-2778c4e8 elementor-hidden-tablet elementor-hidden-mobile elementor-section-boxed elementor-section-height-default elementor-section-height-default\" data-id=\"2778c4e8\" data-element_type=\"section\" data-e-type=\"section\" data-settings=\"{&quot;background_background&quot;:&quot;classic&quot;}\">\n\t\t\t\t\t\t<div class=\"elementor-container elementor-column-gap-default\">\n\t\t\t\t\t<div class=\"elementor-column elementor-col-50 elementor-top-column elementor-element elementor-element-718512da\" data-id=\"718512da\" data-element_type=\"column\" data-e-type=\"column\">\n\t\t\t<div class=\"elementor-widget-wrap elementor-element-populated\">\n\t\t\t\t\t\t<div class=\"elementor-element elementor-element-6b6e7324 elementor-view-default elementor-widget elementor-widget-icon\" data-id=\"6b6e7324\" data-element_type=\"widget\" data-e-type=\"widget\" data-settings=\"{&quot;ekit_we_effect_on&quot;:&quot;none&quot;}\" data-widget_type=\"icon.default\">\n\t\t\t\t<div class=\"elementor-widget-container\">\n\t\t\t\t\t\t\t<div class=\"elementor-icon-wrapper\">\n\t\t\t<div class=\"elementor-icon\">\n\t\t\t<svg xmlns=\"http:\/\/www.w3.org\/2000\/svg\" width=\"113\" height=\"113\" viewBox=\"0 0 113 113\" fill=\"none\"><circle cx=\"56.5\" cy=\"56.5\" r=\"56.5\" fill=\"#C1D6FC\"><\/circle><path d=\"M26.0833 33.8333H87.7461C88.6071 33.8333 89.2914 34.5565 89.2438 35.4162L86.4924 85.1559C86.4484 85.9509 85.7909 86.5731 84.9947 86.5731H26.0833C25.2549 86.5731 24.5833 85.9015 24.5833 85.0731V35.3333C24.5833 34.5049 25.2549 33.8333 26.0833 33.8333Z\" stroke=\"#273C66\" stroke-width=\"3\"><\/path><path d=\"M26.2851 32.4566L87.7817 33.7669C88.6299 33.785 89.2944 34.5023 89.2475 35.3494L86.4924 85.1559C86.4484 85.9509 85.7909 86.5731 84.9947 86.5731H29.0092C28.2122 86.5731 27.5543 85.9497 27.5114 85.1538L24.7553 34.037C24.7083 33.1655 25.4124 32.438 26.2851 32.4566Z\" stroke=\"#273C66\" stroke-width=\"3\"><\/path><rect x=\"36.1667\" y=\"27.1971\" width=\"3.125\" height=\"7.64489\" rx=\"1.25\" fill=\"#273C66\" stroke=\"#273C66\" stroke-width=\"1.5\"><\/rect><path d=\"M75.9583 27.1971H76.5833C77.2737 27.1971 77.8333 27.7567 77.8333 28.4471V33.592C77.8333 34.2823 77.2737 34.842 76.5833 34.842H75.9583C75.268 34.842 74.7083 34.2823 74.7083 33.592V28.4471C74.7083 27.7567 75.268 27.1971 75.9583 27.1971Z\" fill=\"#273C66\" stroke=\"#273C66\" stroke-width=\"1.5\"><\/path><path d=\"M26.1667 45.4375H87.8334\" stroke=\"#273C66\" stroke-width=\"1.5\"><\/path><path d=\"M26.1667 45.4375H87.8334\" stroke=\"#273C66\" stroke-width=\"1.5\"><\/path><path d=\"M26.1667 45.4375L87.8334 46.401\" stroke=\"#273C66\" stroke-width=\"3\"><\/path><path d=\"M62.429 61.4456L72.112 58.7501C72.7494 58.5727 73.3802 59.052 73.3802 59.7135V70.799C73.3802 71.4605 72.7494 71.9398 72.112 71.7624L62.429 69.0669\" stroke=\"#273C66\" stroke-width=\"1.5\"><\/path><path d=\"M62.429 61.4456L71.0204 59.6591C71.6412 59.53 72.224 60.004 72.224 60.6382V69.8428C72.224 70.4755 71.6437 70.9492 71.0238 70.8225L62.429 69.0669\" stroke=\"#273C66\" stroke-width=\"3\"><\/path><mask id=\"path-11-inside-1_1327_909\" fill=\"white\"><rect x=\"38.5\" y=\"52.9049\" width=\"26.4538\" height=\"24.7025\" rx=\"2\"><\/rect><\/mask><rect x=\"38.5\" y=\"52.9049\" width=\"26.4538\" height=\"24.7025\" rx=\"2\" stroke=\"#273C66\" stroke-width=\"6\" mask=\"url(#path-11-inside-1_1327_909)\"><\/rect><\/svg>\t\t\t<\/div>\n\t\t<\/div>\n\t\t\t\t\t\t<\/div>\n\t\t\t\t<\/div>\n\t\t\t\t\t<\/div>\n\t\t<\/div>\n\t\t\t\t<div class=\"elementor-column elementor-col-50 elementor-top-column elementor-element elementor-element-4bb2d457\" data-id=\"4bb2d457\" data-element_type=\"column\" data-e-type=\"column\">\n\t\t\t<div class=\"elementor-widget-wrap elementor-element-populated\">\n\t\t\t\t\t\t<div class=\"elementor-element elementor-element-15306118 elementor-widget elementor-widget-heading\" data-id=\"15306118\" data-element_type=\"widget\" data-e-type=\"widget\" data-settings=\"{&quot;ekit_we_effect_on&quot;:&quot;none&quot;}\" data-widget_type=\"heading.default\">\n\t\t\t\t<div class=\"elementor-widget-container\">\n\t\t\t\t\t<h2 class=\"elementor-heading-title elementor-size-default\">Webinar<\/h2>\t\t\t\t<\/div>\n\t\t\t\t<\/div>\n\t\t\t\t\t<\/div>\n\t\t<\/div>\n\t\t\t\t\t<\/div>\n\t\t<\/section>\n\t\t\t\t<section data-particle_enable=\"false\" data-particle-mobile-disabled=\"false\" class=\"elementor-section elementor-top-section elementor-element elementor-element-19b48e01 elementor-section-boxed elementor-section-height-default elementor-section-height-default\" data-id=\"19b48e01\" data-element_type=\"section\" data-e-type=\"section\" data-settings=\"{&quot;background_background&quot;:&quot;classic&quot;}\">\n\t\t\t\t\t\t\t<div class=\"elementor-background-overlay\"><\/div>\n\t\t\t\t\t\t\t<div class=\"elementor-container elementor-column-gap-custom\">\n\t\t\t\t\t<div class=\"elementor-column elementor-col-50 elementor-top-column elementor-element elementor-element-f59844d\" data-id=\"f59844d\" data-element_type=\"column\" data-e-type=\"column\">\n\t\t\t<div class=\"elementor-widget-wrap elementor-element-populated\">\n\t\t\t\t\t\t<div class=\"elementor-element elementor-element-5da7dd41 elementor-widget elementor-widget-html\" data-id=\"5da7dd41\" data-element_type=\"widget\" data-e-type=\"widget\" data-settings=\"{&quot;ekit_we_effect_on&quot;:&quot;none&quot;}\" data-widget_type=\"html.default\">\n\t\t\t\t<div class=\"elementor-widget-container\">\n\t\t\t\t\t<nav aria-label=\"breadcrumbs\" class=\"rank-math-breadcrumb\"><p><\/p><\/nav>\t\t\t\t<\/div>\n\t\t\t\t<\/div>\n\t\t\t\t<div class=\"elementor-element elementor-element-7154d8f5 elementor-widget elementor-widget-heading\" data-id=\"7154d8f5\" data-element_type=\"widget\" data-e-type=\"widget\" data-settings=\"{&quot;ekit_we_effect_on&quot;:&quot;none&quot;}\" data-widget_type=\"heading.default\">\n\t\t\t\t<div class=\"elementor-widget-container\">\n\t\t\t\t\t<h1 class=\"elementor-heading-title elementor-size-default\">Haz frente y supera todas las barreras que frenan tu desarrollo profesional\n<\/h1>\t\t\t\t<\/div>\n\t\t\t\t<\/div>\n\t\t\t\t<div class=\"elementor-element elementor-element-25748ec3 elementor-widget elementor-widget-text-editor\" data-id=\"25748ec3\" data-element_type=\"widget\" data-e-type=\"widget\" data-settings=\"{&quot;ekit_we_effect_on&quot;:&quot;none&quot;}\" data-widget_type=\"text-editor.default\">\n\t\t\t\t<div class=\"elementor-widget-container\">\n\t\t\t\t\t\t\t\t\t<h5><strong>\u00a1Descubre todas las claves que necesitas para alcanzar tu mejor versi\u00f3n!<\/strong><\/h5>\t\t\t\t\t\t\t\t<\/div>\n\t\t\t\t<\/div>\n\t\t\t\t<div class=\"elementor-element elementor-element-8d83136 elementor-widget elementor-widget-text-editor\" data-id=\"8d83136\" data-element_type=\"widget\" data-e-type=\"widget\" data-settings=\"{&quot;ekit_we_effect_on&quot;:&quot;none&quot;}\" data-widget_type=\"text-editor.default\">\n\t\t\t\t<div class=\"elementor-widget-container\">\n\t\t\t\t\t\t\t\t\t<p><span style=\"font-weight: 400;\">Incertidumbre, miedo, dudas\u2026 puede que estas palabras te resulten familiares a la hora de pensar en tu desarrollo profesional.<\/span><\/p><p>\u00a0<\/p><p><span style=\"font-weight: 400;\">\u00bfTe gustar\u00eda conocer las mejores pr\u00e1cticas para \u201cganar la batalla\u201d a las barreras que te impiden alcanzar tus logros? \u00a1Echa un vistazo a nuestro webinar y desc\u00fabrelas! <\/span><\/p><p>\u00a0<\/p><p><strong>Ponentes:<\/strong><\/p>\t\t\t\t\t\t\t\t<\/div>\n\t\t\t\t<\/div>\n\t\t\t\t<div class=\"elementor-element elementor-element-131f659 elementor-icon-list--layout-traditional elementor-list-item-link-full_width elementor-widget elementor-widget-icon-list\" data-id=\"131f659\" data-element_type=\"widget\" data-e-type=\"widget\" data-settings=\"{&quot;ekit_we_effect_on&quot;:&quot;none&quot;}\" data-widget_type=\"icon-list.default\">\n\t\t\t\t<div class=\"elementor-widget-container\">\n\t\t\t\t\t\t\t<ul class=\"elementor-icon-list-items\">\n\t\t\t\t\t\t\t<li class=\"elementor-icon-list-item\">\n\t\t\t\t\t\t\t\t\t\t\t<span class=\"elementor-icon-list-icon\">\n\t\t\t\t\t\t\t<svg xmlns=\"http:\/\/www.w3.org\/2000\/svg\" width=\"52\" height=\"52\" viewBox=\"0 0 52 52\" fill=\"none\"><g clip-path=\"url(#clip0_1643_63)\"><path d=\"M25.72 51.44C39.9248 51.44 51.44 39.9248 51.44 25.72C51.44 11.5152 39.9248 0 25.72 0C11.5152 0 0 11.5152 0 25.72C0 39.9248 11.5152 51.44 25.72 51.44Z\" fill=\"#C1D6FC\"><\/path><path d=\"M22 15.75H30C34.5563 15.75 38.25 19.4437 38.25 24V24.5939C38.25 29.1502 34.5563 32.8439 30 32.8439H29.7097C28.7606 32.8439 27.8786 33.3333 27.3764 34.1385L25.4402 37.2427C25.3424 37.3996 25.1139 37.3996 25.016 37.2427L23.0071 34.0218C22.5501 33.2891 21.7476 32.8439 20.8841 32.8439C16.9441 32.8439 13.75 29.6498 13.75 25.7098V24C13.75 19.4436 17.4437 15.75 22 15.75Z\" stroke=\"#273C66\" stroke-width=\"1.5\"><\/path><ellipse cx=\"20.3951\" cy=\"24.3274\" rx=\"1.54529\" ry=\"1.61886\" fill=\"#273C66\"><\/ellipse><ellipse cx=\"31.8746\" cy=\"24.3274\" rx=\"1.54529\" ry=\"1.61886\" fill=\"#273C66\"><\/ellipse><ellipse cx=\"26.1349\" cy=\"24.3274\" rx=\"1.54529\" ry=\"1.61886\" fill=\"#273C66\"><\/ellipse><\/g><defs><clipPath id=\"clip0_1643_63\"><rect width=\"51.43\" height=\"51.43\" fill=\"white\"><\/rect><\/clipPath><\/defs><\/svg>\t\t\t\t\t\t<\/span>\n\t\t\t\t\t\t\t\t\t\t<span class=\"elementor-icon-list-text\">Cristina G. van Nood, Directora del dpt Cl\u00ednico en ifeel.<\/span>\n\t\t\t\t\t\t\t\t\t<\/li>\n\t\t\t\t\t\t\t\t<li class=\"elementor-icon-list-item\">\n\t\t\t\t\t\t\t\t\t\t\t<span class=\"elementor-icon-list-icon\">\n\t\t\t\t\t\t\t<svg xmlns=\"http:\/\/www.w3.org\/2000\/svg\" width=\"52\" height=\"52\" viewBox=\"0 0 52 52\" fill=\"none\"><g clip-path=\"url(#clip0_1643_63)\"><path d=\"M25.72 51.44C39.9248 51.44 51.44 39.9248 51.44 25.72C51.44 11.5152 39.9248 0 25.72 0C11.5152 0 0 11.5152 0 25.72C0 39.9248 11.5152 51.44 25.72 51.44Z\" fill=\"#C1D6FC\"><\/path><path d=\"M22 15.75H30C34.5563 15.75 38.25 19.4437 38.25 24V24.5939C38.25 29.1502 34.5563 32.8439 30 32.8439H29.7097C28.7606 32.8439 27.8786 33.3333 27.3764 34.1385L25.4402 37.2427C25.3424 37.3996 25.1139 37.3996 25.016 37.2427L23.0071 34.0218C22.5501 33.2891 21.7476 32.8439 20.8841 32.8439C16.9441 32.8439 13.75 29.6498 13.75 25.7098V24C13.75 19.4436 17.4437 15.75 22 15.75Z\" stroke=\"#273C66\" stroke-width=\"1.5\"><\/path><ellipse cx=\"20.3951\" cy=\"24.3274\" rx=\"1.54529\" ry=\"1.61886\" fill=\"#273C66\"><\/ellipse><ellipse cx=\"31.8746\" cy=\"24.3274\" rx=\"1.54529\" ry=\"1.61886\" fill=\"#273C66\"><\/ellipse><ellipse cx=\"26.1349\" cy=\"24.3274\" rx=\"1.54529\" ry=\"1.61886\" fill=\"#273C66\"><\/ellipse><\/g><defs><clipPath id=\"clip0_1643_63\"><rect width=\"51.43\" height=\"51.43\" fill=\"white\"><\/rect><\/clipPath><\/defs><\/svg>\t\t\t\t\t\t<\/span>\n\t\t\t\t\t\t\t\t\t\t<span class=\"elementor-icon-list-text\">Lula Ballarino, Directora General en Womenalia.<\/span>\n\t\t\t\t\t\t\t\t\t<\/li>\n\t\t\t\t\t\t<\/ul>\n\t\t\t\t\t\t<\/div>\n\t\t\t\t<\/div>\n\t\t\t\t\t<\/div>\n\t\t<\/div>\n\t\t\t\t<div class=\"elementor-column elementor-col-50 elementor-top-column elementor-element elementor-element-2c30f298\" data-id=\"2c30f298\" data-element_type=\"column\" data-e-type=\"column\" data-settings=\"{&quot;background_background&quot;:&quot;classic&quot;}\">\n\t\t\t<div class=\"elementor-widget-wrap elementor-element-populated\">\n\t\t\t\t\t\t<section data-particle_enable=\"false\" data-particle-mobile-disabled=\"false\" class=\"elementor-section elementor-inner-section elementor-element elementor-element-3a7f00f0 elementor-section-boxed elementor-section-height-default elementor-section-height-default\" data-id=\"3a7f00f0\" data-element_type=\"section\" data-e-type=\"section\">\n\t\t\t\t\t\t<div class=\"elementor-container elementor-column-gap-default\">\n\t\t\t\t\t<div class=\"elementor-column elementor-col-100 elementor-inner-column elementor-element elementor-element-eb53533\" data-id=\"eb53533\" data-element_type=\"column\" data-e-type=\"column\" data-settings=\"{&quot;background_background&quot;:&quot;classic&quot;}\">\n\t\t\t<div class=\"elementor-widget-wrap elementor-element-populated\">\n\t\t\t\t\t\t<div class=\"elementor-element elementor-element-448c37f0 elementor-widget elementor-widget-html\" data-id=\"448c37f0\" data-element_type=\"widget\" data-e-type=\"widget\" id=\"form\" data-settings=\"{&quot;ekit_we_effect_on&quot;:&quot;none&quot;}\" data-widget_type=\"html.default\">\n\t\t\t\t<div class=\"elementor-widget-container\">\n\t\t\t\t\t<!--[if lte IE 8]>\r\n<script charset=\"utf-8\" type=\"text\/javascript\" src=\"\/\/js-eu1.hsforms.net\/forms\/v2-legacy.js\"><\/script>\r\n<![endif]-->\r\n<script charset=\"utf-8\" type=\"text\/javascript\" src=\"\/\/js-eu1.hsforms.net\/forms\/v2.js\"><\/script>\r\n<script>\r\n  hbspt.forms.create({\r\n\tregion: \"eu1\",\r\n\tportalId: \"24884594\",\r\n\tformId: \"0a8de7ba-fa6a-4bbb-9b6b-02a1b7feb1e2\"\r\n});\r\n<\/script>\t\t\t\t<\/div>\n\t\t\t\t<\/div>\n\t\t\t\t\t<\/div>\n\t\t<\/div>\n\t\t\t\t\t<\/div>\n\t\t<\/section>\n\t\t\t\t\t<\/div>\n\t\t<\/div>\n\t\t\t\t\t<\/div>\n\t\t<\/section>\n\t\t\t\t<section data-particle_enable=\"false\" data-particle-mobile-disabled=\"false\" class=\"elementor-section elementor-top-section elementor-element elementor-element-2fc9640f elementor-section-boxed elementor-section-height-default elementor-section-height-default\" data-id=\"2fc9640f\" data-element_type=\"section\" data-e-type=\"section\" data-settings=\"{&quot;background_background&quot;:&quot;classic&quot;}\">\n\t\t\t\t\t\t\t<div class=\"elementor-background-overlay\"><\/div>\n\t\t\t\t\t\t\t<div class=\"elementor-container elementor-column-gap-custom\">\n\t\t\t\t\t<div class=\"elementor-column elementor-col-50 elementor-top-column elementor-element elementor-element-26a86e24\" data-id=\"26a86e24\" data-element_type=\"column\" data-e-type=\"column\">\n\t\t\t<div class=\"elementor-widget-wrap elementor-element-populated\">\n\t\t\t\t\t\t<div class=\"elementor-element elementor-element-1ac51ae elementor-widget elementor-widget-image\" data-id=\"1ac51ae\" data-element_type=\"widget\" data-e-type=\"widget\" data-settings=\"{&quot;ekit_we_effect_on&quot;:&quot;none&quot;}\" data-widget_type=\"image.default\">\n\t\t\t\t<div class=\"elementor-widget-container\">\n\t\t\t\t\t\t\t\t\t\t\t\t\t\t\t<img loading=\"lazy\" decoding=\"async\" width=\"648\" height=\"930\" src=\"https:\/\/ifeelonline.com\/es\/wp-content\/uploads\/2023\/02\/Mask-group-12.png\" class=\"attachment-large size-large wp-image-10867\" alt=\"\" srcset=\"https:\/\/ifeelonline.com\/es\/wp-content\/uploads\/2023\/02\/Mask-group-12.png 648w, https:\/\/ifeelonline.com\/es\/wp-content\/uploads\/2023\/02\/Mask-group-12-209x300.png 209w\" sizes=\"auto, (max-width: 648px) 100vw, 648px\">\t\t\t\t\t\t\t\t\t\t\t\t\t\t\t<\/div>\n\t\t\t\t<\/div>\n\t\t\t\t\t<\/div>\n\t\t<\/div>\n\t\t\t\t<div class=\"elementor-column elementor-col-50 elementor-top-column elementor-element elementor-element-4039ad87\" data-id=\"4039ad87\" data-element_type=\"column\" data-e-type=\"column\" data-settings=\"{&quot;background_background&quot;:&quot;classic&quot;}\">\n\t\t\t<div class=\"elementor-widget-wrap elementor-element-populated\">\n\t\t\t\t\t\t<div class=\"elementor-element elementor-element-64a3d089 elementor-widget elementor-widget-heading\" data-id=\"64a3d089\" data-element_type=\"widget\" data-e-type=\"widget\" data-settings=\"{&quot;ekit_we_effect_on&quot;:&quot;none&quot;}\" data-widget_type=\"heading.default\">\n\t\t\t\t<div class=\"elementor-widget-container\">\n\t\t\t\t\t<h2 class=\"elementor-heading-title elementor-size-xl\">La mujer como profesional y emprendedora: retos y desaf\u00edos<\/h2>\t\t\t\t<\/div>\n\t\t\t\t<\/div>\n\t\t\t\t<div class=\"elementor-element elementor-element-7272d430 elementor-widget elementor-widget-text-editor\" data-id=\"7272d430\" data-element_type=\"widget\" data-e-type=\"widget\" data-settings=\"{&quot;ekit_we_effect_on&quot;:&quot;none&quot;}\" data-widget_type=\"text-editor.default\">\n\t\t\t\t<div class=\"elementor-widget-container\">\n\t\t\t\t\t\t\t\t\t<p><span style=\"font-weight: 400;\">Existen muchos factores que influyen en el desarrollo profesional de una persona y, por tanto, en su crecimiento y bienestar mental. Algunos de ellos tienen que ver con su manera de ser, su formaci\u00f3n o las experiencias que ha ido acumulando a lo largo de su carrera.\u00a0<\/span><\/p><p>\u00a0<\/p><p><span style=\"font-weight: 400;\">Otros aspectos son m\u00e1s culturales y no est\u00e1n relacionados con el talento o las capacidades, sino que se refieren m\u00e1s a cuestiones relativas al g\u00e9nero. Esto hace que muchas mujeres encuentren barreras en su <strong>desarrollo profesional<\/strong> que bloquean sus iniciativas, limitan sus oportunidades y empeoran su autoestima como trabajadoras.\u00a0<\/span><\/p><p>\u00a0<\/p><p><span style=\"font-weight: 400;\">En este webinar contaremos con dos mujeres expertas en sus respectivos \u00e1mbitos de trabajo para hablar de esos obst\u00e1culos que encuentran en su carrera profesional. Ellas nos dar\u00e1n sus claves sobre c\u00f3mo podemos traspasar esos l\u00edmites cuando contamos con las herramientas adecuadas para ello, protegiendo, inspirando y nutriendo nuestro <strong>bienestar mental<\/strong>.<\/span><\/p>\t\t\t\t\t\t\t\t<\/div>\n\t\t\t\t<\/div>\n\t\t\t\t\t<\/div>\n\t\t<\/div>\n\t\t\t\t\t<\/div>\n\t\t<\/section>\n\t\t\t\t<\/div>\n\t\t\n    <div class=\"xs_social_share_widget xs_share_url after_content \t\tmain_content  wslu-style-1 wslu-share-box-shaped wslu-fill-colored wslu-none wslu-share-horizontal wslu-theme-font-no wslu-main_content\">\n\n\t\t\n        <ul>\n\t\t\t        <\/ul>\n    <\/div> \n","protected":false},"excerpt":{"rendered":"<p>Webinar Webinar Webinar Haz frente y supera todas las barreras que frenan tu desarrollo profesional \u00a1Descubre todas las claves que necesitas para alcanzar tu mejor versi\u00f3n! Incertidumbre, miedo, dudas\u2026 puede que estas palabras te resulten familiares a la hora de pensar en tu desarrollo profesional. \u00a0 \u00bfTe gustar\u00eda conocer las mejores pr\u00e1cticas para \u201cganar la [&hellip;]<\/p>\n","protected":false},"author":48,"featured_media":10630,"parent":8519,"menu_order":0,"comment_status":"closed","ping_status":"closed","template":"","meta":{"content-type":"","postBodyCss":"","postBodyMargin":[],"postBodyPadding":[],"postBodyBackground":{"backgroundType":"classic","gradient":""},"footnotes":""},"class_list":["post-8998","page","type-page","status-publish","has-post-thumbnail","hentry"],"_links":{"self":[{"href":"https:\/\/ifeelonline.com\/es\/wp-json\/wp\/v2\/pages\/8998","targetHints":{"allow":["GET"]}}],"collection":[{"href":"https:\/\/ifeelonline.com\/es\/wp-json\/wp\/v2\/pages"}],"about":[{"href":"https:\/\/ifeelonline.com\/es\/wp-json\/wp\/v2\/types\/page"}],"author":[{"embeddable":true,"href":"https:\/\/ifeelonline.com\/es\/wp-json\/wp\/v2\/users\/48"}],"replies":[{"embeddable":true,"href":"https:\/\/ifeelonline.com\/es\/wp-json\/wp\/v2\/comments?post=8998"}],"version-history":[{"count":0,"href":"https:\/\/ifeelonline.com\/es\/wp-json\/wp\/v2\/pages\/8998\/revisions"}],"up":[{"embeddable":true,"href":"https:\/\/ifeelonline.com\/es\/wp-json\/wp\/v2\/pages\/8519"}],"wp:featuredmedia":[{"embeddable":true,"href":"https:\/\/ifeelonline.com\/es\/wp-json\/wp\/v2\/media\/10630"}],"wp:attachment":[{"href":"https:\/\/ifeelonline.com\/es\/wp-json\/wp\/v2\/media?parent=8998"}],"curies":[{"name":"wp","href":"https:\/\/api.w.org\/{rel}","templated":true}]}}