{"id":8492,"date":"2022-02-07T14:28:45","date_gmt":"2022-02-07T13:28:45","guid":{"rendered":"https:\/\/ifeelonline.com\/?page_id=8492"},"modified":"2023-07-25T13:44:46","modified_gmt":"2023-07-25T12:44:46","slug":"webinar-ifeel-factorial","status":"publish","type":"page","link":"https:\/\/ifeelonline.com\/es\/webinars-bienestar-laboral-ifeel\/webinar-ifeel-factorial\/","title":{"rendered":"Webinar ifeel x Factorial"},"content":{"rendered":"\t\t<div data-elementor-type=\"wp-page\" data-elementor-id=\"8492\" class=\"elementor elementor-8492\" data-elementor-post-type=\"page\">\n\t\t\t\t\t\t<section data-particle_enable=\"false\" data-particle-mobile-disabled=\"false\" class=\"elementor-section elementor-top-section elementor-element elementor-element-17b6ddd7 elementor-section-boxed elementor-section-height-default elementor-section-height-default\" data-id=\"17b6ddd7\" data-element_type=\"section\" data-e-type=\"section\">\n\t\t\t\t\t\t<div class=\"elementor-container elementor-column-gap-default\">\n\t\t\t\t\t\t<\/div>\n\t\t<\/section>\n\t\t\t\t<section data-particle_enable=\"false\" data-particle-mobile-disabled=\"false\" class=\"elementor-section elementor-top-section elementor-element elementor-element-71e4f1ef elementor-hidden-desktop elementor-hidden-tablet elementor-hidden-mobile elementor-section-boxed elementor-section-height-default elementor-section-height-default\" data-id=\"71e4f1ef\" data-element_type=\"section\" data-e-type=\"section\" data-settings=\"{&quot;background_background&quot;:&quot;classic&quot;}\">\n\t\t\t\t\t\t<div class=\"elementor-container elementor-column-gap-default\">\n\t\t\t\t\t<div class=\"elementor-column elementor-col-50 elementor-top-column elementor-element elementor-element-75b2fe52\" data-id=\"75b2fe52\" data-element_type=\"column\" data-e-type=\"column\">\n\t\t\t<div class=\"elementor-widget-wrap elementor-element-populated\">\n\t\t\t\t\t\t<div class=\"elementor-element elementor-element-3bde6556 elementor-view-default elementor-widget elementor-widget-icon\" data-id=\"3bde6556\" data-element_type=\"widget\" data-e-type=\"widget\" data-settings=\"{&quot;ekit_we_effect_on&quot;:&quot;none&quot;}\" data-widget_type=\"icon.default\">\n\t\t\t\t<div class=\"elementor-widget-container\">\n\t\t\t\t\t\t\t<div class=\"elementor-icon-wrapper\">\n\t\t\t<div class=\"elementor-icon\">\n\t\t\t<svg xmlns=\"http:\/\/www.w3.org\/2000\/svg\" width=\"113\" height=\"113\" viewBox=\"0 0 113 113\" fill=\"none\"><circle cx=\"56.5\" cy=\"56.5\" r=\"56.5\" fill=\"#C1D6FC\"><\/circle><path d=\"M26.0833 33.8333H87.7461C88.6071 33.8333 89.2914 34.5565 89.2438 35.4162L86.4924 85.1559C86.4484 85.9509 85.7909 86.5731 84.9947 86.5731H26.0833C25.2549 86.5731 24.5833 85.9015 24.5833 85.0731V35.3333C24.5833 34.5049 25.2549 33.8333 26.0833 33.8333Z\" stroke=\"#273C66\" stroke-width=\"3\"><\/path><path d=\"M26.2851 32.4566L87.7817 33.7669C88.6299 33.785 89.2944 34.5023 89.2475 35.3494L86.4924 85.1559C86.4484 85.9509 85.7909 86.5731 84.9947 86.5731H29.0092C28.2122 86.5731 27.5543 85.9497 27.5114 85.1538L24.7553 34.037C24.7083 33.1655 25.4124 32.438 26.2851 32.4566Z\" stroke=\"#273C66\" stroke-width=\"3\"><\/path><rect x=\"36.1667\" y=\"27.1971\" width=\"3.125\" height=\"7.64489\" rx=\"1.25\" fill=\"#273C66\" stroke=\"#273C66\" stroke-width=\"1.5\"><\/rect><path d=\"M75.9583 27.1971H76.5833C77.2737 27.1971 77.8333 27.7567 77.8333 28.4471V33.592C77.8333 34.2823 77.2737 34.842 76.5833 34.842H75.9583C75.268 34.842 74.7083 34.2823 74.7083 33.592V28.4471C74.7083 27.7567 75.268 27.1971 75.9583 27.1971Z\" fill=\"#273C66\" stroke=\"#273C66\" stroke-width=\"1.5\"><\/path><path d=\"M26.1667 45.4375H87.8334\" stroke=\"#273C66\" stroke-width=\"1.5\"><\/path><path d=\"M26.1667 45.4375H87.8334\" stroke=\"#273C66\" stroke-width=\"1.5\"><\/path><path d=\"M26.1667 45.4375L87.8334 46.401\" stroke=\"#273C66\" stroke-width=\"3\"><\/path><path d=\"M62.429 61.4456L72.112 58.7501C72.7494 58.5727 73.3802 59.052 73.3802 59.7135V70.799C73.3802 71.4605 72.7494 71.9398 72.112 71.7624L62.429 69.0669\" stroke=\"#273C66\" stroke-width=\"1.5\"><\/path><path d=\"M62.429 61.4456L71.0204 59.6591C71.6412 59.53 72.224 60.004 72.224 60.6382V69.8428C72.224 70.4755 71.6437 70.9492 71.0238 70.8225L62.429 69.0669\" stroke=\"#273C66\" stroke-width=\"3\"><\/path><mask id=\"path-11-inside-1_1327_909\" fill=\"white\"><rect x=\"38.5\" y=\"52.9049\" width=\"26.4538\" height=\"24.7025\" rx=\"2\"><\/rect><\/mask><rect x=\"38.5\" y=\"52.9049\" width=\"26.4538\" height=\"24.7025\" rx=\"2\" stroke=\"#273C66\" stroke-width=\"6\" mask=\"url(#path-11-inside-1_1327_909)\"><\/rect><\/svg>\t\t\t<\/div>\n\t\t<\/div>\n\t\t\t\t\t\t<\/div>\n\t\t\t\t<\/div>\n\t\t\t\t\t<\/div>\n\t\t<\/div>\n\t\t\t\t<div class=\"elementor-column elementor-col-50 elementor-top-column elementor-element elementor-element-61214edd\" data-id=\"61214edd\" data-element_type=\"column\" data-e-type=\"column\">\n\t\t\t<div class=\"elementor-widget-wrap elementor-element-populated\">\n\t\t\t\t\t\t<div class=\"elementor-element elementor-element-7332233e elementor-widget elementor-widget-heading\" data-id=\"7332233e\" data-element_type=\"widget\" data-e-type=\"widget\" data-settings=\"{&quot;ekit_we_effect_on&quot;:&quot;none&quot;}\" data-widget_type=\"heading.default\">\n\t\t\t\t<div class=\"elementor-widget-container\">\n\t\t\t\t\t<h2 class=\"elementor-heading-title elementor-size-default\">Webinar<\/h2>\t\t\t\t<\/div>\n\t\t\t\t<\/div>\n\t\t\t\t\t<\/div>\n\t\t<\/div>\n\t\t\t\t\t<\/div>\n\t\t<\/section>\n\t\t\t\t<section data-particle_enable=\"false\" data-particle-mobile-disabled=\"false\" class=\"elementor-section elementor-top-section elementor-element elementor-element-36fb519c elementor-hidden-desktop elementor-section-boxed elementor-section-height-default elementor-section-height-default\" data-id=\"36fb519c\" data-element_type=\"section\" data-e-type=\"section\" data-settings=\"{&quot;background_background&quot;:&quot;classic&quot;}\">\n\t\t\t\t\t\t<div class=\"elementor-container elementor-column-gap-default\">\n\t\t\t\t\t<div class=\"elementor-column elementor-col-100 elementor-top-column elementor-element elementor-element-55f0e968\" data-id=\"55f0e968\" data-element_type=\"column\" data-e-type=\"column\">\n\t\t\t<div class=\"elementor-widget-wrap elementor-element-populated\">\n\t\t\t\t\t\t<div class=\"elementor-element elementor-element-4fe2034e elementor-widget elementor-widget-heading\" data-id=\"4fe2034e\" data-element_type=\"widget\" data-e-type=\"widget\" data-settings=\"{&quot;ekit_we_effect_on&quot;:&quot;none&quot;}\" data-widget_type=\"heading.default\">\n\t\t\t\t<div class=\"elementor-widget-container\">\n\t\t\t\t\t<h2 class=\"elementor-heading-title elementor-size-default\">Webinar<\/h2>\t\t\t\t<\/div>\n\t\t\t\t<\/div>\n\t\t\t\t\t<\/div>\n\t\t<\/div>\n\t\t\t\t\t<\/div>\n\t\t<\/section>\n\t\t\t\t<section data-particle_enable=\"false\" data-particle-mobile-disabled=\"false\" class=\"elementor-section elementor-top-section elementor-element elementor-element-40a9b05c elementor-hidden-tablet elementor-hidden-mobile elementor-section-boxed elementor-section-height-default elementor-section-height-default\" data-id=\"40a9b05c\" data-element_type=\"section\" data-e-type=\"section\" data-settings=\"{&quot;background_background&quot;:&quot;classic&quot;}\">\n\t\t\t\t\t\t<div class=\"elementor-container elementor-column-gap-default\">\n\t\t\t\t\t<div class=\"elementor-column elementor-col-50 elementor-top-column elementor-element elementor-element-352272fb\" data-id=\"352272fb\" data-element_type=\"column\" data-e-type=\"column\">\n\t\t\t<div class=\"elementor-widget-wrap elementor-element-populated\">\n\t\t\t\t\t\t<div class=\"elementor-element elementor-element-4f70ae89 elementor-view-default elementor-widget elementor-widget-icon\" data-id=\"4f70ae89\" data-element_type=\"widget\" data-e-type=\"widget\" data-settings=\"{&quot;ekit_we_effect_on&quot;:&quot;none&quot;}\" data-widget_type=\"icon.default\">\n\t\t\t\t<div class=\"elementor-widget-container\">\n\t\t\t\t\t\t\t<div class=\"elementor-icon-wrapper\">\n\t\t\t<div class=\"elementor-icon\">\n\t\t\t<svg xmlns=\"http:\/\/www.w3.org\/2000\/svg\" width=\"113\" height=\"113\" viewBox=\"0 0 113 113\" fill=\"none\"><circle cx=\"56.5\" cy=\"56.5\" r=\"56.5\" fill=\"#C1D6FC\"><\/circle><path d=\"M26.0833 33.8333H87.7461C88.6071 33.8333 89.2914 34.5565 89.2438 35.4162L86.4924 85.1559C86.4484 85.9509 85.7909 86.5731 84.9947 86.5731H26.0833C25.2549 86.5731 24.5833 85.9015 24.5833 85.0731V35.3333C24.5833 34.5049 25.2549 33.8333 26.0833 33.8333Z\" stroke=\"#273C66\" stroke-width=\"3\"><\/path><path d=\"M26.2851 32.4566L87.7817 33.7669C88.6299 33.785 89.2944 34.5023 89.2475 35.3494L86.4924 85.1559C86.4484 85.9509 85.7909 86.5731 84.9947 86.5731H29.0092C28.2122 86.5731 27.5543 85.9497 27.5114 85.1538L24.7553 34.037C24.7083 33.1655 25.4124 32.438 26.2851 32.4566Z\" stroke=\"#273C66\" stroke-width=\"3\"><\/path><rect x=\"36.1667\" y=\"27.1971\" width=\"3.125\" height=\"7.64489\" rx=\"1.25\" fill=\"#273C66\" stroke=\"#273C66\" stroke-width=\"1.5\"><\/rect><path d=\"M75.9583 27.1971H76.5833C77.2737 27.1971 77.8333 27.7567 77.8333 28.4471V33.592C77.8333 34.2823 77.2737 34.842 76.5833 34.842H75.9583C75.268 34.842 74.7083 34.2823 74.7083 33.592V28.4471C74.7083 27.7567 75.268 27.1971 75.9583 27.1971Z\" fill=\"#273C66\" stroke=\"#273C66\" stroke-width=\"1.5\"><\/path><path d=\"M26.1667 45.4375H87.8334\" stroke=\"#273C66\" stroke-width=\"1.5\"><\/path><path d=\"M26.1667 45.4375H87.8334\" stroke=\"#273C66\" stroke-width=\"1.5\"><\/path><path d=\"M26.1667 45.4375L87.8334 46.401\" stroke=\"#273C66\" stroke-width=\"3\"><\/path><path d=\"M62.429 61.4456L72.112 58.7501C72.7494 58.5727 73.3802 59.052 73.3802 59.7135V70.799C73.3802 71.4605 72.7494 71.9398 72.112 71.7624L62.429 69.0669\" stroke=\"#273C66\" stroke-width=\"1.5\"><\/path><path d=\"M62.429 61.4456L71.0204 59.6591C71.6412 59.53 72.224 60.004 72.224 60.6382V69.8428C72.224 70.4755 71.6437 70.9492 71.0238 70.8225L62.429 69.0669\" stroke=\"#273C66\" stroke-width=\"3\"><\/path><mask id=\"path-11-inside-1_1327_909\" fill=\"white\"><rect x=\"38.5\" y=\"52.9049\" width=\"26.4538\" height=\"24.7025\" rx=\"2\"><\/rect><\/mask><rect x=\"38.5\" y=\"52.9049\" width=\"26.4538\" height=\"24.7025\" rx=\"2\" stroke=\"#273C66\" stroke-width=\"6\" mask=\"url(#path-11-inside-1_1327_909)\"><\/rect><\/svg>\t\t\t<\/div>\n\t\t<\/div>\n\t\t\t\t\t\t<\/div>\n\t\t\t\t<\/div>\n\t\t\t\t\t<\/div>\n\t\t<\/div>\n\t\t\t\t<div class=\"elementor-column elementor-col-50 elementor-top-column elementor-element elementor-element-7baa061d\" data-id=\"7baa061d\" data-element_type=\"column\" data-e-type=\"column\">\n\t\t\t<div class=\"elementor-widget-wrap elementor-element-populated\">\n\t\t\t\t\t\t<div class=\"elementor-element elementor-element-f54097e elementor-widget elementor-widget-heading\" data-id=\"f54097e\" data-element_type=\"widget\" data-e-type=\"widget\" data-settings=\"{&quot;ekit_we_effect_on&quot;:&quot;none&quot;}\" data-widget_type=\"heading.default\">\n\t\t\t\t<div class=\"elementor-widget-container\">\n\t\t\t\t\t<h2 class=\"elementor-heading-title elementor-size-default\">Webinar<\/h2>\t\t\t\t<\/div>\n\t\t\t\t<\/div>\n\t\t\t\t\t<\/div>\n\t\t<\/div>\n\t\t\t\t\t<\/div>\n\t\t<\/section>\n\t\t\t\t<section data-particle_enable=\"false\" data-particle-mobile-disabled=\"false\" class=\"elementor-section elementor-top-section elementor-element elementor-element-4625d116 elementor-section-boxed elementor-section-height-default elementor-section-height-default\" data-id=\"4625d116\" data-element_type=\"section\" data-e-type=\"section\" data-settings=\"{&quot;background_background&quot;:&quot;classic&quot;}\">\n\t\t\t\t\t\t\t<div class=\"elementor-background-overlay\"><\/div>\n\t\t\t\t\t\t\t<div class=\"elementor-container elementor-column-gap-custom\">\n\t\t\t\t\t<div class=\"elementor-column elementor-col-50 elementor-top-column elementor-element elementor-element-6e7f60c2\" data-id=\"6e7f60c2\" data-element_type=\"column\" data-e-type=\"column\">\n\t\t\t<div class=\"elementor-widget-wrap elementor-element-populated\">\n\t\t\t\t\t\t<div class=\"elementor-element elementor-element-2939aff6 elementor-widget elementor-widget-html\" data-id=\"2939aff6\" data-element_type=\"widget\" data-e-type=\"widget\" data-settings=\"{&quot;ekit_we_effect_on&quot;:&quot;none&quot;}\" data-widget_type=\"html.default\">\n\t\t\t\t<div class=\"elementor-widget-container\">\n\t\t\t\t\t<nav aria-label=\"breadcrumbs\" class=\"rank-math-breadcrumb\"><p><\/p><\/nav>\t\t\t\t<\/div>\n\t\t\t\t<\/div>\n\t\t\t\t<div class=\"elementor-element elementor-element-13a0e364 elementor-widget elementor-widget-heading\" data-id=\"13a0e364\" data-element_type=\"widget\" data-e-type=\"widget\" data-settings=\"{&quot;ekit_we_effect_on&quot;:&quot;none&quot;}\" data-widget_type=\"heading.default\">\n\t\t\t\t<div class=\"elementor-widget-container\">\n\t\t\t\t\t<h1 class=\"elementor-heading-title elementor-size-default\">C\u00f3mo nutrir y proteger el bienestar laboral de tu equipo<\/h1>\t\t\t\t<\/div>\n\t\t\t\t<\/div>\n\t\t\t\t<div class=\"elementor-element elementor-element-d0cd683 elementor-widget elementor-widget-heading\" data-id=\"d0cd683\" data-element_type=\"widget\" data-e-type=\"widget\" data-settings=\"{&quot;ekit_we_effect_on&quot;:&quot;none&quot;}\" data-widget_type=\"heading.default\">\n\t\t\t\t<div class=\"elementor-widget-container\">\n\t\t\t\t\t<h5 class=\"elementor-heading-title elementor-size-default\">\u00a1Todas las claves en nuestro webinar!<\/h5>\t\t\t\t<\/div>\n\t\t\t\t<\/div>\n\t\t\t\t<div class=\"elementor-element elementor-element-459d8d28 elementor-widget elementor-widget-text-editor\" data-id=\"459d8d28\" data-element_type=\"widget\" data-e-type=\"widget\" data-settings=\"{&quot;ekit_we_effect_on&quot;:&quot;none&quot;}\" data-widget_type=\"text-editor.default\">\n\t\t\t\t<div class=\"elementor-widget-container\">\n\t\t\t\t\t\t\t\t\t<p><span style=\"font-weight: 400;\">\u00bfSab\u00edas que entre el <strong>11% y el 27% de los problemas de bienestar mental<\/strong> en Espa\u00f1a se atribuyen a <strong>condiciones de trabajo<\/strong>? Nuestro psic\u00f3logo Rafael San Rom\u00e1n ha participado en este webinar organizado por Factorial HR para hablar sobre la importancia del <strong>bienestar mental<\/strong> de los trabajadores tanto en grandes empresas como en compa\u00f1\u00edas de r\u00e1pido crecimiento, con el objetivo de inspirar su crecimiento y desbloquear su potencial.<\/span><\/p><p>\u00a0<\/p><p><strong>Ponentes:<\/strong><\/p>\t\t\t\t\t\t\t\t<\/div>\n\t\t\t\t<\/div>\n\t\t\t\t<div class=\"elementor-element elementor-element-7433e6c elementor-icon-list--layout-traditional elementor-list-item-link-full_width elementor-widget elementor-widget-icon-list\" data-id=\"7433e6c\" data-element_type=\"widget\" data-e-type=\"widget\" data-settings=\"{&quot;ekit_we_effect_on&quot;:&quot;none&quot;}\" data-widget_type=\"icon-list.default\">\n\t\t\t\t<div class=\"elementor-widget-container\">\n\t\t\t\t\t\t\t<ul class=\"elementor-icon-list-items\">\n\t\t\t\t\t\t\t<li class=\"elementor-icon-list-item\">\n\t\t\t\t\t\t\t\t\t\t\t<span class=\"elementor-icon-list-icon\">\n\t\t\t\t\t\t\t<svg xmlns=\"http:\/\/www.w3.org\/2000\/svg\" width=\"51\" height=\"51\" viewBox=\"0 0 51 51\" fill=\"none\"><g clip-path=\"url(#clip0_1145_1348)\"><path fill-rule=\"evenodd\" clip-rule=\"evenodd\" d=\"M25.5 51C11.4162 51 0 39.5838 0 25.5C0 11.4162 11.4162 0 25.5 0C39.5838 0 51 11.4162 51 25.5C51 39.5838 39.5838 51 25.5 51ZM36.9423 18.9354L34.85 16.83C34.4577 16.4377 33.8431 16.4377 33.4508 16.83L20.8708 29.4885L14.8815 23.4208C14.5023 23.0285 13.8746 23.0285 13.4823 23.4208L11.39 25.5262C10.9977 25.9185 10.9977 26.5462 11.39 26.9385L18.0462 33.6862C18.0462 33.6862 18.0462 33.7123 18.0723 33.7123L19.5108 35.1638L19.8508 35.5169L20.1646 35.8308C20.5569 36.2231 21.1715 36.2231 21.5638 35.8308L36.9554 20.3477C37.3346 19.9554 37.3346 19.3277 36.9554 18.9354H36.9423Z\" fill=\"#EA7374\"><\/path><\/g><defs><clipPath id=\"clip0_1145_1348\"><rect width=\"51\" height=\"51\" fill=\"white\"><\/rect><\/clipPath><\/defs><\/svg>\t\t\t\t\t\t<\/span>\n\t\t\t\t\t\t\t\t\t\t<span class=\"elementor-icon-list-text\">Alba Guerrero, Senior Content Manager en Factorial HR.<\/span>\n\t\t\t\t\t\t\t\t\t<\/li>\n\t\t\t\t\t\t\t\t<li class=\"elementor-icon-list-item\">\n\t\t\t\t\t\t\t\t\t\t\t<span class=\"elementor-icon-list-icon\">\n\t\t\t\t\t\t\t<svg xmlns=\"http:\/\/www.w3.org\/2000\/svg\" width=\"51\" height=\"51\" viewBox=\"0 0 51 51\" fill=\"none\"><g clip-path=\"url(#clip0_1145_1348)\"><path fill-rule=\"evenodd\" clip-rule=\"evenodd\" d=\"M25.5 51C11.4162 51 0 39.5838 0 25.5C0 11.4162 11.4162 0 25.5 0C39.5838 0 51 11.4162 51 25.5C51 39.5838 39.5838 51 25.5 51ZM36.9423 18.9354L34.85 16.83C34.4577 16.4377 33.8431 16.4377 33.4508 16.83L20.8708 29.4885L14.8815 23.4208C14.5023 23.0285 13.8746 23.0285 13.4823 23.4208L11.39 25.5262C10.9977 25.9185 10.9977 26.5462 11.39 26.9385L18.0462 33.6862C18.0462 33.6862 18.0462 33.7123 18.0723 33.7123L19.5108 35.1638L19.8508 35.5169L20.1646 35.8308C20.5569 36.2231 21.1715 36.2231 21.5638 35.8308L36.9554 20.3477C37.3346 19.9554 37.3346 19.3277 36.9554 18.9354H36.9423Z\" fill=\"#EA7374\"><\/path><\/g><defs><clipPath id=\"clip0_1145_1348\"><rect width=\"51\" height=\"51\" fill=\"white\"><\/rect><\/clipPath><\/defs><\/svg>\t\t\t\t\t\t<\/span>\n\t\t\t\t\t\t\t\t\t\t<span class=\"elementor-icon-list-text\">Rafael San Rom\u00e1n, Psic\u00f3logo, Content &amp; PR Manager en ifeel.<\/span>\n\t\t\t\t\t\t\t\t\t<\/li>\n\t\t\t\t\t\t<\/ul>\n\t\t\t\t\t\t<\/div>\n\t\t\t\t<\/div>\n\t\t\t\t\t<\/div>\n\t\t<\/div>\n\t\t\t\t<div class=\"elementor-column elementor-col-50 elementor-top-column elementor-element elementor-element-61657805\" data-id=\"61657805\" data-element_type=\"column\" data-e-type=\"column\" data-settings=\"{&quot;background_background&quot;:&quot;classic&quot;}\">\n\t\t\t<div class=\"elementor-widget-wrap elementor-element-populated\">\n\t\t\t\t\t\t<section data-particle_enable=\"false\" data-particle-mobile-disabled=\"false\" class=\"elementor-section elementor-inner-section elementor-element elementor-element-2b9a5259 elementor-section-boxed elementor-section-height-default elementor-section-height-default\" data-id=\"2b9a5259\" data-element_type=\"section\" data-e-type=\"section\">\n\t\t\t\t\t\t<div class=\"elementor-container elementor-column-gap-default\">\n\t\t\t\t\t<div class=\"elementor-column elementor-col-100 elementor-inner-column elementor-element elementor-element-367b2722\" data-id=\"367b2722\" data-element_type=\"column\" data-e-type=\"column\" data-settings=\"{&quot;background_background&quot;:&quot;classic&quot;}\">\n\t\t\t<div class=\"elementor-widget-wrap elementor-element-populated\">\n\t\t\t\t\t\t<div class=\"elementor-element elementor-element-74a10aa6 elementor-widget elementor-widget-html\" data-id=\"74a10aa6\" data-element_type=\"widget\" data-e-type=\"widget\" id=\"form\" data-settings=\"{&quot;ekit_we_effect_on&quot;:&quot;none&quot;}\" data-widget_type=\"html.default\">\n\t\t\t\t<div class=\"elementor-widget-container\">\n\t\t\t\t\t<!--[if lte IE 8]>\r\n<script charset=\"utf-8\" type=\"text\/javascript\" src=\"\/\/js-eu1.hsforms.net\/forms\/v2-legacy.js\"><\/script>\r\n<![endif]-->\r\n<script charset=\"utf-8\" type=\"text\/javascript\" src=\"\/\/js-eu1.hsforms.net\/forms\/v2.js\"><\/script>\r\n<script>\r\n  hbspt.forms.create({\r\n\tregion: \"eu1\",\r\n\tportalId: \"24884594\",\r\n\tformId: \"b88129a2-6d21-4c5d-8809-7ab43140d07a\"\r\n});\r\n<\/script>\t\t\t\t<\/div>\n\t\t\t\t<\/div>\n\t\t\t\t\t<\/div>\n\t\t<\/div>\n\t\t\t\t\t<\/div>\n\t\t<\/section>\n\t\t\t\t\t<\/div>\n\t\t<\/div>\n\t\t\t\t\t<\/div>\n\t\t<\/section>\n\t\t\t\t<\/div>\n\t\t\n    <div class=\"xs_social_share_widget xs_share_url after_content \t\tmain_content  wslu-style-1 wslu-share-box-shaped wslu-fill-colored wslu-none wslu-share-horizontal wslu-theme-font-no wslu-main_content\">\n\n\t\t\n        <ul>\n\t\t\t        <\/ul>\n    <\/div> \n","protected":false},"excerpt":{"rendered":"<p>Webinar Webinar Webinar C\u00f3mo nutrir y proteger el bienestar laboral de tu equipo \u00a1Todas las claves en nuestro webinar! \u00bfSab\u00edas que entre el 11% y el 27% de los problemas de bienestar mental en Espa\u00f1a se atribuyen a condiciones de trabajo? Nuestro psic\u00f3logo Rafael San Rom\u00e1n ha participado en este webinar organizado por Factorial HR [&hellip;]<\/p>\n","protected":false},"author":48,"featured_media":10628,"parent":8519,"menu_order":0,"comment_status":"closed","ping_status":"closed","template":"","meta":{"content-type":"","postBodyCss":"","postBodyMargin":[],"postBodyPadding":[],"postBodyBackground":{"backgroundType":"classic","gradient":""},"footnotes":""},"class_list":["post-8492","page","type-page","status-publish","has-post-thumbnail","hentry"],"_links":{"self":[{"href":"https:\/\/ifeelonline.com\/es\/wp-json\/wp\/v2\/pages\/8492","targetHints":{"allow":["GET"]}}],"collection":[{"href":"https:\/\/ifeelonline.com\/es\/wp-json\/wp\/v2\/pages"}],"about":[{"href":"https:\/\/ifeelonline.com\/es\/wp-json\/wp\/v2\/types\/page"}],"author":[{"embeddable":true,"href":"https:\/\/ifeelonline.com\/es\/wp-json\/wp\/v2\/users\/48"}],"replies":[{"embeddable":true,"href":"https:\/\/ifeelonline.com\/es\/wp-json\/wp\/v2\/comments?post=8492"}],"version-history":[{"count":0,"href":"https:\/\/ifeelonline.com\/es\/wp-json\/wp\/v2\/pages\/8492\/revisions"}],"up":[{"embeddable":true,"href":"https:\/\/ifeelonline.com\/es\/wp-json\/wp\/v2\/pages\/8519"}],"wp:featuredmedia":[{"embeddable":true,"href":"https:\/\/ifeelonline.com\/es\/wp-json\/wp\/v2\/media\/10628"}],"wp:attachment":[{"href":"https:\/\/ifeelonline.com\/es\/wp-json\/wp\/v2\/media?parent=8492"}],"curies":[{"name":"wp","href":"https:\/\/api.w.org\/{rel}","templated":true}]}}