{"id":7083,"date":"2021-09-02T14:23:14","date_gmt":"2021-09-02T13:23:14","guid":{"rendered":"https:\/\/ifeelonline.com\/?page_id=7083"},"modified":"2025-09-19T13:39:13","modified_gmt":"2025-09-19T12:39:13","slug":"trabaja-con-nosotros","status":"publish","type":"page","link":"https:\/\/ifeelonline.com\/es\/trabaja-con-nosotros\/","title":{"rendered":"Trabaja con nosotros"},"content":{"rendered":"\t\t<div data-elementor-type=\"wp-page\" data-elementor-id=\"7083\" class=\"elementor elementor-7083\" data-elementor-post-type=\"page\">\n\t\t\t\t\t\t<section data-particle_enable=\"false\" data-particle-mobile-disabled=\"false\" class=\"elementor-section elementor-top-section elementor-element elementor-element-2add5565 elementor-section-height-min-height elementor-section-boxed elementor-section-height-default elementor-section-items-middle\" data-id=\"2add5565\" data-element_type=\"section\" data-e-type=\"section\" data-settings=\"{&quot;background_background&quot;:&quot;classic&quot;}\">\n\t\t\t\t\t\t\t<div class=\"elementor-background-overlay\"><\/div>\n\t\t\t\t\t\t\t<div class=\"elementor-container elementor-column-gap-default\">\n\t\t\t\t\t<div class=\"elementor-column elementor-col-100 elementor-top-column elementor-element elementor-element-2fabfbb\" data-id=\"2fabfbb\" data-element_type=\"column\" data-e-type=\"column\">\n\t\t\t<div class=\"elementor-widget-wrap elementor-element-populated\">\n\t\t\t\t\t\t<div class=\"elementor-element elementor-element-6b14158 elementor-widget elementor-widget-heading\" data-id=\"6b14158\" data-element_type=\"widget\" data-e-type=\"widget\" data-settings=\"{&quot;ekit_we_effect_on&quot;:&quot;none&quot;}\" data-widget_type=\"heading.default\">\n\t\t\t\t<div class=\"elementor-widget-container\">\n\t\t\t\t\t<h2 class=\"elementor-heading-title elementor-size-default\">Trabaja con nosotros<\/h2>\t\t\t\t<\/div>\n\t\t\t\t<\/div>\n\t\t\t\t<div class=\"elementor-element elementor-element-a69d950 elementor-widget elementor-widget-text-editor\" data-id=\"a69d950\" data-element_type=\"widget\" data-e-type=\"widget\" data-settings=\"{&quot;ekit_we_effect_on&quot;:&quot;none&quot;}\" data-widget_type=\"text-editor.default\">\n\t\t\t\t<div class=\"elementor-widget-container\">\n\t\t\t\t\t\t\t\t\t<p>En esta secci\u00f3n encontrar\u00e1s nuestras ofertas de trabajo.<\/p><p>Descubre las oportunidades de crecimiento que ofrecemos y \u00fanete a nuestra misi\u00f3n de mejorar el bienestar mental en todo el mundo.<\/p><p><strong>\u00a1Explora nuestras vacantes abiertas ahora!<\/strong><\/p>\t\t\t\t\t\t\t\t<\/div>\n\t\t\t\t<\/div>\n\t\t\t\t\t<\/div>\n\t\t<\/div>\n\t\t\t\t\t<\/div>\n\t\t<\/section>\n\t\t\t\t<section data-particle_enable=\"false\" data-particle-mobile-disabled=\"false\" class=\"elementor-section elementor-top-section elementor-element elementor-element-5c7e8aef elementor-section-boxed elementor-section-height-default elementor-section-height-default\" data-id=\"5c7e8aef\" data-element_type=\"section\" data-e-type=\"section\">\n\t\t\t\t\t\t<div class=\"elementor-container elementor-column-gap-default\">\n\t\t\t\t\t<div class=\"elementor-column elementor-col-50 elementor-top-column elementor-element elementor-element-315d4981\" data-id=\"315d4981\" data-element_type=\"column\" data-e-type=\"column\" data-settings=\"{&quot;background_background&quot;:&quot;classic&quot;}\">\n\t\t\t<div class=\"elementor-widget-wrap elementor-element-populated\">\n\t\t\t\t\t\t<div class=\"elementor-element elementor-element-61211712 elementor-position-top elementor-widget elementor-widget-image-box\" data-id=\"61211712\" data-element_type=\"widget\" data-e-type=\"widget\" data-settings=\"{&quot;ekit_we_effect_on&quot;:&quot;none&quot;}\" data-widget_type=\"image-box.default\">\n\t\t\t\t<div class=\"elementor-widget-container\">\n\t\t\t\t\t<div class=\"elementor-image-box-wrapper\"><figure class=\"elementor-image-box-img\"><img loading=\"lazy\" decoding=\"async\" width=\"2430\" height=\"2241\" src=\"https:\/\/ifeelonline.com\/es\/wp-content\/uploads\/2025\/09\/Group-1171275871.png\" class=\"attachment-full size-full wp-image-16065\" alt=\"\" srcset=\"https:\/\/ifeelonline.com\/es\/wp-content\/uploads\/2025\/09\/Group-1171275871.png 2430w, https:\/\/ifeelonline.com\/es\/wp-content\/uploads\/2025\/09\/Group-1171275871-300x277.png 300w, https:\/\/ifeelonline.com\/es\/wp-content\/uploads\/2025\/09\/Group-1171275871-1024x944.png 1024w, https:\/\/ifeelonline.com\/es\/wp-content\/uploads\/2025\/09\/Group-1171275871-768x708.png 768w, https:\/\/ifeelonline.com\/es\/wp-content\/uploads\/2025\/09\/Group-1171275871-1536x1417.png 1536w, https:\/\/ifeelonline.com\/es\/wp-content\/uploads\/2025\/09\/Group-1171275871-2048x1889.png 2048w\" sizes=\"auto, (max-width: 2430px) 100vw, 2430px\" \/><\/figure><div class=\"elementor-image-box-content\"><h3 class=\"elementor-image-box-title\">Posiciones abiertas<\/h3><p class=\"elementor-image-box-description\">Buscamos talentos en distintas \u00e1reas como tecnolog\u00eda, ventas, marketing, finanzas, producto y m\u00e1s. \u00a1Explora nuestras oportunidades y forma parte de nuestro equipo!<\/p><\/div><\/div>\t\t\t\t<\/div>\n\t\t\t\t<\/div>\n\t\t\t\t<div class=\"elementor-element elementor-element-67318c46 elementor-align-center elementor-widget elementor-widget-button\" data-id=\"67318c46\" data-element_type=\"widget\" data-e-type=\"widget\" data-settings=\"{&quot;ekit_we_effect_on&quot;:&quot;none&quot;}\" data-widget_type=\"button.default\">\n\t\t\t\t<div class=\"elementor-widget-container\">\n\t\t\t\t\t\t\t\t\t<div class=\"elementor-button-wrapper\">\n\t\t\t\t\t<a class=\"elementor-button elementor-button-link elementor-size-sm\" href=\"https:\/\/ifeelonline.com\/es\/trabaja-con-nosotros-posiciones-abiertas\/\">\n\t\t\t\t\t\t<span class=\"elementor-button-content-wrapper\">\n\t\t\t\t\t\t\t\t\t<span class=\"elementor-button-text\">Ver m\u00e1s<\/span>\n\t\t\t\t\t<\/span>\n\t\t\t\t\t<\/a>\n\t\t\t\t<\/div>\n\t\t\t\t\t\t\t\t<\/div>\n\t\t\t\t<\/div>\n\t\t\t\t\t<\/div>\n\t\t<\/div>\n\t\t\t\t<div class=\"elementor-column elementor-col-50 elementor-top-column elementor-element elementor-element-1b81bc5\" data-id=\"1b81bc5\" data-element_type=\"column\" data-e-type=\"column\" data-settings=\"{&quot;background_background&quot;:&quot;classic&quot;}\">\n\t\t\t<div class=\"elementor-widget-wrap elementor-element-populated\">\n\t\t\t\t\t\t<div class=\"elementor-element elementor-element-4175a017 elementor-position-top elementor-widget elementor-widget-image-box\" data-id=\"4175a017\" data-element_type=\"widget\" data-e-type=\"widget\" data-settings=\"{&quot;ekit_we_effect_on&quot;:&quot;none&quot;}\" data-widget_type=\"image-box.default\">\n\t\t\t\t<div class=\"elementor-widget-container\">\n\t\t\t\t\t<div class=\"elementor-image-box-wrapper\"><figure class=\"elementor-image-box-img\"><img loading=\"lazy\" decoding=\"async\" width=\"2430\" height=\"2241\" src=\"https:\/\/ifeelonline.com\/es\/wp-content\/uploads\/2025\/09\/Group-6560.png\" class=\"attachment-full size-full wp-image-16064\" alt=\"\" srcset=\"https:\/\/ifeelonline.com\/es\/wp-content\/uploads\/2025\/09\/Group-6560.png 2430w, https:\/\/ifeelonline.com\/es\/wp-content\/uploads\/2025\/09\/Group-6560-300x277.png 300w, https:\/\/ifeelonline.com\/es\/wp-content\/uploads\/2025\/09\/Group-6560-1024x944.png 1024w, https:\/\/ifeelonline.com\/es\/wp-content\/uploads\/2025\/09\/Group-6560-768x708.png 768w, https:\/\/ifeelonline.com\/es\/wp-content\/uploads\/2025\/09\/Group-6560-1536x1417.png 1536w, https:\/\/ifeelonline.com\/es\/wp-content\/uploads\/2025\/09\/Group-6560-2048x1889.png 2048w\" sizes=\"auto, (max-width: 2430px) 100vw, 2430px\" \/><\/figure><div class=\"elementor-image-box-content\"><h3 class=\"elementor-image-box-title\">\u00bfEres psic\u00f3logo cl\u00ednico?<\/h3><p class=\"elementor-image-box-description\">Si quieres formar parte de nuestra red de psic\u00f3logos, env\u00edanos tu CV \ny nos pondremos en contacto contigo lo antes posible. \n\u00a1Te esperamos!\n<br><br>\n<\/p><\/div><\/div>\t\t\t\t<\/div>\n\t\t\t\t<\/div>\n\t\t\t\t<div class=\"elementor-element elementor-element-585f8102 elementor-align-center elementor-widget elementor-widget-button\" data-id=\"585f8102\" data-element_type=\"widget\" data-e-type=\"widget\" data-settings=\"{&quot;ekit_we_effect_on&quot;:&quot;none&quot;}\" data-widget_type=\"button.default\">\n\t\t\t\t<div class=\"elementor-widget-container\">\n\t\t\t\t\t\t\t\t\t<div class=\"elementor-button-wrapper\">\n\t\t\t\t\t<a class=\"elementor-button elementor-button-link elementor-size-sm\" href=\"https:\/\/ifeelonline.com\/es\/trabaja-con-nosotros-colaboradores\/\">\n\t\t\t\t\t\t<span class=\"elementor-button-content-wrapper\">\n\t\t\t\t\t\t\t\t\t<span class=\"elementor-button-text\">Ver m\u00e1s<\/span>\n\t\t\t\t\t<\/span>\n\t\t\t\t\t<\/a>\n\t\t\t\t<\/div>\n\t\t\t\t\t\t\t\t<\/div>\n\t\t\t\t<\/div>\n\t\t\t\t\t<\/div>\n\t\t<\/div>\n\t\t\t\t\t<\/div>\n\t\t<\/section>\n\t\t\t\t<section data-particle_enable=\"false\" data-particle-mobile-disabled=\"false\" class=\"elementor-section elementor-top-section elementor-element elementor-element-8f51edb elementor-section-boxed elementor-section-height-default elementor-section-height-default\" data-id=\"8f51edb\" data-element_type=\"section\" data-e-type=\"section\">\n\t\t\t\t\t\t<div class=\"elementor-container elementor-column-gap-default\">\n\t\t\t\t\t<div class=\"elementor-column elementor-col-100 elementor-top-column elementor-element elementor-element-2ab9e50\" data-id=\"2ab9e50\" data-element_type=\"column\" data-e-type=\"column\">\n\t\t\t<div class=\"elementor-widget-wrap elementor-element-populated\">\n\t\t\t\t\t\t<div class=\"elementor-element elementor-element-2499971 elementor-widget elementor-widget-text-editor\" data-id=\"2499971\" data-element_type=\"widget\" data-e-type=\"widget\" data-settings=\"{&quot;ekit_we_effect_on&quot;:&quot;none&quot;}\" data-widget_type=\"text-editor.default\">\n\t\t\t\t<div class=\"elementor-widget-container\">\n\t\t\t\t\t\t\t\t\t<p style=\"text-align: center;\">Al enviar mi candidatura consiento el tratamiento de mis datos de conformidad con la\u00a0<a class=\"c-link\" tabindex=\"-1\" href=\"https:\/\/ifeelonline.com\/es\/privacy-policy\/\" target=\"_blank\" rel=\"noopener noreferrer\" data-stringify-link=\"https:\/\/ifeelonline.com\/es\/privacy-policy\/\" data-sk=\"tooltip_parent\" data-remove-tab-index=\"true\">Pol\u00edtica de Privacidad<\/a><\/p>\t\t\t\t\t\t\t\t<\/div>\n\t\t\t\t<\/div>\n\t\t\t\t\t<\/div>\n\t\t<\/div>\n\t\t\t\t\t<\/div>\n\t\t<\/section>\n\t\t\t\t<\/div>\n\t\t\n    <div class=\"xs_social_share_widget xs_share_url after_content \t\tmain_content  wslu-style-1 wslu-share-box-shaped wslu-fill-colored wslu-none wslu-share-horizontal wslu-theme-font-no wslu-main_content\">\n\n\t\t\n        <ul>\n\t\t\t        <\/ul>\n    <\/div> \n","protected":false},"excerpt":{"rendered":"<p>Trabaja con nosotros En esta secci\u00f3n encontrar\u00e1s nuestras ofertas de trabajo. Descubre las oportunidades de crecimiento que ofrecemos y \u00fanete a nuestra misi\u00f3n de mejorar el bienestar mental en todo el mundo. \u00a1Explora nuestras vacantes abiertas ahora! Posiciones abiertas Buscamos talentos en distintas \u00e1reas como tecnolog\u00eda, ventas, marketing, finanzas, producto y m\u00e1s. \u00a1Explora nuestras oportunidades [&hellip;]<\/p>\n","protected":false},"author":49,"featured_media":11407,"parent":0,"menu_order":0,"comment_status":"closed","ping_status":"closed","template":"","meta":{"content-type":"","postBodyCss":"","postBodyMargin":[],"postBodyPadding":[],"postBodyBackground":{"backgroundType":"classic","gradient":""},"footnotes":""},"class_list":["post-7083","page","type-page","status-publish","has-post-thumbnail","hentry"],"_links":{"self":[{"href":"https:\/\/ifeelonline.com\/es\/wp-json\/wp\/v2\/pages\/7083","targetHints":{"allow":["GET"]}}],"collection":[{"href":"https:\/\/ifeelonline.com\/es\/wp-json\/wp\/v2\/pages"}],"about":[{"href":"https:\/\/ifeelonline.com\/es\/wp-json\/wp\/v2\/types\/page"}],"author":[{"embeddable":true,"href":"https:\/\/ifeelonline.com\/es\/wp-json\/wp\/v2\/users\/49"}],"replies":[{"embeddable":true,"href":"https:\/\/ifeelonline.com\/es\/wp-json\/wp\/v2\/comments?post=7083"}],"version-history":[{"count":0,"href":"https:\/\/ifeelonline.com\/es\/wp-json\/wp\/v2\/pages\/7083\/revisions"}],"wp:featuredmedia":[{"embeddable":true,"href":"https:\/\/ifeelonline.com\/es\/wp-json\/wp\/v2\/media\/11407"}],"wp:attachment":[{"href":"https:\/\/ifeelonline.com\/es\/wp-json\/wp\/v2\/media?parent=7083"}],"curies":[{"name":"wp","href":"https:\/\/api.w.org\/{rel}","templated":true}]}}