{"id":7049,"date":"2021-09-01T16:32:38","date_gmt":"2021-09-01T15:32:38","guid":{"rendered":"https:\/\/ifeelonline.com\/?page_id=7049"},"modified":"2025-01-22T12:43:03","modified_gmt":"2025-01-22T11:43:03","slug":"recursos-en-caso-de-emergencia","status":"publish","type":"page","link":"https:\/\/ifeelonline.com\/es\/recursos-en-caso-de-emergencia\/","title":{"rendered":"Recursos en caso de emergencia"},"content":{"rendered":"\t\t<div data-elementor-type=\"wp-page\" data-elementor-id=\"7049\" class=\"elementor elementor-7049\" data-elementor-post-type=\"page\">\n\t\t\t\t\t\t<section data-particle_enable=\"false\" data-particle-mobile-disabled=\"false\" class=\"elementor-section elementor-top-section elementor-element elementor-element-4032448 elementor-section-boxed elementor-section-height-default elementor-section-height-default\" data-id=\"4032448\" data-element_type=\"section\" data-e-type=\"section\">\n\t\t\t\t\t\t<div class=\"elementor-container elementor-column-gap-default\">\n\t\t\t\t\t<div class=\"elementor-column elementor-col-100 elementor-top-column elementor-element elementor-element-87b2001\" data-id=\"87b2001\" data-element_type=\"column\" data-e-type=\"column\">\n\t\t\t<div class=\"elementor-widget-wrap elementor-element-populated\">\n\t\t\t\t\t\t<div class=\"elementor-element elementor-element-b38f24e elementor-widget elementor-widget-text-editor\" data-id=\"b38f24e\" data-element_type=\"widget\" data-e-type=\"widget\" data-settings=\"{&quot;ekit_we_effect_on&quot;:&quot;none&quot;}\" data-widget_type=\"text-editor.default\">\n\t\t\t\t<div class=\"elementor-widget-container\">\n\t\t\t\t\t\t\t\t\t<div>\n<div>\n<div>\n<h2><strong>Argentina<\/strong><\/h2>\n<p><strong>Emergency:&nbsp;<\/strong>911<br><strong>Emergency Hotline:<\/strong> *107<br><\/p>\n<p><strong>Argentina Suicide Hotline<\/strong>: +5402234930430<\/p>\n<h2><strong>Australia<\/strong><\/h2>\n<p><strong>Emergency<\/strong>: 000<\/p>\n<p><strong>Lifeline.org<\/strong>:&nbsp;<a href=\"https:\/\/www.lifeline.org.au\/Get-Help\/Online-Services\/crisis-chat\" target=\"_blank\" rel=\"noopener\">https:\/\/www.lifeline.org.au\/Get-Help\/Online-Services\/crisis-chat<\/a><\/p>\n<p><strong>LifeLine Australia:<\/strong>&nbsp;1-300-13-11-14<\/p>\n<p><strong>YourLifeCounts.org<\/strong>:&nbsp;<a href=\"https:\/\/yourlifecounts.org\/find-help\/\" target=\"_blank\" rel=\"noopener\">https:\/\/yourlifecounts.org\/find-help\/<\/a><\/p>\n<p><strong>Beyond Blue<\/strong>&nbsp;<a href=\"https:\/\/www.beyondblue.org.au\/get-support\/get-immediate-support\" target=\"_blank\" rel=\"noopener\">https:\/\/www.beyondblue.org.au\/get-support\/get-immediate-support<\/a><\/p>\n<h2><strong>Canada<\/strong><\/h2>\n<p><strong>Emergency<\/strong>: 911<\/p>\n<p><strong>Hotline<\/strong>: 1-888-353-2273<\/p>\n<p><strong>YourLifeCounts.org<\/strong>:&nbsp;<a href=\"https:\/\/yourlifecounts.org\/find-help\/\" target=\"_blank\" rel=\"noopener\">https:\/\/yourlifecounts.org\/find-help\/<\/a><\/p>\n<p><strong>Crisis Services Canada<\/strong>:&nbsp;<a href=\"http:\/\/www.crisisservicescanada.ca\/en\/\" target=\"_blank\" rel=\"noopener\">http:\/\/www.crisisservicescanada.ca\/en\/<\/a><\/p>\n<p><strong>Canadian Association for Suicide Prevention<\/strong>&nbsp;<a href=\"https:\/\/suicideprevention.ca\/need-help\/\" target=\"_blank\" rel=\"noopener\">https:\/\/suicideprevention.ca\/need-help\/<\/a><\/p>\n<h2><strong>China<\/strong><\/h2>\n<p><strong>Emergency:<\/strong>&nbsp;110&nbsp;<\/p>\n<p>Beijing Suicide Research and Prevention Center&nbsp;<a href=\"http:\/\/www.crisis.org.cn\/\" target=\"_blank\" rel=\"noopener\">http:\/\/www.crisis.org.cn\/<\/a>&nbsp;800-810-1117 (landline) or 010-8295-1332 (mobile and VoIP callers)<\/p>\n<p><strong>Shanghai Mental Health Center<\/strong>:&nbsp;<a href=\"http:\/\/www.smhc.org.cn\/\" target=\"_blank\" rel=\"noopener\">http:\/\/www.smhc.org.cn\/<\/a><\/p>\n<p><strong>Lifeline Shanghai<\/strong>:&nbsp;<a href=\"https:\/\/www.lifeline-shanghai.com\/\" target=\"_blank\" rel=\"noopener\">https:\/\/www.lifeline-shanghai.com\/<\/a><\/p>\n<h2><strong>Finland<\/strong><\/h2>\n<p><strong>Emergency<\/strong>: 112<\/p>\n<p><strong>Crisis Line<\/strong>: 010 195 202<\/p>\n<h2><b>France<\/b><\/h2>\n<p><span style=\"font-weight: bolder; color: #21447b; font-family: 'Sofia pro', sans-serif; font-size: 16px;\">General emergencies: <\/span><span style=\"color: #21447b; font-family: 'Sofia pro', sans-serif; font-size: 16px;\">18<br><\/span><span style=\"font-weight: bolder; color: #21447b; font-family: 'Sofia pro', sans-serif; font-size: 16px;\">Medical emergencies: <\/span><span style=\"color: #21447b; font-family: 'Sofia pro', sans-serif; font-size: 16px;\">15 <br><span style=\"font-weight: bolder;\">Addictions: <\/span>17 <br><span style=\"font-weight: bolder;\">Suicide: <\/span>18 <br><span style=\"font-weight: bolder;\">Gender violence: <\/span>17\/3919 <\/span><\/p>\n<p><strong>&nbsp;<\/strong><\/p>\n<h2><strong>Germany<\/strong><\/h2>\n<p><strong>Emergency:&nbsp;<\/strong>112<\/p>\n<p><strong>Hotline:<\/strong>&nbsp;800 111 0111<\/p>\n<p><strong>Hotline:<\/strong>&nbsp;0800 111 0222<\/p>\n<p><strong>YourLifeCounts.org:&nbsp;<\/strong><a href=\"https:\/\/yourlifecounts.org\/find-help\/\" target=\"_blank\" rel=\"noopener\">https:\/\/yourlifecounts.org\/find-help\/<\/a><\/p>\n<h2><strong>India<\/strong><\/h2>\n<p><strong>Emergency:&nbsp;<\/strong>112<\/p>\n<p><strong>Sneha India<\/strong>&nbsp;(<a href=\"http:\/\/www.snehaindia.org\/\" target=\"_blank\" rel=\"noopener\">http:\/\/www.snehaindia.org<\/a>) is available 24\/7 on the phone by calling 91 44 24640050<\/p>\n<h2><strong>New Zealand<\/strong><\/h2>\n<p><strong>Emergency:&nbsp;<\/strong>111<\/p>\n<p><strong>Lifeline 24\/7 Helpline:<\/strong>&nbsp;0800 543 354<\/p>\n<p><strong>Suicide Crisis Helpline:<\/strong>&nbsp;0508 828 865 (0508 TAUTOKO)<\/p>\n<p><strong>YourLifeCounts.org:&nbsp;<\/strong><a href=\"https:\/\/yourlifecounts.org\/find-help\/\" target=\"_blank\" rel=\"noopener\">https:\/\/yourlifecounts.org\/find-help\/<\/a><\/p>\n<h2><strong>Spain<\/strong><\/h2>\n<p><strong>Emergency:&nbsp;<\/strong>112<\/p>\n<p><strong>Telefono De La Esperanza<\/strong>&nbsp;\u2013 717-003-717&nbsp; \u2013&nbsp;<a href=\"http:\/\/telefonodelaesperanza.org\/llamanos\" target=\"_blank\" rel=\"noopener\">http:\/\/telefonodelaesperanza.org\/llamanos<\/a><\/p>\n<h2><strong>South Africa<\/strong><\/h2>\n<p><strong>Emergency:&nbsp;<\/strong>10 111 for police or 10 177 for an ambulance<\/p>\n<p><strong>24hr Helpline:<\/strong>&nbsp;0800 12 13 14 or SMS 31393 (and we will call you back)<\/p>\n<p><strong>Depression and Anxiety Helpline:<\/strong>&nbsp;0800 70 80 90<\/p>\n<p><strong>YourLifeCounts.org:&nbsp;<\/strong><a href=\"https:\/\/yourlifecounts.org\/find-help\/\" target=\"_blank\" rel=\"noopener\">https:\/\/yourlifecounts.org\/find-help\/<\/a><\/p>\n<h2>Switzerland:&nbsp;&nbsp;<\/h2>\n<\/div>\n<p><strong>General emergencies:<\/strong> 112<br><strong>Medical emergencies:<\/strong> 144<br><strong>Addictions:<\/strong> 112<br><strong>Suicide:<\/strong> 143&nbsp;<br><strong>Gender violence:<\/strong> 112&nbsp;<\/p>\n<div>\n<h2><strong>UK &amp; Republic of Ireland<\/strong><\/h2>\n<p><strong>Emergency:&nbsp;<\/strong>112 or 999<\/p>\n<p><strong>Non-emergency:<\/strong>&nbsp;111, Option 2<\/p>\n<p><strong>24\/7 Helpline:<\/strong>&nbsp;116 123 (UK and ROI)<\/p>\n<p><strong>Samaritans.org:&nbsp;<\/strong><a href=\"https:\/\/www.samaritans.org\/how-we-can-help-you\/contact-us\" target=\"_blank\" rel=\"noopener\">https:\/\/www.samaritans.org\/how-we-can-help-you\/contact-us<\/a><\/p>\n<p><strong>YourLifeCounts.org:&nbsp;<\/strong><a href=\"https:\/\/yourlifecounts.org\/find-help\/\" target=\"_blank\" rel=\"noopener\">https:\/\/yourlifecounts.org\/find-help\/<\/a><\/p>\n<h2><strong>United States<\/strong><\/h2>\n<p><strong>Emergency:&nbsp;<\/strong>911<\/p>\n<p><strong>National Domestic Violence Hotline:<\/strong>&nbsp;1-800-799-7233<\/p>\n<p><strong>National Suicide Prevention Lifeline:<\/strong>&nbsp;1-800-273-TALK (8255)<\/p>\n<p><strong>National Hopeline Network:<\/strong>&nbsp;1-800-SUICIDE (800-784-2433)<\/p>\n<p><strong>Crisis Text Line:<\/strong>&nbsp;Text \u00abDESERVE\u00bb TO 741-741<\/p>\n<p><strong>Lifeline Crisis Chat (Online live messaging):<\/strong>&nbsp;<a href=\"https:\/\/suicidepreventionlifeline.org\/chat\/\" target=\"_blank\" rel=\"noopener\">https:\/\/suicidepreventionlifeline.org\/chat\/<\/a><\/p>\n<p><strong>Self-Harm Hotline:<\/strong>&nbsp;1-800-DONT CUT (1-800-366-8288)<\/p>\n<p><strong>Family Violence Helpline:<\/strong>&nbsp;1-800-996-6228<\/p>\n<p><strong>Planned Parenthood Hotline:<\/strong>&nbsp;1-800-230-PLAN (7526)&nbsp;<\/p>\n<p><strong>American Association of Poison Control Centers:<\/strong>&nbsp;1-800-222-1222<\/p>\n<p><strong>National Council on Alcoholism &amp; Drug Dependency Hope Line:<\/strong>&nbsp;1-800-622-2255<\/p>\n<p><strong>National Crisis Line \u2013 Anorexia and Bulimia:<\/strong>&nbsp;1-800-233-4357<\/p>\n<p><strong>GLBT Hotline:<\/strong>&nbsp;1-888-843-4564<\/p>\n<p><strong>TREVOR Crisis Hotline:<\/strong>&nbsp;1-866-488-7386<\/p>\n<p><strong>AIDS Crisis Line:<\/strong>&nbsp;1-800-221-7044<\/p>\n<p><strong>Veterans Crisis Line:<\/strong>&nbsp;<a href=\"https:\/\/www.veteranscrisisline.net\/\" target=\"_blank\" rel=\"noopener\">https:\/\/www.veteranscrisisline.net<\/a><\/p>\n<p><strong>TransLifeline:&nbsp;<\/strong><a href=\"https:\/\/www.translifeline.org\/\" target=\"_blank\" rel=\"noopener\">https:\/\/www.translifeline.org<\/a>&nbsp;\u2013 877-565-8860<\/p>\n<p><strong>Suicide Prevention Wiki:<\/strong>&nbsp;<a href=\"http:\/\/suicideprevention.wikia.com\/\" target=\"_blank\" rel=\"noopener\">http:\/\/suicideprevention.wikia.com<\/a><\/p>\n<\/div>\n<\/div>\n<\/div>\n<section>\n<p>Si te encuentras en peligro o en una situaci\u00f3n de emergencia, no recurras a esta web.<\/p>\n<p><a href=\"https:\/\/ifeelonline.com\/es\/recursos-en-caso-de-emergencia\/\">Estos recursos<\/a>&nbsp;te pueden ofrecer ayuda inmediata.<\/p>\n<\/section>\t\t\t\t\t\t\t\t<\/div>\n\t\t\t\t<\/div>\n\t\t\t\t<div class=\"elementor-element elementor-element-bd81904 elementor-widget elementor-widget-text-editor\" data-id=\"bd81904\" data-element_type=\"widget\" data-e-type=\"widget\" data-settings=\"{&quot;ekit_we_effect_on&quot;:&quot;none&quot;}\" data-widget_type=\"text-editor.default\">\n\t\t\t\t<div class=\"elementor-widget-container\">\n\t\t\t\t\t\t\t\t\t<div id=\"content\" class=\"site-content\">\n<div id=\"primary\" class=\"content-area redesignWeb pagephp row\">\n<p><\/p><main id=\"main\" class=\"site-main\" role=\"main\"><p><\/p>\n<div class=\"default-container\">\n<div class=\"content\">\n<h2><strong>Argentina<\/strong><\/h2>\n<p><strong>Emergency:&nbsp;<\/strong>911<\/p>\n<p>Recuerde siempre que si usted est\u00e1 en una situaci\u00f3n de emergencia debe comunicarse con los tel\u00e9fonos: *107 (SAME-Sistema de Atenci\u00f3n M\u00e9dica de Emergencia), *911 (Emergencia policial), para atenci\u00f3n telef\u00f3nica inmediata. Si desea orientaci\u00f3n telef\u00f3nica a familiares y amigos, d\u00e9jenos su mensaje y tel\u00e9fono. Nos comunicaremos con usted.<\/p>\n<p><strong>Argentina Suicide Hotline<\/strong>: +5402234930430<\/p>\n<h2><strong>Australia<\/strong><\/h2>\n<p><strong>Emergency<\/strong>: 000<\/p>\n<p><strong>Lifeline.org<\/strong>:&nbsp;<a href=\"https:\/\/www.lifeline.org.au\/Get-Help\/Online-Services\/crisis-chat\" target=\"_blank\" rel=\"noopener\">https:\/\/www.lifeline.org.au\/Get-Help\/Online-Services\/crisis-chat<\/a><\/p>\n<p><strong>LifeLine Australia:<\/strong>&nbsp;1-300-13-11-14<\/p>\n<p><strong>YourLifeCounts.org<\/strong>:&nbsp;<a href=\"https:\/\/yourlifecounts.org\/find-help\/\" target=\"_blank\" rel=\"noopener\">https:\/\/yourlifecounts.org\/find-help\/<\/a><\/p>\n<p><strong>Beyond Blue<\/strong>&nbsp;<a href=\"https:\/\/www.beyondblue.org.au\/get-support\/get-immediate-support\" target=\"_blank\" rel=\"noopener\">https:\/\/www.beyondblue.org.au\/get-support\/get-immediate-support<\/a><\/p>\n<h2><strong>Canada<\/strong><\/h2>\n<p><strong>Emergency<\/strong>: 911<\/p>\n<p><strong>Hotline<\/strong>: 1-888-353-2273<\/p>\n<p><strong>YourLifeCounts.org<\/strong>:&nbsp;<a href=\"https:\/\/yourlifecounts.org\/find-help\/\" target=\"_blank\" rel=\"noopener\">https:\/\/yourlifecounts.org\/find-help\/<\/a><\/p>\n<p><strong>Crisis Services Canada<\/strong>:&nbsp;<a href=\"http:\/\/www.crisisservicescanada.ca\/en\/\" target=\"_blank\" rel=\"noopener\">http:\/\/www.crisisservicescanada.ca\/en\/<\/a><\/p>\n<p><strong>Canadian Association for Suicide Prevention<\/strong>&nbsp;<a href=\"https:\/\/suicideprevention.ca\/need-help\/\" target=\"_blank\" rel=\"noopener\">https:\/\/suicideprevention.ca\/need-help\/<\/a><\/p>\n<h2><strong>China<\/strong><\/h2>\n<p><strong>Emergency:<\/strong>&nbsp;110&nbsp;<\/p>\n<p>Beijing Suicide Research and Prevention Center&nbsp;<a href=\"http:\/\/www.crisis.org.cn\/\" target=\"_blank\" rel=\"noopener\">http:\/\/www.crisis.org.cn\/<\/a>&nbsp;800-810-1117 (landline) or 010-8295-1332 (mobile and VoIP callers)<\/p>\n<p><strong>Shanghai Mental Health Center<\/strong>:&nbsp;<a href=\"http:\/\/www.smhc.org.cn\/\" target=\"_blank\" rel=\"noopener\">http:\/\/www.smhc.org.cn\/<\/a><\/p>\n<p><strong>Lifeline Shanghai<\/strong>:&nbsp;<a href=\"https:\/\/www.lifeline-shanghai.com\/\" target=\"_blank\" rel=\"noopener\">https:\/\/www.lifeline-shanghai.com\/<\/a><\/p>\n<h2><strong>Finland<\/strong><\/h2>\n<p><strong>Emergency<\/strong>: 112<\/p>\n<p><strong>Crisis Line<\/strong>: 010 195 202<br><br><\/p>\n<p><\/p><h2><b>France<\/b><\/h2>\n<p><\/p>\n<p><span style=\"font-weight: bolder; color: #21447b; font-family: 'Sofia pro', sans-serif; font-size: 16px;\">General emergencies: 18<br><\/span><span style=\"font-weight: bolder; color: #21447b; font-family: 'Sofia pro', sans-serif; font-size: 16px;\">Medical emergencies: 15 <br>Addictions: 17 <br>Suicide: 18 <br>Gender violence: 17\/3919 <\/span><strong><\/strong><\/p>\n<p><strong><br>\n<\/strong><\/p>\n<p><strong><\/strong><\/p>\n<p><\/p>\n<h2><strong>Germany<\/strong><\/h2>\n<p><strong>Emergency:&nbsp;<\/strong>112<\/p>\n<p><strong>Hotline:<\/strong>&nbsp;800 111 0111<\/p>\n<p><strong>Hotline:<\/strong>&nbsp;0800 111 0222<\/p>\n<p><strong>YourLifeCounts.org:&nbsp;<\/strong><a href=\"https:\/\/yourlifecounts.org\/find-help\/\" target=\"_blank\" rel=\"noopener\">https:\/\/yourlifecounts.org\/find-help\/<\/a><\/p>\n<h2><strong>India<\/strong><\/h2>\n<p><strong>Emergency:&nbsp;<\/strong>112<\/p>\n<p><strong>Sneha India<\/strong>&nbsp;(<a href=\"http:\/\/www.snehaindia.org\/\" target=\"_blank\" rel=\"noopener\">http:\/\/www.snehaindia.org<\/a>) is available 24\/7 on the phone by calling 91 44 24640050<\/p>\n<h2><strong>New Zealand<\/strong><\/h2>\n<p><strong>Emergency:&nbsp;<\/strong>111<\/p>\n<p><strong>Lifeline 24\/7 Helpline:<\/strong>&nbsp;0800 543 354<\/p>\n<p><strong>Suicide Crisis Helpline:<\/strong>&nbsp;0508 828 865 (0508 TAUTOKO)<\/p>\n<p><strong>YourLifeCounts.org:&nbsp;<\/strong><a href=\"https:\/\/yourlifecounts.org\/find-help\/\" target=\"_blank\" rel=\"noopener\">https:\/\/yourlifecounts.org\/find-help\/<\/a><\/p>\n<h2><strong>Spain<\/strong><\/h2>\n<p><strong>Emergency:&nbsp;<\/strong>112<\/p>\n<p><strong>Telefono De La Esperanza<\/strong>&nbsp;\u2013 717-003-717&nbsp; \u2013&nbsp;<a href=\"http:\/\/telefonodelaesperanza.org\/llamanos\" target=\"_blank\" rel=\"noopener\">http:\/\/telefonodelaesperanza.org\/llamanos<\/a><\/p>\n<h2><strong>South Africa<\/strong><\/h2>\n<p><strong>Emergency:&nbsp;<\/strong>10 111 for police or 10 177 for an ambulance<\/p>\n<p><strong>24hr Helpline:<\/strong>&nbsp;0800 12 13 14 or SMS 31393 (and we will call you back)<\/p>\n<p><strong>Depression and Anxiety Helpline:<\/strong>&nbsp;0800 70 80 90<\/p>\n<p><strong>YourLifeCounts.org:&nbsp;<\/strong><a href=\"https:\/\/yourlifecounts.org\/find-help\/\" target=\"_blank\" rel=\"noopener\">https:\/\/yourlifecounts.org\/find-help\/<\/a><\/p>\n<h2><strong>UK &amp; Republic of Ireland<\/strong><\/h2>\n<p><strong>Emergency:&nbsp;<\/strong>112 or 999<\/p>\n<p><strong>Non-emergency:<\/strong>&nbsp;111, Option 2<\/p>\n<p><strong>24\/7 Helpline:<\/strong>&nbsp;116 123 (UK and ROI)<\/p>\n<p><strong>Samaritans.org:&nbsp;<\/strong><a href=\"https:\/\/www.samaritans.org\/how-we-can-help-you\/contact-us\" target=\"_blank\" rel=\"noopener\">https:\/\/www.samaritans.org\/how-we-can-help-you\/contact-us<\/a><\/p>\n<p><strong>YourLifeCounts.org:&nbsp;<\/strong><a href=\"https:\/\/yourlifecounts.org\/find-help\/\" target=\"_blank\" rel=\"noopener\">https:\/\/yourlifecounts.org\/find-help\/<\/a><\/p>\n<h2><strong>United States<\/strong><\/h2>\n<p><strong>Emergency:&nbsp;<\/strong>911<\/p>\n<p><strong>National Domestic Violence Hotline:<\/strong>&nbsp;1-800-799-7233<\/p>\n<p><strong>National Suicide Prevention Lifeline:<\/strong>&nbsp;1-800-273-TALK (8255)<\/p>\n<p><strong>National Hopeline Network:<\/strong>&nbsp;1-800-SUICIDE (800-784-2433)<\/p>\n<p><strong>Crisis Text Line:<\/strong>&nbsp;Text \u00abDESERVE\u00bb TO 741-741<\/p>\n<p><strong>Lifeline Crisis Chat (Online live messaging):<\/strong>&nbsp;<a href=\"https:\/\/suicidepreventionlifeline.org\/chat\/\" target=\"_blank\" rel=\"noopener\">https:\/\/suicidepreventionlifeline.org\/chat\/<\/a><\/p>\n<p><strong>Self-Harm Hotline:<\/strong>&nbsp;1-800-DONT CUT (1-800-366-8288)<\/p>\n<p><strong>Family Violence Helpline:<\/strong>&nbsp;1-800-996-6228<\/p>\n<p><strong>Planned Parenthood Hotline:<\/strong>&nbsp;1-800-230-PLAN (7526)&nbsp;<\/p>\n<p><strong>American Association of Poison Control Centers:<\/strong>&nbsp;1-800-222-1222<\/p>\n<p><strong>National Council on Alcoholism &amp; Drug Dependency Hope Line:<\/strong>&nbsp;1-800-622-2255<\/p>\n<p><strong>National Crisis Line \u2013 Anorexia and Bulimia:<\/strong>&nbsp;1-800-233-4357<\/p>\n<p><strong>GLBT Hotline:<\/strong>&nbsp;1-888-843-4564<\/p>\n<p><strong>TREVOR Crisis Hotline:<\/strong>&nbsp;1-866-488-7386<\/p>\n<p><strong>AIDS Crisis Line:<\/strong>&nbsp;1-800-221-7044<\/p>\n<p><strong>Veterans Crisis Line:<\/strong>&nbsp;<a href=\"https:\/\/www.veteranscrisisline.net\/\" target=\"_blank\" rel=\"noopener\">https:\/\/www.veteranscrisisline.net<\/a><\/p>\n<p><strong>TransLifeline:&nbsp;<\/strong><a href=\"https:\/\/www.translifeline.org\/\" target=\"_blank\" rel=\"noopener\">https:\/\/www.translifeline.org<\/a>&nbsp;\u2013 877-565-8860<\/p>\n<p><strong>Suicide Prevention Wiki:<\/strong>&nbsp;<a href=\"http:\/\/suicideprevention.wikia.com\/\" target=\"_blank\" rel=\"noopener\">http:\/\/suicideprevention.wikia.com<\/a><\/p>\n<p><\/p>\n<\/div>\n<\/div>\n<p><\/p><\/main><\/div>\n<\/div>\n<section id=\"warning\">\n<p>Si te encuentras en peligro o en una situaci\u00f3n de emergencia, no recurras a esta web.<\/p>\n<p><a href=\"https:\/\/ifeelonline.com\/es\/recursos-en-caso-de-emergencia\/\">Estos recursos<\/a>&nbsp;te pueden ofrecer ayuda inmediata.<\/p>\n<\/section>\t\t\t\t\t\t\t\t<\/div>\n\t\t\t\t<\/div>\n\t\t\t\t\t<\/div>\n\t\t<\/div>\n\t\t\t\t\t<\/div>\n\t\t<\/section>\n\t\t\t\t<\/div>\n\t\t\n    <div class=\"xs_social_share_widget xs_share_url after_content \t\tmain_content  wslu-style-1 wslu-share-box-shaped wslu-fill-colored wslu-none wslu-share-horizontal wslu-theme-font-no wslu-main_content\">\n\n\t\t\n        <ul>\n\t\t\t        <\/ul>\n    <\/div> \n","protected":false},"excerpt":{"rendered":"<p>Argentina Emergency:&nbsp;911Emergency Hotline: *107 Argentina Suicide Hotline: +5402234930430 Australia Emergency: 000 Lifeline.org:&nbsp;https:\/\/www.lifeline.org.au\/Get-Help\/Online-Services\/crisis-chat LifeLine Australia:&nbsp;1-300-13-11-14 YourLifeCounts.org:&nbsp;https:\/\/yourlifecounts.org\/find-help\/ Beyond Blue&nbsp;https:\/\/www.beyondblue.org.au\/get-support\/get-immediate-support Canada Emergency: 911 Hotline: 1-888-353-2273 YourLifeCounts.org:&nbsp;https:\/\/yourlifecounts.org\/find-help\/ Crisis Services Canada:&nbsp;http:\/\/www.crisisservicescanada.ca\/en\/ Canadian Association for Suicide Prevention&nbsp;https:\/\/suicideprevention.ca\/need-help\/ China Emergency:&nbsp;110&nbsp; Beijing Suicide Research and Prevention Center&nbsp;http:\/\/www.crisis.org.cn\/&nbsp;800-810-1117 (landline) or 010-8295-1332 (mobile and VoIP callers) Shanghai Mental Health Center:&nbsp;http:\/\/www.smhc.org.cn\/ Lifeline Shanghai:&nbsp;https:\/\/www.lifeline-shanghai.com\/ Finland Emergency: 112 [&hellip;]<\/p>\n","protected":false},"author":49,"featured_media":0,"parent":0,"menu_order":0,"comment_status":"closed","ping_status":"closed","template":"","meta":{"content-type":"","postBodyCss":"","postBodyMargin":[],"postBodyPadding":[],"postBodyBackground":{"backgroundType":"classic","gradient":""},"footnotes":""},"class_list":["post-7049","page","type-page","status-publish","hentry"],"_links":{"self":[{"href":"https:\/\/ifeelonline.com\/es\/wp-json\/wp\/v2\/pages\/7049","targetHints":{"allow":["GET"]}}],"collection":[{"href":"https:\/\/ifeelonline.com\/es\/wp-json\/wp\/v2\/pages"}],"about":[{"href":"https:\/\/ifeelonline.com\/es\/wp-json\/wp\/v2\/types\/page"}],"author":[{"embeddable":true,"href":"https:\/\/ifeelonline.com\/es\/wp-json\/wp\/v2\/users\/49"}],"replies":[{"embeddable":true,"href":"https:\/\/ifeelonline.com\/es\/wp-json\/wp\/v2\/comments?post=7049"}],"version-history":[{"count":0,"href":"https:\/\/ifeelonline.com\/es\/wp-json\/wp\/v2\/pages\/7049\/revisions"}],"wp:attachment":[{"href":"https:\/\/ifeelonline.com\/es\/wp-json\/wp\/v2\/media?parent=7049"}],"curies":[{"name":"wp","href":"https:\/\/api.w.org\/{rel}","templated":true}]}}