{"id":15583,"date":"2025-04-07T12:29:02","date_gmt":"2025-04-07T11:29:02","guid":{"rendered":"https:\/\/ifeelonline.com\/?page_id=15583"},"modified":"2025-11-11T10:20:31","modified_gmt":"2025-11-11T09:20:31","slug":"sorteo-ifeel-2025","status":"publish","type":"page","link":"https:\/\/ifeelonline.com\/es\/sorteo-ifeel-2025\/","title":{"rendered":"Sorteo ifeel 2025"},"content":{"rendered":"\t\t<div data-elementor-type=\"wp-page\" data-elementor-id=\"15583\" class=\"elementor elementor-15583\" data-elementor-post-type=\"page\">\n\t\t\t\t<div data-particle_enable=\"false\" data-particle-mobile-disabled=\"false\" class=\"elementor-element elementor-element-afb31bc e-flex e-con-boxed e-con e-parent\" data-id=\"afb31bc\" data-element_type=\"container\" data-e-type=\"container\" data-settings=\"{&quot;background_background&quot;:&quot;classic&quot;}\">\n\t\t\t\t\t<div class=\"e-con-inner\">\n\t\t\t\t<div class=\"elementor-element elementor-element-f09cdd9 elementor-widget elementor-widget-image\" data-id=\"f09cdd9\" data-element_type=\"widget\" data-e-type=\"widget\" data-settings=\"{&quot;ekit_we_effect_on&quot;:&quot;none&quot;}\" data-widget_type=\"image.default\">\n\t\t\t\t<div class=\"elementor-widget-container\">\n\t\t\t\t\t\t\t\t\t\t\t\t\t\t\t<img loading=\"lazy\" decoding=\"async\" width=\"800\" height=\"148\" src=\"https:\/\/ifeelonline.com\/es\/wp-content\/uploads\/2025\/04\/viaje-1.png\" class=\"attachment-large size-large wp-image-15608\" alt=\"\" srcset=\"https:\/\/ifeelonline.com\/es\/wp-content\/uploads\/2025\/04\/viaje-1.png 872w, https:\/\/ifeelonline.com\/es\/wp-content\/uploads\/2025\/04\/viaje-1-300x55.png 300w, https:\/\/ifeelonline.com\/es\/wp-content\/uploads\/2025\/04\/viaje-1-768x142.png 768w\" sizes=\"auto, (max-width: 800px) 100vw, 800px\">\t\t\t\t\t\t\t\t\t\t\t\t\t\t\t<\/div>\n\t\t\t\t<\/div>\n\t\t\t\t\t<\/div>\n\t\t\t\t<\/div>\n\t\t\t\t<section data-particle_enable=\"false\" data-particle-mobile-disabled=\"false\" class=\"elementor-section elementor-top-section elementor-element elementor-element-78f48a4b elementor-section-boxed elementor-section-height-default elementor-section-height-default\" data-id=\"78f48a4b\" data-element_type=\"section\" data-e-type=\"section\" data-settings=\"{&quot;background_background&quot;:&quot;classic&quot;}\">\n\t\t\t\t\t\t\t<div class=\"elementor-background-overlay\"><\/div>\n\t\t\t\t\t\t\t<div class=\"elementor-container elementor-column-gap-custom\">\n\t\t\t\t\t<div class=\"elementor-column elementor-col-50 elementor-top-column elementor-element elementor-element-6a68cc6c\" data-id=\"6a68cc6c\" data-element_type=\"column\" data-e-type=\"column\">\n\t\t\t<div class=\"elementor-widget-wrap elementor-element-populated\">\n\t\t\t\t\t\t<div class=\"elementor-element elementor-element-704acf93 elementor-headline--style-highlight elementor-widget elementor-widget-animated-headline\" data-id=\"704acf93\" data-element_type=\"widget\" data-e-type=\"widget\" data-settings=\"{&quot;marker&quot;:&quot;underline&quot;,&quot;highlighted_text&quot;:&quot;\\u00a1Dub\\u00e1i te espera!&quot;,&quot;headline_style&quot;:&quot;highlight&quot;,&quot;loop&quot;:&quot;yes&quot;,&quot;highlight_animation_duration&quot;:1200,&quot;highlight_iteration_delay&quot;:8000,&quot;ekit_we_effect_on&quot;:&quot;none&quot;}\" data-widget_type=\"animated-headline.default\">\n\t\t\t\t<div class=\"elementor-widget-container\">\n\t\t\t\t\t\t\t<h3 class=\"elementor-headline\">\n\t\t\t\t\t<span class=\"elementor-headline-plain-text elementor-headline-text-wrapper\">Prepara las maletas\u2026<\/span>\n\t\t\t\t<span class=\"elementor-headline-dynamic-wrapper elementor-headline-text-wrapper\">\n\t\t\t\t\t<span class=\"elementor-headline-dynamic-text elementor-headline-text-active\">\u00a1Dub\u00e1i te espera!<\/span>\n\t\t\t\t<\/span>\n\t\t\t\t<\/h3>\n\t\t\t\t\t\t<\/div>\n\t\t\t\t<\/div>\n\t\t\t\t<div class=\"elementor-element elementor-element-5fde3df elementor-widget elementor-widget-text-editor\" data-id=\"5fde3df\" data-element_type=\"widget\" data-e-type=\"widget\" data-settings=\"{&quot;ekit_we_effect_on&quot;:&quot;none&quot;}\" data-widget_type=\"text-editor.default\">\n\t\t\t\t<div class=\"elementor-widget-container\">\n\t\t\t\t\t\t\t\t\t<h4><span style=\"color: #ffffff;\">Sorteamos un viaje de 4 d\u00edas para dos personas.<\/span><\/h4><p>\u00a0<\/p><p>Participar es muy sencillo:<\/p>\t\t\t\t\t\t\t\t<\/div>\n\t\t\t\t<\/div>\n\t\t\t\t<div class=\"elementor-element elementor-element-2738237 elementor-icon-list--layout-traditional elementor-list-item-link-full_width elementor-widget elementor-widget-icon-list\" data-id=\"2738237\" data-element_type=\"widget\" data-e-type=\"widget\" data-settings=\"{&quot;ekit_we_effect_on&quot;:&quot;none&quot;}\" data-widget_type=\"icon-list.default\">\n\t\t\t\t<div class=\"elementor-widget-container\">\n\t\t\t\t\t\t\t<ul class=\"elementor-icon-list-items\">\n\t\t\t\t\t\t\t<li class=\"elementor-icon-list-item\">\n\t\t\t\t\t\t\t\t\t\t\t<span class=\"elementor-icon-list-icon\">\n\t\t\t\t\t\t\t<svg xmlns=\"http:\/\/www.w3.org\/2000\/svg\" width=\"130\" height=\"130\" viewBox=\"0 0 130 130\" fill=\"none\"><path d=\"M0 65C0 29.1015 29.1015 0 65 0V0C100.899 0 130 29.1015 130 65V65C130 100.899 100.899 130 65 130V130C29.1015 130 0 100.899 0 65V65Z\" fill=\"#FFE9DF\"><\/path><path d=\"M59.7203 91C58.7603 91 58.2803 90.68 58.2803 90.04V89.88C58.2803 89.5067 58.5736 89.1333 59.1603 88.76C59.8003 88.3333 60.4136 87.8267 61.0003 87.24C61.6403 86.6533 61.9603 85.88 61.9603 84.92V44.36C61.9603 43.2933 61.6936 42.52 61.1603 42.04C60.627 41.5067 60.0403 41.2667 59.4003 41.32C58.8136 41.32 58.2536 41.24 57.7203 41.08C57.187 40.8667 56.9203 40.4933 56.9203 39.96V39.72C56.9203 39.08 57.427 38.5733 58.4403 38.2L67.2403 34.44C68.307 34.0133 69.1336 33.9333 69.7203 34.2C70.3603 34.4667 70.6803 34.9467 70.6803 35.64C70.6803 36.0133 70.3336 36.7067 69.6403 37.72C69.0003 38.68 68.6803 39.8533 68.6803 41.24V84.92C68.6803 85.88 69.0003 86.6533 69.6403 87.24C70.2803 87.8267 70.9203 88.3333 71.5603 88.76C72.2536 89.1333 72.6003 89.5067 72.6003 89.88V90.04C72.6003 90.68 72.1203 91 71.1603 91H59.7203Z\" fill=\"#CC5852\"><\/path><\/svg>\t\t\t\t\t\t<\/span>\n\t\t\t\t\t\t\t\t\t\t<span class=\"elementor-icon-list-text\">Rellena el siguiente <b>formulario<\/b> con tus datos<\/span>\n\t\t\t\t\t\t\t\t\t<\/li>\n\t\t\t\t\t\t\t\t<li class=\"elementor-icon-list-item\">\n\t\t\t\t\t\t\t\t\t\t\t<a href=\"https:\/\/www.linkedin.com\/company\/ifeelonline\/posts\/?feedView=all\" target=\"_blank\" rel=\"noopener\">\n\n\t\t\t\t\t\t\t\t\t\t\t\t<span class=\"elementor-icon-list-icon\">\n\t\t\t\t\t\t\t<svg xmlns=\"http:\/\/www.w3.org\/2000\/svg\" width=\"130\" height=\"130\" viewBox=\"0 0 130 130\" fill=\"none\"><path d=\"M0 65C0 29.1015 29.1015 0 65 0V0C100.899 0 130 29.1015 130 65V65C130 100.899 100.899 130 65 130V130C29.1015 130 0 100.899 0 65V65Z\" fill=\"#FFE9DF\"><\/path><path d=\"M84.3066 78.84C84.7332 78.84 85.0532 78.9733 85.2666 79.24C85.4799 79.5067 85.5332 79.88 85.4266 80.36L83.1866 89.32C82.8132 90.44 82.1732 91 81.2666 91H46.5466C45.5332 91 45.0266 90.52 45.0266 89.56V88.92C45.0266 86.4133 45.7466 83.88 47.1866 81.32C48.6799 78.76 50.5199 76.4667 52.7066 74.44C54.9466 72.36 57.3466 70.2 59.9066 67.96C62.5199 65.6667 64.9199 63.5333 67.1066 61.56C69.3466 59.5867 71.1866 57.4 72.6266 55C74.1199 52.5467 74.8666 50.1467 74.8666 47.8C74.8666 44.44 73.8266 41.7467 71.7466 39.72C69.7199 37.6933 67.3999 36.68 64.7866 36.68C62.2266 36.68 60.0666 37.4 58.3066 38.84C56.5999 40.2267 55.4266 41.7733 54.7866 43.48C54.1466 45.1333 53.3732 46.68 52.4666 48.12C51.5599 49.5067 50.5466 50.2 49.4266 50.2C48.3066 50.2 47.3999 49.88 46.7066 49.24C46.0132 48.6 45.6666 47.72 45.6666 46.6C45.6666 43.6133 47.4266 40.68 50.9466 37.8C54.4666 34.8667 58.9466 33.4 64.3866 33.4C69.6132 33.4 73.8532 34.7067 77.1066 37.32C80.4132 39.9333 82.0666 43.6133 82.0666 48.36C82.0666 51.4533 81.0799 54.44 79.1066 57.32C77.1332 60.2 74.6799 62.76 71.7466 65C68.8666 67.24 65.9599 69.4267 63.0266 71.56C60.0932 73.6933 57.4799 75.9867 55.1866 78.44C52.8932 80.8933 51.5332 83.3467 51.1066 85.8H76.6266C78.0132 85.8 79.1332 85.24 79.9866 84.12C80.8932 82.9467 81.6132 81.7733 82.1466 80.6C82.7332 79.4267 83.2666 78.84 83.7466 78.84H84.3066Z\" fill=\"#CC5852\"><\/path><\/svg>\t\t\t\t\t\t<\/span>\n\t\t\t\t\t\t\t\t\t\t<span class=\"elementor-icon-list-text\">S\u00edguenos en <b>LinkedIn<\/b> <\/span>\n\t\t\t\t\t\t\t\t\t\t\t<\/a>\n\t\t\t\t\t\t\t\t\t<\/li>\n\t\t\t\t\t\t\t\t<li class=\"elementor-icon-list-item\">\n\t\t\t\t\t\t\t\t\t\t\t<span class=\"elementor-icon-list-icon\">\n\t\t\t\t\t\t\t<svg xmlns=\"http:\/\/www.w3.org\/2000\/svg\" width=\"130\" height=\"130\" viewBox=\"0 0 130 130\" fill=\"none\"><path d=\"M0 65C0 29.1015 29.1015 0 65 0V0C100.899 0 130 29.1015 130 65V65C130 100.899 100.899 130 65 130V130C29.1015 130 0 100.899 0 65V65Z\" fill=\"#FFE9DF\"><\/path><path d=\"M65.4725 58.12C71.0725 58.2267 75.6325 59.8 79.1525 62.84C82.6725 65.8267 84.4325 69.7733 84.4325 74.68C84.4325 79.5867 82.6192 83.6667 78.9925 86.92C75.3658 90.1733 70.4325 91.8 64.1925 91.8C58.4325 91.8 53.9792 90.7333 50.8325 88.6C47.6858 86.4133 46.1125 84.1733 46.1125 81.88C46.1125 80.7067 46.4058 79.8 46.9925 79.16C47.6325 78.4667 48.4592 78.12 49.4725 78.12C50.3258 78.12 51.0992 78.4933 51.7925 79.24C52.4858 79.9333 53.1258 80.7867 53.7125 81.8C54.2992 82.8133 54.9925 83.8267 55.7925 84.84C56.5925 85.8533 57.7125 86.7333 59.1525 87.48C60.6458 88.1733 62.4058 88.52 64.4325 88.52C68.3258 88.52 71.4458 87.3733 73.7925 85.08C76.1392 82.7867 77.3125 79.7467 77.3125 75.96C77.3125 71.4267 75.9525 67.9067 73.2325 65.4C70.5658 62.8933 67.1792 61.64 63.0725 61.64H62.1925C61.3392 61.64 60.7525 61.32 60.4325 60.68C60.1658 60.04 60.2992 59.4 60.8325 58.76L75.7925 40.36H48.3525C47.2858 40.36 46.7525 39.8267 46.7525 38.76V35.64C46.7525 34.68 47.2592 34.2 48.2725 34.2H82.2725C83.3392 34.2 83.8725 34.6533 83.8725 35.56V36.28C83.8725 37.0267 83.4725 37.8267 82.6725 38.68L65.4725 58.12Z\" fill=\"#CC5852\"><\/path><\/svg>\t\t\t\t\t\t<\/span>\n\t\t\t\t\t\t\t\t\t\t<span class=\"elementor-icon-list-text\">El sorteo estar\u00e1 activo <b>solo hoy<\/b>, as\u00ed que no lo dejes para m\u00e1s tarde<\/span>\n\t\t\t\t\t\t\t\t\t<\/li>\n\t\t\t\t\t\t<\/ul>\n\t\t\t\t\t\t<\/div>\n\t\t\t\t<\/div>\n\t\t\t\t<div class=\"elementor-element elementor-element-08b01a2 elementor-widget elementor-widget-text-editor\" data-id=\"08b01a2\" data-element_type=\"widget\" data-e-type=\"widget\" data-settings=\"{&quot;ekit_we_effect_on&quot;:&quot;none&quot;}\" data-widget_type=\"text-editor.default\">\n\t\t\t\t<div class=\"elementor-widget-container\">\n\t\t\t\t\t\t\t\t\t<h4><span style=\"font-weight: 400; color: #ffffff;\">\u00a1Mucha suerte y a disfrutar del evento!<\/span><\/h4>\t\t\t\t\t\t\t\t<\/div>\n\t\t\t\t<\/div>\n\t\t\t\t\t<\/div>\n\t\t<\/div>\n\t\t\t\t<div class=\"elementor-column elementor-col-50 elementor-top-column elementor-element elementor-element-5d3f95\" data-id=\"5d3f95\" data-element_type=\"column\" data-e-type=\"column\" data-settings=\"{&quot;background_background&quot;:&quot;classic&quot;}\">\n\t\t\t<div class=\"elementor-widget-wrap elementor-element-populated\">\n\t\t\t\t\t\t<div class=\"elementor-element elementor-element-364c4be6 elementor-widget elementor-widget-image\" data-id=\"364c4be6\" data-element_type=\"widget\" data-e-type=\"widget\" data-settings=\"{&quot;motion_fx_motion_fx_mouse&quot;:&quot;yes&quot;,&quot;motion_fx_mouseTrack_effect&quot;:&quot;yes&quot;,&quot;motion_fx_mouseTrack_speed&quot;:{&quot;unit&quot;:&quot;px&quot;,&quot;size&quot;:0.2,&quot;sizes&quot;:[]},&quot;ekit_we_effect_on&quot;:&quot;none&quot;}\" data-widget_type=\"image.default\">\n\t\t\t\t<div class=\"elementor-widget-container\">\n\t\t\t\t\t\t\t\t\t\t\t\t\t\t\t<img loading=\"lazy\" decoding=\"async\" width=\"2428\" height=\"2428\" src=\"https:\/\/ifeelonline.com\/es\/wp-content\/uploads\/2025\/04\/box.png\" class=\"attachment-full size-full wp-image-15594\" alt=\"\" srcset=\"https:\/\/ifeelonline.com\/es\/wp-content\/uploads\/2025\/04\/box.png 2428w, https:\/\/ifeelonline.com\/es\/wp-content\/uploads\/2025\/04\/box-300x300.png 300w, https:\/\/ifeelonline.com\/es\/wp-content\/uploads\/2025\/04\/box-1024x1024.png 1024w, https:\/\/ifeelonline.com\/es\/wp-content\/uploads\/2025\/04\/box-150x150.png 150w, https:\/\/ifeelonline.com\/es\/wp-content\/uploads\/2025\/04\/box-768x768.png 768w, https:\/\/ifeelonline.com\/es\/wp-content\/uploads\/2025\/04\/box-1536x1536.png 1536w, https:\/\/ifeelonline.com\/es\/wp-content\/uploads\/2025\/04\/box-2048x2048.png 2048w\" sizes=\"auto, (max-width: 2428px) 100vw, 2428px\">\t\t\t\t\t\t\t\t\t\t\t\t\t\t\t<\/div>\n\t\t\t\t<\/div>\n\t\t\t\t\t<\/div>\n\t\t<\/div>\n\t\t\t\t\t<\/div>\n\t\t<\/section>\n\t\t<div data-particle_enable=\"false\" data-particle-mobile-disabled=\"false\" class=\"elementor-element elementor-element-539960b e-flex e-con-boxed e-con e-parent\" data-id=\"539960b\" data-element_type=\"container\" data-e-type=\"container\" data-settings=\"{&quot;background_background&quot;:&quot;classic&quot;}\">\n\t\t\t\t\t<div class=\"e-con-inner\">\n\t\t<div data-particle_enable=\"false\" data-particle-mobile-disabled=\"false\" class=\"elementor-element elementor-element-1ca3a55 e-con-full e-flex e-con e-child\" data-id=\"1ca3a55\" data-element_type=\"container\" data-e-type=\"container\" data-settings=\"{&quot;background_background&quot;:&quot;classic&quot;}\">\n\t\t\t\t<div class=\"elementor-element elementor-element-d0cd15e elementor-widget elementor-widget-html\" data-id=\"d0cd15e\" data-element_type=\"widget\" data-e-type=\"widget\" data-settings=\"{&quot;ekit_we_effect_on&quot;:&quot;none&quot;}\" data-widget_type=\"html.default\">\n\t\t\t\t<div class=\"elementor-widget-container\">\n\t\t\t\t\t<script charset=\"utf-8\" type=\"text\/javascript\" src=\"\/\/js-eu1.hsforms.net\/forms\/embed\/v2.js\"><\/script>\n<script>\n  hbspt.forms.create({\n    portalId: \"24884594\",\n    formId: \"4a4f6940-f83a-46b8-a02a-a702a0177ca0\",\n    region: \"eu1\"\n  });\n<\/script>\t\t\t\t<\/div>\n\t\t\t\t<\/div>\n\t\t\t\t<\/div>\n\t\t\t\t\t<\/div>\n\t\t\t\t<\/div>\n\t\t<div data-particle_enable=\"false\" data-particle-mobile-disabled=\"false\" class=\"elementor-element elementor-element-2a03ff9 e-flex e-con-boxed e-con e-parent\" data-id=\"2a03ff9\" data-element_type=\"container\" data-e-type=\"container\" data-settings=\"{&quot;background_background&quot;:&quot;classic&quot;}\">\n\t\t\t\t\t<div class=\"e-con-inner\">\n\t\t<div data-particle_enable=\"false\" data-particle-mobile-disabled=\"false\" class=\"elementor-element elementor-element-12c24fb e-con-full e-flex e-con e-child\" data-id=\"12c24fb\" data-element_type=\"container\" data-e-type=\"container\" data-settings=\"{&quot;background_background&quot;:&quot;classic&quot;}\">\n\t\t\t\t<div class=\"elementor-element elementor-element-d046357 elementor-widget elementor-widget-text-editor\" data-id=\"d046357\" data-element_type=\"widget\" data-e-type=\"widget\" data-settings=\"{&quot;ekit_we_effect_on&quot;:&quot;none&quot;}\" data-widget_type=\"text-editor.default\">\n\t\t\t\t<div class=\"elementor-widget-container\">\n\t\t\t\t\t\t\t\t\t<p>ifeel, la soluci\u00f3n definitiva para abordar la salud mental en el trabajo de forma escalable<\/p>\t\t\t\t\t\t\t\t<\/div>\n\t\t\t\t<\/div>\n\t\t\t\t<div class=\"elementor-element elementor-element-8ecc764 elementor-widget elementor-widget-text-editor\" data-id=\"8ecc764\" data-element_type=\"widget\" data-e-type=\"widget\" data-settings=\"{&quot;ekit_we_effect_on&quot;:&quot;none&quot;}\" data-widget_type=\"text-editor.default\">\n\t\t\t\t<div class=\"elementor-widget-container\">\n\t\t\t\t\t\t\t\t\t<p>ifeel es una soluci\u00f3n din\u00e1mica, a medida y con un enfoque basado en datos clave que cuida la salud mental de las organizaciones empresariales con presencia global de manera eficiente, impactando positivamente en su cuenta de resultados.<\/p><p>Nuestro modelo de triaje cl\u00ednico potenciado con IA, el intercambio inteligente y continuo de informaci\u00f3n, junto con nuestra experiencia cient\u00edfica, nos permite abordar tanto la prevenci\u00f3n como la intervenci\u00f3n de manera anticipada, ayudando a las organizaciones a cuidar proactivamente la salud mental, reducir el absentismo e integrar cambios duraderos.<\/p><p>\u00a0<\/p><p>\u00bfQuieres saber m\u00e1s? Ac\u00e9rcate a nuestro stand durante la jornada o d\u00e9janos tus datos para que empecemos a trabajar juntos en tu soluci\u00f3n a medida.<\/p>\t\t\t\t\t\t\t\t<\/div>\n\t\t\t\t<\/div>\n\t\t\t\t<div class=\"elementor-element elementor-element-92b8021 elementor-widget elementor-widget-button\" data-id=\"92b8021\" data-element_type=\"widget\" data-e-type=\"widget\" data-settings=\"{&quot;ekit_we_effect_on&quot;:&quot;none&quot;}\" data-widget_type=\"button.default\">\n\t\t\t\t<div class=\"elementor-widget-container\">\n\t\t\t\t\t\t\t\t\t<div class=\"elementor-button-wrapper\">\n\t\t\t\t\t<a class=\"elementor-button elementor-button-link elementor-size-sm\" href=\"https:\/\/ifeelonline.com\/es\/solicitar-demo\/\">\n\t\t\t\t\t\t<span class=\"elementor-button-content-wrapper\">\n\t\t\t\t\t\t\t\t\t<span class=\"elementor-button-text\">Empieza ahora<\/span>\n\t\t\t\t\t<\/span>\n\t\t\t\t\t<\/a>\n\t\t\t\t<\/div>\n\t\t\t\t\t\t\t\t<\/div>\n\t\t\t\t<\/div>\n\t\t\t\t<\/div>\n\t\t<div data-particle_enable=\"false\" data-particle-mobile-disabled=\"false\" class=\"elementor-element elementor-element-11013cf e-con-full e-flex e-con e-child\" data-id=\"11013cf\" data-element_type=\"container\" data-e-type=\"container\">\n\t\t\t\t<div class=\"elementor-element elementor-element-f5ab1d3 animated-slow elementor-invisible elementor-widget elementor-widget-image\" data-id=\"f5ab1d3\" data-element_type=\"widget\" data-e-type=\"widget\" data-settings=\"{&quot;_animation&quot;:&quot;slideInRight&quot;,&quot;ekit_we_effect_on&quot;:&quot;none&quot;}\" data-widget_type=\"image.default\">\n\t\t\t\t<div class=\"elementor-widget-container\">\n\t\t\t\t\t\t\t\t\t\t\t\t\t\t\t<img loading=\"lazy\" decoding=\"async\" width=\"800\" height=\"843\" src=\"https:\/\/ifeelonline.com\/es\/wp-content\/uploads\/2025\/03\/ES_mockup-1-972x1024.png\" class=\"attachment-large size-large wp-image-15516\" alt=\"\" srcset=\"https:\/\/ifeelonline.com\/es\/wp-content\/uploads\/2025\/03\/ES_mockup-1-972x1024.png 972w, https:\/\/ifeelonline.com\/es\/wp-content\/uploads\/2025\/03\/ES_mockup-1-285x300.png 285w, https:\/\/ifeelonline.com\/es\/wp-content\/uploads\/2025\/03\/ES_mockup-1-768x809.png 768w, https:\/\/ifeelonline.com\/es\/wp-content\/uploads\/2025\/03\/ES_mockup-1.png 1220w\" sizes=\"auto, (max-width: 800px) 100vw, 800px\">\t\t\t\t\t\t\t\t\t\t\t\t\t\t\t<\/div>\n\t\t\t\t<\/div>\n\t\t\t\t<\/div>\n\t\t\t\t\t<\/div>\n\t\t\t\t<\/div>\n\t\t\t\t<\/div>\n\t\t\n    <div class=\"xs_social_share_widget xs_share_url after_content \t\tmain_content  wslu-style-1 wslu-share-box-shaped wslu-fill-colored wslu-none wslu-share-horizontal wslu-theme-font-no wslu-main_content\">\n\n\t\t\n        <ul>\n\t\t\t        <\/ul>\n    <\/div> \n","protected":false},"excerpt":{"rendered":"<p>Prepara las maletas\u2026 \u00a1Dub\u00e1i te espera! Sorteamos un viaje de 4 d\u00edas para dos personas. \u00a0 Participar es muy sencillo: Rellena el siguiente formulario con tus datos S\u00edguenos en LinkedIn El sorteo estar\u00e1 activo solo hoy, as\u00ed que no lo dejes para m\u00e1s tarde \u00a1Mucha suerte y a disfrutar del evento! ifeel, la soluci\u00f3n definitiva [&hellip;]<\/p>\n","protected":false},"author":48,"featured_media":0,"parent":0,"menu_order":0,"comment_status":"closed","ping_status":"closed","template":"","meta":{"content-type":"","postBodyCss":"","postBodyMargin":[],"postBodyPadding":[],"postBodyBackground":{"backgroundType":"classic","gradient":""},"footnotes":""},"class_list":["post-15583","page","type-page","status-publish","hentry"],"_links":{"self":[{"href":"https:\/\/ifeelonline.com\/es\/wp-json\/wp\/v2\/pages\/15583","targetHints":{"allow":["GET"]}}],"collection":[{"href":"https:\/\/ifeelonline.com\/es\/wp-json\/wp\/v2\/pages"}],"about":[{"href":"https:\/\/ifeelonline.com\/es\/wp-json\/wp\/v2\/types\/page"}],"author":[{"embeddable":true,"href":"https:\/\/ifeelonline.com\/es\/wp-json\/wp\/v2\/users\/48"}],"replies":[{"embeddable":true,"href":"https:\/\/ifeelonline.com\/es\/wp-json\/wp\/v2\/comments?post=15583"}],"version-history":[{"count":0,"href":"https:\/\/ifeelonline.com\/es\/wp-json\/wp\/v2\/pages\/15583\/revisions"}],"wp:attachment":[{"href":"https:\/\/ifeelonline.com\/es\/wp-json\/wp\/v2\/media?parent=15583"}],"curies":[{"name":"wp","href":"https:\/\/api.w.org\/{rel}","templated":true}]}}