{"id":15104,"date":"2025-03-06T14:55:44","date_gmt":"2025-03-06T13:55:44","guid":{"rendered":"https:\/\/ifeelonline.com\/?page_id=15104"},"modified":"2025-12-03T14:58:49","modified_gmt":"2025-12-03T13:58:49","slug":"solicitar-info","status":"publish","type":"page","link":"https:\/\/ifeelonline.com\/es\/solicitar-info\/","title":{"rendered":"Solicitar una evaluaci\u00f3n personalizada"},"content":{"rendered":"\t\t<div data-elementor-type=\"wp-page\" data-elementor-id=\"15104\" class=\"elementor elementor-15104\" data-elementor-post-type=\"page\">\n\t\t\t\t\t\t<section data-particle_enable=\"false\" data-particle-mobile-disabled=\"false\" class=\"elementor-section elementor-top-section elementor-element elementor-element-4e37c2ce elementor-section-boxed elementor-section-height-default elementor-section-height-default\" data-id=\"4e37c2ce\" data-element_type=\"section\" data-e-type=\"section\">\n\t\t\t\t\t\t<div class=\"elementor-container elementor-column-gap-default\">\n\t\t\t\t\t\t<\/div>\n\t\t<\/section>\n\t\t\t\t<section data-particle_enable=\"false\" data-particle-mobile-disabled=\"false\" class=\"elementor-section elementor-top-section elementor-element elementor-element-3d9ecd7a elementor-section-boxed elementor-section-height-default elementor-section-height-default\" data-id=\"3d9ecd7a\" data-element_type=\"section\" data-e-type=\"section\">\n\t\t\t\t\t\t<div class=\"elementor-container elementor-column-gap-default\">\n\t\t\t\t\t\t<\/div>\n\t\t<\/section>\n\t\t<div data-particle_enable=\"false\" data-particle-mobile-disabled=\"false\" class=\"elementor-element elementor-element-6e71580b elementor-hidden-desktop elementor-hidden-tablet e-flex e-con-boxed e-con e-parent\" data-id=\"6e71580b\" data-element_type=\"container\" data-e-type=\"container\" data-settings=\"{&quot;background_background&quot;:&quot;classic&quot;}\">\n\t\t\t\t\t<div class=\"e-con-inner\">\n\t\t<div data-particle_enable=\"false\" data-particle-mobile-disabled=\"false\" class=\"elementor-element elementor-element-50e5aa5f e-con-full e-flex e-con e-child\" data-id=\"50e5aa5f\" data-element_type=\"container\" data-e-type=\"container\">\n\t\t\t\t<div class=\"elementor-element elementor-element-04e4007 titulo-personalizado elementor-widget elementor-widget-heading\" data-id=\"04e4007\" data-element_type=\"widget\" data-e-type=\"widget\" data-settings=\"{&quot;ekit_we_effect_on&quot;:&quot;none&quot;}\" data-widget_type=\"heading.default\">\n\t\t\t\t<div class=\"elementor-widget-container\">\n\t\t\t\t\t<h2 class=\"elementor-heading-title elementor-size-default\">Empieza ya con tu evaluaci\u00f3n <span class=\"resaltar-palabra\"> personalizada<\/span><\/h2>\t\t\t\t<\/div>\n\t\t\t\t<\/div>\n\t\t\t\t<div class=\"elementor-element elementor-element-476a3d5 elementor-widget elementor-widget-text-editor\" data-id=\"476a3d5\" data-element_type=\"widget\" data-e-type=\"widget\" data-settings=\"{&quot;ekit_we_effect_on&quot;:&quot;none&quot;}\" data-widget_type=\"text-editor.default\">\n\t\t\t\t<div class=\"elementor-widget-container\">\n\t\t\t\t\t\t\t\t\t<p><span style=\"color: #ff8a7c;\"><span style=\"color: #ffffff;\">Env\u00edanos tus datos y uno de nuestros expertos se pondr\u00e1 en contacto contigo en menos de<\/span> 24 horas<\/span><\/p>\t\t\t\t\t\t\t\t<\/div>\n\t\t\t\t<\/div>\n\t\t\t\t<div class=\"elementor-element elementor-element-02d9816 elementor-widget elementor-widget-html\" data-id=\"02d9816\" data-element_type=\"widget\" data-e-type=\"widget\" data-settings=\"{&quot;ekit_we_effect_on&quot;:&quot;none&quot;}\" data-widget_type=\"html.default\">\n\t\t\t\t<div class=\"elementor-widget-container\">\n\t\t\t\t\t<script charset=\"utf-8\" type=\"text\/javascript\" src=\"\/\/js-eu1.hsforms.net\/forms\/embed\/v2.js\"><\/script>\n<script>\n  hbspt.forms.create({\n    portalId: \"24884594\",\n    formId: \"d089c6c3-9454-4ab5-82e5-77b0776db6d1\",\n    region: \"eu1\"\n  });\n<\/script>\t\t\t\t<\/div>\n\t\t\t\t<\/div>\n\t\t\t\t<div class=\"elementor-element elementor-element-ce37974 elementor-widget elementor-widget-text-editor\" data-id=\"ce37974\" data-element_type=\"widget\" data-e-type=\"widget\" data-settings=\"{&quot;ekit_we_effect_on&quot;:&quot;none&quot;}\" data-widget_type=\"text-editor.default\">\n\t\t\t\t<div class=\"elementor-widget-container\">\n\t\t\t\t\t\t\t\t\t<p>Est\u00e1s a un paso de reducir el absentismo, mitigar riesgos y mejorar la salud mental en tu empresa.<\/p>\t\t\t\t\t\t\t\t<\/div>\n\t\t\t\t<\/div>\n\t\t<div data-particle_enable=\"false\" data-particle-mobile-disabled=\"false\" class=\"elementor-element elementor-element-14a93c0e e-grid e-con-full e-con e-child\" data-id=\"14a93c0e\" data-element_type=\"container\" data-e-type=\"container\">\n\t\t\t\t<div class=\"elementor-element elementor-element-38eb5b42 elementor-widget elementor-widget-text-editor\" data-id=\"38eb5b42\" data-element_type=\"widget\" data-e-type=\"widget\" data-settings=\"{&quot;ekit_we_effect_on&quot;:&quot;none&quot;}\" data-widget_type=\"text-editor.default\">\n\t\t\t\t<div class=\"elementor-widget-container\">\n\t\t\t\t\t\t\t\t\t<h1><span style=\"color: #ff8a7c; font-weight: normal;\">6 &#8211; 12 meses<\/span><\/h1><p>resultados medibles a nivel organizacional en un periodo de tiempo determinado.<\/p>\t\t\t\t\t\t\t\t<\/div>\n\t\t\t\t<\/div>\n\t\t\t\t<div class=\"elementor-element elementor-element-3035093 elementor-widget elementor-widget-text-editor\" data-id=\"3035093\" data-element_type=\"widget\" data-e-type=\"widget\" data-settings=\"{&quot;ekit_we_effect_on&quot;:&quot;none&quot;}\" data-widget_type=\"text-editor.default\">\n\t\t\t\t<div class=\"elementor-widget-container\">\n\t\t\t\t\t\t\t\t\t<h1><span style=\"color: #ff8a7c; font-weight: normal;\">80%<\/span><\/h1><p>de los empleados experimentan una mejora en su salud mental, reflejando la efectividad y el impacto de nuestra soluci\u00f3n.<\/p>\t\t\t\t\t\t\t\t<\/div>\n\t\t\t\t<\/div>\n\t\t\t\t<div class=\"elementor-element elementor-element-1331e913 elementor-widget elementor-widget-text-editor\" data-id=\"1331e913\" data-element_type=\"widget\" data-e-type=\"widget\" data-settings=\"{&quot;ekit_we_effect_on&quot;:&quot;none&quot;}\" data-widget_type=\"text-editor.default\">\n\t\t\t\t<div class=\"elementor-widget-container\">\n\t\t\t\t\t\t\t\t\t<h1><span style=\"color: #ff8a7c; font-weight: normal;\">30%<\/span><\/h1><p>de reducci\u00f3n en el riesgo de absentismo laboral por causas de salud mental entre los empleados con riesgo de desvinculaci\u00f3n del entorno laboral.<\/p>\t\t\t\t\t\t\t\t<\/div>\n\t\t\t\t<\/div>\n\t\t\t\t<div class=\"elementor-element elementor-element-4d6b137a elementor-widget elementor-widget-text-editor\" data-id=\"4d6b137a\" data-element_type=\"widget\" data-e-type=\"widget\" data-settings=\"{&quot;ekit_we_effect_on&quot;:&quot;none&quot;}\" data-widget_type=\"text-editor.default\">\n\t\t\t\t<div class=\"elementor-widget-container\">\n\t\t\t\t\t\t\t\t\t<h1><span style=\"color: #ff8a7c; font-weight: normal;\">15-50mil\u20ac<\/span><\/h1><p>de ahorro por cada caso de empleado de riesgo medio\/alto gracias a un apoyo proactivo en salud mental.<\/p>\t\t\t\t\t\t\t\t<\/div>\n\t\t\t\t<\/div>\n\t\t\t\t<\/div>\n\t\t\t\t<\/div>\n\t\t\t\t\t<\/div>\n\t\t\t\t<\/div>\n\t\t<div data-particle_enable=\"false\" data-particle-mobile-disabled=\"false\" class=\"elementor-element elementor-element-8fab2cb elementor-hidden-mobile e-flex e-con-boxed e-con e-parent\" data-id=\"8fab2cb\" data-element_type=\"container\" data-e-type=\"container\" data-settings=\"{&quot;background_background&quot;:&quot;classic&quot;}\">\n\t\t\t\t\t<div class=\"e-con-inner\">\n\t\t<div data-particle_enable=\"false\" data-particle-mobile-disabled=\"false\" class=\"elementor-element elementor-element-4e8ebbc e-con-full e-flex e-con e-child\" data-id=\"4e8ebbc\" data-element_type=\"container\" data-e-type=\"container\">\n\t\t\t\t<div class=\"elementor-element elementor-element-e8a2579 elementor-widget elementor-widget-heading\" data-id=\"e8a2579\" data-element_type=\"widget\" data-e-type=\"widget\" data-settings=\"{&quot;ekit_we_effect_on&quot;:&quot;none&quot;}\" data-widget_type=\"heading.default\">\n\t\t\t\t<div class=\"elementor-widget-container\">\n\t\t\t\t\t<h1 class=\"elementor-heading-title elementor-size-default\">Empieza ya con\n<br>tu evaluaci\u00f3n personalizada<\/h1>\t\t\t\t<\/div>\n\t\t\t\t<\/div>\n\t\t\t\t<div class=\"elementor-element elementor-element-cc0a25c elementor-widget elementor-widget-text-editor\" data-id=\"cc0a25c\" data-element_type=\"widget\" data-e-type=\"widget\" data-settings=\"{&quot;ekit_we_effect_on&quot;:&quot;none&quot;}\" data-widget_type=\"text-editor.default\">\n\t\t\t\t<div class=\"elementor-widget-container\">\n\t\t\t\t\t\t\t\t\t<p>Est\u00e1s a un paso de reducir el absentismo, mitigar riesgos y mejorar la salud mental en tu empresa.<\/p>\t\t\t\t\t\t\t\t<\/div>\n\t\t\t\t<\/div>\n\t\t<div data-particle_enable=\"false\" data-particle-mobile-disabled=\"false\" class=\"elementor-element elementor-element-abee339 e-grid e-con-full e-con e-child\" data-id=\"abee339\" data-element_type=\"container\" data-e-type=\"container\">\n\t\t\t\t<div class=\"elementor-element elementor-element-bcf15e5 elementor-widget elementor-widget-text-editor\" data-id=\"bcf15e5\" data-element_type=\"widget\" data-e-type=\"widget\" data-settings=\"{&quot;ekit_we_effect_on&quot;:&quot;none&quot;}\" data-widget_type=\"text-editor.default\">\n\t\t\t\t<div class=\"elementor-widget-container\">\n\t\t\t\t\t\t\t\t\t<h1><span style=\"color: #ff8a7c; font-weight: normal;\">6-12 meses<\/span><\/h1><p>resultados medibles a nivel organizacional en un periodo de tiempo determinado.<\/p>\t\t\t\t\t\t\t\t<\/div>\n\t\t\t\t<\/div>\n\t\t\t\t<div class=\"elementor-element elementor-element-13b29a0 elementor-widget elementor-widget-text-editor\" data-id=\"13b29a0\" data-element_type=\"widget\" data-e-type=\"widget\" data-settings=\"{&quot;ekit_we_effect_on&quot;:&quot;none&quot;}\" data-widget_type=\"text-editor.default\">\n\t\t\t\t<div class=\"elementor-widget-container\">\n\t\t\t\t\t\t\t\t\t<h1><span style=\"color: #ff8a7c; font-weight: normal;\">80%<\/span><\/h1><p>de los empleados experimentan una mejora en su salud mental, reflejando la efectividad y el impacto de nuestra soluci\u00f3n.<\/p>\t\t\t\t\t\t\t\t<\/div>\n\t\t\t\t<\/div>\n\t\t\t\t<div class=\"elementor-element elementor-element-03dbe55 elementor-widget elementor-widget-text-editor\" data-id=\"03dbe55\" data-element_type=\"widget\" data-e-type=\"widget\" data-settings=\"{&quot;ekit_we_effect_on&quot;:&quot;none&quot;}\" data-widget_type=\"text-editor.default\">\n\t\t\t\t<div class=\"elementor-widget-container\">\n\t\t\t\t\t\t\t\t\t<h1><span style=\"color: #ff8a7c; font-weight: normal;\">30%<\/span><\/h1><p>de reducci\u00f3n en el riesgo de absentismo laboral por causas de salud mental entre los empleados con riesgo de desvinculaci\u00f3n del entorno laboral.<\/p>\t\t\t\t\t\t\t\t<\/div>\n\t\t\t\t<\/div>\n\t\t\t\t<div class=\"elementor-element elementor-element-16bd980 elementor-widget elementor-widget-text-editor\" data-id=\"16bd980\" data-element_type=\"widget\" data-e-type=\"widget\" data-settings=\"{&quot;ekit_we_effect_on&quot;:&quot;none&quot;}\" data-widget_type=\"text-editor.default\">\n\t\t\t\t<div class=\"elementor-widget-container\">\n\t\t\t\t\t\t\t\t\t<h1><span style=\"color: #ff8a7c; font-weight: normal;\">15-50mil\u20ac<\/span><\/h1><p>de ahorro por cada caso de empleado de riesgo medio\/alto gracias a un apoyo proactivo en salud mental.<\/p>\t\t\t\t\t\t\t\t<\/div>\n\t\t\t\t<\/div>\n\t\t\t\t<\/div>\n\t\t\t\t<\/div>\n\t\t<div data-particle_enable=\"false\" data-particle-mobile-disabled=\"false\" class=\"elementor-element elementor-element-c70d25a e-con-full e-flex e-con e-child\" data-id=\"c70d25a\" data-element_type=\"container\" data-e-type=\"container\">\n\t\t\t\t<div class=\"elementor-element elementor-element-a6eedce elementor-widget elementor-widget-text-editor\" data-id=\"a6eedce\" data-element_type=\"widget\" data-e-type=\"widget\" data-settings=\"{&quot;ekit_we_effect_on&quot;:&quot;none&quot;}\" data-widget_type=\"text-editor.default\">\n\t\t\t\t<div class=\"elementor-widget-container\">\n\t\t\t\t\t\t\t\t\t<p><span style=\"color: #ff8a7c;\"><span style=\"color: #ffffff;\">Env\u00edanos tus datos y uno de nuestros expertos se pondr\u00e1 en contacto contigo en menos de<\/span> 24 horas<br \/><br \/><\/span><\/p>\t\t\t\t\t\t\t\t<\/div>\n\t\t\t\t<\/div>\n\t\t\t\t<div class=\"elementor-element elementor-element-d4f32d6 elementor-widget elementor-widget-html\" data-id=\"d4f32d6\" data-element_type=\"widget\" data-e-type=\"widget\" data-settings=\"{&quot;ekit_we_effect_on&quot;:&quot;none&quot;}\" data-widget_type=\"html.default\">\n\t\t\t\t<div class=\"elementor-widget-container\">\n\t\t\t\t\t<script charset=\"utf-8\" type=\"text\/javascript\" src=\"\/\/js-eu1.hsforms.net\/forms\/embed\/v2.js\"><\/script>\n<script>\n  hbspt.forms.create({\n    portalId: \"24884594\",\n    formId: \"d089c6c3-9454-4ab5-82e5-77b0776db6d1\",\n    region: \"eu1\"\n  });\n<\/script>\t\t\t\t<\/div>\n\t\t\t\t<\/div>\n\t\t\t\t<\/div>\n\t\t\t\t\t<\/div>\n\t\t\t\t<\/div>\n\t\t<div data-particle_enable=\"false\" data-particle-mobile-disabled=\"false\" class=\"elementor-element elementor-element-22d9ea3 elementor-hidden-desktop elementor-hidden-tablet e-flex e-con-boxed e-con e-parent\" data-id=\"22d9ea3\" data-element_type=\"container\" data-e-type=\"container\">\n\t\t\t\t\t<div class=\"e-con-inner\">\n\t\t\t\t<div class=\"elementor-element elementor-element-a1dd0b8 elementor-testimonial--layout-image_above elementor-testimonial--align-left elementor-testimonial--mobile-align-left elementor-hidden-desktop elementor-hidden-tablet elementor-testimonial--skin-default elementor-pagination-type-bullets elementor-widget elementor-widget-testimonial-carousel\" data-id=\"a1dd0b8\" data-element_type=\"widget\" data-e-type=\"widget\" data-settings=\"{&quot;space_between_mobile&quot;:{&quot;unit&quot;:&quot;px&quot;,&quot;size&quot;:5,&quot;sizes&quot;:[]},&quot;_animation_mobile&quot;:&quot;none&quot;,&quot;pagination&quot;:&quot;bullets&quot;,&quot;speed&quot;:500,&quot;loop&quot;:&quot;yes&quot;,&quot;space_between&quot;:{&quot;unit&quot;:&quot;px&quot;,&quot;size&quot;:10,&quot;sizes&quot;:[]},&quot;space_between_tablet&quot;:{&quot;unit&quot;:&quot;px&quot;,&quot;size&quot;:10,&quot;sizes&quot;:[]},&quot;ekit_we_effect_on&quot;:&quot;none&quot;}\" data-widget_type=\"testimonial-carousel.default\">\n\t\t\t\t<div class=\"elementor-widget-container\">\n\t\t\t\t\t\t\t\t\t<div class=\"elementor-swiper\">\n\t\t\t\t\t<div class=\"elementor-main-swiper swiper\" role=\"region\" aria-roledescription=\"carousel\" aria-label=\"Diapositivas\">\n\t\t\t\t<div class=\"swiper-wrapper\">\n\t\t\t\t\t\t\t\t\t\t\t<div class=\"swiper-slide\" role=\"group\" aria-roledescription=\"slide\">\n\t\t\t\t\t\t\t\t\t<div class=\"elementor-testimonial\">\n\t\t\t\t\t\t\t<div class=\"elementor-testimonial__content\">\n\t\t\t\t\t<div class=\"elementor-testimonial__text\">\n\t\t\t\t\t\t\u201cLa propuesta de ifeel nos ofrec\u00eda la posibilidad de abordar estos temas, con flexibilidad, ultra confidencialidad, con un equipo profesional muy potente por detr\u00e1s, y sobre todo con la sensaci\u00f3n de seguridad de que iban a estar all\u00ed donde los necesit\u00e1ramos. \u201d\t\t\t\t\t<\/div>\n\t\t\t\t\t<cite class=\"elementor-testimonial__cite\"><span class=\"elementor-testimonial__name\">Virginia Gren\u00f3n Lobato<\/span><span class=\"elementor-testimonial__title\">Global Head of Human Resources Operation at Cabify<\/span><\/cite>\t\t\t\t<\/div>\n\t\t\t\t\t\t<div class=\"elementor-testimonial__footer\">\n\t\t\t\t\t\t\t\t\t<div class=\"elementor-testimonial__image\">\n\t\t\t\t\t\t<img decoding=\"async\" src=\"https:\/\/ifeelonline.com\/es\/wp-content\/uploads\/2025\/03\/cabi.png\" alt=\"Virginia Gren\u00f3n Lobato\">\n\t\t\t\t\t\t\t\t\t\t\t<\/div>\n\t\t\t\t\t\t\t\t\t\t\t<\/div>\n\t\t<\/div>\n\t\t\t\t\t\t\t\t<\/div>\n\t\t\t\t\t\t\t\t\t\t\t<div class=\"swiper-slide\" role=\"group\" aria-roledescription=\"slide\">\n\t\t\t\t\t\t\t\t\t<div class=\"elementor-testimonial\">\n\t\t\t\t\t\t\t<div class=\"elementor-testimonial__content\">\n\t\t\t\t\t<div class=\"elementor-testimonial__text\">\n\t\t\t\t\t\t\"Nuestra asociaci\u00f3n con ifeel ha catalizado un cambio positivo en el debate sobre el bienestar mental en SCOR. Desde la implementaci\u00f3n de la soluci\u00f3n de ifeel, hemos visto que se habla m\u00e1s abiertamente sobre salud mental dentro de nuestra organizaci\u00f3n.\"\t\t\t\t\t<\/div>\n\t\t\t\t\t<cite class=\"elementor-testimonial__cite\"><span class=\"elementor-testimonial__name\">Sabrina Kruse<\/span><span class=\"elementor-testimonial__title\">Head of HR EMEA &amp; Group Head of Diversity, Inclusion and Engagement at SCOR<\/span><\/cite>\t\t\t\t<\/div>\n\t\t\t\t\t\t<div class=\"elementor-testimonial__footer\">\n\t\t\t\t\t\t\t\t\t<div class=\"elementor-testimonial__image\">\n\t\t\t\t\t\t<img decoding=\"async\" src=\"https:\/\/ifeelonline.com\/es\/wp-content\/uploads\/2025\/03\/1SCOR.png\" alt=\"Sabrina Kruse\">\n\t\t\t\t\t\t\t\t\t\t\t<\/div>\n\t\t\t\t\t\t\t\t\t\t\t<\/div>\n\t\t<\/div>\n\t\t\t\t\t\t\t\t<\/div>\n\t\t\t\t\t\t\t\t\t\t\t<div class=\"swiper-slide\" role=\"group\" aria-roledescription=\"slide\">\n\t\t\t\t\t\t\t\t\t<div class=\"elementor-testimonial\">\n\t\t\t\t\t\t\t<div class=\"elementor-testimonial__content\">\n\t\t\t\t\t<div class=\"elementor-testimonial__text\">\n\t\t\t\t\t\t\" La soluci\u00f3n que ofrece ifeel siendo 100% online, facilita mucho el acceso a los diferentes servicios, a la vez que rompe las barreras geogr\u00e1ficas y horarias, siendo m\u00e1s efectiva y accesible para un mayor n\u00famero de personas.\"\t\t\t\t\t<\/div>\n\t\t\t\t\t<cite class=\"elementor-testimonial__cite\"><span class=\"elementor-testimonial__name\">David Pe\u00f1aranda<\/span><span class=\"elementor-testimonial__title\">Health &amp; Safety Manager Spain and Portugal - Werfen<\/span><\/cite>\t\t\t\t<\/div>\n\t\t\t\t\t\t<div class=\"elementor-testimonial__footer\">\n\t\t\t\t\t\t\t\t\t<div class=\"elementor-testimonial__image\">\n\t\t\t\t\t\t<img decoding=\"async\" src=\"https:\/\/ifeelonline.com\/es\/wp-content\/uploads\/2025\/03\/david.png\" alt=\"David Pe\u00f1aranda\">\n\t\t\t\t\t\t\t\t\t\t\t<\/div>\n\t\t\t\t\t\t\t\t\t\t\t<\/div>\n\t\t<\/div>\n\t\t\t\t\t\t\t\t<\/div>\n\t\t\t\t\t\t\t\t\t\t\t<div class=\"swiper-slide\" role=\"group\" aria-roledescription=\"slide\">\n\t\t\t\t\t\t\t\t\t<div class=\"elementor-testimonial\">\n\t\t\t\t\t\t\t<div class=\"elementor-testimonial__content\">\n\t\t\t\t\t<div class=\"elementor-testimonial__text\">\n\t\t\t\t\t\t\u201cNo cabe duda de que cada vez estamos m\u00e1s concienciados de que hay que cuidar de nuestra salud mental y los empleados agradecen y valoran que su empresa les brinde este servicio. ifeel es una soluci\u00f3n tecnol\u00f3gica que se adapta a los tiempos de cada usuario sin ser nada intrusiva.\u201d\n\t\t\t\t\t<\/div>\n\t\t\t\t\t<cite class=\"elementor-testimonial__cite\"><span class=\"elementor-testimonial__name\">Carlos Romero-Camacho Silos<\/span><span class=\"elementor-testimonial__title\">Chief People &amp; Corporate Affairs Officer - Insud Pharma<\/span><\/cite>\t\t\t\t<\/div>\n\t\t\t\t\t\t<div class=\"elementor-testimonial__footer\">\n\t\t\t\t\t\t\t\t\t<div class=\"elementor-testimonial__image\">\n\t\t\t\t\t\t<img decoding=\"async\" src=\"https:\/\/ifeelonline.com\/es\/wp-content\/uploads\/2025\/03\/carlos.png\" alt=\"Carlos Romero-Camacho Silos\">\n\t\t\t\t\t\t\t\t\t\t\t<\/div>\n\t\t\t\t\t\t\t\t\t\t\t<\/div>\n\t\t<\/div>\n\t\t\t\t\t\t\t\t<\/div>\n\t\t\t\t\t\t\t\t\t\t\t<div class=\"swiper-slide\" role=\"group\" aria-roledescription=\"slide\">\n\t\t\t\t\t\t\t\t\t<div class=\"elementor-testimonial\">\n\t\t\t\t\t\t\t<div class=\"elementor-testimonial__content\">\n\t\t\t\t\t<div class=\"elementor-testimonial__text\">\n\t\t\t\t\t\t\u201cContar con ifeel ha mejorado significativamente nuestra capacidad para ofrecer un apoyo r\u00e1pido y personalizado, lo que a su vez fortalece la confianza de las personas en la compa\u00f1\u00eda.\u201d\t\t\t\t\t<\/div>\n\t\t\t\t\t<cite class=\"elementor-testimonial__cite\"><span class=\"elementor-testimonial__name\">Raquel Molares Pardo<\/span><span class=\"elementor-testimonial__title\">Wellbeing, Health &amp; Safety Responsible - Hitachi Rail<\/span><\/cite>\t\t\t\t<\/div>\n\t\t\t\t\t\t<div class=\"elementor-testimonial__footer\">\n\t\t\t\t\t\t\t\t\t<div class=\"elementor-testimonial__image\">\n\t\t\t\t\t\t<img decoding=\"async\" src=\"https:\/\/ifeelonline.com\/es\/wp-content\/uploads\/2025\/03\/raquel.png\" alt=\"Raquel Molares Pardo\">\n\t\t\t\t\t\t\t\t\t\t\t<\/div>\n\t\t\t\t\t\t\t\t\t\t\t<\/div>\n\t\t<\/div>\n\t\t\t\t\t\t\t\t<\/div>\n\t\t\t\t\t\t\t\t\t\t\t<div class=\"swiper-slide\" role=\"group\" aria-roledescription=\"slide\">\n\t\t\t\t\t\t\t\t\t<div class=\"elementor-testimonial\">\n\t\t\t\t\t\t\t<div class=\"elementor-testimonial__content\">\n\t\t\t\t\t<div class=\"elementor-testimonial__text\">\n\t\t\t\t\t\t\"Para nosotros, colaborar con ifeel supone cuidar de los que nos cuidan. Al final, rompes el tab\u00fa de hablar abiertamente acerca de la salud mental, tanto dentro como fuera del entorno laboral.\"\t\t\t\t\t<\/div>\n\t\t\t\t\t<cite class=\"elementor-testimonial__cite\"><span class=\"elementor-testimonial__name\">Mercedes Trujillo<\/span><span class=\"elementor-testimonial__title\">Cluster Assistant Human Resources Director - Hyatt Centric Gran V\u00eda Madrid &amp; Thompson Madrid<\/span><\/cite>\t\t\t\t<\/div>\n\t\t\t\t\t\t<div class=\"elementor-testimonial__footer\">\n\t\t\t\t\t\t\t\t\t<div class=\"elementor-testimonial__image\">\n\t\t\t\t\t\t<img decoding=\"async\" src=\"https:\/\/ifeelonline.com\/es\/wp-content\/uploads\/2025\/03\/merce.png\" alt=\"Mercedes Trujillo\">\n\t\t\t\t\t\t\t\t\t\t\t<\/div>\n\t\t\t\t\t\t\t\t\t\t\t<\/div>\n\t\t<\/div>\n\t\t\t\t\t\t\t\t<\/div>\n\t\t\t\t\t\t\t\t\t\t\t<div class=\"swiper-slide\" role=\"group\" aria-roledescription=\"slide\">\n\t\t\t\t\t\t\t\t\t<div class=\"elementor-testimonial\">\n\t\t\t\t\t\t\t<div class=\"elementor-testimonial__content\">\n\t\t\t\t\t<div class=\"elementor-testimonial__text\">\n\t\t\t\t\t\t\"ifeel ha sido muy bien acogido por nuestra gente, no solo por su apoyo psicol\u00f3gico, sino tambi\u00e9n por las muchas herramientas de bienestar que ifeel nos brinda. Este respaldo ha sido muy importante y le ha dado al equipo tambi\u00e9n much\u00edsima seguridad por parte de Hyatt.\"\t\t\t\t\t<\/div>\n\t\t\t\t\t<cite class=\"elementor-testimonial__cite\"><span class=\"elementor-testimonial__name\">Mariana Brand\u00e3o<\/span><span class=\"elementor-testimonial__title\">Leader of Colleague Experience - Grand Hyatt Barcelona<\/span><\/cite>\t\t\t\t<\/div>\n\t\t\t\t\t\t<div class=\"elementor-testimonial__footer\">\n\t\t\t\t\t\t\t\t\t<div class=\"elementor-testimonial__image\">\n\t\t\t\t\t\t<img decoding=\"async\" src=\"https:\/\/ifeelonline.com\/es\/wp-content\/uploads\/2025\/03\/mariana.png\" alt=\"Mariana Brand\u00e3o\">\n\t\t\t\t\t\t\t\t\t\t\t<\/div>\n\t\t\t\t\t\t\t\t\t\t\t<\/div>\n\t\t<\/div>\n\t\t\t\t\t\t\t\t<\/div>\n\t\t\t\t\t\t\t\t\t<\/div>\n\t\t\t\t\t\t\t\t\t\t\t\t\t\t\t\t\t\t\t\t<div class=\"swiper-pagination\"><\/div>\n\t\t\t\t\t\t\t\t\t\t\t\t<\/div>\n\t\t\t\t<\/div>\n\t\t\t\t\t\t\t\t<\/div>\n\t\t\t\t<\/div>\n\t\t\t\t\t<\/div>\n\t\t\t\t<\/div>\n\t\t\t\t<\/div>\n\t\t\n    <div class=\"xs_social_share_widget xs_share_url after_content \t\tmain_content  wslu-style-1 wslu-share-box-shaped wslu-fill-colored wslu-none wslu-share-horizontal wslu-theme-font-no wslu-main_content\">\n\n\t\t\n        <ul>\n\t\t\t        <\/ul>\n    <\/div> \n","protected":false},"excerpt":{"rendered":"<p>Empieza ya con tu evaluaci\u00f3n personalizada Env\u00edanos tus datos y uno de nuestros expertos se pondr\u00e1 en contacto contigo en menos de 24 horas Est\u00e1s a un paso de reducir el absentismo, mitigar riesgos y mejorar la salud mental en tu empresa. 6 &#8211; 12 meses resultados medibles a nivel organizacional en un periodo de [&hellip;]<\/p>\n","protected":false},"author":48,"featured_media":15218,"parent":0,"menu_order":0,"comment_status":"closed","ping_status":"closed","template":"","meta":{"content-type":"","postBodyCss":"","postBodyMargin":[],"postBodyPadding":[],"postBodyBackground":{"backgroundType":"classic","gradient":""},"footnotes":""},"class_list":["post-15104","page","type-page","status-publish","has-post-thumbnail","hentry"],"_links":{"self":[{"href":"https:\/\/ifeelonline.com\/es\/wp-json\/wp\/v2\/pages\/15104","targetHints":{"allow":["GET"]}}],"collection":[{"href":"https:\/\/ifeelonline.com\/es\/wp-json\/wp\/v2\/pages"}],"about":[{"href":"https:\/\/ifeelonline.com\/es\/wp-json\/wp\/v2\/types\/page"}],"author":[{"embeddable":true,"href":"https:\/\/ifeelonline.com\/es\/wp-json\/wp\/v2\/users\/48"}],"replies":[{"embeddable":true,"href":"https:\/\/ifeelonline.com\/es\/wp-json\/wp\/v2\/comments?post=15104"}],"version-history":[{"count":0,"href":"https:\/\/ifeelonline.com\/es\/wp-json\/wp\/v2\/pages\/15104\/revisions"}],"wp:featuredmedia":[{"embeddable":true,"href":"https:\/\/ifeelonline.com\/es\/wp-json\/wp\/v2\/media\/15218"}],"wp:attachment":[{"href":"https:\/\/ifeelonline.com\/es\/wp-json\/wp\/v2\/media?parent=15104"}],"curies":[{"name":"wp","href":"https:\/\/api.w.org\/{rel}","templated":true}]}}