{"id":11411,"date":"2023-06-19T16:29:49","date_gmt":"2023-06-19T15:29:49","guid":{"rendered":"https:\/\/ifeelonline.com\/?page_id=11411"},"modified":"2023-07-24T09:14:22","modified_gmt":"2023-07-24T08:14:22","slug":"como-ser-un-abogado-exitoso-sin-sacrificar-tu-salud-mental","status":"publish","type":"page","link":"https:\/\/ifeelonline.com\/es\/webinars-bienestar-laboral-ifeel\/como-ser-un-abogado-exitoso-sin-sacrificar-tu-salud-mental\/","title":{"rendered":"Webinar ifeel- Bouncel | C\u00f3mo ser un abogado exitoso sin sacrificar\u00a0tu bienestar mental |"},"content":{"rendered":"\t\t<div data-elementor-type=\"wp-page\" data-elementor-id=\"11411\" class=\"elementor elementor-11411\" data-elementor-post-type=\"page\">\n\t\t\t\t\t\t<section data-particle_enable=\"false\" data-particle-mobile-disabled=\"false\" class=\"elementor-section elementor-top-section elementor-element elementor-element-41014166 elementor-section-boxed elementor-section-height-default elementor-section-height-default\" data-id=\"41014166\" data-element_type=\"section\" data-e-type=\"section\">\n\t\t\t\t\t\t<div class=\"elementor-container elementor-column-gap-default\">\n\t\t\t\t\t\t<\/div>\n\t\t<\/section>\n\t\t\t\t<section data-particle_enable=\"false\" data-particle-mobile-disabled=\"false\" class=\"elementor-section elementor-top-section elementor-element elementor-element-33e7bf97 elementor-hidden-desktop elementor-hidden-tablet elementor-hidden-mobile elementor-section-boxed elementor-section-height-default elementor-section-height-default\" data-id=\"33e7bf97\" data-element_type=\"section\" data-e-type=\"section\" data-settings=\"{&quot;background_background&quot;:&quot;classic&quot;}\">\n\t\t\t\t\t\t<div class=\"elementor-container elementor-column-gap-default\">\n\t\t\t\t\t<div class=\"elementor-column elementor-col-50 elementor-top-column elementor-element elementor-element-109fb180\" data-id=\"109fb180\" data-element_type=\"column\" data-e-type=\"column\">\n\t\t\t<div class=\"elementor-widget-wrap elementor-element-populated\">\n\t\t\t\t\t\t<div class=\"elementor-element elementor-element-109e3f56 elementor-view-default elementor-widget elementor-widget-icon\" data-id=\"109e3f56\" data-element_type=\"widget\" data-e-type=\"widget\" data-settings=\"{&quot;ekit_we_effect_on&quot;:&quot;none&quot;}\" data-widget_type=\"icon.default\">\n\t\t\t\t<div class=\"elementor-widget-container\">\n\t\t\t\t\t\t\t<div class=\"elementor-icon-wrapper\">\n\t\t\t<div class=\"elementor-icon\">\n\t\t\t<svg xmlns=\"http:\/\/www.w3.org\/2000\/svg\" width=\"113\" height=\"113\" viewBox=\"0 0 113 113\" fill=\"none\"><circle cx=\"56.5\" cy=\"56.5\" r=\"56.5\" fill=\"#C1D6FC\"><\/circle><path d=\"M26.0833 33.8333H87.7461C88.6071 33.8333 89.2914 34.5565 89.2438 35.4162L86.4924 85.1559C86.4484 85.9509 85.7909 86.5731 84.9947 86.5731H26.0833C25.2549 86.5731 24.5833 85.9015 24.5833 85.0731V35.3333C24.5833 34.5049 25.2549 33.8333 26.0833 33.8333Z\" stroke=\"#273C66\" stroke-width=\"3\"><\/path><path d=\"M26.2851 32.4566L87.7817 33.7669C88.6299 33.785 89.2944 34.5023 89.2475 35.3494L86.4924 85.1559C86.4484 85.9509 85.7909 86.5731 84.9947 86.5731H29.0092C28.2122 86.5731 27.5543 85.9497 27.5114 85.1538L24.7553 34.037C24.7083 33.1655 25.4124 32.438 26.2851 32.4566Z\" stroke=\"#273C66\" stroke-width=\"3\"><\/path><rect x=\"36.1667\" y=\"27.1971\" width=\"3.125\" height=\"7.64489\" rx=\"1.25\" fill=\"#273C66\" stroke=\"#273C66\" stroke-width=\"1.5\"><\/rect><path d=\"M75.9583 27.1971H76.5833C77.2737 27.1971 77.8333 27.7567 77.8333 28.4471V33.592C77.8333 34.2823 77.2737 34.842 76.5833 34.842H75.9583C75.268 34.842 74.7083 34.2823 74.7083 33.592V28.4471C74.7083 27.7567 75.268 27.1971 75.9583 27.1971Z\" fill=\"#273C66\" stroke=\"#273C66\" stroke-width=\"1.5\"><\/path><path d=\"M26.1667 45.4375H87.8334\" stroke=\"#273C66\" stroke-width=\"1.5\"><\/path><path d=\"M26.1667 45.4375H87.8334\" stroke=\"#273C66\" stroke-width=\"1.5\"><\/path><path d=\"M26.1667 45.4375L87.8334 46.401\" stroke=\"#273C66\" stroke-width=\"3\"><\/path><path d=\"M62.429 61.4456L72.112 58.7501C72.7494 58.5727 73.3802 59.052 73.3802 59.7135V70.799C73.3802 71.4605 72.7494 71.9398 72.112 71.7624L62.429 69.0669\" stroke=\"#273C66\" stroke-width=\"1.5\"><\/path><path d=\"M62.429 61.4456L71.0204 59.6591C71.6412 59.53 72.224 60.004 72.224 60.6382V69.8428C72.224 70.4755 71.6437 70.9492 71.0238 70.8225L62.429 69.0669\" stroke=\"#273C66\" stroke-width=\"3\"><\/path><mask id=\"path-11-inside-1_1327_909\" fill=\"white\"><rect x=\"38.5\" y=\"52.9049\" width=\"26.4538\" height=\"24.7025\" rx=\"2\"><\/rect><\/mask><rect x=\"38.5\" y=\"52.9049\" width=\"26.4538\" height=\"24.7025\" rx=\"2\" stroke=\"#273C66\" stroke-width=\"6\" mask=\"url(#path-11-inside-1_1327_909)\"><\/rect><\/svg>\t\t\t<\/div>\n\t\t<\/div>\n\t\t\t\t\t\t<\/div>\n\t\t\t\t<\/div>\n\t\t\t\t\t<\/div>\n\t\t<\/div>\n\t\t\t\t<div class=\"elementor-column elementor-col-50 elementor-top-column elementor-element elementor-element-4d0bf97b\" data-id=\"4d0bf97b\" data-element_type=\"column\" data-e-type=\"column\">\n\t\t\t<div class=\"elementor-widget-wrap elementor-element-populated\">\n\t\t\t\t\t\t<div class=\"elementor-element elementor-element-453f3d4c elementor-widget elementor-widget-heading\" data-id=\"453f3d4c\" data-element_type=\"widget\" data-e-type=\"widget\" data-settings=\"{&quot;ekit_we_effect_on&quot;:&quot;none&quot;}\" data-widget_type=\"heading.default\">\n\t\t\t\t<div class=\"elementor-widget-container\">\n\t\t\t\t\t<h2 class=\"elementor-heading-title elementor-size-default\">Webinar<\/h2>\t\t\t\t<\/div>\n\t\t\t\t<\/div>\n\t\t\t\t\t<\/div>\n\t\t<\/div>\n\t\t\t\t\t<\/div>\n\t\t<\/section>\n\t\t\t\t<section data-particle_enable=\"false\" data-particle-mobile-disabled=\"false\" class=\"elementor-section elementor-top-section elementor-element elementor-element-6b27a286 elementor-hidden-desktop elementor-section-boxed elementor-section-height-default elementor-section-height-default\" data-id=\"6b27a286\" data-element_type=\"section\" data-e-type=\"section\" data-settings=\"{&quot;background_background&quot;:&quot;classic&quot;}\">\n\t\t\t\t\t\t<div class=\"elementor-container elementor-column-gap-default\">\n\t\t\t\t\t<div class=\"elementor-column elementor-col-100 elementor-top-column elementor-element elementor-element-7c4c7bcc\" data-id=\"7c4c7bcc\" data-element_type=\"column\" data-e-type=\"column\">\n\t\t\t<div class=\"elementor-widget-wrap elementor-element-populated\">\n\t\t\t\t\t\t<div class=\"elementor-element elementor-element-5b63e235 elementor-widget elementor-widget-heading\" data-id=\"5b63e235\" data-element_type=\"widget\" data-e-type=\"widget\" data-settings=\"{&quot;ekit_we_effect_on&quot;:&quot;none&quot;}\" data-widget_type=\"heading.default\">\n\t\t\t\t<div class=\"elementor-widget-container\">\n\t\t\t\t\t<h2 class=\"elementor-heading-title elementor-size-default\">Webinar<\/h2>\t\t\t\t<\/div>\n\t\t\t\t<\/div>\n\t\t\t\t\t<\/div>\n\t\t<\/div>\n\t\t\t\t\t<\/div>\n\t\t<\/section>\n\t\t\t\t<section data-particle_enable=\"false\" data-particle-mobile-disabled=\"false\" class=\"elementor-section elementor-top-section elementor-element elementor-element-2b61652e elementor-hidden-tablet elementor-hidden-mobile elementor-section-boxed elementor-section-height-default elementor-section-height-default\" data-id=\"2b61652e\" data-element_type=\"section\" data-e-type=\"section\" data-settings=\"{&quot;background_background&quot;:&quot;classic&quot;}\">\n\t\t\t\t\t\t<div class=\"elementor-container elementor-column-gap-default\">\n\t\t\t\t\t<div class=\"elementor-column elementor-col-50 elementor-top-column elementor-element elementor-element-288a91aa\" data-id=\"288a91aa\" data-element_type=\"column\" data-e-type=\"column\">\n\t\t\t<div class=\"elementor-widget-wrap elementor-element-populated\">\n\t\t\t\t\t\t<div class=\"elementor-element elementor-element-338082ea elementor-view-default elementor-widget elementor-widget-icon\" data-id=\"338082ea\" data-element_type=\"widget\" data-e-type=\"widget\" data-settings=\"{&quot;ekit_we_effect_on&quot;:&quot;none&quot;}\" data-widget_type=\"icon.default\">\n\t\t\t\t<div class=\"elementor-widget-container\">\n\t\t\t\t\t\t\t<div class=\"elementor-icon-wrapper\">\n\t\t\t<div class=\"elementor-icon\">\n\t\t\t<svg xmlns=\"http:\/\/www.w3.org\/2000\/svg\" width=\"113\" height=\"113\" viewBox=\"0 0 113 113\" fill=\"none\"><circle cx=\"56.5\" cy=\"56.5\" r=\"56.5\" fill=\"#C1D6FC\"><\/circle><path d=\"M26.0833 33.8333H87.7461C88.6071 33.8333 89.2914 34.5565 89.2438 35.4162L86.4924 85.1559C86.4484 85.9509 85.7909 86.5731 84.9947 86.5731H26.0833C25.2549 86.5731 24.5833 85.9015 24.5833 85.0731V35.3333C24.5833 34.5049 25.2549 33.8333 26.0833 33.8333Z\" stroke=\"#273C66\" stroke-width=\"3\"><\/path><path d=\"M26.2851 32.4566L87.7817 33.7669C88.6299 33.785 89.2944 34.5023 89.2475 35.3494L86.4924 85.1559C86.4484 85.9509 85.7909 86.5731 84.9947 86.5731H29.0092C28.2122 86.5731 27.5543 85.9497 27.5114 85.1538L24.7553 34.037C24.7083 33.1655 25.4124 32.438 26.2851 32.4566Z\" stroke=\"#273C66\" stroke-width=\"3\"><\/path><rect x=\"36.1667\" y=\"27.1971\" width=\"3.125\" height=\"7.64489\" rx=\"1.25\" fill=\"#273C66\" stroke=\"#273C66\" stroke-width=\"1.5\"><\/rect><path d=\"M75.9583 27.1971H76.5833C77.2737 27.1971 77.8333 27.7567 77.8333 28.4471V33.592C77.8333 34.2823 77.2737 34.842 76.5833 34.842H75.9583C75.268 34.842 74.7083 34.2823 74.7083 33.592V28.4471C74.7083 27.7567 75.268 27.1971 75.9583 27.1971Z\" fill=\"#273C66\" stroke=\"#273C66\" stroke-width=\"1.5\"><\/path><path d=\"M26.1667 45.4375H87.8334\" stroke=\"#273C66\" stroke-width=\"1.5\"><\/path><path d=\"M26.1667 45.4375H87.8334\" stroke=\"#273C66\" stroke-width=\"1.5\"><\/path><path d=\"M26.1667 45.4375L87.8334 46.401\" stroke=\"#273C66\" stroke-width=\"3\"><\/path><path d=\"M62.429 61.4456L72.112 58.7501C72.7494 58.5727 73.3802 59.052 73.3802 59.7135V70.799C73.3802 71.4605 72.7494 71.9398 72.112 71.7624L62.429 69.0669\" stroke=\"#273C66\" stroke-width=\"1.5\"><\/path><path d=\"M62.429 61.4456L71.0204 59.6591C71.6412 59.53 72.224 60.004 72.224 60.6382V69.8428C72.224 70.4755 71.6437 70.9492 71.0238 70.8225L62.429 69.0669\" stroke=\"#273C66\" stroke-width=\"3\"><\/path><mask id=\"path-11-inside-1_1327_909\" fill=\"white\"><rect x=\"38.5\" y=\"52.9049\" width=\"26.4538\" height=\"24.7025\" rx=\"2\"><\/rect><\/mask><rect x=\"38.5\" y=\"52.9049\" width=\"26.4538\" height=\"24.7025\" rx=\"2\" stroke=\"#273C66\" stroke-width=\"6\" mask=\"url(#path-11-inside-1_1327_909)\"><\/rect><\/svg>\t\t\t<\/div>\n\t\t<\/div>\n\t\t\t\t\t\t<\/div>\n\t\t\t\t<\/div>\n\t\t\t\t\t<\/div>\n\t\t<\/div>\n\t\t\t\t<div class=\"elementor-column elementor-col-50 elementor-top-column elementor-element elementor-element-5ee19af1\" data-id=\"5ee19af1\" data-element_type=\"column\" data-e-type=\"column\">\n\t\t\t<div class=\"elementor-widget-wrap elementor-element-populated\">\n\t\t\t\t\t\t<div class=\"elementor-element elementor-element-4d663ecd elementor-widget elementor-widget-heading\" data-id=\"4d663ecd\" data-element_type=\"widget\" data-e-type=\"widget\" data-settings=\"{&quot;ekit_we_effect_on&quot;:&quot;none&quot;}\" data-widget_type=\"heading.default\">\n\t\t\t\t<div class=\"elementor-widget-container\">\n\t\t\t\t\t<h2 class=\"elementor-heading-title elementor-size-default\">Webinar<\/h2>\t\t\t\t<\/div>\n\t\t\t\t<\/div>\n\t\t\t\t\t<\/div>\n\t\t<\/div>\n\t\t\t\t\t<\/div>\n\t\t<\/section>\n\t\t\t\t<section data-particle_enable=\"false\" data-particle-mobile-disabled=\"false\" class=\"elementor-section elementor-top-section elementor-element elementor-element-1de218b0 elementor-section-boxed elementor-section-height-default elementor-section-height-default\" data-id=\"1de218b0\" data-element_type=\"section\" data-e-type=\"section\" data-settings=\"{&quot;background_background&quot;:&quot;classic&quot;}\">\n\t\t\t\t\t\t\t<div class=\"elementor-background-overlay\"><\/div>\n\t\t\t\t\t\t\t<div class=\"elementor-container elementor-column-gap-custom\">\n\t\t\t\t\t<div class=\"elementor-column elementor-col-50 elementor-top-column elementor-element elementor-element-3c1d05a0\" data-id=\"3c1d05a0\" data-element_type=\"column\" data-e-type=\"column\">\n\t\t\t<div class=\"elementor-widget-wrap elementor-element-populated\">\n\t\t\t\t\t\t<div class=\"elementor-element elementor-element-630d4740 elementor-widget elementor-widget-html\" data-id=\"630d4740\" data-element_type=\"widget\" data-e-type=\"widget\" data-settings=\"{&quot;ekit_we_effect_on&quot;:&quot;none&quot;}\" data-widget_type=\"html.default\">\n\t\t\t\t<div class=\"elementor-widget-container\">\n\t\t\t\t\t<nav aria-label=\"breadcrumbs\" class=\"rank-math-breadcrumb\"><p><\/p><\/nav>\t\t\t\t<\/div>\n\t\t\t\t<\/div>\n\t\t\t\t<div class=\"elementor-element elementor-element-7c965877 elementor-widget elementor-widget-heading\" data-id=\"7c965877\" data-element_type=\"widget\" data-e-type=\"widget\" data-settings=\"{&quot;ekit_we_effect_on&quot;:&quot;none&quot;}\" data-widget_type=\"heading.default\">\n\t\t\t\t<div class=\"elementor-widget-container\">\n\t\t\t\t\t<h1 class=\"elementor-heading-title elementor-size-default\">C\u00f3mo ser un abogado exitoso sin sacrificar tu bienestar mental<\/h1>\t\t\t\t<\/div>\n\t\t\t\t<\/div>\n\t\t\t\t<div class=\"elementor-element elementor-element-c937ffe elementor-widget elementor-widget-text-editor\" data-id=\"c937ffe\" data-element_type=\"widget\" data-e-type=\"widget\" data-settings=\"{&quot;ekit_we_effect_on&quot;:&quot;none&quot;}\" data-widget_type=\"text-editor.default\">\n\t\t\t\t<div class=\"elementor-widget-container\">\n\t\t\t\t\t\t\t\t\t<p><b>En busca de la calma en el trabajo<\/b><\/p><p><span style=\"font-weight: 400;\">En este webinar exploraremos la importancia del bienestar mental en la abogac\u00eda, as\u00ed como los factores de riesgo y estrategias para protegerlo. <\/span><\/p><p>Conoce a nuestros expertos:<\/p>\t\t\t\t\t\t\t\t<\/div>\n\t\t\t\t<\/div>\n\t\t\t\t<div class=\"elementor-element elementor-element-2d8dd789 elementor-icon-list--layout-traditional elementor-list-item-link-full_width elementor-widget elementor-widget-icon-list\" data-id=\"2d8dd789\" data-element_type=\"widget\" data-e-type=\"widget\" data-settings=\"{&quot;ekit_we_effect_on&quot;:&quot;none&quot;}\" data-widget_type=\"icon-list.default\">\n\t\t\t\t<div class=\"elementor-widget-container\">\n\t\t\t\t\t\t\t<ul class=\"elementor-icon-list-items\">\n\t\t\t\t\t\t\t<li class=\"elementor-icon-list-item\">\n\t\t\t\t\t\t\t\t\t\t\t<span class=\"elementor-icon-list-icon\">\n\t\t\t\t\t\t\t<svg xmlns=\"http:\/\/www.w3.org\/2000\/svg\" width=\"19\" height=\"19\" viewBox=\"0 0 19 19\" fill=\"none\"><path fill-rule=\"evenodd\" clip-rule=\"evenodd\" d=\"M9.5 19C4.25308 19 0 14.7469 0 9.5C0 4.25308 4.25308 0 9.5 0C14.7469 0 19 4.25308 19 9.5C19 14.7469 14.7469 19 9.5 19ZM13.7628 7.05436L12.9833 6.27C12.8372 6.12385 12.6082 6.12385 12.4621 6.27L7.77538 10.9859L5.5441 8.72538C5.40282 8.57923 5.16897 8.57923 5.02282 8.72538L4.24333 9.50974C4.09718 9.6559 4.09718 9.88974 4.24333 10.0359L6.72308 12.5497C6.72308 12.5497 6.72308 12.5595 6.73282 12.5595L7.26872 13.1003L7.39538 13.2318L7.51231 13.3487C7.65846 13.4949 7.88744 13.4949 8.03359 13.3487L13.7677 7.58051C13.909 7.43436 13.909 7.20051 13.7677 7.05436H13.7628Z\" fill=\"#7798EE\"><\/path><\/svg>\t\t\t\t\t\t<\/span>\n\t\t\t\t\t\t\t\t\t\t<span class=\"elementor-icon-list-text\">Pilar Prados, CEO &amp; Fundadora de Bounsel.<\/span>\n\t\t\t\t\t\t\t\t\t<\/li>\n\t\t\t\t\t\t\t\t<li class=\"elementor-icon-list-item\">\n\t\t\t\t\t\t\t\t\t\t\t<span class=\"elementor-icon-list-icon\">\n\t\t\t\t\t\t\t<svg xmlns=\"http:\/\/www.w3.org\/2000\/svg\" width=\"19\" height=\"19\" viewBox=\"0 0 19 19\" fill=\"none\"><path fill-rule=\"evenodd\" clip-rule=\"evenodd\" d=\"M9.5 19C4.25308 19 0 14.7469 0 9.5C0 4.25308 4.25308 0 9.5 0C14.7469 0 19 4.25308 19 9.5C19 14.7469 14.7469 19 9.5 19ZM13.7628 7.05436L12.9833 6.27C12.8372 6.12385 12.6082 6.12385 12.4621 6.27L7.77538 10.9859L5.5441 8.72538C5.40282 8.57923 5.16897 8.57923 5.02282 8.72538L4.24333 9.50974C4.09718 9.6559 4.09718 9.88974 4.24333 10.0359L6.72308 12.5497C6.72308 12.5497 6.72308 12.5595 6.73282 12.5595L7.26872 13.1003L7.39538 13.2318L7.51231 13.3487C7.65846 13.4949 7.88744 13.4949 8.03359 13.3487L13.7677 7.58051C13.909 7.43436 13.909 7.20051 13.7677 7.05436H13.7628Z\" fill=\"#7798EE\"><\/path><\/svg>\t\t\t\t\t\t<\/span>\n\t\t\t\t\t\t\t\t\t\t<span class=\"elementor-icon-list-text\">Blanca Rodr\u00edguez, Directora de RR.HH. de CMS Albi\u00f1ana &amp; Su\u00e1rez de Lezo.<\/span>\n\t\t\t\t\t\t\t\t\t<\/li>\n\t\t\t\t\t\t\t\t<li class=\"elementor-icon-list-item\">\n\t\t\t\t\t\t\t\t\t\t\t<span class=\"elementor-icon-list-icon\">\n\t\t\t\t\t\t\t<svg xmlns=\"http:\/\/www.w3.org\/2000\/svg\" width=\"19\" height=\"19\" viewBox=\"0 0 19 19\" fill=\"none\"><path fill-rule=\"evenodd\" clip-rule=\"evenodd\" d=\"M9.5 19C4.25308 19 0 14.7469 0 9.5C0 4.25308 4.25308 0 9.5 0C14.7469 0 19 4.25308 19 9.5C19 14.7469 14.7469 19 9.5 19ZM13.7628 7.05436L12.9833 6.27C12.8372 6.12385 12.6082 6.12385 12.4621 6.27L7.77538 10.9859L5.5441 8.72538C5.40282 8.57923 5.16897 8.57923 5.02282 8.72538L4.24333 9.50974C4.09718 9.6559 4.09718 9.88974 4.24333 10.0359L6.72308 12.5497C6.72308 12.5497 6.72308 12.5595 6.73282 12.5595L7.26872 13.1003L7.39538 13.2318L7.51231 13.3487C7.65846 13.4949 7.88744 13.4949 8.03359 13.3487L13.7677 7.58051C13.909 7.43436 13.909 7.20051 13.7677 7.05436H13.7628Z\" fill=\"#7798EE\"><\/path><\/svg>\t\t\t\t\t\t<\/span>\n\t\t\t\t\t\t\t\t\t\t<span class=\"elementor-icon-list-text\">Rafael San Rom\u00e1n, Psic\u00f3logo, content &amp; PR de ifeel.<\/span>\n\t\t\t\t\t\t\t\t\t<\/li>\n\t\t\t\t\t\t<\/ul>\n\t\t\t\t\t\t<\/div>\n\t\t\t\t<\/div>\n\t\t\t\t\t<\/div>\n\t\t<\/div>\n\t\t\t\t<div class=\"elementor-column elementor-col-50 elementor-top-column elementor-element elementor-element-406cf808\" data-id=\"406cf808\" data-element_type=\"column\" data-e-type=\"column\" data-settings=\"{&quot;background_background&quot;:&quot;classic&quot;}\">\n\t\t\t<div class=\"elementor-widget-wrap elementor-element-populated\">\n\t\t\t\t\t\t<section data-particle_enable=\"false\" data-particle-mobile-disabled=\"false\" class=\"elementor-section elementor-inner-section elementor-element elementor-element-160be163 elementor-section-boxed elementor-section-height-default elementor-section-height-default\" data-id=\"160be163\" data-element_type=\"section\" data-e-type=\"section\">\n\t\t\t\t\t\t<div class=\"elementor-container elementor-column-gap-default\">\n\t\t\t\t\t<div class=\"elementor-column elementor-col-100 elementor-inner-column elementor-element elementor-element-60693cbb\" data-id=\"60693cbb\" data-element_type=\"column\" data-e-type=\"column\" data-settings=\"{&quot;background_background&quot;:&quot;classic&quot;}\">\n\t\t\t<div class=\"elementor-widget-wrap elementor-element-populated\">\n\t\t\t\t\t\t<div class=\"elementor-element elementor-element-21fe6bfb elementor-widget elementor-widget-html\" data-id=\"21fe6bfb\" data-element_type=\"widget\" data-e-type=\"widget\" id=\"form\" data-settings=\"{&quot;ekit_we_effect_on&quot;:&quot;none&quot;}\" data-widget_type=\"html.default\">\n\t\t\t\t<div class=\"elementor-widget-container\">\n\t\t\t\t\t<script charset=\"utf-8\" type=\"text\/javascript\" src=\"\/\/js-eu1.hsforms.net\/forms\/embed\/v2.js\"><\/script>\r\n<script>\r\n  hbspt.forms.create({\r\n    region: \"eu1\",\r\n    portalId: \"24884594\",\r\n    formId: \"bf23b605-ebfa-4c91-86d5-e8a56235bf17\"\r\n  });\r\n<\/script>\t\t\t\t<\/div>\n\t\t\t\t<\/div>\n\t\t\t\t\t<\/div>\n\t\t<\/div>\n\t\t\t\t\t<\/div>\n\t\t<\/section>\n\t\t\t\t\t<\/div>\n\t\t<\/div>\n\t\t\t\t\t<\/div>\n\t\t<\/section>\n\t\t\t\t<\/div>\n\t\t\n    <div class=\"xs_social_share_widget xs_share_url after_content \t\tmain_content  wslu-style-1 wslu-share-box-shaped wslu-fill-colored wslu-none wslu-share-horizontal wslu-theme-font-no wslu-main_content\">\n\n\t\t\n        <ul>\n\t\t\t        <\/ul>\n    <\/div> \n","protected":false},"excerpt":{"rendered":"<p>Webinar Webinar Webinar C\u00f3mo ser un abogado exitoso sin sacrificar tu bienestar mental En busca de la calma en el trabajo En este webinar exploraremos la importancia del bienestar mental en la abogac\u00eda, as\u00ed como los factores de riesgo y estrategias para protegerlo. Conoce a nuestros expertos: Pilar Prados, CEO &#038; Fundadora de Bounsel. Blanca [&hellip;]<\/p>\n","protected":false},"author":48,"featured_media":11412,"parent":8519,"menu_order":0,"comment_status":"closed","ping_status":"closed","template":"","meta":{"content-type":"","postBodyCss":"","postBodyMargin":[],"postBodyPadding":[],"postBodyBackground":{"backgroundType":"classic","gradient":""},"footnotes":""},"class_list":["post-11411","page","type-page","status-publish","has-post-thumbnail","hentry"],"_links":{"self":[{"href":"https:\/\/ifeelonline.com\/es\/wp-json\/wp\/v2\/pages\/11411","targetHints":{"allow":["GET"]}}],"collection":[{"href":"https:\/\/ifeelonline.com\/es\/wp-json\/wp\/v2\/pages"}],"about":[{"href":"https:\/\/ifeelonline.com\/es\/wp-json\/wp\/v2\/types\/page"}],"author":[{"embeddable":true,"href":"https:\/\/ifeelonline.com\/es\/wp-json\/wp\/v2\/users\/48"}],"replies":[{"embeddable":true,"href":"https:\/\/ifeelonline.com\/es\/wp-json\/wp\/v2\/comments?post=11411"}],"version-history":[{"count":0,"href":"https:\/\/ifeelonline.com\/es\/wp-json\/wp\/v2\/pages\/11411\/revisions"}],"up":[{"embeddable":true,"href":"https:\/\/ifeelonline.com\/es\/wp-json\/wp\/v2\/pages\/8519"}],"wp:featuredmedia":[{"embeddable":true,"href":"https:\/\/ifeelonline.com\/es\/wp-json\/wp\/v2\/media\/11412"}],"wp:attachment":[{"href":"https:\/\/ifeelonline.com\/es\/wp-json\/wp\/v2\/media?parent=11411"}],"curies":[{"name":"wp","href":"https:\/\/api.w.org\/{rel}","templated":true}]}}