{"id":10478,"date":"2022-12-19T17:22:40","date_gmt":"2022-12-19T16:22:40","guid":{"rendered":"https:\/\/ifeelonline.com\/?page_id=10478"},"modified":"2023-07-25T14:32:47","modified_gmt":"2023-07-25T13:32:47","slug":"webinar-dimision-silenciosa","status":"publish","type":"page","link":"https:\/\/ifeelonline.com\/es\/webinars-bienestar-laboral-ifeel\/webinar-dimision-silenciosa\/","title":{"rendered":"Webinar ifeel RRHH Digital &#8211; Dimisi\u00f3n silenciosa"},"content":{"rendered":"\t\t<div data-elementor-type=\"wp-page\" data-elementor-id=\"10478\" class=\"elementor elementor-10478\" data-elementor-post-type=\"page\">\n\t\t\t\t\t\t<section data-particle_enable=\"false\" data-particle-mobile-disabled=\"false\" class=\"elementor-section elementor-top-section elementor-element elementor-element-35aefbe1 elementor-section-boxed elementor-section-height-default elementor-section-height-default\" data-id=\"35aefbe1\" data-element_type=\"section\" data-e-type=\"section\">\n\t\t\t\t\t\t<div class=\"elementor-container elementor-column-gap-default\">\n\t\t\t\t\t\t<\/div>\n\t\t<\/section>\n\t\t\t\t<section data-particle_enable=\"false\" data-particle-mobile-disabled=\"false\" class=\"elementor-section elementor-top-section elementor-element elementor-element-87af32b elementor-hidden-desktop elementor-hidden-tablet elementor-hidden-mobile elementor-section-boxed elementor-section-height-default elementor-section-height-default\" data-id=\"87af32b\" data-element_type=\"section\" data-e-type=\"section\" data-settings=\"{&quot;background_background&quot;:&quot;classic&quot;}\">\n\t\t\t\t\t\t<div class=\"elementor-container elementor-column-gap-default\">\n\t\t\t\t\t<div class=\"elementor-column elementor-col-50 elementor-top-column elementor-element elementor-element-7dda0fa4\" data-id=\"7dda0fa4\" data-element_type=\"column\" data-e-type=\"column\">\n\t\t\t<div class=\"elementor-widget-wrap elementor-element-populated\">\n\t\t\t\t\t\t<div class=\"elementor-element elementor-element-5961e0f elementor-view-default elementor-widget elementor-widget-icon\" data-id=\"5961e0f\" data-element_type=\"widget\" data-e-type=\"widget\" data-settings=\"{&quot;ekit_we_effect_on&quot;:&quot;none&quot;}\" data-widget_type=\"icon.default\">\n\t\t\t\t<div class=\"elementor-widget-container\">\n\t\t\t\t\t\t\t<div class=\"elementor-icon-wrapper\">\n\t\t\t<div class=\"elementor-icon\">\n\t\t\t<svg xmlns=\"http:\/\/www.w3.org\/2000\/svg\" width=\"113\" height=\"113\" viewBox=\"0 0 113 113\" fill=\"none\"><circle cx=\"56.5\" cy=\"56.5\" r=\"56.5\" fill=\"#C1D6FC\"><\/circle><path d=\"M26.0833 33.8333H87.7461C88.6071 33.8333 89.2914 34.5565 89.2438 35.4162L86.4924 85.1559C86.4484 85.9509 85.7909 86.5731 84.9947 86.5731H26.0833C25.2549 86.5731 24.5833 85.9015 24.5833 85.0731V35.3333C24.5833 34.5049 25.2549 33.8333 26.0833 33.8333Z\" stroke=\"#273C66\" stroke-width=\"3\"><\/path><path d=\"M26.2851 32.4566L87.7817 33.7669C88.6299 33.785 89.2944 34.5023 89.2475 35.3494L86.4924 85.1559C86.4484 85.9509 85.7909 86.5731 84.9947 86.5731H29.0092C28.2122 86.5731 27.5543 85.9497 27.5114 85.1538L24.7553 34.037C24.7083 33.1655 25.4124 32.438 26.2851 32.4566Z\" stroke=\"#273C66\" stroke-width=\"3\"><\/path><rect x=\"36.1667\" y=\"27.1971\" width=\"3.125\" height=\"7.64489\" rx=\"1.25\" fill=\"#273C66\" stroke=\"#273C66\" stroke-width=\"1.5\"><\/rect><path d=\"M75.9583 27.1971H76.5833C77.2737 27.1971 77.8333 27.7567 77.8333 28.4471V33.592C77.8333 34.2823 77.2737 34.842 76.5833 34.842H75.9583C75.268 34.842 74.7083 34.2823 74.7083 33.592V28.4471C74.7083 27.7567 75.268 27.1971 75.9583 27.1971Z\" fill=\"#273C66\" stroke=\"#273C66\" stroke-width=\"1.5\"><\/path><path d=\"M26.1667 45.4375H87.8334\" stroke=\"#273C66\" stroke-width=\"1.5\"><\/path><path d=\"M26.1667 45.4375H87.8334\" stroke=\"#273C66\" stroke-width=\"1.5\"><\/path><path d=\"M26.1667 45.4375L87.8334 46.401\" stroke=\"#273C66\" stroke-width=\"3\"><\/path><path d=\"M62.429 61.4456L72.112 58.7501C72.7494 58.5727 73.3802 59.052 73.3802 59.7135V70.799C73.3802 71.4605 72.7494 71.9398 72.112 71.7624L62.429 69.0669\" stroke=\"#273C66\" stroke-width=\"1.5\"><\/path><path d=\"M62.429 61.4456L71.0204 59.6591C71.6412 59.53 72.224 60.004 72.224 60.6382V69.8428C72.224 70.4755 71.6437 70.9492 71.0238 70.8225L62.429 69.0669\" stroke=\"#273C66\" stroke-width=\"3\"><\/path><mask id=\"path-11-inside-1_1327_909\" fill=\"white\"><rect x=\"38.5\" y=\"52.9049\" width=\"26.4538\" height=\"24.7025\" rx=\"2\"><\/rect><\/mask><rect x=\"38.5\" y=\"52.9049\" width=\"26.4538\" height=\"24.7025\" rx=\"2\" stroke=\"#273C66\" stroke-width=\"6\" mask=\"url(#path-11-inside-1_1327_909)\"><\/rect><\/svg>\t\t\t<\/div>\n\t\t<\/div>\n\t\t\t\t\t\t<\/div>\n\t\t\t\t<\/div>\n\t\t\t\t\t<\/div>\n\t\t<\/div>\n\t\t\t\t<div class=\"elementor-column elementor-col-50 elementor-top-column elementor-element elementor-element-71283000\" data-id=\"71283000\" data-element_type=\"column\" data-e-type=\"column\">\n\t\t\t<div class=\"elementor-widget-wrap elementor-element-populated\">\n\t\t\t\t\t\t<div class=\"elementor-element elementor-element-58465b6d elementor-widget elementor-widget-heading\" data-id=\"58465b6d\" data-element_type=\"widget\" data-e-type=\"widget\" data-settings=\"{&quot;ekit_we_effect_on&quot;:&quot;none&quot;}\" data-widget_type=\"heading.default\">\n\t\t\t\t<div class=\"elementor-widget-container\">\n\t\t\t\t\t<h2 class=\"elementor-heading-title elementor-size-default\">Webinar<\/h2>\t\t\t\t<\/div>\n\t\t\t\t<\/div>\n\t\t\t\t\t<\/div>\n\t\t<\/div>\n\t\t\t\t\t<\/div>\n\t\t<\/section>\n\t\t\t\t<section data-particle_enable=\"false\" data-particle-mobile-disabled=\"false\" class=\"elementor-section elementor-top-section elementor-element elementor-element-56aa1a13 elementor-hidden-desktop elementor-section-boxed elementor-section-height-default elementor-section-height-default\" data-id=\"56aa1a13\" data-element_type=\"section\" data-e-type=\"section\" data-settings=\"{&quot;background_background&quot;:&quot;classic&quot;}\">\n\t\t\t\t\t\t<div class=\"elementor-container elementor-column-gap-default\">\n\t\t\t\t\t<div class=\"elementor-column elementor-col-100 elementor-top-column elementor-element elementor-element-30ac366d\" data-id=\"30ac366d\" data-element_type=\"column\" data-e-type=\"column\">\n\t\t\t<div class=\"elementor-widget-wrap elementor-element-populated\">\n\t\t\t\t\t\t<div class=\"elementor-element elementor-element-6caae12b elementor-widget elementor-widget-heading\" data-id=\"6caae12b\" data-element_type=\"widget\" data-e-type=\"widget\" data-settings=\"{&quot;ekit_we_effect_on&quot;:&quot;none&quot;}\" data-widget_type=\"heading.default\">\n\t\t\t\t<div class=\"elementor-widget-container\">\n\t\t\t\t\t<h2 class=\"elementor-heading-title elementor-size-default\">Webinar<\/h2>\t\t\t\t<\/div>\n\t\t\t\t<\/div>\n\t\t\t\t\t<\/div>\n\t\t<\/div>\n\t\t\t\t\t<\/div>\n\t\t<\/section>\n\t\t\t\t<section data-particle_enable=\"false\" data-particle-mobile-disabled=\"false\" class=\"elementor-section elementor-top-section elementor-element elementor-element-34b4df08 elementor-hidden-tablet elementor-hidden-mobile elementor-section-boxed elementor-section-height-default elementor-section-height-default\" data-id=\"34b4df08\" data-element_type=\"section\" data-e-type=\"section\" data-settings=\"{&quot;background_background&quot;:&quot;classic&quot;}\">\n\t\t\t\t\t\t<div class=\"elementor-container elementor-column-gap-default\">\n\t\t\t\t\t<div class=\"elementor-column elementor-col-50 elementor-top-column elementor-element elementor-element-4c8e9fa6\" data-id=\"4c8e9fa6\" data-element_type=\"column\" data-e-type=\"column\">\n\t\t\t<div class=\"elementor-widget-wrap elementor-element-populated\">\n\t\t\t\t\t\t<div class=\"elementor-element elementor-element-75185558 elementor-view-default elementor-widget elementor-widget-icon\" data-id=\"75185558\" data-element_type=\"widget\" data-e-type=\"widget\" data-settings=\"{&quot;ekit_we_effect_on&quot;:&quot;none&quot;}\" data-widget_type=\"icon.default\">\n\t\t\t\t<div class=\"elementor-widget-container\">\n\t\t\t\t\t\t\t<div class=\"elementor-icon-wrapper\">\n\t\t\t<div class=\"elementor-icon\">\n\t\t\t<svg xmlns=\"http:\/\/www.w3.org\/2000\/svg\" width=\"113\" height=\"113\" viewBox=\"0 0 113 113\" fill=\"none\"><circle cx=\"56.5\" cy=\"56.5\" r=\"56.5\" fill=\"#C1D6FC\"><\/circle><path d=\"M26.0833 33.8333H87.7461C88.6071 33.8333 89.2914 34.5565 89.2438 35.4162L86.4924 85.1559C86.4484 85.9509 85.7909 86.5731 84.9947 86.5731H26.0833C25.2549 86.5731 24.5833 85.9015 24.5833 85.0731V35.3333C24.5833 34.5049 25.2549 33.8333 26.0833 33.8333Z\" stroke=\"#273C66\" stroke-width=\"3\"><\/path><path d=\"M26.2851 32.4566L87.7817 33.7669C88.6299 33.785 89.2944 34.5023 89.2475 35.3494L86.4924 85.1559C86.4484 85.9509 85.7909 86.5731 84.9947 86.5731H29.0092C28.2122 86.5731 27.5543 85.9497 27.5114 85.1538L24.7553 34.037C24.7083 33.1655 25.4124 32.438 26.2851 32.4566Z\" stroke=\"#273C66\" stroke-width=\"3\"><\/path><rect x=\"36.1667\" y=\"27.1971\" width=\"3.125\" height=\"7.64489\" rx=\"1.25\" fill=\"#273C66\" stroke=\"#273C66\" stroke-width=\"1.5\"><\/rect><path d=\"M75.9583 27.1971H76.5833C77.2737 27.1971 77.8333 27.7567 77.8333 28.4471V33.592C77.8333 34.2823 77.2737 34.842 76.5833 34.842H75.9583C75.268 34.842 74.7083 34.2823 74.7083 33.592V28.4471C74.7083 27.7567 75.268 27.1971 75.9583 27.1971Z\" fill=\"#273C66\" stroke=\"#273C66\" stroke-width=\"1.5\"><\/path><path d=\"M26.1667 45.4375H87.8334\" stroke=\"#273C66\" stroke-width=\"1.5\"><\/path><path d=\"M26.1667 45.4375H87.8334\" stroke=\"#273C66\" stroke-width=\"1.5\"><\/path><path d=\"M26.1667 45.4375L87.8334 46.401\" stroke=\"#273C66\" stroke-width=\"3\"><\/path><path d=\"M62.429 61.4456L72.112 58.7501C72.7494 58.5727 73.3802 59.052 73.3802 59.7135V70.799C73.3802 71.4605 72.7494 71.9398 72.112 71.7624L62.429 69.0669\" stroke=\"#273C66\" stroke-width=\"1.5\"><\/path><path d=\"M62.429 61.4456L71.0204 59.6591C71.6412 59.53 72.224 60.004 72.224 60.6382V69.8428C72.224 70.4755 71.6437 70.9492 71.0238 70.8225L62.429 69.0669\" stroke=\"#273C66\" stroke-width=\"3\"><\/path><mask id=\"path-11-inside-1_1327_909\" fill=\"white\"><rect x=\"38.5\" y=\"52.9049\" width=\"26.4538\" height=\"24.7025\" rx=\"2\"><\/rect><\/mask><rect x=\"38.5\" y=\"52.9049\" width=\"26.4538\" height=\"24.7025\" rx=\"2\" stroke=\"#273C66\" stroke-width=\"6\" mask=\"url(#path-11-inside-1_1327_909)\"><\/rect><\/svg>\t\t\t<\/div>\n\t\t<\/div>\n\t\t\t\t\t\t<\/div>\n\t\t\t\t<\/div>\n\t\t\t\t\t<\/div>\n\t\t<\/div>\n\t\t\t\t<div class=\"elementor-column elementor-col-50 elementor-top-column elementor-element elementor-element-40e4b7bb\" data-id=\"40e4b7bb\" data-element_type=\"column\" data-e-type=\"column\">\n\t\t\t<div class=\"elementor-widget-wrap elementor-element-populated\">\n\t\t\t\t\t\t<div class=\"elementor-element elementor-element-5b6f9653 elementor-widget elementor-widget-heading\" data-id=\"5b6f9653\" data-element_type=\"widget\" data-e-type=\"widget\" data-settings=\"{&quot;ekit_we_effect_on&quot;:&quot;none&quot;}\" data-widget_type=\"heading.default\">\n\t\t\t\t<div class=\"elementor-widget-container\">\n\t\t\t\t\t<h2 class=\"elementor-heading-title elementor-size-default\">Webinar<\/h2>\t\t\t\t<\/div>\n\t\t\t\t<\/div>\n\t\t\t\t\t<\/div>\n\t\t<\/div>\n\t\t\t\t\t<\/div>\n\t\t<\/section>\n\t\t\t\t<section data-particle_enable=\"false\" data-particle-mobile-disabled=\"false\" class=\"elementor-section elementor-top-section elementor-element elementor-element-4cb8e561 elementor-section-boxed elementor-section-height-default elementor-section-height-default\" data-id=\"4cb8e561\" data-element_type=\"section\" data-e-type=\"section\" data-settings=\"{&quot;background_background&quot;:&quot;classic&quot;}\">\n\t\t\t\t\t\t\t<div class=\"elementor-background-overlay\"><\/div>\n\t\t\t\t\t\t\t<div class=\"elementor-container elementor-column-gap-custom\">\n\t\t\t\t\t<div class=\"elementor-column elementor-col-50 elementor-top-column elementor-element elementor-element-2b100263\" data-id=\"2b100263\" data-element_type=\"column\" data-e-type=\"column\">\n\t\t\t<div class=\"elementor-widget-wrap elementor-element-populated\">\n\t\t\t\t\t\t<div class=\"elementor-element elementor-element-7fe97154 elementor-widget elementor-widget-html\" data-id=\"7fe97154\" data-element_type=\"widget\" data-e-type=\"widget\" data-settings=\"{&quot;ekit_we_effect_on&quot;:&quot;none&quot;}\" data-widget_type=\"html.default\">\n\t\t\t\t<div class=\"elementor-widget-container\">\n\t\t\t\t\t<nav aria-label=\"breadcrumbs\" class=\"rank-math-breadcrumb\"><p><\/p><\/nav>\t\t\t\t<\/div>\n\t\t\t\t<\/div>\n\t\t\t\t<div class=\"elementor-element elementor-element-7d9edf75 elementor-widget elementor-widget-heading\" data-id=\"7d9edf75\" data-element_type=\"widget\" data-e-type=\"widget\" data-settings=\"{&quot;ekit_we_effect_on&quot;:&quot;none&quot;}\" data-widget_type=\"heading.default\">\n\t\t\t\t<div class=\"elementor-widget-container\">\n\t\t\t\t\t<h1 class=\"elementor-heading-title elementor-size-default\">\u00bfC\u00f3mo evitar la dimisi\u00f3n silenciosa dentro de las empresas? \n\n<\/h1>\t\t\t\t<\/div>\n\t\t\t\t<\/div>\n\t\t\t\t<div class=\"elementor-element elementor-element-6c1ad97d elementor-widget elementor-widget-text-editor\" data-id=\"6c1ad97d\" data-element_type=\"widget\" data-e-type=\"widget\" data-settings=\"{&quot;ekit_we_effect_on&quot;:&quot;none&quot;}\" data-widget_type=\"text-editor.default\">\n\t\t\t\t<div class=\"elementor-widget-container\">\n\t\t\t\t\t\t\t\t\t<p><span style=\"font-weight: 400;\">En este webinar en colaboraci\u00f3n con <strong>RRHH Digital<\/strong> y de la mano de expertos en gesti\u00f3n del talento de empresas como BBVA o Just Eat descubrimos c\u00f3mo evitar esta tendencia, tambi\u00e9n denominada \u00abquiet quitting\u00bb.<\/span><\/p><p>\u00a0<\/p><p><span style=\"font-weight: 400;\">\u00bfCu\u00e1les son los motivos principales por los que se produce la dimisi\u00f3n silenciosa? \u00bfPor qu\u00e9 deber\u00edan los departamentos de Recursos Humanos prestar atenci\u00f3n a este fen\u00f3meno? Echa un vistazo al siguiente webinar en el que comentaremos todo lo relacionado sobre eltema.<\/span><\/p><p>\u00a0<\/p><p><strong>Ponentes que forman parte de este webinar:\u00a0<\/strong><\/p>\t\t\t\t\t\t\t\t<\/div>\n\t\t\t\t<\/div>\n\t\t\t\t<div class=\"elementor-element elementor-element-3998f66f elementor-icon-list--layout-traditional elementor-list-item-link-full_width elementor-widget elementor-widget-icon-list\" data-id=\"3998f66f\" data-element_type=\"widget\" data-e-type=\"widget\" data-settings=\"{&quot;ekit_we_effect_on&quot;:&quot;none&quot;}\" data-widget_type=\"icon-list.default\">\n\t\t\t\t<div class=\"elementor-widget-container\">\n\t\t\t\t\t\t\t<ul class=\"elementor-icon-list-items\">\n\t\t\t\t\t\t\t<li class=\"elementor-icon-list-item\">\n\t\t\t\t\t\t\t\t\t\t\t<span class=\"elementor-icon-list-icon\">\n\t\t\t\t\t\t\t<svg xmlns=\"http:\/\/www.w3.org\/2000\/svg\" width=\"51\" height=\"51\" viewBox=\"0 0 51 51\" fill=\"none\"><g clip-path=\"url(#clip0_1145_1348)\"><path fill-rule=\"evenodd\" clip-rule=\"evenodd\" d=\"M25.5 51C11.4162 51 0 39.5838 0 25.5C0 11.4162 11.4162 0 25.5 0C39.5838 0 51 11.4162 51 25.5C51 39.5838 39.5838 51 25.5 51ZM36.9423 18.9354L34.85 16.83C34.4577 16.4377 33.8431 16.4377 33.4508 16.83L20.8708 29.4885L14.8815 23.4208C14.5023 23.0285 13.8746 23.0285 13.4823 23.4208L11.39 25.5262C10.9977 25.9185 10.9977 26.5462 11.39 26.9385L18.0462 33.6862C18.0462 33.6862 18.0462 33.7123 18.0723 33.7123L19.5108 35.1638L19.8508 35.5169L20.1646 35.8308C20.5569 36.2231 21.1715 36.2231 21.5638 35.8308L36.9554 20.3477C37.3346 19.9554 37.3346 19.3277 36.9554 18.9354H36.9423Z\" fill=\"#EA7374\"><\/path><\/g><defs><clipPath id=\"clip0_1145_1348\"><rect width=\"51\" height=\"51\" fill=\"white\"><\/rect><\/clipPath><\/defs><\/svg>\t\t\t\t\t\t<\/span>\n\t\t\t\t\t\t\t\t\t\t<span class=\"elementor-icon-list-text\">Rafael San Rom\u00e1n, Content &amp; PR manager en ifeel.<\/span>\n\t\t\t\t\t\t\t\t\t<\/li>\n\t\t\t\t\t\t\t\t<li class=\"elementor-icon-list-item\">\n\t\t\t\t\t\t\t\t\t\t\t<span class=\"elementor-icon-list-icon\">\n\t\t\t\t\t\t\t<svg xmlns=\"http:\/\/www.w3.org\/2000\/svg\" width=\"51\" height=\"51\" viewBox=\"0 0 51 51\" fill=\"none\"><g clip-path=\"url(#clip0_1145_1348)\"><path fill-rule=\"evenodd\" clip-rule=\"evenodd\" d=\"M25.5 51C11.4162 51 0 39.5838 0 25.5C0 11.4162 11.4162 0 25.5 0C39.5838 0 51 11.4162 51 25.5C51 39.5838 39.5838 51 25.5 51ZM36.9423 18.9354L34.85 16.83C34.4577 16.4377 33.8431 16.4377 33.4508 16.83L20.8708 29.4885L14.8815 23.4208C14.5023 23.0285 13.8746 23.0285 13.4823 23.4208L11.39 25.5262C10.9977 25.9185 10.9977 26.5462 11.39 26.9385L18.0462 33.6862C18.0462 33.6862 18.0462 33.7123 18.0723 33.7123L19.5108 35.1638L19.8508 35.5169L20.1646 35.8308C20.5569 36.2231 21.1715 36.2231 21.5638 35.8308L36.9554 20.3477C37.3346 19.9554 37.3346 19.3277 36.9554 18.9354H36.9423Z\" fill=\"#EA7374\"><\/path><\/g><defs><clipPath id=\"clip0_1145_1348\"><rect width=\"51\" height=\"51\" fill=\"white\"><\/rect><\/clipPath><\/defs><\/svg>\t\t\t\t\t\t<\/span>\n\t\t\t\t\t\t\t\t\t\t<span class=\"elementor-icon-list-text\">Imma Catal\u00e1, Global Head of Culture and Engagement en BBVA.<\/span>\n\t\t\t\t\t\t\t\t\t<\/li>\n\t\t\t\t\t\t\t\t<li class=\"elementor-icon-list-item\">\n\t\t\t\t\t\t\t\t\t\t\t<span class=\"elementor-icon-list-icon\">\n\t\t\t\t\t\t\t<svg xmlns=\"http:\/\/www.w3.org\/2000\/svg\" width=\"51\" height=\"51\" viewBox=\"0 0 51 51\" fill=\"none\"><g clip-path=\"url(#clip0_1145_1348)\"><path fill-rule=\"evenodd\" clip-rule=\"evenodd\" d=\"M25.5 51C11.4162 51 0 39.5838 0 25.5C0 11.4162 11.4162 0 25.5 0C39.5838 0 51 11.4162 51 25.5C51 39.5838 39.5838 51 25.5 51ZM36.9423 18.9354L34.85 16.83C34.4577 16.4377 33.8431 16.4377 33.4508 16.83L20.8708 29.4885L14.8815 23.4208C14.5023 23.0285 13.8746 23.0285 13.4823 23.4208L11.39 25.5262C10.9977 25.9185 10.9977 26.5462 11.39 26.9385L18.0462 33.6862C18.0462 33.6862 18.0462 33.7123 18.0723 33.7123L19.5108 35.1638L19.8508 35.5169L20.1646 35.8308C20.5569 36.2231 21.1715 36.2231 21.5638 35.8308L36.9554 20.3477C37.3346 19.9554 37.3346 19.3277 36.9554 18.9354H36.9423Z\" fill=\"#EA7374\"><\/path><\/g><defs><clipPath id=\"clip0_1145_1348\"><rect width=\"51\" height=\"51\" fill=\"white\"><\/rect><\/clipPath><\/defs><\/svg>\t\t\t\t\t\t<\/span>\n\t\t\t\t\t\t\t\t\t\t<span class=\"elementor-icon-list-text\">Antonio G\u00f3mez de la B\u00e1rcena, director de Personas en Just Eat Espa\u00f1a.<\/span>\n\t\t\t\t\t\t\t\t\t<\/li>\n\t\t\t\t\t\t\t\t<li class=\"elementor-icon-list-item\">\n\t\t\t\t\t\t\t\t\t\t\t<span class=\"elementor-icon-list-icon\">\n\t\t\t\t\t\t\t<svg xmlns=\"http:\/\/www.w3.org\/2000\/svg\" width=\"51\" height=\"51\" viewBox=\"0 0 51 51\" fill=\"none\"><g clip-path=\"url(#clip0_1145_1348)\"><path fill-rule=\"evenodd\" clip-rule=\"evenodd\" d=\"M25.5 51C11.4162 51 0 39.5838 0 25.5C0 11.4162 11.4162 0 25.5 0C39.5838 0 51 11.4162 51 25.5C51 39.5838 39.5838 51 25.5 51ZM36.9423 18.9354L34.85 16.83C34.4577 16.4377 33.8431 16.4377 33.4508 16.83L20.8708 29.4885L14.8815 23.4208C14.5023 23.0285 13.8746 23.0285 13.4823 23.4208L11.39 25.5262C10.9977 25.9185 10.9977 26.5462 11.39 26.9385L18.0462 33.6862C18.0462 33.6862 18.0462 33.7123 18.0723 33.7123L19.5108 35.1638L19.8508 35.5169L20.1646 35.8308C20.5569 36.2231 21.1715 36.2231 21.5638 35.8308L36.9554 20.3477C37.3346 19.9554 37.3346 19.3277 36.9554 18.9354H36.9423Z\" fill=\"#EA7374\"><\/path><\/g><defs><clipPath id=\"clip0_1145_1348\"><rect width=\"51\" height=\"51\" fill=\"white\"><\/rect><\/clipPath><\/defs><\/svg>\t\t\t\t\t\t<\/span>\n\t\t\t\t\t\t\t\t\t\t<span class=\"elementor-icon-list-text\">Germ\u00e1n Garc\u00eda, HRBP en Huboo.<\/span>\n\t\t\t\t\t\t\t\t\t<\/li>\n\t\t\t\t\t\t<\/ul>\n\t\t\t\t\t\t<\/div>\n\t\t\t\t<\/div>\n\t\t\t\t\t<\/div>\n\t\t<\/div>\n\t\t\t\t<div class=\"elementor-column elementor-col-50 elementor-top-column elementor-element elementor-element-43cc4974\" data-id=\"43cc4974\" data-element_type=\"column\" data-e-type=\"column\" data-settings=\"{&quot;background_background&quot;:&quot;classic&quot;}\">\n\t\t\t<div class=\"elementor-widget-wrap elementor-element-populated\">\n\t\t\t\t\t\t<section data-particle_enable=\"false\" data-particle-mobile-disabled=\"false\" class=\"elementor-section elementor-inner-section elementor-element elementor-element-80801c1 elementor-section-boxed elementor-section-height-default elementor-section-height-default\" data-id=\"80801c1\" data-element_type=\"section\" data-e-type=\"section\">\n\t\t\t\t\t\t<div class=\"elementor-container elementor-column-gap-default\">\n\t\t\t\t\t<div class=\"elementor-column elementor-col-100 elementor-inner-column elementor-element elementor-element-56c0d71d\" data-id=\"56c0d71d\" data-element_type=\"column\" data-e-type=\"column\" data-settings=\"{&quot;background_background&quot;:&quot;classic&quot;}\">\n\t\t\t<div class=\"elementor-widget-wrap elementor-element-populated\">\n\t\t\t\t\t\t<div class=\"elementor-element elementor-element-3e6a4235 elementor-widget elementor-widget-html\" data-id=\"3e6a4235\" data-element_type=\"widget\" data-e-type=\"widget\" id=\"form\" data-settings=\"{&quot;ekit_we_effect_on&quot;:&quot;none&quot;}\" data-widget_type=\"html.default\">\n\t\t\t\t<div class=\"elementor-widget-container\">\n\t\t\t\t\t<script charset=\"utf-8\" type=\"text\/javascript\" src=\"\/\/js-eu1.hsforms.net\/forms\/embed\/v2.js\"><\/script>\r\n<script>\r\n  hbspt.forms.create({\r\n    region: \"eu1\",\r\n    portalId: \"24884594\",\r\n    formId: \"8010f65e-0970-4853-8662-655a0c56e61b\"\r\n  });\r\n<\/script>\t\t\t\t<\/div>\n\t\t\t\t<\/div>\n\t\t\t\t\t<\/div>\n\t\t<\/div>\n\t\t\t\t\t<\/div>\n\t\t<\/section>\n\t\t\t\t\t<\/div>\n\t\t<\/div>\n\t\t\t\t\t<\/div>\n\t\t<\/section>\n\t\t\t\t<\/div>\n\t\t\n    <div class=\"xs_social_share_widget xs_share_url after_content \t\tmain_content  wslu-style-1 wslu-share-box-shaped wslu-fill-colored wslu-none wslu-share-horizontal wslu-theme-font-no wslu-main_content\">\n\n\t\t\n        <ul>\n\t\t\t        <\/ul>\n    <\/div> \n","protected":false},"excerpt":{"rendered":"<p>Webinar Webinar Webinar \u00bfC\u00f3mo evitar la dimisi\u00f3n silenciosa dentro de las empresas? En este webinar en colaboraci\u00f3n con RRHH Digital y de la mano de expertos en gesti\u00f3n del talento de empresas como BBVA o Just Eat descubrimos c\u00f3mo evitar esta tendencia, tambi\u00e9n denominada \u00abquiet quitting\u00bb. \u00a0 \u00bfCu\u00e1les son los motivos principales por los que [&hellip;]<\/p>\n","protected":false},"author":48,"featured_media":10624,"parent":8519,"menu_order":0,"comment_status":"closed","ping_status":"closed","template":"","meta":{"content-type":"","postBodyCss":"","postBodyMargin":[],"postBodyPadding":[],"postBodyBackground":{"backgroundType":"classic","gradient":""},"footnotes":""},"class_list":["post-10478","page","type-page","status-publish","has-post-thumbnail","hentry"],"_links":{"self":[{"href":"https:\/\/ifeelonline.com\/es\/wp-json\/wp\/v2\/pages\/10478","targetHints":{"allow":["GET"]}}],"collection":[{"href":"https:\/\/ifeelonline.com\/es\/wp-json\/wp\/v2\/pages"}],"about":[{"href":"https:\/\/ifeelonline.com\/es\/wp-json\/wp\/v2\/types\/page"}],"author":[{"embeddable":true,"href":"https:\/\/ifeelonline.com\/es\/wp-json\/wp\/v2\/users\/48"}],"replies":[{"embeddable":true,"href":"https:\/\/ifeelonline.com\/es\/wp-json\/wp\/v2\/comments?post=10478"}],"version-history":[{"count":0,"href":"https:\/\/ifeelonline.com\/es\/wp-json\/wp\/v2\/pages\/10478\/revisions"}],"up":[{"embeddable":true,"href":"https:\/\/ifeelonline.com\/es\/wp-json\/wp\/v2\/pages\/8519"}],"wp:featuredmedia":[{"embeddable":true,"href":"https:\/\/ifeelonline.com\/es\/wp-json\/wp\/v2\/media\/10624"}],"wp:attachment":[{"href":"https:\/\/ifeelonline.com\/es\/wp-json\/wp\/v2\/media?parent=10478"}],"curies":[{"name":"wp","href":"https:\/\/api.w.org\/{rel}","templated":true}]}}