{"id":12169,"date":"2025-03-18T14:48:26","date_gmt":"2025-03-18T14:48:26","guid":{"rendered":"https:\/\/ifeelonline.com\/de\/?page_id=12169"},"modified":"2026-01-27T12:43:24","modified_gmt":"2026-01-27T12:43:24","slug":"jetzt-starten","status":"publish","type":"page","link":"https:\/\/ifeelonline.com\/de\/jetzt-starten\/","title":{"rendered":"DEMO DE 2025"},"content":{"rendered":"\t\t<div data-elementor-type=\"wp-page\" data-elementor-id=\"12169\" class=\"elementor elementor-12169\" data-elementor-post-type=\"page\">\n\t\t\t\t<div class=\"elementor-element elementor-element-affc9dc e-flex e-con-boxed e-con e-parent\" data-id=\"affc9dc\" data-element_type=\"container\" data-e-type=\"container\" data-settings=\"{&quot;background_background&quot;:&quot;classic&quot;}\">\n\t\t\t\t\t<div class=\"e-con-inner\">\n\t\t\t\t\t<\/div>\n\t\t\t\t<\/div>\n\t\t<div class=\"elementor-element elementor-element-b936868 e-flex e-con-boxed e-con e-parent\" data-id=\"b936868\" data-element_type=\"container\" data-e-type=\"container\" data-settings=\"{&quot;background_background&quot;:&quot;classic&quot;}\">\n\t\t\t\t\t<div class=\"e-con-inner\">\n\t\t\t\t\t<\/div>\n\t\t\t\t<\/div>\n\t\t<div class=\"elementor-element elementor-element-c16081a elementor-hidden-mobile e-flex e-con-boxed e-con e-parent\" data-id=\"c16081a\" data-element_type=\"container\" data-e-type=\"container\" data-settings=\"{&quot;background_background&quot;:&quot;classic&quot;}\">\n\t\t\t\t\t<div class=\"e-con-inner\">\n\t\t<div class=\"elementor-element elementor-element-13d91c6 e-con-full e-flex e-con e-child\" data-id=\"13d91c6\" data-element_type=\"container\" data-e-type=\"container\">\n\t\t\t\t<div class=\"elementor-element elementor-element-75dfe9a titulo-personalizado elementor-widget elementor-widget-heading\" data-id=\"75dfe9a\" data-element_type=\"widget\" data-e-type=\"widget\" data-settings=\"{&quot;ekit_we_effect_on&quot;:&quot;none&quot;}\" data-widget_type=\"heading.default\">\n\t\t\t\t<div class=\"elementor-widget-container\">\n\t\t\t\t\t<h2 class=\"elementor-heading-title elementor-size-default\">Starte Deine individuelle  <span class=\"resaltar-palabra\"> Kosten-Nutzen-Analyse <\/span>f\u00fcr Deine Abteilung<\/h2>\t\t\t\t<\/div>\n\t\t\t\t<\/div>\n\t\t\t\t<div class=\"elementor-element elementor-element-6b756d3 elementor-widget elementor-widget-text-editor\" data-id=\"6b756d3\" data-element_type=\"widget\" data-e-type=\"widget\" data-settings=\"{&quot;ekit_we_effect_on&quot;:&quot;none&quot;}\" data-widget_type=\"text-editor.default\">\n\t\t\t\t<div class=\"elementor-widget-container\">\n\t\t\t\t\t\t\t\t\t<p>Der erste Schritt zu niedrigeren Fehlzeiten, weniger Risiken und einem besseren \u00dcberblick \u00fcber die mentale Gesundheit deiner Mitarbeitenden beginnt jetzt \u2013 mit uns.<\/p>\t\t\t\t\t\t\t\t<\/div>\n\t\t\t\t<\/div>\n\t\t<div class=\"elementor-element elementor-element-10e2f58 e-grid e-con-full e-con e-child\" data-id=\"10e2f58\" data-element_type=\"container\" data-e-type=\"container\">\n\t\t\t\t<div class=\"elementor-element elementor-element-4f39ea6 elementor-widget elementor-widget-text-editor\" data-id=\"4f39ea6\" data-element_type=\"widget\" data-e-type=\"widget\" data-settings=\"{&quot;ekit_we_effect_on&quot;:&quot;none&quot;}\" data-widget_type=\"text-editor.default\">\n\t\t\t\t<div class=\"elementor-widget-container\">\n\t\t\t\t\t\t\t\t\t<h1><span style=\"color: #ff8a7c; font-weight: normal;\">6\u201312 Monate<\/span><\/h1><p>Messbare Verbesserungen der unternehmensweiten psychischen Gesundheit innerhalb von 6 bis 12 Monaten.<\/p>\t\t\t\t\t\t\t\t<\/div>\n\t\t\t\t<\/div>\n\t\t\t\t<div class=\"elementor-element elementor-element-bd6819c elementor-widget elementor-widget-text-editor\" data-id=\"bd6819c\" data-element_type=\"widget\" data-e-type=\"widget\" data-settings=\"{&quot;ekit_we_effect_on&quot;:&quot;none&quot;}\" data-widget_type=\"text-editor.default\">\n\t\t\t\t<div class=\"elementor-widget-container\">\n\t\t\t\t\t\t\t\t\t<h1><span style=\"color: #ff8a7c; font-weight: normal;\">80 %<\/span><\/h1><p>der Mitarbeitenden berichten von einer verbesserten psychischen Gesundheit \u2013 ein klarer Nachweis f\u00fcr den positiven Effekt unserer L\u00f6sung.<\/p>\t\t\t\t\t\t\t\t<\/div>\n\t\t\t\t<\/div>\n\t\t\t\t<div class=\"elementor-element elementor-element-2f83c5b elementor-widget elementor-widget-text-editor\" data-id=\"2f83c5b\" data-element_type=\"widget\" data-e-type=\"widget\" data-settings=\"{&quot;ekit_we_effect_on&quot;:&quot;none&quot;}\" data-widget_type=\"text-editor.default\">\n\t\t\t\t<div class=\"elementor-widget-container\">\n\t\t\t\t\t\t\t\t\t<h1><span style=\"color: #ff8a7c; font-weight: normal;\">30 %<\/span><\/h1><p>weniger Risiko f\u00fcr fehlzeitenbedingte Ausf\u00e4lle infolge psychischer Belastungen bei gef\u00e4hrdeten Mitarbeitenden.<\/p>\t\t\t\t\t\t\t\t<\/div>\n\t\t\t\t<\/div>\n\t\t\t\t<div class=\"elementor-element elementor-element-32ec8b4 elementor-widget elementor-widget-text-editor\" data-id=\"32ec8b4\" data-element_type=\"widget\" data-e-type=\"widget\" data-settings=\"{&quot;ekit_we_effect_on&quot;:&quot;none&quot;}\" data-widget_type=\"text-editor.default\">\n\t\t\t\t<div class=\"elementor-widget-container\">\n\t\t\t\t\t\t\t\t\t<h1><span style=\"color: #ff8a7c; font-weight: normal;\"><span style=\"font-weight: 400;\">15.000\u201350.000 \u20ac<\/span><\/span><\/h1><p>Unternehmen sparen \u20ac15.000 bis \u20ac50.000 pro mittel- bis hochriskantem Mitarbeitenden durch proaktive mentale Unterst\u00fctzung.<\/p>\t\t\t\t\t\t\t\t<\/div>\n\t\t\t\t<\/div>\n\t\t\t\t<\/div>\n\t\t\t\t<\/div>\n\t\t<div class=\"elementor-element elementor-element-692cc37 e-con-full e-flex e-con e-child\" data-id=\"692cc37\" data-element_type=\"container\" data-e-type=\"container\">\n\t\t\t\t<div class=\"elementor-element elementor-element-3d31707 elementor-widget elementor-widget-text-editor\" data-id=\"3d31707\" data-element_type=\"widget\" data-e-type=\"widget\" data-settings=\"{&quot;ekit_we_effect_on&quot;:&quot;none&quot;}\" data-widget_type=\"text-editor.default\">\n\t\t\t\t<div class=\"elementor-widget-container\">\n\t\t\t\t\t\t\t\t\t<p>Senden Sie uns Ihre Angaben und einer unserer Experten wird sich innerhalb von 24 Stunden mit Ihnen in Verbindung setzen.<\/p>\t\t\t\t\t\t\t\t<\/div>\n\t\t\t\t<\/div>\n\t\t\t\t<div class=\"elementor-element elementor-element-6f1d937 elementor-widget elementor-widget-html\" data-id=\"6f1d937\" data-element_type=\"widget\" data-e-type=\"widget\" data-settings=\"{&quot;ekit_we_effect_on&quot;:&quot;none&quot;}\" data-widget_type=\"html.default\">\n\t\t\t\t<div class=\"elementor-widget-container\">\n\t\t\t\t\t<script charset=\"utf-8\" type=\"text\/javascript\" src=\"\/\/js-eu1.hsforms.net\/forms\/embed\/v2.js\"><\/script>\n<script>\n  hbspt.forms.create({\n    portalId: \"24884594\",\n    formId: \"cc343674-fb86-4417-aa09-08a1b8b260b5\",\n    region: \"eu1\"\n  });\n<\/script>\t\t\t\t<\/div>\n\t\t\t\t<\/div>\n\t\t\t\t<\/div>\n\t\t\t\t\t<\/div>\n\t\t\t\t<\/div>\n\t\t<div class=\"elementor-element elementor-element-48e929d elementor-hidden-desktop elementor-hidden-tablet e-flex e-con-boxed e-con e-parent\" data-id=\"48e929d\" data-element_type=\"container\" data-e-type=\"container\" data-settings=\"{&quot;background_background&quot;:&quot;classic&quot;}\">\n\t\t\t\t\t<div class=\"e-con-inner\">\n\t\t<div class=\"elementor-element elementor-element-f114511 e-con-full e-flex e-con e-child\" data-id=\"f114511\" data-element_type=\"container\" data-e-type=\"container\">\n\t\t\t\t<div class=\"elementor-element elementor-element-f79aed2 titulo-personalizado elementor-widget elementor-widget-heading\" data-id=\"f79aed2\" data-element_type=\"widget\" data-e-type=\"widget\" data-settings=\"{&quot;ekit_we_effect_on&quot;:&quot;none&quot;}\" data-widget_type=\"heading.default\">\n\t\t\t\t<div class=\"elementor-widget-container\">\n\t\t\t\t\t<h2 class=\"elementor-heading-title elementor-size-default\">Erhalte eine \n<span class=\"resaltar-palabra\"> Kosten-Nutzen-Analyse <\/span>f\u00fcr deine Abteilung<\/h2>\t\t\t\t<\/div>\n\t\t\t\t<\/div>\n\t\t\t\t<div class=\"elementor-element elementor-element-feafaff elementor-widget elementor-widget-text-editor\" data-id=\"feafaff\" data-element_type=\"widget\" data-e-type=\"widget\" data-settings=\"{&quot;ekit_we_effect_on&quot;:&quot;none&quot;}\" data-widget_type=\"text-editor.default\">\n\t\t\t\t<div class=\"elementor-widget-container\">\n\t\t\t\t\t\t\t\t\t<p><span style=\"color: #ff8a7c;\"><span style=\"color: #ffffff;\">Senden Sie uns Ihre Angaben und einer unserer Experten wird sich innerhalb von<\/span> 24 Stunden <span style=\"color: #ffffff;\">mit Ihnen in Verbindung setzen.<\/span><\/span><\/p>\t\t\t\t\t\t\t\t<\/div>\n\t\t\t\t<\/div>\n\t\t\t\t<div class=\"elementor-element elementor-element-fb4543e elementor-widget elementor-widget-html\" data-id=\"fb4543e\" data-element_type=\"widget\" data-e-type=\"widget\" data-settings=\"{&quot;ekit_we_effect_on&quot;:&quot;none&quot;}\" data-widget_type=\"html.default\">\n\t\t\t\t<div class=\"elementor-widget-container\">\n\t\t\t\t\t<script charset=\"utf-8\" type=\"text\/javascript\" src=\"\/\/js-eu1.hsforms.net\/forms\/embed\/v2.js\"><\/script>\n<script>\n  hbspt.forms.create({\n    portalId: \"24884594\",\n    formId: \"cc343674-fb86-4417-aa09-08a1b8b260b5\",\n    region: \"eu1\"\n  });\n<\/script>\t\t\t\t<\/div>\n\t\t\t\t<\/div>\n\t\t\t\t<div class=\"elementor-element elementor-element-2048644 elementor-widget elementor-widget-text-editor\" data-id=\"2048644\" data-element_type=\"widget\" data-e-type=\"widget\" data-settings=\"{&quot;ekit_we_effect_on&quot;:&quot;none&quot;}\" data-widget_type=\"text-editor.default\">\n\t\t\t\t<div class=\"elementor-widget-container\">\n\t\t\t\t\t\t\t\t\tDer erste Schritt zu niedrigen Fehlzeiten, geringeren Risiken und einem besseren \u00dcberblick \u00fcber die psychische Verfassung deiner Mitarbeiter beginnt jetzt und hier \u2013 mit uns.\n\t\t\t\t\t\t\t\t<\/div>\n\t\t\t\t<\/div>\n\t\t<div class=\"elementor-element elementor-element-2b5d81e e-grid e-con-full e-con e-child\" data-id=\"2b5d81e\" data-element_type=\"container\" data-e-type=\"container\">\n\t\t\t\t<div class=\"elementor-element elementor-element-d2799bb elementor-widget elementor-widget-text-editor\" data-id=\"d2799bb\" data-element_type=\"widget\" data-e-type=\"widget\" data-settings=\"{&quot;ekit_we_effect_on&quot;:&quot;none&quot;}\" data-widget_type=\"text-editor.default\">\n\t\t\t\t<div class=\"elementor-widget-container\">\n\t\t\t\t\t\t\t\t\t<h1><span style=\"color: #ff8a7c; font-weight: normal;\">50%<\/span><\/h1><p>de ahorro en el proceso de triaje inicial<\/p>\t\t\t\t\t\t\t\t<\/div>\n\t\t\t\t<\/div>\n\t\t\t\t<div class=\"elementor-element elementor-element-8eb818e elementor-widget elementor-widget-text-editor\" data-id=\"8eb818e\" data-element_type=\"widget\" data-e-type=\"widget\" data-settings=\"{&quot;ekit_we_effect_on&quot;:&quot;none&quot;}\" data-widget_type=\"text-editor.default\">\n\t\t\t\t<div class=\"elementor-widget-container\">\n\t\t\t\t\t\t\t\t\t<h1><span style=\"color: #ff8a7c; font-weight: normal;\">20 %<\/span><\/h1><p>geringere Ausfallraten<\/p>\t\t\t\t\t\t\t\t<\/div>\n\t\t\t\t<\/div>\n\t\t\t\t<div class=\"elementor-element elementor-element-4f15ec2 elementor-widget elementor-widget-text-editor\" data-id=\"4f15ec2\" data-element_type=\"widget\" data-e-type=\"widget\" data-settings=\"{&quot;ekit_we_effect_on&quot;:&quot;none&quot;}\" data-widget_type=\"text-editor.default\">\n\t\t\t\t<div class=\"elementor-widget-container\">\n\t\t\t\t\t\t\t\t\t<h1><span style=\"color: #ff8a7c; font-weight: normal;\">80 %<\/span><\/h1><p>verbesserte psychische Mitarbeitergesundheit<\/p>\t\t\t\t\t\t\t\t<\/div>\n\t\t\t\t<\/div>\n\t\t\t\t<div class=\"elementor-element elementor-element-279695c elementor-widget elementor-widget-text-editor\" data-id=\"279695c\" data-element_type=\"widget\" data-e-type=\"widget\" data-settings=\"{&quot;ekit_we_effect_on&quot;:&quot;none&quot;}\" data-widget_type=\"text-editor.default\">\n\t\t\t\t<div class=\"elementor-widget-container\">\n\t\t\t\t\t\t\t\t\t<h1><span style=\"color: #ff8a7c; font-weight: normal;\"><span style=\"font-weight: 400;\">15.000<\/span><span style=\"font-weight: 400;\">\u2013<\/span><span style=\"font-weight: 400;\">50.000 \u20ac<\/span><\/span><\/h1><p>Ersparnis pro mittlerem oder schwerwiegendem Risikofall<\/p>\t\t\t\t\t\t\t\t<\/div>\n\t\t\t\t<\/div>\n\t\t\t\t<\/div>\n\t\t\t\t<\/div>\n\t\t\t\t\t<\/div>\n\t\t\t\t<\/div>\n\t\t\t\t<\/div>\n\t\t\n    <div class=\"xs_social_share_widget xs_share_url after_content \t\tmain_content  wslu-style-1 wslu-share-box-shaped wslu-fill-colored wslu-none wslu-share-horizontal wslu-theme-font-no wslu-main_content\">\n\n\t\t\n        <ul>\n\t\t\t        <\/ul>\n    <\/div> \n","protected":false},"excerpt":{"rendered":"<p>Starte Deine individuelle Kosten-Nutzen-Analyse f\u00fcr Deine Abteilung Der erste Schritt zu niedrigeren Fehlzeiten, weniger Risiken und einem besseren \u00dcberblick \u00fcber die mentale Gesundheit deiner Mitarbeitenden beginnt jetzt \u2013 mit uns. 6\u201312 Monate Messbare Verbesserungen der unternehmensweiten psychischen Gesundheit innerhalb von 6 bis 12 Monaten. 80 % der Mitarbeitenden berichten von einer verbesserten psychischen Gesundheit \u2013 [&hellip;]<\/p>\n","protected":false},"author":48,"featured_media":12187,"parent":0,"menu_order":0,"comment_status":"closed","ping_status":"closed","template":"","meta":{"content-type":"","postBodyCss":"","postBodyMargin":[],"postBodyPadding":[],"postBodyBackground":{"backgroundType":"classic","gradient":""},"footnotes":""},"class_list":["post-12169","page","type-page","status-publish","has-post-thumbnail","hentry"],"_links":{"self":[{"href":"https:\/\/ifeelonline.com\/de\/wp-json\/wp\/v2\/pages\/12169","targetHints":{"allow":["GET"]}}],"collection":[{"href":"https:\/\/ifeelonline.com\/de\/wp-json\/wp\/v2\/pages"}],"about":[{"href":"https:\/\/ifeelonline.com\/de\/wp-json\/wp\/v2\/types\/page"}],"author":[{"embeddable":true,"href":"https:\/\/ifeelonline.com\/de\/wp-json\/wp\/v2\/users\/48"}],"replies":[{"embeddable":true,"href":"https:\/\/ifeelonline.com\/de\/wp-json\/wp\/v2\/comments?post=12169"}],"version-history":[{"count":0,"href":"https:\/\/ifeelonline.com\/de\/wp-json\/wp\/v2\/pages\/12169\/revisions"}],"wp:featuredmedia":[{"embeddable":true,"href":"https:\/\/ifeelonline.com\/de\/wp-json\/wp\/v2\/media\/12187"}],"wp:attachment":[{"href":"https:\/\/ifeelonline.com\/de\/wp-json\/wp\/v2\/media?parent=12169"}],"curies":[{"name":"wp","href":"https:\/\/api.w.org\/{rel}","templated":true}]}}