{"id":11694,"date":"2024-12-03T10:33:44","date_gmt":"2024-12-03T10:33:44","guid":{"rendered":"https:\/\/ifeelonline.com\/de\/?page_id=11694"},"modified":"2025-04-10T09:21:05","modified_gmt":"2025-04-10T09:21:05","slug":"privacy-policy","status":"publish","type":"page","link":"https:\/\/ifeelonline.com\/de\/privacy-policy\/","title":{"rendered":"Datenschutzrichtlinie"},"content":{"rendered":"\t\t<div data-elementor-type=\"wp-page\" data-elementor-id=\"11694\" class=\"elementor elementor-11694\" data-elementor-post-type=\"page\">\n\t\t\t\t\t\t<section class=\"elementor-section elementor-top-section elementor-element elementor-element-4e563cb elementor-section-boxed elementor-section-height-default elementor-section-height-default\" data-id=\"4e563cb\" data-element_type=\"section\" data-e-type=\"section\">\n\t\t\t\t\t\t<div class=\"elementor-container elementor-column-gap-default\">\n\t\t\t\t\t<div class=\"elementor-column elementor-col-100 elementor-top-column elementor-element elementor-element-57be094\" data-id=\"57be094\" data-element_type=\"column\" data-e-type=\"column\">\n\t\t\t<div class=\"elementor-widget-wrap elementor-element-populated\">\n\t\t\t\t\t\t<div class=\"elementor-element elementor-element-dedc213 elementor-widget elementor-widget-text-editor\" data-id=\"dedc213\" data-element_type=\"widget\" data-e-type=\"widget\" data-settings=\"{&quot;ekit_we_effect_on&quot;:&quot;none&quot;}\" data-widget_type=\"text-editor.default\">\n\t\t\t\t<div class=\"elementor-widget-container\">\n\t\t\t\t\t\t\t\t\t&nbsp;\n<h2>\u00a0Datenschutzrichtlinie<\/h2>\n\n<hr \/>\n\nLetzte Aktualisierung: 01\/03\/2024\n<br><br><h3 id=\"1einfhrung\">1. Einf\u00fchrung<\/h3>\nBei DIGITAL MIND SOLUTIONS, S.L.U. (im Folgenden \u201eifeel\u201c) arbeiten wir daran, Ihnen die bestm\u00f6gliche Erfahrung durch unsere Produkte und Dienstleistungen zu bieten. In einigen F\u00e4llen ist es notwendig, Informationen zu sammeln, um dies zu erreichen. Wir k\u00fcmmern uns um Ihre Privatsph\u00e4re und glauben, dass wir dar\u00fcber transparent sein sollten. Aus diesem Grund und im Sinne der Bestimmungen der VERORDNUNG (EU) 2016\/679 DES EUROP\u00c4ISCHEN PARLAMENTS UND DES RATES vom 27. April 2016 (im Folgenden \u201eDSGVO\u201c) zum Schutz nat\u00fcrlicher Personen bei der Verarbeitung personenbezogener Daten und zum freien Datenverkehr sowie des Gesetzes 34\/2002 vom 11. Juli \u00fcber Dienste der Informationsgesellschaft und elektronischen Handel (im Folgenden \u201eLSSI\u201c) informiert ifeel den Nutzer dar\u00fcber, dass es als f\u00fcr die Verarbeitung Verantwortlicher die von den Nutzern bereitgestellten personenbezogenen Daten in eine automatisierte Datei aufnehmen wird.\n<br><br>\n<h3 id=\"2datenverantwortlicher\">2. Datenverantwortlicher<\/h3>\nUnternehmen: Digital Mind Solutions, S.L\nSitz: C. de Jos\u00e9 Ortega y Gasset, 100, 6A, 28006 Madrid\nC.I.F. Nr.: B87593851\nE-Mail: dpo@ifeelonline.com\n<br><br>\n<h3 id=\"3erhobenepersonenbezogenedatenundihrezwecke\">3. Erhobene personenbezogene daten und ihre zwecke<\/h3>\nDie Erhebung personenbezogener Daten erfolgt durch:\n<ul>\n \t<li>DEMO-Antragsformular:\nName.\nLand\nTelefonnummer und E-Mail-Adresse\nFirmenname und Anzahl der Mitarbeiter<\/li>\n \t<li>Formular zum Herunterladen der Arbeitsklima-Umfrage:\nName.\nLand\nTelefonnummer und E-Mail-Adresse\nFirmenname und Anzahl der Mitarbeiter<\/li>\n \t<li>Chatbot:\nName\nFirmen-E-Mail-Adresse\nLand<\/li>\n \t<li>Navigationsinformationen:\nIP-Adresse, Datum und Uhrzeit des Zugriffs auf unsere Dienste, verwendeter Internetbrowser und Daten \u00fcber das Betriebssystem des Ger\u00e4ts.\nAlle anderen Informationen oder personenbezogenen Daten, die Sie mit uns teilen m\u00f6chten.\nIn einigen F\u00e4llen ist es obligatorisch, das Datenerfassungsformular auszuf\u00fcllen, um auf bestimmte auf der Website angebotene Dienstleistungen zugreifen und diese genie\u00dfen zu k\u00f6nnen. Ebenso bedeutet das Nichtbereitstellen der angeforderten personenbezogenen Daten oder das Nichtakzeptieren dieser Datenschutzrichtlinie, dass es nicht m\u00f6glich ist, sich zu abonnieren, zu registrieren oder an einer der Aktionen teilzunehmen, bei denen personenbezogene Daten angefordert werden.\nDer Grund, warum wir Ihre personenbezogenen Daten verarbeiten, ist:<\/li>\n \t<li>Um Ihre Informationsanfragen zu unseren Dienstleistungen zu verwalten.<\/li>\n \t<li>Um kommerzielle Aktionen zu entwickeln und die Beziehung zum Nutzer sowie die Verwaltung der \u00fcber die Website angebotenen Dienstleistungen zu pflegen und zu verwalten.<\/li>\n \t<li>In einigen F\u00e4llen ist es notwendig, Informationen an die Beh\u00f6rden oder Drittfirmen zu Pr\u00fcfungszwecken bereitzustellen sowie personenbezogene Daten aus Rechnungen, Vertr\u00e4gen und Dokumenten zu verarbeiten, um Kundenbeschwerden oder Anfragen von \u00f6ffentlichen Verwaltungen zu beantworten.<\/li>\n<\/ul>\n<br>\n<h3 id=\"4rechtsgrundlagefrpersonenbezogenedaten\">4. Rechtsgrundlage f\u00fcr personenbezogene daten<\/h3>\nDie Rechtsgrundlage, auf der die oben genannten Datenverarbeitungen beruhen, ist:\n<ul>\n \t<li>Einwilligung der betroffenen Person, um Informationen \u00fcber unsere Dienstleistungen und Produkte \u00fcber Kontaktformulare und\/oder E-Mail, Anmeldung zu Newslettern zu erhalten.<\/li>\n \t<li>Berechtigtes Interesse an der Verarbeitung von Kundendaten f\u00fcr Direktmarketingzwecke.<\/li>\n \t<li>Erf\u00fcllung gesetzlicher Verpflichtungen zur Betrugspr\u00e4vention, Kommunikation mit \u00f6ffentlichen Stellen und Anspr\u00fcchen Dritter.<\/li>\n<\/ul>\n<br>\n<h3 id=\"5aufbewahrungsfristfrpersonenbezogenedaten\">5. Aufbewahrungsfrist f\u00fcr personenbezogene daten<\/h3>\nDie Verarbeitung der Daten f\u00fcr die beschriebenen Zwecke wird f\u00fcr die Zeit aufrechterhalten, die erforderlich ist, um den Zweck ihrer Erhebung zu erf\u00fcllen und\/oder bis Sie Ihre Einwilligung widerrufen, unbeschadet der Erf\u00fcllung der gesetzlichen Verpflichtungen, die sich aus der Verarbeitung der Daten ergeben, und wenn erforderlich f\u00fcr die Formulierung, Aus\u00fcbung oder Verteidigung potenzieller Anspr\u00fcche, sofern dies nach geltendem Recht zul\u00e4ssig ist. F\u00fcr weitere Informationen kontaktieren Sie uns bitte unter dpo@ifeelonline.com .\n<br><br>\n<h3 id=\"6kommunikationandritte\">6. Kommunikation an dritte<\/h3>\nDie von ifeel verarbeiteten Daten werden in der EU gehostet und innerhalb der EU oder in einem Drittland verarbeitet, das von der Europ\u00e4ischen Kommission als angemessenes Sicherheitsniveau angesehen wird, oder von Dienstleistern, die verbindliche Vereinbarungen getroffen haben, die die Legalit\u00e4t von \u00dcbertragungen in Drittl\u00e4nder vollst\u00e4ndig einhalten. In diesem Zusammenhang werden Ihre Daten in der Region EU-West1 von Amazon Web Services (AWS) in Irland gespeichert.\nWeitere Empf\u00e4nger Ihrer Daten k\u00f6nnen Regierungsbeh\u00f6rden und Verwaltungen sein, soweit wir gesetzlich dazu verpflichtet sind, sowie Dienstleistungsunternehmen wie Steuerberater oder Anw\u00e4lte.\nifeel bem\u00fcht sich, die Sicherheit personenbezogener Daten zu gew\u00e4hrleisten, wenn sie au\u00dferhalb des Unternehmens gesendet werden, und stellt sicher, dass Drittanbieter die Vertraulichkeit respektieren und geeignete Ma\u00dfnahmen zum Schutz personenbezogener Daten ergreifen. Diese Dritten sind verpflichtet sicherzustellen, dass die Informationen gem\u00e4\u00df den Datenschutzbestimmungen verarbeitet werden.\n<br><br>\n<h3 id=\"7ausbungvonrechtenundwiesiesieausbenknnen\">7. Aus\u00fcbung von rechten und wie sie sie aus\u00fcben k\u00f6nnen<\/h3>\nBitte richten Sie Ihre Mitteilungen und \u00fcben Sie Ihre Rechte aus, indem Sie an die folgende E-Mail-Adresse schreiben: dpo@ifeelonline.com\nUnter der DSGVO haben Sie bestimmte Rechte in Bezug auf unsere Verarbeitung Ihrer personenbezogenen Daten:\n<ul>\n \t<li>Recht auf Information: Sie haben das Recht, klare, transparente und leicht verst\u00e4ndliche Informationen dar\u00fcber zu erhalten, wie wir Ihre personenbezogenen Daten verwenden und welche Rechte Sie haben.<\/li>\n \t<li>Zugangsrecht: Sie haben das Recht, Zugang zu Ihren personenbezogenen Daten zu erhalten.<\/li>\n \t<li>Recht auf Berichtigung: Sie haben das Recht, Ihre personenbezogenen Daten berichtigen zu lassen, wenn sie ungenau oder unvollst\u00e4ndig sind.<\/li>\n \t<li>Recht auf L\u00f6schung: Dieses Recht erm\u00f6glicht es Ihnen, die L\u00f6schung oder Entfernung Ihrer personenbezogenen Daten zu verlangen, wenn es keinen zwingenden Grund gibt, sie weiter zu verwenden. Dies ist kein absolutes Recht auf L\u00f6schung und es gelten Ausnahmen.<\/li>\n \t<li>Recht auf Einschr\u00e4nkung der Verarbeitung: Sie haben das Recht, die weitere Nutzung Ihrer personenbezogenen Daten zu \u201eblockieren\u201c oder zu l\u00f6schen. Wenn die Verarbeitung eingeschr\u00e4nkt ist, d\u00fcrfen wir Ihre personenbezogenen Daten weiterhin speichern, aber nicht mehr verwenden.<\/li>\n \t<li>Recht auf Daten\u00fcbertragbarkeit: Sie haben das Recht, Ihre personenbezogenen Daten f\u00fcr Ihre eigenen Zwecke in verschiedenen Diensten zu erhalten und wiederzuverwenden.<\/li>\n \t<li>Widerspruchsrecht gegen die Verarbeitung: Sie haben das Recht, der Verarbeitung bestimmter Arten zu widersprechen.<\/li>\n \t<li>Recht, keiner automatisierten Entscheidung unterworfen zu werden: Sie haben das Recht, keiner Entscheidung unterworfen zu werden, die ausschlie\u00dflich auf automatisierter Verarbeitung (einschlie\u00dflich Profiling) basiert und rechtliche (oder \u00e4hnlich wichtige) Auswirkungen auf Sie hat.\nIn einigen F\u00e4llen kann Ihre Anfrage abgelehnt werden, wenn Sie die L\u00f6schung von Daten verlangen, die zur Erf\u00fcllung gesetzlicher Verpflichtungen erforderlich sind. Wenn Sie auch eine Beschwerde \u00fcber die Datenverarbeitung haben, k\u00f6nnen Sie bei der zust\u00e4ndigen Datenschutzbeh\u00f6rde eine Beschwerde einreichen.<\/li>\n<\/ul>\n<br>\n<h3 id=\"8verantwortlichfrdierichtigkeitundwahrheitderbereitgestelltendaten\">8. Verantwortlich f\u00fcr die richtigkeit und wahrheit der bereitgestellten daten<\/h3>\nDer Nutzer ist allein verantwortlich f\u00fcr die Richtigkeit und Korrektheit der angegebenen Daten und entlastet ifeel von jeglicher Verantwortung in dieser Hinsicht. Die Nutzer garantieren und haften in jedem Fall f\u00fcr die Richtigkeit, G\u00fcltigkeit und Authentizit\u00e4t der bereitgestellten personenbezogenen Daten und verpflichten sich, diese ordnungsgem\u00e4\u00df zu aktualisieren. Der Nutzer verpflichtet sich, vollst\u00e4ndige und korrekte Informationen im Registrierungs- oder Anmeldeformular bereitzustellen. ifeel beh\u00e4lt sich das Recht vor, die mit den Nutzern geschlossenen Dienstleistungen zu k\u00fcndigen, wenn die bereitgestellten Daten falsch, unvollst\u00e4ndig, ungenau oder nicht aktualisiert sind.\nifeel ist nicht verantwortlich f\u00fcr die Richtigkeit der Informationen, die es nicht produziert hat.\n<br><br>\t\t\t\t\t\t\t\t<\/div>\n\t\t\t\t<\/div>\n\t\t\t\t\t<\/div>\n\t\t<\/div>\n\t\t\t\t\t<\/div>\n\t\t<\/section>\n\t\t\t\t<\/div>\n\t\t\n    <div class=\"xs_social_share_widget xs_share_url after_content \t\tmain_content  wslu-style-1 wslu-share-box-shaped wslu-fill-colored wslu-none wslu-share-horizontal wslu-theme-font-no wslu-main_content\">\n\n\t\t\n        <ul>\n\t\t\t        <\/ul>\n    <\/div> \n","protected":false},"excerpt":{"rendered":"<p>&nbsp; \u00a0Datenschutzrichtlinie Letzte Aktualisierung: 01\/03\/2024 1. Einf\u00fchrung Bei DIGITAL MIND SOLUTIONS, S.L.U. (im Folgenden \u201eifeel\u201c) arbeiten wir daran, Ihnen die bestm\u00f6gliche Erfahrung durch unsere Produkte und Dienstleistungen zu bieten. In einigen F\u00e4llen ist es notwendig, Informationen zu sammeln, um dies zu erreichen. Wir k\u00fcmmern uns um Ihre Privatsph\u00e4re und glauben, dass wir dar\u00fcber transparent sein [&hellip;]<\/p>\n","protected":false},"author":48,"featured_media":0,"parent":0,"menu_order":0,"comment_status":"closed","ping_status":"closed","template":"","meta":{"content-type":"","postBodyCss":"","postBodyMargin":[],"postBodyPadding":[],"postBodyBackground":{"backgroundType":"classic","gradient":""},"footnotes":""},"class_list":["post-11694","page","type-page","status-publish","hentry"],"_links":{"self":[{"href":"https:\/\/ifeelonline.com\/de\/wp-json\/wp\/v2\/pages\/11694","targetHints":{"allow":["GET"]}}],"collection":[{"href":"https:\/\/ifeelonline.com\/de\/wp-json\/wp\/v2\/pages"}],"about":[{"href":"https:\/\/ifeelonline.com\/de\/wp-json\/wp\/v2\/types\/page"}],"author":[{"embeddable":true,"href":"https:\/\/ifeelonline.com\/de\/wp-json\/wp\/v2\/users\/48"}],"replies":[{"embeddable":true,"href":"https:\/\/ifeelonline.com\/de\/wp-json\/wp\/v2\/comments?post=11694"}],"version-history":[{"count":0,"href":"https:\/\/ifeelonline.com\/de\/wp-json\/wp\/v2\/pages\/11694\/revisions"}],"wp:attachment":[{"href":"https:\/\/ifeelonline.com\/de\/wp-json\/wp\/v2\/media?parent=11694"}],"curies":[{"name":"wp","href":"https:\/\/api.w.org\/{rel}","templated":true}]}}