{"id":11693,"date":"2024-12-03T10:27:08","date_gmt":"2024-12-03T10:27:08","guid":{"rendered":"https:\/\/ifeelonline.com\/de\/?page_id=11693"},"modified":"2025-04-10T09:51:09","modified_gmt":"2025-04-10T09:51:09","slug":"legal-notice","status":"publish","type":"page","link":"https:\/\/ifeelonline.com\/de\/legal-notice\/","title":{"rendered":"Impressum"},"content":{"rendered":"\t\t<div data-elementor-type=\"wp-page\" data-elementor-id=\"11693\" class=\"elementor elementor-11693\" data-elementor-post-type=\"page\">\n\t\t\t\t\t\t<section class=\"elementor-section elementor-top-section elementor-element elementor-element-de1b5e1 elementor-section-boxed elementor-section-height-default elementor-section-height-default\" data-id=\"de1b5e1\" data-element_type=\"section\" data-e-type=\"section\">\n\t\t\t\t\t\t<div class=\"elementor-container elementor-column-gap-default\">\n\t\t\t\t\t<div class=\"elementor-column elementor-col-100 elementor-top-column elementor-element elementor-element-e3003a0\" data-id=\"e3003a0\" data-element_type=\"column\" data-e-type=\"column\">\n\t\t\t<div class=\"elementor-widget-wrap elementor-element-populated\">\n\t\t\t\t\t\t<div class=\"elementor-element elementor-element-64d29f8 elementor-widget elementor-widget-text-editor\" data-id=\"64d29f8\" data-element_type=\"widget\" data-e-type=\"widget\" data-settings=\"{&quot;ekit_we_effect_on&quot;:&quot;none&quot;}\" data-widget_type=\"text-editor.default\">\n\t\t\t\t<div class=\"elementor-widget-container\">\n\t\t\t\t\t\t\t\t\t<br><br><br><br>&nbsp;\n<h1 id=\"impressum\">Impressum<\/h1>\n\n<hr \/>\n\nLetzte Aktualisierung: 2\/01\/2025\n<br><br>\n<h3 id=\"rechtlicherhinweis\">Rechtlicher Hinweis<\/h3>\nRechtliche Informationen\n\nIn \u00dcbereinstimmung mit der Informationspflicht gem\u00e4\u00df Artikel 10 des Gesetzes 34\/2002 vom 11. Juli \u00fcber Dienste der Informationsgesellschaft und elektronischen Handel informieren wir Sie hiermit, dass der Inhalt dieser Website https:\/\/ifeelonline.com\/ (im Folgenden \u201eWebsite\u201c) Digital Mind Solutions, S. L. (im Folgenden \u201eIfeel\u201c) geh\u00f6rt, einem Unternehmen, das im Handelsregister von Madrid, Band 34901, Folio 29, allgemeiner Abschnitt, Seitenzahl M-627653, 1. Eintragung, registriert ist, mit Sitz in C. de Jos\u00e9 Ortega y Gasset, 100, 6A, 28006 Madrid, (Spanien) und der CIF-Nummer B87593851.\n<br><br>\n<h3 id=\"akzeptanzdurchdennutzer\">Akzeptanz durch den Nutzer<\/h3>\nDieser rechtliche Hinweis regelt den Zugang und die Nutzung der folgenden Website https:\/\/ifeelonline.com\/. Der Zugriff darauf impliziert den Erwerb des Status eines Nutzers und damit die Akzeptanz der Nutzungsbedingungen der Website. Bei Nicht\u00fcbereinstimmung mit den Bedingungen sollten Sie die Nutzung der Website unterlassen. Der Besuch der Website durch den Nutzer muss verantwortungsbewusst und in \u00dcbereinstimmung mit der geltenden Gesetzgebung, dem Grundsatz von Treu und Glauben, diesem rechtlichen Hinweis und unter Beachtung der geistigen und gewerblichen Eigentumsrechte von Ifeel erfolgen. Die Nutzung jeglicher Inhalte der Website f\u00fcr Zwecke, die rechtswidrig sind oder sein k\u00f6nnten, ist strengstens untersagt, ebenso wie das Durchf\u00fchren von Handlungen, die Sch\u00e4den oder nicht von Ifeel genehmigte Ver\u00e4nderungen jeglicher Art an der Website oder ihren Inhalten verursachen oder verursachen k\u00f6nnten. Der Inhaber der Website identifiziert sich nicht mit den von seinen Mitarbeitern ge\u00e4u\u00dferten Meinungen. Das Unternehmen beh\u00e4lt sich das Recht vor, unangek\u00fcndigte \u00c4nderungen vorzunehmen, die es auf seiner Website f\u00fcr angemessen h\u00e4lt, und kann Inhalte und Dienstleistungen, die \u00fcber dieselbe bereitgestellt werden, \u00e4ndern, l\u00f6schen oder hinzuf\u00fcgen sowie die Art und Weise, wie sie pr\u00e4sentiert oder auf seinen Servern lokalisiert werden.\n<br><br>\n<h3 id=\"rechtedesgeistigenundgewerblicheneigentums\">Rechte des geistigen und gewerblichen Eigentums<\/h3>\nIfeel ist der ausschlie\u00dfliche Inhaber der Rechte in Bezug auf seine Website und seine sozialen Netzwerke, daher sind alle Inhalte, das Grafikdesign und die Codes, die Teil von https:\/\/ifeelonline.com\/ sind, das ausschlie\u00dfliche Eigentum von Ifeel. Ihre Vervielf\u00e4ltigung, Verbreitung, \u00f6ffentliche Kommunikation, Umgestaltung oder jede andere mit den Inhalten durchgef\u00fchrte Aktivit\u00e4t ist verboten, selbst wenn die Quellen zitiert werden, es sei denn, es liegt eine vorherige, ausdr\u00fcckliche und schriftliche Genehmigung von Ifeel vor. Jede Nutzung dieser Inhalte, die nicht zuvor von Ifeel genehmigt wurde, wird als schwerwiegender Versto\u00df gegen geistige oder gewerbliche Eigentumsrechte angesehen und f\u00fchrt zu den gesetzlich festgelegten Verantwortlichkeiten. Ifeel beh\u00e4lt sich das Recht vor, gegen den Nutzer die entsprechenden gerichtlichen und au\u00dfergerichtlichen Ma\u00dfnahmen zu ergreifen. Ifeel gew\u00e4hrt keine Nutzungserlaubnis jeglicher Art f\u00fcr seine geistigen und gewerblichen Eigentumsrechte oder f\u00fcr andere mit der Website verbundene Eigentumsrechte oder Rechte, und es wird in keinem Fall verstanden, dass der Zugang und das Surfen durch die Nutzer einen Verzicht, eine \u00dcbertragung, eine Lizenz oder eine vollst\u00e4ndige oder teilweise Abtretung dieser Rechte durch Ifeel impliziert.\n<br><br>\n<h3 id=\"haftungundgarantien\">Haftung und Garantien<\/h3>\nIfeel erkl\u00e4rt, dass es die notwendigen Ma\u00dfnahmen ergriffen hat, die innerhalb seiner M\u00f6glichkeiten und des Standes der Technik den korrekten Betrieb der Website sowie das Fehlen von Viren und sch\u00e4dlichen Komponenten erm\u00f6glichen. Ifeel kann jedoch nicht f\u00fcr die folgenden Situationen verantwortlich gemacht werden, die beispielhaft, aber nicht abschlie\u00dfend aufgef\u00fchrt sind:\n<ul>\n \t<li>Kontinuit\u00e4t und Verf\u00fcgbarkeit der Inhalte.<\/li>\n \t<li>Das Fehlen von Fehlern in diesen Inhalten und die Behebung von eventuell auftretenden M\u00e4ngeln.<\/li>\n \t<li>Das Fehlen von Viren und\/oder anderen sch\u00e4dlichen Komponenten.<\/li>\n \t<li>Sch\u00e4den oder Verluste, die durch Personen verursacht werden, die die Sicherheitssysteme von Ifeel verletzen.<\/li>\n \t<li>Die Nutzung der auf der Website enthaltenen Inhalte durch die Nutzer. Folglich garantiert Ifeel nicht, dass die Nutzung, die die Nutzer von den auf der Website enthaltenen Inhalten machen, mit diesem rechtlichen Hinweis \u00fcbereinstimmt, noch dass die Nutzung der Website sorgf\u00e4ltig erfolgt.<\/li>\n \t<li>Die Nutzung der Website durch Minderj\u00e4hrige oder die \u00dcbermittlung ihrer pers\u00f6nlichen Daten ohne die Erlaubnis ihrer Erziehungsberechtigten, wobei die Erziehungsberechtigten f\u00fcr ihre Nutzung des Internets verantwortlich sind.<\/li>\n \t<li>Inhalte, auf die der Nutzer \u00fcber nicht autorisierte Links oder durch Nutzer \u00fcber Kommentare oder \u00e4hnliche Werkzeuge eingef\u00fchrte Inhalte zugreifen kann.<\/li>\n \t<li>Falsche Dateneingabe durch den Nutzer oder Dritte.<\/li>\n \t<li>Inhalt und Nutzung Geistiges und gewerbliches Eigentum.<\/li>\n<\/ul>\nIfeel kann den Zugang zur Website vor\u00fcbergehend ohne vorherige Ank\u00fcndigung f\u00fcr Wartungs-, Reparatur-, Aktualisierungs- oder Verbesserungsarbeiten aussetzen. Folglich haftet Ifeel unter keinen Umst\u00e4nden f\u00fcr Sch\u00e4den, die aus der fehlenden Verf\u00fcgbarkeit oder Zug\u00e4nglichkeit der Website oder der Unterbrechung des Betriebs der Website entstehen k\u00f6nnen. Wann immer es die Umst\u00e4nde zulassen, wird Ifeel den Nutzer jedoch mit ausreichender Vorank\u00fcndigung \u00fcber das geplante Datum der Aussetzung der Inhalte informieren. Ebenso verpflichtet sich Ifeel gem\u00e4\u00df den Artikeln 11 und 16 des Gesetzes 34\/2002 vom 11. Juli \u00fcber Dienste der Informationsgesellschaft und elektronischen Handel (LSSICE), alle Inhalte zu entfernen oder gegebenenfalls zu sperren, die die geltende Gesetzgebung, die Rechte Dritter oder die \u00f6ffentliche Moral und Ordnung beeintr\u00e4chtigen oder dagegen versto\u00dfen k\u00f6nnten.\n<br><br>\n<h3 id=\"datenschutzklausel\">Datenschutzklausel<\/h3>\nIn \u00dcbereinstimmung mit den Bestimmungen der geltenden Gesetzgebung zum Schutz personenbezogener Daten werden die Nutzer dar\u00fcber informiert, dass ihre Daten in das Register der Verarbeitungst\u00e4tigkeiten aufgenommen werden, das Ifeel geh\u00f6rt, um die vertraglich vereinbarten Dienstleistungen durchzuf\u00fchren. In \u00dcbereinstimmung mit der geltenden Gesetzgebung informiert Ifeel, dass die Daten f\u00fcr die Zeit aufbewahrt werden, die unbedingt erforderlich ist, um die erbrachten Dienstleistungen zu erf\u00fcllen. Ebenfalls werden die Daten auf rechtm\u00e4\u00dfige, faire, transparente, angemessene, relevante, begrenzte, genaue und aktuelle Weise verarbeitet. Aus diesem Grund verpflichtet sich Ifeel, alle angemessenen technischen und Sicherheitsma\u00dfnahmen zu ergreifen, um sicherzustellen, dass sie gel\u00f6scht oder berichtigt werden, wenn sie ungenau oder falsch sind. In \u00dcbereinstimmung mit den Datenschutzbestimmungen k\u00f6nnen Sie Ihre Rechte auf Zugang, Berichtigung, Einschr\u00e4nkung der Verarbeitung, L\u00f6schung, \u00dcbertragbarkeit und Widerspruch gegen die Verarbeitung Ihrer personenbezogenen Daten sowie den Widerruf der erteilten Einwilligung zur Verarbeitung derselben aus\u00fcben. Die Anfrage sollte an die folgende E-Mail-Adresse gesendet werden: info@ifeelonline.com. F\u00fcgen Sie hier die Telefonnummer von Spanien hinzu: +34 917 240 828.\n<h3 id=\"verlinkungsrichtlinie\">Verlinkungsrichtlinie<\/h3>\nUnser Service kann Links zu anderen Websites enthalten, die nicht von uns betrieben werden. Wenn Sie auf einen Link eines Drittanbieters klicken, werden Sie zur Website dieses Drittanbieters weitergeleitet. Wir empfehlen Ihnen dringend, die Datenschutzrichtlinie jeder Website, die Sie besuchen, zu \u00fcberpr\u00fcfen. Wir haben keine Kontrolle \u00fcber und \u00fcbernehmen keine Verantwortung f\u00fcr die Inhalte, Datenschutzrichtlinien oder Praktiken von Websites oder Diensten Dritter. Ifeel kontrolliert nicht den Inhalt anderer Websites, von denen aus auf diese Website zugegriffen werden kann, und beh\u00e4lt sich das Recht vor, den Inhaber der Website zu kontaktieren, auf der der Link eingerichtet ist, wenn es der Meinung ist, dass die Vorschriften nicht eingehalten werden, sowie die entsprechenden gerichtlichen und au\u00dfergerichtlichen Ma\u00dfnahmen zu ergreifen.\n<br><br>\n<h3 id=\"dasrechtzurnderungdiesesrechtlichenhinweisesistvorbehalten\">Das Recht zur \u00c4nderung dieses rechtlichen Hinweises ist vorbehalten<\/h3>\nIfeel beh\u00e4lt sich das Recht vor, diesen rechtlichen Hinweis zu \u00e4ndern, um ihn an \u00c4nderungen oder neue Vorschriften anzupassen, aus technischen Gr\u00fcnden, aufgrund von \u00c4nderungen der von Ifeel angebotenen Dienstleistungen oder aufgrund strategischer Entscheidungen des Unternehmens.\n<br><br>\n<h3 id=\"anwendbaresrecht\">Anwendbares Recht<\/h3>\nDiese Bedingungen unterliegen den Gesetzen Spaniens und werden in \u00dcbereinstimmung mit diesen ausgelegt.\n\n\n\n&nbsp;\t\t\t\t\t\t\t\t<\/div>\n\t\t\t\t<\/div>\n\t\t\t\t\t<\/div>\n\t\t<\/div>\n\t\t\t\t\t<\/div>\n\t\t<\/section>\n\t\t\t\t<section class=\"elementor-section elementor-top-section elementor-element elementor-element-9fe44ec elementor-section-boxed elementor-section-height-default elementor-section-height-default\" data-id=\"9fe44ec\" data-element_type=\"section\" data-e-type=\"section\">\n\t\t\t\t\t\t<div class=\"elementor-container elementor-column-gap-default\">\n\t\t\t\t\t<div class=\"elementor-column elementor-col-100 elementor-top-column elementor-element elementor-element-a2e8d21\" data-id=\"a2e8d21\" data-element_type=\"column\" data-e-type=\"column\">\n\t\t\t<div class=\"elementor-widget-wrap elementor-element-populated\">\n\t\t\t\t\t\t<div class=\"elementor-element elementor-element-d2fffa3 elementor-widget elementor-widget-spacer\" data-id=\"d2fffa3\" data-element_type=\"widget\" data-e-type=\"widget\" data-settings=\"{&quot;ekit_we_effect_on&quot;:&quot;none&quot;}\" data-widget_type=\"spacer.default\">\n\t\t\t\t<div class=\"elementor-widget-container\">\n\t\t\t\t\t\t\t<div class=\"elementor-spacer\">\n\t\t\t<div class=\"elementor-spacer-inner\"><\/div>\n\t\t<\/div>\n\t\t\t\t\t\t<\/div>\n\t\t\t\t<\/div>\n\t\t\t\t\t<\/div>\n\t\t<\/div>\n\t\t\t\t\t<\/div>\n\t\t<\/section>\n\t\t\t\t<\/div>\n\t\t\n    <div class=\"xs_social_share_widget xs_share_url after_content \t\tmain_content  wslu-style-1 wslu-share-box-shaped wslu-fill-colored wslu-none wslu-share-horizontal wslu-theme-font-no wslu-main_content\">\n\n\t\t\n        <ul>\n\t\t\t        <\/ul>\n    <\/div> \n","protected":false},"excerpt":{"rendered":"<p>&nbsp; Impressum Letzte Aktualisierung: 2\/01\/2025 Rechtlicher Hinweis Rechtliche Informationen In \u00dcbereinstimmung mit der Informationspflicht gem\u00e4\u00df Artikel 10 des Gesetzes 34\/2002 vom 11. Juli \u00fcber Dienste der Informationsgesellschaft und elektronischen Handel informieren wir Sie hiermit, dass der Inhalt dieser Website https:\/\/ifeelonline.com\/ (im Folgenden \u201eWebsite\u201c) Digital Mind Solutions, S. L. (im Folgenden \u201eIfeel\u201c) geh\u00f6rt, einem Unternehmen, das [&hellip;]<\/p>\n","protected":false},"author":48,"featured_media":0,"parent":0,"menu_order":0,"comment_status":"closed","ping_status":"closed","template":"","meta":{"content-type":"","postBodyCss":"","postBodyMargin":[],"postBodyPadding":[],"postBodyBackground":{"backgroundType":"classic","gradient":""},"footnotes":""},"class_list":["post-11693","page","type-page","status-publish","hentry"],"_links":{"self":[{"href":"https:\/\/ifeelonline.com\/de\/wp-json\/wp\/v2\/pages\/11693","targetHints":{"allow":["GET"]}}],"collection":[{"href":"https:\/\/ifeelonline.com\/de\/wp-json\/wp\/v2\/pages"}],"about":[{"href":"https:\/\/ifeelonline.com\/de\/wp-json\/wp\/v2\/types\/page"}],"author":[{"embeddable":true,"href":"https:\/\/ifeelonline.com\/de\/wp-json\/wp\/v2\/users\/48"}],"replies":[{"embeddable":true,"href":"https:\/\/ifeelonline.com\/de\/wp-json\/wp\/v2\/comments?post=11693"}],"version-history":[{"count":0,"href":"https:\/\/ifeelonline.com\/de\/wp-json\/wp\/v2\/pages\/11693\/revisions"}],"wp:attachment":[{"href":"https:\/\/ifeelonline.com\/de\/wp-json\/wp\/v2\/media?parent=11693"}],"curies":[{"name":"wp","href":"https:\/\/api.w.org\/{rel}","templated":true}]}}